{"id":2869,"date":"2025-03-24T09:14:20","date_gmt":"2025-03-24T09:14:20","guid":{"rendered":"https:\/\/theperfumebottles.com\/?post_type=product&#038;p=2869"},"modified":"2025-03-25T07:33:20","modified_gmt":"2025-03-25T07:33:20","slug":"30ml-50ml-100ml-custom-fragrance-spray-bottles-blank-perfume-bottles-wholesale","status":"publish","type":"product","link":"https:\/\/theperfumebottles.com\/ar\/product\/30ml-50ml-100ml-custom-fragrance-spray-bottles-blank-perfume-bottles-wholesale\/","title":{"rendered":"\u0632\u062c\u0627\u062c\u0627\u062a \u0631\u0630\u0627\u0630 \u0639\u0637\u0631 \u0645\u062e\u0635\u0635\u0629 30 \u0645\u0644 50 \u0645\u0644 100 \u0645\u0644 - \u0632\u062c\u0627\u062c\u0627\u062a \u0639\u0637\u0631 \u0641\u0627\u0631\u063a\u0629 \u0628\u0627\u0644\u062c\u0645\u0644\u0629"},"content":{"rendered":"<h2>\u0627\u0631\u062a\u0642\u0650 \u0628\u0639\u0644\u0627\u0645\u062a\u0643 \u0627\u0644\u062a\u062c\u0627\u0631\u064a\u0629 \u0644\u0644\u0639\u0637\u0648\u0631 \u0645\u0639 \u0632\u062c\u0627\u062c\u0627\u062a \u0627\u0644\u0631\u0630\u0627\u0630 \u0627\u0644\u0645\u0645\u064a\u0632\u0629 \u0627\u0644\u0642\u0627\u0628\u0644\u0629 \u0644\u0644\u062a\u062e\u0635\u064a\u0635<\/h2>\n<p>\u0628\u0627\u0644\u0646\u0633\u0628\u0629 \u0644\u0644\u0639\u0644\u0627\u0645\u0627\u062a \u0627\u0644\u062a\u062c\u0627\u0631\u064a\u0629 \u0644\u0644\u0639\u0637\u0648\u0631 \u0627\u0644\u0641\u0627\u062e\u0631\u0629 \u0648\u062a\u062c\u0627\u0631 \u0627\u0644\u062c\u0645\u0644\u0629 \u0627\u0644\u0630\u064a\u0646 \u064a\u0628\u062d\u062b\u0648\u0646 \u0639\u0646<strong>\u0632\u062c\u0627\u062c\u0627\u062a \u0639\u0637\u0631 \u0641\u0627\u0631\u063a\u0629<\/strong>\u00a0\u062a\u0642\u062f\u0645 \u0633\u0644\u0633\u0644\u0629 PB-FZ \u0627\u0644\u062a\u064a \u062a\u0645\u0632\u062c \u0628\u064a\u0646 \u0627\u0644\u0623\u0646\u0627\u0642\u0629 \u0627\u0644\u062e\u0627\u0644\u062f\u0629 \u0648\u0627\u0644\u0623\u0646\u0627\u0642\u0629 \u0627\u0644\u0639\u0635\u0631\u064a\u0629 \u062d\u0644\u0648\u0644\u0627\u064b \u0645\u062e\u0635\u0635\u0629 \u0644\u0632\u062c\u0627\u062c\u0627\u062a \u0627\u0644\u0639\u0637\u0648\u0631 \u0628\u0627\u0644\u062c\u0645\u0644\u0629 \u0645\u0635\u0645\u0645\u0629 \u062e\u0635\u064a\u0635\u0627\u064b \u0644\u062a\u0623\u0633\u0631 \u0627\u0644\u0623\u0644\u0628\u0627\u0628. \u0635\u064f\u0646\u0639\u062a \u0632\u062c\u0627\u062c\u0627\u062a \u0631\u0630\u0627\u0630 \u0627\u0644\u0639\u0637\u0648\u0631 \u0647\u0630\u0647 \u0645\u0646 \u0627\u0644\u0632\u062c\u0627\u062c \u0627\u0644\u0634\u0641\u0627\u0641 \u0627\u0644\u0643\u0631\u064a\u0633\u062a\u0627\u0644\u064a \u0648\u062a\u0645 \u062a\u0639\u0632\u064a\u0632\u0647\u0627 \u0628\u0644\u0645\u0633\u0627\u062a \u0645\u0639\u062f\u0646\u064a\u0629\u060c \u0648\u0647\u064a \u062a\u0648\u0641\u0631 \u062a\u0631\u0642\u064a\u0629 \u0645\u0644\u0645\u0648\u0633\u0629 \u0648\u0645\u0631\u0626\u064a\u0629 \u0648\u0639\u0645\u0644\u064a\u0629 \u0644\u0644\u0639\u0637\u0648\u0631 \u0627\u0644\u0641\u0627\u062e\u0631\u0629 \u0648\u0627\u0644\u0643\u0648\u0644\u0648\u0646\u064a\u0627 \u0648\u0627\u0644\u0639\u0637\u0648\u0631 \u0630\u0627\u062a \u0627\u0644\u062d\u062c\u0645 \u0627\u0644\u0645\u0646\u0627\u0633\u0628 \u0644\u0644\u0633\u0641\u0631.<\/p>\n<table style=\"border-collapse: collapse; margin-left: auto; margin-right: auto; width: 162.03pt;\" border=\"0\" width=\"216\" cellspacing=\"0\" cellpadding=\"0\">\n<tbody>\n<tr style=\"height: 13.50pt;\">\n<td style=\"height: 13.50pt; width: 54.00pt;\" width=\"72\" height=\"18\">\n<p><figure id=\"attachment_2871\" aria-describedby=\"caption-attachment-2871\" style=\"width: 300px\" class=\"wp-caption aligncenter\"><img fetchpriority=\"high\" decoding=\"async\" class=\"size-medium wp-image-2871\" src=\"https:\/\/theperfumebottles.com\/wp-content\/uploads\/2025\/03\/fragrance-spray-bottle-FZ0601-300x300.webp\" alt=\"\u0632\u062c\u0627\u062c\u0629 \u0631\u0630\u0627\u0630 \u0639\u0637\u0631\" width=\"300\" height=\"300\" srcset=\"https:\/\/theperfumebottles.com\/wp-content\/uploads\/2025\/03\/fragrance-spray-bottle-FZ0601-300x300.webp 300w, https:\/\/theperfumebottles.com\/wp-content\/uploads\/2025\/03\/fragrance-spray-bottle-FZ0601-150x150.webp 150w, https:\/\/theperfumebottles.com\/wp-content\/uploads\/2025\/03\/fragrance-spray-bottle-FZ0601-768x768.webp 768w, https:\/\/theperfumebottles.com\/wp-content\/uploads\/2025\/03\/fragrance-spray-bottle-FZ0601-12x12.webp 12w, https:\/\/theperfumebottles.com\/wp-content\/uploads\/2025\/03\/fragrance-spray-bottle-FZ0601-600x600.webp 600w, https:\/\/theperfumebottles.com\/wp-content\/uploads\/2025\/03\/fragrance-spray-bottle-FZ0601-100x100.webp 100w, https:\/\/theperfumebottles.com\/wp-content\/uploads\/2025\/03\/fragrance-spray-bottle-FZ0601.webp 1000w\" sizes=\"(max-width: 300px) 100vw, 300px\" \/><figcaption id=\"caption-attachment-2871\" class=\"wp-caption-text\">30 \u0645\u0644<\/figcaption><\/figure><\/td>\n<td style=\"width: 54.00pt;\" width=\"72\">\n<p><figure id=\"attachment_2876\" aria-describedby=\"caption-attachment-2876\" style=\"width: 300px\" class=\"wp-caption aligncenter\"><img decoding=\"async\" class=\"size-medium wp-image-2876\" src=\"https:\/\/theperfumebottles.com\/wp-content\/uploads\/2025\/03\/fragrance-spray-bottle-pbFZ0602-300x300.webp\" alt=\"\u0632\u062c\u0627\u062c\u0629 \u0631\u0630\u0627\u0630 \u0639\u0637\u0631\" width=\"300\" height=\"300\" srcset=\"https:\/\/theperfumebottles.com\/wp-content\/uploads\/2025\/03\/fragrance-spray-bottle-pbFZ0602-300x300.webp 300w, https:\/\/theperfumebottles.com\/wp-content\/uploads\/2025\/03\/fragrance-spray-bottle-pbFZ0602-150x150.webp 150w, https:\/\/theperfumebottles.com\/wp-content\/uploads\/2025\/03\/fragrance-spray-bottle-pbFZ0602-768x768.webp 768w, https:\/\/theperfumebottles.com\/wp-content\/uploads\/2025\/03\/fragrance-spray-bottle-pbFZ0602-12x12.webp 12w, https:\/\/theperfumebottles.com\/wp-content\/uploads\/2025\/03\/fragrance-spray-bottle-pbFZ0602-600x600.webp 600w, https:\/\/theperfumebottles.com\/wp-content\/uploads\/2025\/03\/fragrance-spray-bottle-pbFZ0602-100x100.webp 100w, https:\/\/theperfumebottles.com\/wp-content\/uploads\/2025\/03\/fragrance-spray-bottle-pbFZ0602.webp 1000w\" sizes=\"(max-width: 300px) 100vw, 300px\" \/><figcaption id=\"caption-attachment-2876\" class=\"wp-caption-text\">50 \u0645\u0644<\/figcaption><\/figure><\/td>\n<td style=\"width: 54.00pt;\" width=\"72\">\n<p><figure id=\"attachment_2873\" aria-describedby=\"caption-attachment-2873\" style=\"width: 300px\" class=\"wp-caption aligncenter\"><img decoding=\"async\" class=\"size-medium wp-image-2873\" src=\"https:\/\/theperfumebottles.com\/wp-content\/uploads\/2025\/03\/fragrance-spray-bottle-FZ0603-300x300.webp\" alt=\"\u0632\u062c\u0627\u062c\u0629 \u0631\u0630\u0627\u0630 \u0639\u0637\u0631\" width=\"300\" height=\"300\" srcset=\"https:\/\/theperfumebottles.com\/wp-content\/uploads\/2025\/03\/fragrance-spray-bottle-FZ0603-300x300.webp 300w, https:\/\/theperfumebottles.com\/wp-content\/uploads\/2025\/03\/fragrance-spray-bottle-FZ0603-150x150.webp 150w, https:\/\/theperfumebottles.com\/wp-content\/uploads\/2025\/03\/fragrance-spray-bottle-FZ0603-768x768.webp 768w, https:\/\/theperfumebottles.com\/wp-content\/uploads\/2025\/03\/fragrance-spray-bottle-FZ0603-12x12.webp 12w, https:\/\/theperfumebottles.com\/wp-content\/uploads\/2025\/03\/fragrance-spray-bottle-FZ0603-600x600.webp 600w, https:\/\/theperfumebottles.com\/wp-content\/uploads\/2025\/03\/fragrance-spray-bottle-FZ0603-100x100.webp 100w, https:\/\/theperfumebottles.com\/wp-content\/uploads\/2025\/03\/fragrance-spray-bottle-FZ0603.webp 1000w\" sizes=\"(max-width: 300px) 100vw, 300px\" \/><figcaption id=\"caption-attachment-2873\" class=\"wp-caption-text\">100 \u0645\u0644<\/figcaption><\/figure><\/td>\n<\/tr>\n<\/tbody>\n<\/table>\n<h2>\u0644\u0645\u062d\u0629 \u0633\u0631\u064a\u0639\u0629 \u0639\u0646 \u0627\u0644\u0645\u0648\u0627\u0635\u0641\u0627\u062a \u0627\u0644\u0631\u0626\u064a\u0633\u064a\u0629<\/h2>\n<div class=\"hyc-common-markdown__table-wrapper\">\n<table>\n<thead>\n<tr>\n<th>\u0646\u0645\u0648\u0630\u062c<\/th>\n<th>\u0633\u0639\u0629<\/th>\n<th>\u0627\u0644\u0623\u0628\u0639\u0627\u062f (\u0645\u0645)<\/th>\n<th>\u0646\u0648\u0639 \u0627\u0644\u063a\u0637\u0627\u0621<\/th>\n<th>\u062e\u064a\u0627\u0631\u0627\u062a \u0645\u062e\u0635\u0635\u0629<\/th>\n<\/tr>\n<\/thead>\n<tbody>\n<tr>\n<td>PB-FZ0601<\/td>\n<td>30 \u0645\u0644<\/td>\n<td>35x35x35x80<\/td>\n<td>\u0645\u0639\u062f\u0646 \u0645\u0636\u0644\u0639 \u062f\u0627\u0626\u0631\u064a \u0645\u0636\u0644\u0639<\/td>\n<td>\u0627\u0644\u0634\u0639\u0627\u0631\u060c \u0644\u0648\u0646 \u0627\u0644\u063a\u0637\u0627\u0621\u060c \u0627\u0644\u0631\u0630\u0627\u0630 \u0627\u0644\u062f\u0627\u062e\u0644\u064a<\/td>\n<\/tr>\n<tr>\n<td>PB-FZ0602<\/td>\n<td>50 \u0645\u0644<\/td>\n<td>44 \u00d7 44 \u00d7 44 \u00d7 78<\/td>\n<td>\u0645\u0639\u062f\u0646 \u0645\u0636\u0644\u0639 \u062f\u0627\u0626\u0631\u064a \u0645\u0636\u0644\u0639<\/td>\n<td>\u0646\u0635 \u0645\u0646\u0642\u0648\u0634\u060c \u062a\u0623\u062b\u064a\u0631\u0627\u062a \u0645\u062a\u062c\u0645\u062f\u0629<\/td>\n<\/tr>\n<tr>\n<td>PB-FZ0603<\/td>\n<td>100 \u0645\u0644<\/td>\n<td>46 \u00d7 46 \u00d7 105<\/td>\n<td>\u0645\u0639\u062f\u0646 \u0645\u0636\u0644\u0639 \u062f\u0627\u0626\u0631\u064a \u0645\u0636\u0644\u0639<\/td>\n<td>\u0627\u0644\u0632\u062c\u0627\u062c \u0627\u0644\u0645\u062a\u062f\u0631\u062c\u060c \u062a\u0635\u0645\u064a\u0645 \u0627\u0644\u0639\u0628\u0648\u0627\u062a\u060c \u062a\u0635\u0645\u064a\u0645 \u0627\u0644\u0639\u0628\u0648\u0627\u062a<\/td>\n<\/tr>\n<\/tbody>\n<\/table>\n<\/div>\n<h2>\u0644\u0645\u0627\u0630\u0627 \u062a\u062e\u062a\u0627\u0631 \u0632\u062c\u0627\u062c\u0627\u062a \u0631\u0630\u0627\u0630 \u0627\u0644\u0639\u0637\u0631 \u0647\u0630\u0647\u061f<\/h2>\n<ul>\n<li><!-- --><strong>\u0645\u0648\u0627\u062f \u0645\u0645\u062a\u0627\u0632\u0629<\/strong>: \u064a\u0636\u0645\u0646 \u0627\u0644\u0632\u062c\u0627\u062c \u0627\u0644\u0643\u0631\u064a\u0633\u062a\u0627\u0644\u064a \u0627\u0644\u0648\u0636\u0648\u062d \u0648\u0627\u0644\u0645\u062a\u0627\u0646\u0629\u060c \u0628\u064a\u0646\u0645\u0627 \u062a\u0648\u0641\u0631 \u0627\u0644\u0628\u062e\u0627\u062e\u0627\u062a \u0627\u0644\u0645\u0639\u062f\u0646\u064a\u0629 \u0625\u062d\u0633\u0627\u0633\u064b\u0627 \u0644\u0627\u0626\u0642\u064b\u0627 \u0648\u0641\u0627\u062e\u0631\u064b\u0627.<\/li>\n<li><!-- --><strong>\u062c\u0627\u0647\u0632 \u0644\u0644\u0628\u064a\u0639 \u0628\u0627\u0644\u062c\u0645\u0644\u0629<\/strong>: \u062a\u0634\u0645\u0644 \u0627\u0644\u0637\u0644\u0628\u064a\u0627\u062a \u0628\u0627\u0644\u062c\u0645\u0644\u0629 \u0639\u064a\u0646\u0627\u062a \u0645\u062c\u0627\u0646\u064a\u0629 \u0648\u0645\u0630\u0643\u0631\u0627\u062a \u0645\u0631\u0646\u0629 \u0644\u0645\u0639\u062f\u0644\u0627\u062a \u0627\u0644\u0637\u0644\u0628\u060c \u0648\u0647\u064a \u0645\u062b\u0627\u0644\u064a\u0629 \u0644\u0644\u0634\u0631\u0643\u0627\u062a \u0627\u0644\u0646\u0627\u0634\u0626\u0629 \u0648\u0627\u0644\u0639\u0644\u0627\u0645\u0627\u062a \u0627\u0644\u062a\u062c\u0627\u0631\u064a\u0629 \u0627\u0644\u0631\u0627\u0633\u062e\u0629.<\/li>\n<li><!-- --><strong>\u062f\u0639\u0645 ODM\/OEM<\/strong>: \u0627\u0644\u062a\u062e\u0635\u064a\u0635 \u0627\u0644\u0643\u0627\u0645\u0644 \u0644\u0644\u062d\u0627\u0648\u064a\u0627\u062a \u0648\u0627\u0644\u062a\u063a\u0644\u064a\u0641 \u0648\u0627\u0644\u0645\u0644\u062d\u0642\u0627\u062a \u0644\u062a\u062a\u0645\u0627\u0634\u0649 \u0645\u0639 \u0647\u0648\u064a\u0629 \u0639\u0644\u0627\u0645\u062a\u0643 \u0627\u0644\u062a\u062c\u0627\u0631\u064a\u0629.<\/li>\n<\/ul>\n<p>\u0647\u0630\u0647 \u0627\u0644\u0633\u0644\u0633\u0644\u0629 \u0645\u062b\u0627\u0644\u064a\u0629 \u0644\u062e\u0637\u0648\u0637 \u0627\u0644\u0639\u0637\u0648\u0631 \u0627\u0644\u0641\u0627\u062e\u0631\u0629 \u0623\u0648 \u0627\u0644\u0625\u0635\u062f\u0627\u0631\u0627\u062a \u0627\u0644\u0645\u062d\u062f\u0648\u062f\u0629 \u0623\u0648 \u0627\u0644\u0623\u062d\u062c\u0627\u0645 \u0627\u0644\u0645\u0646\u0627\u0633\u0628\u0629 \u0644\u0644\u0633\u0641\u0631\u060c \u0641\u0647\u064a \u062a\u062f\u0645\u062c \u0628\u064a\u0646 \u0627\u0644\u0639\u0645\u0644\u064a\u0629 \u0648\u0627\u0644\u0641\u0646. \u0633\u0648\u0627\u0621 \u0643\u0646\u062a \u0628\u062d\u0627\u062c\u0629 \u0625\u0644\u0649 \u0632\u062c\u0627\u062c\u0627\u062a \u0639\u0637\u0648\u0631 \u0641\u0627\u0631\u063a\u0629 \u0644\u0644\u0639\u0637\u0648\u0631 \u0627\u0644\u062f\u0627\u062e\u0644\u064a\u0629 \u0623\u0648 \u0632\u062c\u0627\u062c\u0627\u062a \u0639\u0637\u0648\u0631 \u0645\u062e\u0635\u0635\u0629 \u0644\u0644\u0628\u064a\u0639 \u0628\u0627\u0644\u062c\u0645\u0644\u0629 \u0644\u0644\u062a\u0648\u0632\u064a\u0639 \u0627\u0644\u0639\u0627\u0644\u0645\u064a\u060c \u0641\u0625\u0646 \u062d\u0644\u0648\u0644\u0646\u0627 \u062a\u0628\u0633\u0637 \u0627\u0644\u0639\u0645\u0644\u064a\u0629 \u0645\u0646 \u0627\u0644\u062a\u0635\u0645\u064a\u0645 \u0625\u0644\u0649 \u0627\u0644\u062a\u0633\u0644\u064a\u0645.<\/p>\n<p><strong>\u0627\u0637\u0644\u0628 \u0639\u064a\u0646\u0627\u062a \u0645\u062c\u0627\u0646\u064a\u0629 \u0627\u0644\u064a\u0648\u0645<\/strong>\u00a0\u0648\u0627\u062e\u062a\u0628\u0631 \u0643\u064a\u0641 \u064a\u0645\u0643\u0646 \u0644\u0647\u0630\u0647 \u0627\u0644\u0632\u062c\u0627\u062c\u0627\u062a \u0623\u0646 \u062a\u0631\u0641\u0639 \u0645\u0646 \u062c\u0627\u0630\u0628\u064a\u0629 \u0639\u0637\u0631\u0643!<\/p>","protected":false},"excerpt":{"rendered":"<p>\u0632\u062c\u0627\u062c\u0627\u062a \u0639\u0637\u0648\u0631 \u0641\u0627\u062e\u0631\u0629 \u0645\u062e\u0635\u0635\u0629 \u0644\u0644\u0628\u064a\u0639 \u0628\u0627\u0644\u062c\u0645\u0644\u0629 \u0645\u0639 \u0623\u063a\u0637\u064a\u0629 \u0645\u0639\u062f\u0646\u064a\u0629 \u0648\u0632\u062c\u0627\u062c \u0643\u0631\u064a\u0633\u062a\u0627\u0644\u064a. \u062d\u0644\u0648\u0644 \u0632\u062c\u0627\u062c\u0627\u062a \u0631\u0630\u0627\u0630 \u0627\u0644\u0639\u0637\u0648\u0631 \u0628\u0627\u0644\u062c\u0645\u0644\u0629 \u0644\u0644\u0639\u0644\u0627\u0645\u0627\u062a \u0627\u0644\u062a\u062c\u0627\u0631\u064a\u0629. \u0639\u064a\u0646\u0627\u062a \u0645\u062c\u0627\u0646\u064a\u0629 \u0648\u062f\u0639\u0645 ODM \/ OEM.<\/p>","protected":false},"featured_media":2876,"comment_status":"open","ping_status":"closed","template":"","meta":{"_acf_changed":false,"site-sidebar-layout":"default","site-content-layout":"","ast-site-content-layout":"default","site-content-style":"default","site-sidebar-style":"default","ast-global-header-display":"","ast-banner-title-visibility":"","ast-main-header-display":"","ast-hfb-above-header-display":"","ast-hfb-below-header-display":"","ast-hfb-mobile-header-display":"","site-post-title":"","ast-breadcrumbs-content":"","ast-featured-img":"","footer-sml-layout":"","ast-disable-related-posts":"","theme-transparent-header-meta":"default","adv-header-id-meta":"","stick-header-meta":"","header-above-stick-meta":"","header-main-stick-meta":"","header-below-stick-meta":"","astra-migrate-meta-layouts":"set","ast-page-background-enabled":"default","ast-page-background-meta":{"desktop":{"background-color":"var(--ast-global-color-5)","background-image":"","background-repeat":"repeat","background-position":"center center","background-size":"auto","background-attachment":"scroll","background-type":"","background-media":"","overlay-type":"","overlay-color":"","overlay-opacity":"","overlay-gradient":""},"tablet":{"background-color":"","background-image":"","background-repeat":"repeat","background-position":"center center","background-size":"auto","background-attachment":"scroll","background-type":"","background-media":"","overlay-type":"","overlay-color":"","overlay-opacity":"","overlay-gradient":""},"mobile":{"background-color":"","background-image":"","background-repeat":"repeat","background-position":"center center","background-size":"auto","background-attachment":"scroll","background-type":"","background-media":"","overlay-type":"","overlay-color":"","overlay-opacity":"","overlay-gradient":""}},"ast-content-background-meta":{"desktop":{"background-color":"var(--ast-global-color-4)","background-image":"","background-repeat":"repeat","background-position":"center center","background-size":"auto","background-attachment":"scroll","background-type":"","background-media":"","overlay-type":"","overlay-color":"","overlay-opacity":"","overlay-gradient":""},"tablet":{"background-color":"var(--ast-global-color-4)","background-image":"","background-repeat":"repeat","background-position":"center center","background-size":"auto","background-attachment":"scroll","background-type":"","background-media":"","overlay-type":"","overlay-color":"","overlay-opacity":"","overlay-gradient":""},"mobile":{"background-color":"var(--ast-global-color-4)","background-image":"","background-repeat":"repeat","background-position":"center center","background-size":"auto","background-attachment":"scroll","background-type":"","background-media":"","overlay-type":"","overlay-color":"","overlay-opacity":"","overlay-gradient":""}}},"product_brand":[],"product_cat":[72,41],"product_tag":[],"class_list":{"0":"post-2869","1":"product","2":"type-product","3":"status-publish","4":"has-post-thumbnail","6":"product_cat-cosmetic-packaging","7":"product_cat-perfume-bottles","8":"desktop-align-left","9":"tablet-align-left","10":"mobile-align-left","12":"first","13":"instock","14":"shipping-taxable","15":"product-type-simple"},"acf":[],"jetpack_sharing_enabled":true,"_links":{"self":[{"href":"https:\/\/theperfumebottles.com\/ar\/wp-json\/wp\/v2\/product\/2869","targetHints":{"allow":["GET"]}}],"collection":[{"href":"https:\/\/theperfumebottles.com\/ar\/wp-json\/wp\/v2\/product"}],"about":[{"href":"https:\/\/theperfumebottles.com\/ar\/wp-json\/wp\/v2\/types\/product"}],"replies":[{"embeddable":true,"href":"https:\/\/theperfumebottles.com\/ar\/wp-json\/wp\/v2\/comments?post=2869"}],"wp:featuredmedia":[{"embeddable":true,"href":"https:\/\/theperfumebottles.com\/ar\/wp-json\/wp\/v2\/media\/2876"}],"wp:attachment":[{"href":"https:\/\/theperfumebottles.com\/ar\/wp-json\/wp\/v2\/media?parent=2869"}],"wp:term":[{"taxonomy":"product_brand","embeddable":true,"href":"https:\/\/theperfumebottles.com\/ar\/wp-json\/wp\/v2\/product_brand?post=2869"},{"taxonomy":"product_cat","embeddable":true,"href":"https:\/\/theperfumebottles.com\/ar\/wp-json\/wp\/v2\/product_cat?post=2869"},{"taxonomy":"product_tag","embeddable":true,"href":"https:\/\/theperfumebottles.com\/ar\/wp-json\/wp\/v2\/product_tag?post=2869"}],"curies":[{"name":"wp","href":"https:\/\/api.w.org\/{rel}","templated":true}]}}