{"id":2878,"date":"2025-03-25T08:15:36","date_gmt":"2025-03-25T08:15:36","guid":{"rendered":"https:\/\/theperfumebottles.com\/?post_type=product&#038;p=2878"},"modified":"2025-05-27T14:08:59","modified_gmt":"2025-05-27T06:08:59","slug":"unique-cologne-bottles-custom-engraved-perfume-bottles","status":"publish","type":"product","link":"https:\/\/theperfumebottles.com\/ar\/product\/unique-cologne-bottles-custom-engraved-perfume-bottles\/","title":{"rendered":"\u0632\u062c\u0627\u062c\u0627\u062a \u0643\u0648\u0644\u0648\u0646\u064a\u0627 \u0641\u0631\u064a\u062f\u0629 \u0645\u0646 \u0646\u0648\u0639\u0647\u0627 \u0628\u0633\u0639\u0629 30 \u0645\u0644 \u064850 \u0645\u0644 \u0648100 \u0645\u0644 \u0645\u0639 \u0623\u063a\u0637\u064a\u0629 \u0628\u064a\u0636\u0627\u0648\u064a\u0629"},"content":{"rendered":"<p>\u0635\u064f\u0645\u0645\u062a \u0633\u0644\u0633\u0644\u0629 Oval Elegance Series \u0644\u0644\u0639\u0644\u0627\u0645\u0627\u062a \u0627\u0644\u062a\u062c\u0627\u0631\u064a\u0629 \u0627\u0644\u0631\u0627\u0642\u064a\u0629 \u0627\u0644\u062a\u064a \u062a\u0633\u0639\u0649 \u0625\u0644\u0649 \u062a\u062d\u0642\u064a\u0642 \u0644\u0648\u0646 \u0641\u0631\u064a\u062f \u0644\u0644\u0639\u0644\u0627\u0645\u0629 \u0627\u0644\u062a\u062c\u0627\u0631\u064a\u0629. \u062a\u0634\u0645\u0644 \u0647\u0630\u0647 \u0627\u0644\u0633\u0644\u0633\u0644\u0629 \u0632\u062c\u0627\u062c\u0627\u062a \u0631\u0630\u0627\u0630 \u0627\u0644\u0643\u0648\u0644\u0648\u0646\u064a\u0627 \u0648\u0632\u062c\u0627\u062c\u0627\u062a \u0627\u0644\u0639\u0637\u0648\u0631 \u0627\u0644\u0645\u062d\u0641\u0648\u0631\u0629 \u062d\u0633\u0628 \u0627\u0644\u0637\u0644\u0628\u060c \u0628\u062a\u0635\u0645\u064a\u0645 \u064a\u062c\u0645\u0639 \u0628\u064a\u0646 \u0627\u0644\u0637\u0627\u0628\u0639 \u0627\u0644\u0639\u0645\u0644\u064a \u0648\u0627\u0644\u062d\u0633 \u0627\u0644\u0641\u0646\u064a. \u062c\u0633\u0645 \u0627\u0644\u0632\u062c\u0627\u062c\u0629 \u0645\u0635\u0646\u0648\u0639 \u0645\u0646 \u0627\u0644\u0632\u062c\u0627\u062c \u0627\u0644\u0634\u0641\u0627\u0641 \u0648\u064a\u062f\u0639\u0645 \u0627\u0644\u0645\u0644\u0645\u0633 \u0623\u0648 \u0627\u0644\u0646\u0642\u0634 \u0623\u0648 \u062a\u062e\u0635\u064a\u0635 \u0627\u0644\u0645\u0644\u0635\u0642\u0627\u062a\u060c \u0648\u0627\u0644\u062a\u064a \u064a\u0645\u0643\u0646 \u0623\u0646 \u062a\u0642\u062f\u0645 \u0646\u0645\u0637 \u0627\u0644\u0639\u0644\u0627\u0645\u0629 \u0627\u0644\u062a\u062c\u0627\u0631\u064a\u0629 \u0628\u0633\u0647\u0648\u0644\u0629. \u064a\u0636\u0641\u064a \u0627\u0644\u0634\u0643\u0644 \u0627\u0644\u0628\u064a\u0636\u0627\u0648\u064a \u0627\u0644\u0645\u0633\u062a\u062f\u064a\u0631 \u0645\u0639 \u062a\u0641\u0627\u0635\u064a\u0644 \u0631\u0627\u0626\u0639\u0629 \u0639\u0644\u0649 \u0627\u0644\u0645\u0646\u062a\u062c \u0645\u0644\u0645\u0633\u064b\u0627 \u0631\u0627\u0642\u064a\u064b\u0627 \u0648\u0645\u0646\u0627\u0633\u0628\u064b\u0627 \u0644\u062e\u0637\u0648\u0637 \u0627\u0644\u0639\u0637\u0648\u0631 \u0627\u0644\u0631\u0648\u0645\u0627\u0646\u0633\u064a\u0629 \u0623\u0648 \u0627\u0644\u0643\u0644\u0627\u0633\u064a\u0643\u064a\u0629.<\/p>\n<table style=\"border-collapse: collapse;margin-left: auto;margin-right: auto;width: 162.03pt\" border=\"0\" width=\"216\" cellspacing=\"0\" cellpadding=\"0\">\n<tbody>\n<tr style=\"height: 21.00pt\">\n<td style=\"height: 21.00pt;width: 54.00pt\" width=\"72\" height=\"28\">\n<p><figure id=\"attachment_2880\" aria-describedby=\"caption-attachment-2880\" style=\"width: 300px\" class=\"wp-caption aligncenter\"><img fetchpriority=\"high\" decoding=\"async\" class=\"size-medium wp-image-2880\" src=\"https:\/\/theperfumebottles.com\/wp-content\/uploads\/2025\/03\/unique-cologne-bottles-FZ0701-300x300.webp\" alt=\"\u0632\u062c\u0627\u062c\u0627\u062a \u0643\u0648\u0644\u0648\u0646\u064a\u0627 \u0641\u0631\u064a\u062f\u0629 \u0645\u0646 \u0646\u0648\u0639\u0647\u0627\" width=\"300\" height=\"300\" srcset=\"https:\/\/theperfumebottles.com\/wp-content\/uploads\/2025\/03\/unique-cologne-bottles-FZ0701-300x300.webp 300w, https:\/\/theperfumebottles.com\/wp-content\/uploads\/2025\/03\/unique-cologne-bottles-FZ0701-150x150.webp 150w, https:\/\/theperfumebottles.com\/wp-content\/uploads\/2025\/03\/unique-cologne-bottles-FZ0701-768x768.webp 768w, https:\/\/theperfumebottles.com\/wp-content\/uploads\/2025\/03\/unique-cologne-bottles-FZ0701-12x12.webp 12w, https:\/\/theperfumebottles.com\/wp-content\/uploads\/2025\/03\/unique-cologne-bottles-FZ0701-600x600.webp 600w, https:\/\/theperfumebottles.com\/wp-content\/uploads\/2025\/03\/unique-cologne-bottles-FZ0701-100x100.webp 100w, https:\/\/theperfumebottles.com\/wp-content\/uploads\/2025\/03\/unique-cologne-bottles-FZ0701.webp 1000w\" sizes=\"(max-width: 300px) 100vw, 300px\" \/><figcaption id=\"caption-attachment-2880\" class=\"wp-caption-text\">30 \u0645\u0644<\/figcaption><\/figure><\/td>\n<td style=\"width: 54.00pt\" width=\"72\">\n<p><figure id=\"attachment_2882\" aria-describedby=\"caption-attachment-2882\" style=\"width: 300px\" class=\"wp-caption aligncenter\"><img decoding=\"async\" class=\"size-medium wp-image-2882\" src=\"https:\/\/theperfumebottles.com\/wp-content\/uploads\/2025\/03\/custom-engraved-perfume-bottles-FZ0702-300x300.webp\" alt=\"\u0632\u062c\u0627\u062c\u0627\u062a \u0639\u0637\u0631 \u0645\u062d\u0641\u0648\u0631\u0629 \u062d\u0633\u0628 \u0627\u0644\u0637\u0644\u0628\" width=\"300\" height=\"300\" srcset=\"https:\/\/theperfumebottles.com\/wp-content\/uploads\/2025\/03\/custom-engraved-perfume-bottles-FZ0702-300x300.webp 300w, https:\/\/theperfumebottles.com\/wp-content\/uploads\/2025\/03\/custom-engraved-perfume-bottles-FZ0702-150x150.webp 150w, https:\/\/theperfumebottles.com\/wp-content\/uploads\/2025\/03\/custom-engraved-perfume-bottles-FZ0702-768x768.webp 768w, https:\/\/theperfumebottles.com\/wp-content\/uploads\/2025\/03\/custom-engraved-perfume-bottles-FZ0702-12x12.webp 12w, https:\/\/theperfumebottles.com\/wp-content\/uploads\/2025\/03\/custom-engraved-perfume-bottles-FZ0702-600x600.webp 600w, https:\/\/theperfumebottles.com\/wp-content\/uploads\/2025\/03\/custom-engraved-perfume-bottles-FZ0702-100x100.webp 100w, https:\/\/theperfumebottles.com\/wp-content\/uploads\/2025\/03\/custom-engraved-perfume-bottles-FZ0702.webp 1000w\" sizes=\"(max-width: 300px) 100vw, 300px\" \/><figcaption id=\"caption-attachment-2882\" class=\"wp-caption-text\">50 \u0645\u0644<\/figcaption><\/figure><\/td>\n<td style=\"width: 54.00pt\" width=\"72\">\n<p><figure id=\"attachment_2883\" aria-describedby=\"caption-attachment-2883\" style=\"width: 300px\" class=\"wp-caption aligncenter\"><img decoding=\"async\" class=\"size-medium wp-image-2883\" src=\"https:\/\/theperfumebottles.com\/wp-content\/uploads\/2025\/03\/custom-perfume-bottles-FZ0703-300x300.webp\" alt=\"\u0632\u062c\u0627\u062c\u0627\u062a \u0639\u0637\u0631 \u0645\u062e\u0635\u0635\u0629\" width=\"300\" height=\"300\" srcset=\"https:\/\/theperfumebottles.com\/wp-content\/uploads\/2025\/03\/custom-perfume-bottles-FZ0703-300x300.webp 300w, https:\/\/theperfumebottles.com\/wp-content\/uploads\/2025\/03\/custom-perfume-bottles-FZ0703-150x150.webp 150w, https:\/\/theperfumebottles.com\/wp-content\/uploads\/2025\/03\/custom-perfume-bottles-FZ0703-768x768.webp 768w, https:\/\/theperfumebottles.com\/wp-content\/uploads\/2025\/03\/custom-perfume-bottles-FZ0703-12x12.webp 12w, https:\/\/theperfumebottles.com\/wp-content\/uploads\/2025\/03\/custom-perfume-bottles-FZ0703-600x600.webp 600w, https:\/\/theperfumebottles.com\/wp-content\/uploads\/2025\/03\/custom-perfume-bottles-FZ0703-100x100.webp 100w, https:\/\/theperfumebottles.com\/wp-content\/uploads\/2025\/03\/custom-perfume-bottles-FZ0703.webp 1024w\" sizes=\"(max-width: 300px) 100vw, 300px\" \/><figcaption id=\"caption-attachment-2883\" class=\"wp-caption-text\">100 \u0645\u0644<\/figcaption><\/figure><\/td>\n<\/tr>\n<\/tbody>\n<\/table>\n<h2>\u0644\u0645\u062d\u0629 \u0633\u0631\u064a\u0639\u0629 \u0639\u0646 \u0627\u0644\u0645\u0648\u0627\u0635\u0641\u0627\u062a \u0627\u0644\u0631\u0626\u064a\u0633\u064a\u0629<\/h2>\n<div class=\"hyc-common-markdown__table-wrapper\">\n<table>\n<thead>\n<tr>\n<th>\u0646\u0645\u0648\u0630\u062c<\/th>\n<th>\u0633\u0639\u0629<\/th>\n<th>\u0627\u0644\u0623\u0628\u0639\u0627\u062f (\u0645\u0645)<\/th>\n<th>\u062e\u064a\u0627\u0631\u0627\u062a \u0627\u0644\u063a\u0637\u0627\u0621<\/th>\n<th>\u0645\u064a\u0632\u0627\u062a \u0642\u0627\u0628\u0644\u0629 \u0644\u0644\u062a\u062e\u0635\u064a\u0635<\/th>\n<\/tr>\n<\/thead>\n<tbody>\n<tr>\n<td>PB-FZ0701<\/td>\n<td>30 \u0645\u0644<\/td>\n<td>29 \u00d7 29 \u00d7 29 \u00d7 94<\/td>\n<td>\u0630\u0647\u0628\/\u0641\u0636\u0629<\/td>\n<td>\u0646\u0642\u0634 \u0627\u0644\u0634\u0639\u0627\u0631\u060c \u062a\u0644\u0648\u064a\u0646 \u0627\u0644\u0632\u062c\u0627\u062c\u060c \u062a\u0644\u0648\u064a\u0646 \u0627\u0644\u0632\u062c\u0627\u062c<\/td>\n<\/tr>\n<tr>\n<td>PB-FZ0702<\/td>\n<td>50 \u0645\u0644<\/td>\n<td>38\u00d738\u00d738\u00d794<\/td>\n<td>\u0630\u0647\u0628\/\u0641\u0636\u0629<\/td>\n<td>\u062a\u0634\u0637\u064a\u0628\u0627\u062a \u063a\u064a\u0631 \u0644\u0627\u0645\u0639\u0629 \u0648\u0623\u0644\u0648\u0627\u0646 \u0645\u062a\u062f\u0631\u062c\u0629<\/td>\n<\/tr>\n<tr>\n<td>PB-FZ0703<\/td>\n<td>100 \u0645\u0644<\/td>\n<td>48\u00d748\u00d748\u00d794<\/td>\n<td>\u0630\u0647\u0628\/\u0641\u0636\u0629<\/td>\n<td>\u062a\u0635\u0645\u064a\u0645 ODM\/OEM \u0643\u0627\u0645\u0644\u060c \u0623\u0637\u0648\u0627\u0642 \u0632\u064a\u0646\u0629<\/td>\n<\/tr>\n<\/tbody>\n<\/table>\n<\/div>\n<h2>\u0644\u0645\u0627\u0630\u0627 \u062a\u062e\u062a\u0627\u0631 \u0632\u062c\u0627\u062c\u0627\u062a \u0627\u0644\u0639\u0637\u0648\u0631 \u0627\u0644\u0645\u062e\u0635\u0635\u0629 \u0644\u062f\u064a\u0646\u0627\u061f<\/h2>\n<ul>\n<li><!-- --><strong>\u0639\u064a\u0646\u0627\u062a \u0645\u062c\u0627\u0646\u064a\u0629 \u0648\u0637\u0644\u0628\u0627\u062a \u0628\u0627\u0644\u062c\u0645\u0644\u0629<\/strong>: \u0627\u062e\u062a\u0628\u0631 \u0627\u0644\u062c\u0648\u062f\u0629 \u0645\u0639 \u0639\u064a\u0646\u0627\u062a \u0645\u062c\u0627\u0646\u064a\u0629 \u0648\u062a\u0648\u0633\u0639 \u0628\u062b\u0642\u0629 \u0645\u0639 \u0623\u0633\u0639\u0627\u0631 \u0627\u0644\u062c\u0645\u0644\u0629.<\/li>\n<li><!-- --><strong>\u0639\u0628\u0648\u0627\u062a \u062c\u0627\u0647\u0632\u0629 \u0644\u0644\u0633\u0641\u0631<\/strong>: \u0627\u0644\u0632\u062c\u0627\u062c\u0627\u062a \u0627\u0644\u0645\u062f\u0645\u062c\u0629 \u0633\u0639\u0629 30 \u0645\u0644 \u0645\u0644\u0627\u0626\u0645\u0629 \u0644\u0625\u062f\u0627\u0631\u0629 \u0623\u0645\u0646 \u0627\u0644\u0646\u0642\u0644\u060c \u0628\u064a\u0646\u0645\u0627 \u062a\u0646\u0627\u0633\u0628 \u0627\u0644\u0623\u062d\u062c\u0627\u0645 \u0627\u0644\u0623\u0643\u0628\u0631 \u062d\u062c\u0645\u064b\u0627 \u0639\u0631\u0648\u0636 \u0627\u0644\u0628\u064a\u0639 \u0628\u0627\u0644\u062a\u062c\u0632\u0626\u0629.<\/li>\n<li><!-- --><strong>\u0627\u0644\u062d\u0644\u0648\u0644 \u0627\u0644\u0645\u062a\u0643\u0627\u0645\u0644\u0629<\/strong>: \u0645\u0646 \u0632\u062c\u0627\u062c\u0627\u062a \u0627\u0644\u0639\u0637\u0648\u0631 \u0627\u0644\u0645\u062e\u0635\u0635\u0629 \u0625\u0644\u0649 \u0627\u0644\u0625\u0643\u0633\u0633\u0648\u0627\u0631\u0627\u062a \u0630\u0627\u062a \u0627\u0644\u0639\u0644\u0627\u0645\u0627\u062a \u0627\u0644\u062a\u062c\u0627\u0631\u064a\u0629\u060c \u0646\u062a\u0648\u0644\u0649 \u0627\u0644\u0637\u0628\u0627\u0639\u0629 \u0648\u0627\u0644\u0646\u0642\u0634 \u0648\u0627\u0644\u062e\u062f\u0645\u0627\u062a \u0627\u0644\u0644\u0648\u062c\u0633\u062a\u064a\u0629 \u0628\u0627\u0644\u062c\u0645\u0644\u0629.<\/li>\n<\/ul>\n<h2>\u0627\u0631\u062a\u0642\u0650 \u0628\u0639\u0644\u0627\u0645\u062a\u0643 \u0627\u0644\u062a\u062c\u0627\u0631\u064a\u0629 \u0644\u0644\u0639\u0637\u0648\u0631 \u0627\u0644\u064a\u0648\u0645<\/h2>\n<p>\u0635\u064f\u0645\u0645\u062a \u0633\u0644\u0633\u0644\u0629 Oval Elegance \u0644\u0644\u0639\u0644\u0627\u0645\u0627\u062a \u0627\u0644\u062a\u062c\u0627\u0631\u064a\u0629 \u0627\u0644\u062a\u064a \u062a\u0639\u0637\u064a \u0627\u0644\u0623\u0648\u0644\u0648\u064a\u0629 \u0644\u0644\u0623\u0646\u0627\u0642\u0629 \u0648\u0627\u0644\u0639\u0645\u0644\u064a\u0629\u060c \u0648\u062a\u062c\u0645\u0639 \u0633\u0644\u0633\u0644\u0629 Oval Elegance \u0628\u064a\u0646 \u0627\u0644\u062d\u0631\u0641\u064a\u0629 \u0627\u0644\u0632\u062c\u0627\u062c\u064a\u0629 \u0648\u062e\u064a\u0627\u0631\u0627\u062a \u0645\u0631\u0646\u0629 \u0644\u0644\u0639\u0644\u0627\u0645\u0629 \u0627\u0644\u062a\u062c\u0627\u0631\u064a\u0629. \u0633\u0648\u0627\u0621\u064b \u0643\u0646\u062a \u0634\u0631\u0643\u0629 \u0646\u0627\u0634\u0626\u0629 \u0623\u0648 \u062f\u0627\u0631 \u0639\u0637\u0648\u0631 \u0641\u0627\u062e\u0631\u0629 \u0631\u0627\u0633\u062e\u0629\u060c \u0641\u0625\u0646 \u0632\u062c\u0627\u062c\u0627\u062a \u0627\u0644\u0639\u0637\u0648\u0631 \u0627\u0644\u0632\u062c\u0627\u062c\u064a\u0629 \u0644\u062f\u064a\u0646\u0627 \u062a\u0642\u062f\u0645 \u062c\u0648\u062f\u0629 \u0644\u0627\u0626\u0642\u0629 \u0648\u062c\u0627\u0630\u0628\u064a\u0629 \u0645\u0645\u064a\u0632\u0629.<\/p>\n<p><em>\u0627\u062a\u0635\u0644 \u0628\u0646\u0627 \u0644\u0637\u0644\u0628 \u0632\u062c\u0627\u062c\u0627\u062a \u0639\u0637\u0648\u0631 \u0641\u0631\u064a\u062f\u0629 \u0645\u0646 \u0646\u0648\u0639\u0647\u0627 \u0623\u0648 \u0627\u0637\u0644\u0628 \u0639\u0631\u0648\u0636 \u0623\u0633\u0639\u0627\u0631 ODM\/OEM. \u062d\u0648\u0651\u0644 \u0627\u0644\u0639\u0628\u0648\u0627\u062a \u0627\u0644\u0641\u0627\u0631\u063a\u0629 \u0625\u0644\u0649 \u0639\u0628\u0648\u0627\u062a \u0639\u0637\u0648\u0631 \u0644\u0627 \u062a\u064f\u0646\u0633\u0649!<\/em><\/p>","protected":false},"excerpt":{"rendered":"<p>\u062a\u0645\u064a\u0651\u0632 \u0641\u064a \u0633\u0648\u0642 \u0627\u0644\u0639\u0637\u0648\u0631 \u0627\u0644\u062a\u0646\u0627\u0641\u0633\u064a \u0645\u0639 \u0633\u0644\u0633\u0644\u0629 Oval Elegance \u0644\u0644\u0639\u0637\u0648\u0631 - \u0648\u0647\u064a \u0645\u062c\u0645\u0648\u0639\u0629 \u0645\u0646 \u0632\u062c\u0627\u062c\u0627\u062a \u0627\u0644\u0643\u0648\u0644\u0648\u0646\u064a\u0627 \u0627\u0644\u0641\u0631\u064a\u062f\u0629 \u0645\u0646 \u0646\u0648\u0639\u0647\u0627 \u0648\u0632\u062c\u0627\u062c\u0627\u062a \u0627\u0644\u0639\u0637\u0648\u0631 \u0627\u0644\u0645\u0646\u0642\u0648\u0634\u0629 \u062d\u0633\u0628 \u0627\u0644\u0637\u0644\u0628 \u0648\u0627\u0644\u0645\u0635\u0645\u0645\u0629 \u0644\u062a\u062c\u0633\u064a\u062f \u0627\u0644\u0631\u0642\u064a \u0648\u0627\u0644\u062a\u0646\u0648\u0639.<\/p>","protected":false},"featured_media":2880,"comment_status":"open","ping_status":"closed","template":"","meta":{"_acf_changed":false,"site-sidebar-layout":"default","site-content-layout":"","ast-site-content-layout":"default","site-content-style":"default","site-sidebar-style":"default","ast-global-header-display":"","ast-banner-title-visibility":"","ast-main-header-display":"","ast-hfb-above-header-display":"","ast-hfb-below-header-display":"","ast-hfb-mobile-header-display":"","site-post-title":"","ast-breadcrumbs-content":"","ast-featured-img":"","footer-sml-layout":"","ast-disable-related-posts":"","theme-transparent-header-meta":"default","adv-header-id-meta":"","stick-header-meta":"","header-above-stick-meta":"","header-main-stick-meta":"","header-below-stick-meta":"","astra-migrate-meta-layouts":"set","ast-page-background-enabled":"default","ast-page-background-meta":{"desktop":{"background-color":"var(--ast-global-color-5)","background-image":"","background-repeat":"repeat","background-position":"center center","background-size":"auto","background-attachment":"scroll","background-type":"","background-media":"","overlay-type":"","overlay-color":"","overlay-opacity":"","overlay-gradient":""},"tablet":{"background-color":"","background-image":"","background-repeat":"repeat","background-position":"center center","background-size":"auto","background-attachment":"scroll","background-type":"","background-media":"","overlay-type":"","overlay-color":"","overlay-opacity":"","overlay-gradient":""},"mobile":{"background-color":"","background-image":"","background-repeat":"repeat","background-position":"center center","background-size":"auto","background-attachment":"scroll","background-type":"","background-media":"","overlay-type":"","overlay-color":"","overlay-opacity":"","overlay-gradient":""}},"ast-content-background-meta":{"desktop":{"background-color":"var(--ast-global-color-4)","background-image":"","background-repeat":"repeat","background-position":"center center","background-size":"auto","background-attachment":"scroll","background-type":"","background-media":"","overlay-type":"","overlay-color":"","overlay-opacity":"","overlay-gradient":""},"tablet":{"background-color":"var(--ast-global-color-4)","background-image":"","background-repeat":"repeat","background-position":"center center","background-size":"auto","background-attachment":"scroll","background-type":"","background-media":"","overlay-type":"","overlay-color":"","overlay-opacity":"","overlay-gradient":""},"mobile":{"background-color":"var(--ast-global-color-4)","background-image":"","background-repeat":"repeat","background-position":"center center","background-size":"auto","background-attachment":"scroll","background-type":"","background-media":"","overlay-type":"","overlay-color":"","overlay-opacity":"","overlay-gradient":""}}},"product_brand":[],"product_cat":[72,91,41],"product_tag":[],"class_list":{"0":"post-2878","1":"product","2":"type-product","3":"status-publish","4":"has-post-thumbnail","6":"product_cat-cosmetic-packaging","7":"product_cat-custom-perfume-bottles","8":"product_cat-perfume-bottles","9":"desktop-align-left","10":"tablet-align-left","11":"mobile-align-left","13":"first","14":"instock","15":"shipping-taxable","16":"product-type-simple"},"acf":[],"jetpack_sharing_enabled":true,"_links":{"self":[{"href":"https:\/\/theperfumebottles.com\/ar\/wp-json\/wp\/v2\/product\/2878","targetHints":{"allow":["GET"]}}],"collection":[{"href":"https:\/\/theperfumebottles.com\/ar\/wp-json\/wp\/v2\/product"}],"about":[{"href":"https:\/\/theperfumebottles.com\/ar\/wp-json\/wp\/v2\/types\/product"}],"replies":[{"embeddable":true,"href":"https:\/\/theperfumebottles.com\/ar\/wp-json\/wp\/v2\/comments?post=2878"}],"wp:featuredmedia":[{"embeddable":true,"href":"https:\/\/theperfumebottles.com\/ar\/wp-json\/wp\/v2\/media\/2880"}],"wp:attachment":[{"href":"https:\/\/theperfumebottles.com\/ar\/wp-json\/wp\/v2\/media?parent=2878"}],"wp:term":[{"taxonomy":"product_brand","embeddable":true,"href":"https:\/\/theperfumebottles.com\/ar\/wp-json\/wp\/v2\/product_brand?post=2878"},{"taxonomy":"product_cat","embeddable":true,"href":"https:\/\/theperfumebottles.com\/ar\/wp-json\/wp\/v2\/product_cat?post=2878"},{"taxonomy":"product_tag","embeddable":true,"href":"https:\/\/theperfumebottles.com\/ar\/wp-json\/wp\/v2\/product_tag?post=2878"}],"curies":[{"name":"wp","href":"https:\/\/api.w.org\/{rel}","templated":true}]}}