{"id":2886,"date":"2025-03-25T09:57:46","date_gmt":"2025-03-25T09:57:46","guid":{"rendered":"https:\/\/theperfumebottles.com\/?post_type=product&#038;p=2886"},"modified":"2025-04-18T03:37:48","modified_gmt":"2025-04-18T03:37:48","slug":"small-fragrance-bottles-cologne-spray-bottles","status":"publish","type":"product","link":"https:\/\/theperfumebottles.com\/ar\/product\/small-fragrance-bottles-cologne-spray-bottles\/","title":{"rendered":"\u0632\u062c\u0627\u062c\u0627\u062a \u0639\u0637\u0631 \u0635\u063a\u064a\u0631\u0629 \u0628\u0623\u063a\u0637\u064a\u0629 \u062e\u0634\u0628\u064a\u0629 \u0633\u0639\u0629 30 \u0645\u0644 \u064845 \u0645\u0644 \u064850 \u0645\u0644 \u0648100 \u0645\u0644"},"content":{"rendered":"<p>\u0627\u0631\u0641\u0639 \u0645\u0646 \u0645\u0633\u062a\u0648\u0649 \u0639\u0637\u0631\u0643 \u0623\u0648 \u0639\u0637\u0631 \u0645\u0627 \u0628\u0639\u062f \u0627\u0644\u062d\u0644\u0627\u0642\u0629 \u0623\u0648 \u062e\u0637 \u0627\u0644\u0639\u0627\u0641\u064a\u0629 \u0627\u0644\u062e\u0627\u0635 \u0628\u0643 \u0645\u0639 \u0633\u0644\u0633\u0644\u0629 Natural Essence - \u0648\u0647\u064a \u0645\u062c\u0645\u0648\u0639\u0629 \u0645\u0646\u00a0<em>\u0632\u062c\u0627\u062c\u0627\u062a \u0631\u0630\u0627\u0630 \u0627\u0644\u0643\u0648\u0644\u0648\u0646\u064a\u0627 \u0627\u0644\u0635\u063a\u064a\u0631\u0629<\/em>\u00a0\u0648\u00a0<em>\u0632\u062c\u0627\u062c\u0627\u062a \u0639\u0637\u0631 \u0632\u062c\u0627\u062c\u064a\u0629 \u0641\u0627\u0631\u063a\u0629<\/em>\u00a0\u0645\u0635\u0645\u0645\u0629 \u0644\u0644\u0639\u0644\u0627\u0645\u0627\u062a \u0627\u0644\u062a\u062c\u0627\u0631\u064a\u0629 \u0627\u0644\u062d\u0631\u0641\u064a\u0629. \u0635\u064f\u0646\u0639\u062a \u0647\u0630\u0647 \u0627\u0644\u062d\u0627\u0648\u064a\u0627\u062a \u0645\u0646 \u0627\u0644\u0632\u062c\u0627\u062c \u0627\u0644\u0634\u0641\u0627\u0641 \u0627\u0644\u0643\u0631\u064a\u0633\u062a\u0627\u0644\u064a \u0645\u0639 \u0623\u0633\u0637\u062d \u062e\u0634\u0628\u064a\u0629 \u0623\u0648 \u0633\u0648\u062f\u0627\u0621 \u063a\u064a\u0631 \u0644\u0627\u0645\u0639\u0629 \u0635\u062f\u064a\u0642\u0629 \u0644\u0644\u0628\u064a\u0626\u0629\u060c \u0648\u062a\u0645\u0632\u062c \u0647\u0630\u0647 \u0627\u0644\u062d\u0627\u0648\u064a\u0627\u062a \u0628\u064a\u0646 \u0627\u0644\u0623\u0646\u0627\u0642\u0629 \u0627\u0644\u0639\u0635\u0631\u064a\u0629 \u0648\u0627\u0644\u062a\u0646\u0648\u0639 \u0627\u0644\u0639\u0645\u0644\u064a.<\/p>\n<h2>\u0627\u0644\u0645\u0648\u0627\u0635\u0641\u0627\u062a \u0627\u0644\u0631\u0626\u064a\u0633\u064a\u0629 \u0644\u0632\u062c\u0627\u062c\u0627\u062a \u0627\u0644\u0639\u0637\u0631 \u0627\u0644\u0635\u063a\u064a\u0631\u0629<\/h2>\n<table style=\"border-collapse: collapse; margin-left: auto; margin-right: auto; width: 100%;\" border=\"0\" width=\"100%\" cellspacing=\"0\" cellpadding=\"0\">\n<tbody>\n<tr style=\"height: 10pt;\">\n<td style=\"height: 10pt; width: 87.75pt;\" width=\"117\" height=\"18\">\u0646\u0645\u0648\u0630\u062c<\/td>\n<td style=\"width: 54.00pt;\" width=\"72\">\u0633\u0639\u0629<\/td>\n<td style=\"width: 184.50pt;\" width=\"246\">\u0645\u0648\u0627\u0635\u0641\u0629<\/td>\n<td style=\"width: 81.00pt;\" width=\"108\">\u0646\u0648\u0639 \u0627\u0644\u062e\u062a\u0645<\/td>\n<td class=\"et2\" style=\"width: 262.50pt;\" width=\"350\">\u0644\u0648\u0646<\/td>\n<\/tr>\n<tr style=\"height: 40.50pt;\">\n<td style=\"height: 40.50pt;\" height=\"54\">PB-FZ0801<\/td>\n<td>30 \u0645\u0644<\/td>\n<td>35\u00d735\u00d766 \u0645\u0645\u060c \u0639\u064a\u0627\u0631 15 \u0645\u0645<\/td>\n<td>\u0642\u0645\u0629 \u0627\u0644\u062a\u0639\u0642\u064a\u0645<\/td>\n<td class=\"et2\" style=\"width: 262.50pt;\" width=\"350\">\u0632\u062c\u0627\u062c \u0634\u0641\u0627\u0641\u060c \u0628\u0646\u064a \u062e\u0634\u0628 \u0627\u0644\u062c\u0648\u0632\u060c \u0628\u0644\u0648\u0637 \u0641\u0627\u062a\u062d\u060c \u063a\u0637\u0627\u0621 \u0623\u0633\u0648\u062f \u063a\u064a\u0631 \u0644\u0627\u0645\u0639 (\u0642\u0627\u0628\u0644 \u0644\u0644\u062a\u062e\u0635\u064a\u0635)<\/td>\n<\/tr>\n<tr style=\"height: 40.50pt;\">\n<td style=\"height: 40.50pt;\" height=\"54\">PB-FZ0802<\/td>\n<td>30 \u0645\u0644<\/td>\n<td>\u0639\u064a\u0627\u0631 37\u00d737\u00d765 \u0645\u0645\u060c \u0639\u064a\u0627\u0631 15 \u0645\u0645<\/td>\n<td>\u0642\u0645\u0629 \u0627\u0644\u062a\u0639\u0642\u064a\u0645<\/td>\n<td class=\"et2\" style=\"width: 262.50pt;\" width=\"350\">\u0632\u062c\u0627\u062c \u0634\u0641\u0627\u0641\u060c \u0628\u0646\u064a \u062e\u0634\u0628 \u0627\u0644\u062c\u0648\u0632\u060c \u0628\u0644\u0648\u0637 \u0641\u0627\u062a\u062d\u060c \u063a\u0637\u0627\u0621 \u0623\u0633\u0648\u062f \u063a\u064a\u0631 \u0644\u0627\u0645\u0639 (\u0642\u0627\u0628\u0644 \u0644\u0644\u062a\u062e\u0635\u064a\u0635)<\/td>\n<\/tr>\n<tr style=\"height: 40.50pt;\">\n<td style=\"height: 40.50pt;\" height=\"54\">PB-FZ0803<\/td>\n<td>50 \u0645\u0644<\/td>\n<td>\u0639\u064a\u0627\u0631 32\u00d732\u00d785 \u0645\u0644\u0645\u060c \u0639\u064a\u0627\u0631 15 \u0645\u0644\u0645<\/td>\n<td>\u0642\u0645\u0629 \u0627\u0644\u062a\u0639\u0642\u064a\u0645<\/td>\n<td class=\"et2\" style=\"width: 262.50pt;\" width=\"350\">\u0632\u062c\u0627\u062c \u0634\u0641\u0627\u0641\u060c \u0628\u0646\u064a \u062e\u0634\u0628 \u0627\u0644\u062c\u0648\u0632\u060c \u0628\u0644\u0648\u0637 \u0641\u0627\u062a\u062d\u060c \u063a\u0637\u0627\u0621 \u0623\u0633\u0648\u062f \u063a\u064a\u0631 \u0644\u0627\u0645\u0639 (\u0642\u0627\u0628\u0644 \u0644\u0644\u062a\u062e\u0635\u064a\u0635)<\/td>\n<\/tr>\n<tr style=\"height: 40.50pt;\">\n<td style=\"height: 40.50pt;\" height=\"54\">PB-FZ0804<\/td>\n<td>45 \u0645\u0644<\/td>\n<td>37 \u00d7 37 \u00d7 86 \u0645\u0644\u0645\u060c \u0639\u064a\u0627\u0631 15 \u0645\u0644\u0645<\/td>\n<td>\u0642\u0645\u0629 \u0627\u0644\u062a\u0639\u0642\u064a\u0645<\/td>\n<td class=\"et2\" style=\"width: 262.50pt;\" width=\"350\">\u0632\u062c\u0627\u062c \u0634\u0641\u0627\u0641\u060c \u0628\u0646\u064a \u062e\u0634\u0628 \u0627\u0644\u062c\u0648\u0632\u060c \u0628\u0644\u0648\u0637 \u0641\u0627\u062a\u062d\u060c \u063a\u0637\u0627\u0621 \u0623\u0633\u0648\u062f \u063a\u064a\u0631 \u0644\u0627\u0645\u0639 (\u0642\u0627\u0628\u0644 \u0644\u0644\u062a\u062e\u0635\u064a\u0635)<\/td>\n<\/tr>\n<tr style=\"height: 40.50pt;\">\n<td style=\"height: 40.50pt;\" height=\"54\">PB-FZ0805<\/td>\n<td>100 \u0645\u0644<\/td>\n<td>47\u00d747\u00d747\u00d7103 \u0645\u0645\u060c \u0639\u064a\u0627\u0631 15 \u0645\u0645<\/td>\n<td>\u0642\u0645\u0629 \u0627\u0644\u062a\u0639\u0642\u064a\u0645<\/td>\n<td class=\"et2\" style=\"width: 262.50pt;\" width=\"350\">\u0632\u062c\u0627\u062c \u0634\u0641\u0627\u0641\u060c \u0628\u0646\u064a \u062e\u0634\u0628 \u0627\u0644\u062c\u0648\u0632\u060c \u0628\u0644\u0648\u0637 \u0641\u0627\u062a\u062d\u060c \u063a\u0637\u0627\u0621 \u0623\u0633\u0648\u062f \u063a\u064a\u0631 \u0644\u0627\u0645\u0639 (\u0642\u0627\u0628\u0644 \u0644\u0644\u062a\u062e\u0635\u064a\u0635)<\/td>\n<\/tr>\n<\/tbody>\n<\/table>\n<h2>\u0644\u0627 \u062a\u062e\u0637\u0626 \u0639\u064a\u0646\u064a\u0643<\/h2>\n<ul>\n<li>\u0623\u063a\u0637\u064a\u0629 \u062a\u0643\u0633\u0631 \u0627\u0644\u0642\u0627\u0644\u0628: \u062a\u0634\u0637\u064a\u0628\u0627\u062a \u0645\u0639\u062f\u0646\u064a\u0629 \u0645\u0637\u0628\u0648\u0639\u0629 \u062b\u0644\u0627\u062b\u064a\u0629 \u0627\u0644\u0623\u0628\u0639\u0627\u062f \u0623\u0648 \u0641\u0644\u064a\u0646 \u0645\u0639\u0627\u062f \u062a\u062f\u0648\u064a\u0631\u0647<\/li>\n<li>\u0627\u0644\u0645\u0643\u0627\u0641\u0623\u0629: \u0645\u062c\u0645\u0648\u0639\u0627\u062a \u0639\u064a\u0646\u0627\u062a \u0645\u062c\u0627\u0646\u064a\u0629 - \u0644\u0623\u0646\u0643 \u062a\u0633\u062a\u062d\u0642 \u0623\u0646 \u062a\u0634\u0639\u0631 \u0628\u0627\u0644\u062c\u0648\u062f\u0629 \u0642\u0628\u0644 \u0627\u0644\u0627\u0644\u062a\u0632\u0627\u0645.<\/li>\n<\/ul>\n<h2>\u0644\u0640<\/h2>\n<ul>\n<li>\u0643\u064a\u0645\u064a\u0627\u0626\u064a\u0648 \u0627\u0644\u0639\u0637\u0648\u0631 \u0627\u0644\u0630\u064a\u0646 \u0633\u0626\u0645\u0648\u0627 \u0645\u0646 \u0627\u0644\u0632\u062c\u0627\u062c\u0627\u062a \u0627\u0644\u0639\u0627\u0645\u0629<\/li>\n<li>\u0627\u0644\u0639\u0644\u0627\u0645\u0627\u062a \u0627\u0644\u062a\u062c\u0627\u0631\u064a\u0629 \u0644\u0644\u0639\u0646\u0627\u064a\u0629 \u0628\u0627\u0644\u062c\u0646\u0633\u064a\u0646 \u062a\u0639\u064a\u062f \u0643\u062a\u0627\u0628\u0629 \u0627\u0644\u0642\u0648\u0627\u0639\u062f<\/li>\n<li>\u0627\u0644\u0645\u062d\u0627\u0631\u0628\u0648\u0646 \u0627\u0644\u0628\u064a\u0626\u064a\u0648\u0646 \u064a\u062d\u0648\u0644\u0648\u0646 \u0625\u0639\u0627\u062f\u0629 \u0627\u0644\u062a\u0639\u0628\u0626\u0629 \u0625\u0644\u0649 \u0637\u0642\u0648\u0633<\/li>\n<li>\u0627\u0644\u0641\u0646\u0627\u062f\u0642 \u0627\u0644\u062a\u064a \u062a\u0631\u063a\u0628 \u0641\u064a \u0623\u0646 \u064a\u0633\u0631\u0642 \u0627\u0644\u0646\u0632\u0644\u0627\u0621 \u0648\u0633\u0627\u0626\u0644 \u0627\u0644\u0631\u0627\u062d\u0629 (\u0628\u062c\u062f\u064a\u0629\u060c \u0647\u0630\u0627 \u064a\u062d\u062f\u062b)<\/li>\n<\/ul>","protected":false},"excerpt":{"rendered":"<p>\u0627\u0631\u0641\u0639 \u0645\u0646 \u0645\u0633\u062a\u0648\u0649 \u0639\u0637\u0631\u0643 \u0623\u0648 \u0639\u0637\u0631 \u0645\u0627 \u0628\u0639\u062f \u0627\u0644\u062d\u0644\u0627\u0642\u0629 \u0623\u0648 \u062e\u0637 \u0627\u0644\u0639\u0627\u0641\u064a\u0629 \u0627\u0644\u062e\u0627\u0635 \u0628\u0643 \u0645\u0639 \u0633\u0644\u0633\u0644\u0629 Natural Essence - \u0648\u0647\u064a \u0645\u062c\u0645\u0648\u0639\u0629 \u0645\u0646\u00a0<em>\u0632\u062c\u0627\u062c\u0627\u062a \u0631\u0630\u0627\u0630 \u0627\u0644\u0643\u0648\u0644\u0648\u0646\u064a\u0627 \u0627\u0644\u0635\u063a\u064a\u0631\u0629<\/em>\u00a0\u0648\u00a0<em>\u0632\u062c\u0627\u062c\u0627\u062a \u0639\u0637\u0631 \u0632\u062c\u0627\u062c\u064a\u0629 \u0641\u0627\u0631\u063a\u0629<\/em>\u00a0\u0645\u0635\u0645\u0645\u0629 \u0644\u0644\u0639\u0644\u0627\u0645\u0627\u062a \u0627\u0644\u062a\u062c\u0627\u0631\u064a\u0629 \u0627\u0644\u062d\u0631\u0641\u064a\u0629.<\/p>","protected":false},"featured_media":2887,"comment_status":"open","ping_status":"closed","template":"","meta":{"_acf_changed":false,"site-sidebar-layout":"default","site-content-layout":"","ast-site-content-layout":"default","site-content-style":"default","site-sidebar-style":"default","ast-global-header-display":"","ast-banner-title-visibility":"","ast-main-header-display":"","ast-hfb-above-header-display":"","ast-hfb-below-header-display":"","ast-hfb-mobile-header-display":"","site-post-title":"","ast-breadcrumbs-content":"","ast-featured-img":"","footer-sml-layout":"","ast-disable-related-posts":"","theme-transparent-header-meta":"default","adv-header-id-meta":"","stick-header-meta":"","header-above-stick-meta":"","header-main-stick-meta":"","header-below-stick-meta":"","astra-migrate-meta-layouts":"set","ast-page-background-enabled":"default","ast-page-background-meta":{"desktop":{"background-color":"var(--ast-global-color-5)","background-image":"","background-repeat":"repeat","background-position":"center center","background-size":"auto","background-attachment":"scroll","background-type":"","background-media":"","overlay-type":"","overlay-color":"","overlay-opacity":"","overlay-gradient":""},"tablet":{"background-color":"","background-image":"","background-repeat":"repeat","background-position":"center center","background-size":"auto","background-attachment":"scroll","background-type":"","background-media":"","overlay-type":"","overlay-color":"","overlay-opacity":"","overlay-gradient":""},"mobile":{"background-color":"","background-image":"","background-repeat":"repeat","background-position":"center center","background-size":"auto","background-attachment":"scroll","background-type":"","background-media":"","overlay-type":"","overlay-color":"","overlay-opacity":"","overlay-gradient":""}},"ast-content-background-meta":{"desktop":{"background-color":"var(--ast-global-color-4)","background-image":"","background-repeat":"repeat","background-position":"center center","background-size":"auto","background-attachment":"scroll","background-type":"","background-media":"","overlay-type":"","overlay-color":"","overlay-opacity":"","overlay-gradient":""},"tablet":{"background-color":"var(--ast-global-color-4)","background-image":"","background-repeat":"repeat","background-position":"center center","background-size":"auto","background-attachment":"scroll","background-type":"","background-media":"","overlay-type":"","overlay-color":"","overlay-opacity":"","overlay-gradient":""},"mobile":{"background-color":"var(--ast-global-color-4)","background-image":"","background-repeat":"repeat","background-position":"center center","background-size":"auto","background-attachment":"scroll","background-type":"","background-media":"","overlay-type":"","overlay-color":"","overlay-opacity":"","overlay-gradient":""}}},"product_brand":[],"product_cat":[72,91,41],"product_tag":[],"class_list":{"0":"post-2886","1":"product","2":"type-product","3":"status-publish","4":"has-post-thumbnail","6":"product_cat-cosmetic-packaging","7":"product_cat-custom-perfume-bottles","8":"product_cat-perfume-bottles","9":"desktop-align-left","10":"tablet-align-left","11":"mobile-align-left","13":"first","14":"instock","15":"shipping-taxable","16":"product-type-simple"},"acf":[],"jetpack_sharing_enabled":true,"_links":{"self":[{"href":"https:\/\/theperfumebottles.com\/ar\/wp-json\/wp\/v2\/product\/2886","targetHints":{"allow":["GET"]}}],"collection":[{"href":"https:\/\/theperfumebottles.com\/ar\/wp-json\/wp\/v2\/product"}],"about":[{"href":"https:\/\/theperfumebottles.com\/ar\/wp-json\/wp\/v2\/types\/product"}],"replies":[{"embeddable":true,"href":"https:\/\/theperfumebottles.com\/ar\/wp-json\/wp\/v2\/comments?post=2886"}],"wp:featuredmedia":[{"embeddable":true,"href":"https:\/\/theperfumebottles.com\/ar\/wp-json\/wp\/v2\/media\/2887"}],"wp:attachment":[{"href":"https:\/\/theperfumebottles.com\/ar\/wp-json\/wp\/v2\/media?parent=2886"}],"wp:term":[{"taxonomy":"product_brand","embeddable":true,"href":"https:\/\/theperfumebottles.com\/ar\/wp-json\/wp\/v2\/product_brand?post=2886"},{"taxonomy":"product_cat","embeddable":true,"href":"https:\/\/theperfumebottles.com\/ar\/wp-json\/wp\/v2\/product_cat?post=2886"},{"taxonomy":"product_tag","embeddable":true,"href":"https:\/\/theperfumebottles.com\/ar\/wp-json\/wp\/v2\/product_tag?post=2886"}],"curies":[{"name":"wp","href":"https:\/\/api.w.org\/{rel}","templated":true}]}}