{"id":2915,"date":"2025-03-26T09:33:10","date_gmt":"2025-03-26T09:33:10","guid":{"rendered":"https:\/\/theperfumebottles.com\/?post_type=product&#038;p=2915"},"modified":"2025-05-27T15:12:42","modified_gmt":"2025-05-27T07:12:42","slug":"30ml-50ml-most-beautiful-perfume-bottles-with-ball-tops","status":"publish","type":"product","link":"https:\/\/theperfumebottles.com\/ar\/product\/30ml-50ml-most-beautiful-perfume-bottles-with-ball-tops\/","title":{"rendered":"\u0632\u062c\u0627\u062c\u0627\u062a \u0639\u0637\u0631 30 \u0645\u0644 50 \u0645\u0644 \u0645\u0646 \u0623\u062c\u0645\u0644 \u0632\u062c\u0627\u062c\u0627\u062a \u0627\u0644\u0639\u0637\u0648\u0631 \u0630\u0627\u062a \u0627\u0644\u0623\u063a\u0637\u064a\u0629 \u0627\u0644\u0643\u0631\u0648\u064a\u0629"},"content":{"rendered":"<p>\u0628\u0627\u0644\u0646\u0633\u0628\u0629 \u0644\u0644\u0639\u0644\u0627\u0645\u0627\u062a \u0627\u0644\u062a\u062c\u0627\u0631\u064a\u0629 \u0648\u0627\u0644\u062a\u062c\u0627\u0631 \u0627\u0644\u0630\u064a\u0646 \u064a\u0633\u0639\u0648\u0646 \u0644\u062c\u0630\u0628 \u0627\u0644\u0639\u0645\u0644\u0627\u0621 \u0628\u0632\u062c\u0627\u062c\u0627\u062a \u0639\u0637\u0648\u0631 \u062c\u0645\u064a\u0644\u0629\u060c \u062a\u062c\u0645\u0639 \u0633\u0644\u0633\u0644\u0629 \u0639\u0628\u0648\u0627\u062a \u0627\u0644\u0639\u0637\u0648\u0631 \u0627\u0644\u0623\u062c\u0645\u0644 \u0644\u062f\u064a\u0646\u0627 (\u0627\u0644\u0645\u0648\u062f\u064a\u0644\u0627\u062a PB-GK0301 \u0648 PB-GK0302) \u0628\u064a\u0646 \u0627\u0644\u0623\u0646\u0627\u0642\u0629 \u0648\u0627\u0644\u0645\u062a\u0627\u0646\u0629 \u0648\u0627\u0644\u062a\u062e\u0635\u064a\u0635 \u0644\u0644\u0627\u0631\u062a\u0642\u0627\u0621 \u0628\u062e\u0637 \u0639\u0637\u0631\u0643 \u0623\u0648 \u0627\u0644\u0643\u0648\u0644\u0648\u0646\u064a\u0627 \u0623\u0648 \u0639\u0637\u0631 \u0645\u0627 \u0628\u0639\u062f \u0627\u0644\u062d\u0644\u0627\u0642\u0629. \u0648\u0642\u062f \u0635\u064f\u0645\u0645\u062a \u0647\u0630\u0647 \u0627\u0644\u0639\u0628\u0648\u0627\u062a \u0627\u0644\u0632\u062c\u0627\u062c\u064a\u0629 \u0627\u0644\u0645\u0635\u0645\u0645\u0629 \u0644\u0644\u0639\u0644\u0627\u0645\u0627\u062a \u0627\u0644\u062a\u062c\u0627\u0631\u064a\u0629 \u0627\u0644\u0641\u0627\u062e\u0631\u0629 \u0644\u0639\u0631\u0636 \u0639\u0637\u0631\u0643 \u0628\u0623\u0646\u0627\u0642\u0629 \u0644\u0627 \u0645\u062b\u064a\u0644 \u0644\u0647\u0627.<\/p>\n<h2>\u0644\u0645\u062d\u0629 \u0633\u0631\u064a\u0639\u0629 \u0639\u0646 \u0627\u0644\u0645\u0648\u0627\u0635\u0641\u0627\u062a \u0627\u0644\u0631\u0626\u064a\u0633\u064a\u0629<\/h2>\n<div class=\"hyc-common-markdown__table-wrapper\">\n<table>\n<thead>\n<tr>\n<th><!-- --><strong>\u0646\u0645\u0648\u0630\u062c<\/strong><\/th>\n<th>PB-GK0301<\/th>\n<th>PB-GK0302<\/th>\n<\/tr>\n<\/thead>\n<tbody>\n<tr>\n<td><!-- --><strong>\u0633\u0639\u0629<\/strong><\/td>\n<td>50 \u0645\u0644<\/td>\n<td>100 \u0645\u0644<\/td>\n<\/tr>\n<tr>\n<td><!-- --><strong>\u0623\u0628\u0639\u0627\u062f<\/strong><\/td>\n<td>39 \u00d7 49 \u00d7 49 \u00d7 119 \u0645\u0645<\/td>\n<td>45\u00d755\u00d7130 \u0645\u0645<\/td>\n<\/tr>\n<tr>\n<td><!-- --><strong>\u0645\u0627\u062f\u0629<\/strong><\/td>\n<td>\u0632\u062c\u0627\u062c \u0627\u0644\u0643\u0631\u064a\u0633\u062a\u0627\u0644<\/td>\n<td>\u0632\u062c\u0627\u062c \u0627\u0644\u0643\u0631\u064a\u0633\u062a\u0627\u0644<\/td>\n<\/tr>\n<tr>\n<td><!-- --><strong>\u0623\u0644\u0648\u0627\u0646 \u0627\u0644\u063a\u0637\u0627\u0621<\/strong><\/td>\n<td>\u0623\u0632\u0631\u0642\/\u0623\u0628\u064a\u0636\/\u0623\u0632\u0631\u0642\/\u0645\u062e\u0635\u0635<\/td>\n<td>\u0623\u0632\u0631\u0642\/\u0623\u0628\u064a\u0636\/\u0623\u0632\u0631\u0642\/\u0645\u062e\u0635\u0635<\/td>\n<\/tr>\n<tr>\n<td><!-- --><strong>\u0646\u0648\u0639 \u0627\u0644\u062e\u062a\u0645<\/strong><\/td>\n<td>\u0631\u0634 \u0627\u0644\u062c\u0632\u0621 \u0627\u0644\u0639\u0644\u0648\u064a<\/td>\n<td>\u0631\u0634 \u0627\u0644\u062c\u0632\u0621 \u0627\u0644\u0639\u0644\u0648\u064a<\/td>\n<\/tr>\n<\/tbody>\n<\/table>\n<\/div>\n<h2>\u0644\u0645\u0627\u0630\u0627 \u062a\u062a\u0645\u0627\u0634\u0649 \u0632\u062c\u0627\u062c\u0627\u062a \u0627\u0644\u0639\u0637\u0648\u0631 \u0644\u062f\u064a\u0646\u0627 \u0645\u0639 \u0623\u0647\u062f\u0627\u0641 \u0639\u0644\u0627\u0645\u062a\u0643 \u0627\u0644\u062a\u062c\u0627\u0631\u064a\u0629<\/h2>\n<ul>\n<li><!-- --><strong>\u0639\u0644\u0627\u0645\u0629 \u062a\u062c\u0627\u0631\u064a\u0629 \u0645\u062e\u0635\u0635\u0629<\/strong>: \u0642\u0645 \u0628\u062a\u062d\u0648\u064a\u0644 \u0632\u062c\u0627\u062c\u0627\u062a \u0627\u0644\u0639\u0637\u0648\u0631 \u0627\u0644\u0641\u0627\u0631\u063a\u0629 \u0625\u0644\u0649 \u0642\u0637\u0639 \u0645\u0645\u064a\u0632\u0629 \u0628\u0646\u0642\u0634 \u0627\u0644\u0634\u0639\u0627\u0631 \u0623\u0648 \u0623\u0644\u0648\u0627\u0646 \u0627\u0644\u063a\u0637\u0627\u0621 \u0627\u0644\u0645\u062e\u0635\u0635\u0629 \u0623\u0648 \u0627\u0644\u0645\u0644\u0635\u0642\u0627\u062a \u0627\u0644\u0645\u0635\u0645\u0645\u0629 \u062e\u0635\u064a\u0635\u064b\u0627.<\/li>\n<li><!-- --><strong>\u0627\u0644\u062a\u063a\u0644\u064a\u0641 \u0627\u0644\u0645\u062a\u0645\u064a\u0632<\/strong>: \u064a\u062a\u0645\u0627\u0634\u0649 \u0627\u0644\u0647\u064a\u0643\u0644 \u0627\u0644\u0632\u062c\u0627\u062c\u064a \u0648\u062a\u0635\u0645\u064a\u0645 \u0627\u0644\u0628\u062e\u0627\u062e\u0629 \u0645\u0639 \u0627\u0644\u062c\u0645\u0627\u0644\u064a\u0627\u062a \u0627\u0644\u0641\u0627\u062e\u0631\u0629\u060c \u0648\u0647\u0648 \u0645\u062b\u0627\u0644\u064a \u0644\u062e\u0637\u0648\u0637 \u0627\u0644\u0639\u0637\u0648\u0631 \u0627\u0644\u0631\u0627\u0642\u064a\u0629 \u0623\u0648 \u0639\u0637\u0648\u0631 \u0645\u0627 \u0628\u0639\u062f \u0627\u0644\u062d\u0644\u0627\u0642\u0629 \u0623\u0648 \u0627\u0644\u0643\u0648\u0644\u0648\u0646\u064a\u0627.<\/li>\n<li><!-- --><strong>\u0627\u0644\u0643\u0641\u0627\u0621\u0629 \u0627\u0644\u0633\u0627\u0626\u0628\u0629<\/strong>: \u0643\u0634\u0631\u0643\u0629 \u0645\u0635\u0646\u0639\u0629 \u0645\u0648\u062b\u0648\u0642 \u0628\u0647\u0627\u060c \u0646\u0642\u062f\u0645 \u0623\u0633\u0639\u0627\u0631\u064b\u0627 \u062a\u0646\u0627\u0641\u0633\u064a\u0629 \u0628\u0627\u0644\u062c\u0645\u0644\u0629 \u0648\u0634\u062d\u0646\u064b\u0627 \u0622\u0645\u0646\u064b\u0627 \u0644\u062f\u0639\u0645 \u062a\u062c\u0627\u0631 \u0627\u0644\u062c\u0645\u0644\u0629 \u0648\u0627\u0644\u0634\u0631\u0643\u0627\u062a \u0627\u0644\u0646\u0627\u0634\u0626\u0629.<\/li>\n<\/ul>\n<h2>\u0645\u062b\u0627\u0644\u064a\u0629 \u0644\u0640<\/h2>\n<p><!-- --><strong>\u0627\u0644\u0639\u0644\u0627\u0645\u0627\u062a \u0627\u0644\u062a\u062c\u0627\u0631\u064a\u0629 \u0627\u0644\u0641\u0627\u062e\u0631\u0629<\/strong>: \u0627\u0631\u062a\u0642\u0650 \u0628\u0640<strong>\u0627\u0644\u0639\u0637\u0631<\/strong>\u00a0\u0627\u0644\u062e\u0637 \u0645\u0639<strong>\u062a\u063a\u0644\u064a\u0641 \u0623\u0646\u064a\u0642<\/strong>\u00a0\u062a\u0639\u0643\u0633 \u0627\u0644\u062c\u0648\u062f\u0629 \u0627\u0644\u0639\u0627\u0644\u064a\u0629.<br \/>\n<strong>\u0645\u0644\u0627\u0626\u0645 \u0644\u0644\u0633\u0641\u0631:<\/strong> \u064a\u0645\u0643\u0646 \u0648\u0636\u0639 \u0627\u0644\u0632\u062c\u0627\u062c\u0629 \u0627\u0644\u0631\u0627\u0626\u0639\u0629 \u0648\u0627\u0644\u0645\u062f\u0645\u062c\u0629 \u0628\u062d\u062c\u0645 50 \u0645\u0644 \u0628\u0633\u0647\u0648\u0644\u0629 \u0641\u064a \u062d\u0642\u064a\u0628\u0629 \u064a\u062f \u0623\u0646\u064a\u0642\u0629 \u0623\u062b\u0646\u0627\u0621 \u0627\u0644\u062a\u0646\u0642\u0644.<br \/>\n<!-- --><strong>\u0627\u0644\u062a\u0633\u0645\u064a\u0627\u062a \u0627\u0644\u062e\u0627\u0635\u0629<\/strong>: \u0625\u0646\u0634\u0627\u0621<strong>\u0641\u0631\u064a\u062f\u0629 \u0645\u0646 \u0646\u0648\u0639\u0647\u0627<\/strong>\u00a0\u0639\u0644\u0627\u0645\u0629 \u062a\u062c\u0627\u0631\u064a\u0629 \u0642\u0627\u0628\u0644\u0629 \u0644\u0644\u062a\u062e\u0635\u064a\u0635<strong>\u0627\u0644\u062d\u0627\u0648\u064a\u0627\u062a<\/strong>\u00a0\u0644\u0644\u0623\u0633\u0648\u0627\u0642 \u0627\u0644\u0645\u062a\u062e\u0635\u0635\u0629.<\/p>\n<p><strong>\u0643\u0646 \u0634\u0631\u064a\u0643\u0627\u064b \u0645\u0639\u0646\u0627 \u0627\u0644\u064a\u0648\u0645<\/strong><br \/>\n\u062a\u0645\u064a\u0651\u0632 \u0641\u064a \u0635\u0646\u0627\u0639\u0629 \u0627\u0644\u0639\u0637\u0648\u0631 \u0627\u0644\u062a\u0646\u0627\u0641\u0633\u064a\u0629 \u0645\u0639<strong>\u0632\u062c\u0627\u062c\u0627\u062a \u0639\u0637\u0631 \u062c\u0645\u064a\u0644\u0629<\/strong>\u00a0\u0645\u0635\u0645\u0645\u0629 \u0644\u0625\u062b\u0627\u0631\u0629 \u0627\u0644\u0625\u0639\u062c\u0627\u0628. \u0627\u0637\u0644\u0628 \u0639\u064a\u0646\u0627\u062a \u0623\u0648 \u0646\u0627\u0642\u0634 \u0627\u0644\u0637\u0644\u0628\u0627\u062a \u0628\u0627\u0644\u062c\u0645\u0644\u0629 \u0627\u0644\u0622\u0646 \u0644\u0625\u0637\u0644\u0627\u0642 \u0627\u0644\u0639\u0646\u0627\u0646 \u0644\u0625\u0645\u0643\u0627\u0646\u0627\u062a \u0639\u0644\u0627\u0645\u062a\u0643 \u0627\u0644\u062a\u062c\u0627\u0631\u064a\u0629!<\/p>","protected":false},"excerpt":{"rendered":"<p>\u0627\u0643\u062a\u0634\u0641 \u0623\u062c\u0645\u0644 \u0632\u062c\u0627\u062c\u0627\u062a \u0627\u0644\u0639\u0637\u0648\u0631 \u0644\u0644\u0639\u0644\u0627\u0645\u0627\u062a \u0627\u0644\u062a\u062c\u0627\u0631\u064a\u0629 \u0627\u0644\u0641\u0627\u062e\u0631\u0629. \u062a\u0635\u0627\u0645\u064a\u0645 \u0632\u062c\u0627\u062c\u064a\u0629 \u0643\u0631\u064a\u0633\u062a\u0627\u0644\u064a\u0629 \u0645\u0645\u062a\u0627\u0632\u0629 \u0628\u0633\u0639\u0629 50 \u0645\u0644 \u0648100 \u0645\u0644\u060c \u0648\u0623\u063a\u0637\u064a\u0629 \u0642\u0627\u0628\u0644\u0629 \u0644\u0644\u062a\u062e\u0635\u064a\u0635\u060c \u0648\u062e\u064a\u0627\u0631\u0627\u062a \u0628\u0643\u0645\u064a\u0627\u062a \u0643\u0628\u064a\u0631\u0629.<\/p>","protected":false},"featured_media":2918,"comment_status":"open","ping_status":"closed","template":"","meta":{"_acf_changed":false,"site-sidebar-layout":"default","site-content-layout":"","ast-site-content-layout":"default","site-content-style":"default","site-sidebar-style":"default","ast-global-header-display":"","ast-banner-title-visibility":"","ast-main-header-display":"","ast-hfb-above-header-display":"","ast-hfb-below-header-display":"","ast-hfb-mobile-header-display":"","site-post-title":"","ast-breadcrumbs-content":"","ast-featured-img":"","footer-sml-layout":"","ast-disable-related-posts":"","theme-transparent-header-meta":"default","adv-header-id-meta":"","stick-header-meta":"","header-above-stick-meta":"","header-main-stick-meta":"","header-below-stick-meta":"","astra-migrate-meta-layouts":"set","ast-page-background-enabled":"default","ast-page-background-meta":{"desktop":{"background-color":"var(--ast-global-color-5)","background-image":"","background-repeat":"repeat","background-position":"center center","background-size":"auto","background-attachment":"scroll","background-type":"","background-media":"","overlay-type":"","overlay-color":"","overlay-opacity":"","overlay-gradient":""},"tablet":{"background-color":"","background-image":"","background-repeat":"repeat","background-position":"center center","background-size":"auto","background-attachment":"scroll","background-type":"","background-media":"","overlay-type":"","overlay-color":"","overlay-opacity":"","overlay-gradient":""},"mobile":{"background-color":"","background-image":"","background-repeat":"repeat","background-position":"center center","background-size":"auto","background-attachment":"scroll","background-type":"","background-media":"","overlay-type":"","overlay-color":"","overlay-opacity":"","overlay-gradient":""}},"ast-content-background-meta":{"desktop":{"background-color":"var(--ast-global-color-4)","background-image":"","background-repeat":"repeat","background-position":"center center","background-size":"auto","background-attachment":"scroll","background-type":"","background-media":"","overlay-type":"","overlay-color":"","overlay-opacity":"","overlay-gradient":""},"tablet":{"background-color":"var(--ast-global-color-4)","background-image":"","background-repeat":"repeat","background-position":"center center","background-size":"auto","background-attachment":"scroll","background-type":"","background-media":"","overlay-type":"","overlay-color":"","overlay-opacity":"","overlay-gradient":""},"mobile":{"background-color":"var(--ast-global-color-4)","background-image":"","background-repeat":"repeat","background-position":"center center","background-size":"auto","background-attachment":"scroll","background-type":"","background-media":"","overlay-type":"","overlay-color":"","overlay-opacity":"","overlay-gradient":""}}},"product_brand":[],"product_cat":[72,41],"product_tag":[],"class_list":{"0":"post-2915","1":"product","2":"type-product","3":"status-publish","4":"has-post-thumbnail","6":"product_cat-cosmetic-packaging","7":"product_cat-perfume-bottles","8":"desktop-align-left","9":"tablet-align-left","10":"mobile-align-left","12":"first","13":"instock","14":"shipping-taxable","15":"product-type-simple"},"acf":[],"jetpack_sharing_enabled":true,"_links":{"self":[{"href":"https:\/\/theperfumebottles.com\/ar\/wp-json\/wp\/v2\/product\/2915","targetHints":{"allow":["GET"]}}],"collection":[{"href":"https:\/\/theperfumebottles.com\/ar\/wp-json\/wp\/v2\/product"}],"about":[{"href":"https:\/\/theperfumebottles.com\/ar\/wp-json\/wp\/v2\/types\/product"}],"replies":[{"embeddable":true,"href":"https:\/\/theperfumebottles.com\/ar\/wp-json\/wp\/v2\/comments?post=2915"}],"wp:featuredmedia":[{"embeddable":true,"href":"https:\/\/theperfumebottles.com\/ar\/wp-json\/wp\/v2\/media\/2918"}],"wp:attachment":[{"href":"https:\/\/theperfumebottles.com\/ar\/wp-json\/wp\/v2\/media?parent=2915"}],"wp:term":[{"taxonomy":"product_brand","embeddable":true,"href":"https:\/\/theperfumebottles.com\/ar\/wp-json\/wp\/v2\/product_brand?post=2915"},{"taxonomy":"product_cat","embeddable":true,"href":"https:\/\/theperfumebottles.com\/ar\/wp-json\/wp\/v2\/product_cat?post=2915"},{"taxonomy":"product_tag","embeddable":true,"href":"https:\/\/theperfumebottles.com\/ar\/wp-json\/wp\/v2\/product_tag?post=2915"}],"curies":[{"name":"wp","href":"https:\/\/api.w.org\/{rel}","templated":true}]}}