{"id":2928,"date":"2025-03-27T06:17:19","date_gmt":"2025-03-27T06:17:19","guid":{"rendered":"https:\/\/theperfumebottles.com\/?post_type=product&#038;p=2928"},"modified":"2026-01-06T14:12:06","modified_gmt":"2026-01-06T06:12:06","slug":"luxury-crystal-perfume-bottles-with-marble-caps-30ml-50ml-100ml","status":"publish","type":"product","link":"https:\/\/theperfumebottles.com\/ar\/product\/luxury-crystal-perfume-bottles-with-marble-caps-30ml-50ml-100ml\/","title":{"rendered":"\u0632\u062c\u0627\u062c\u0627\u062a \u0639\u0637\u0631 \u0643\u0631\u064a\u0633\u062a\u0627\u0644\u064a\u0629 \u0641\u0627\u062e\u0631\u0629 \u0628\u0623\u063a\u0637\u064a\u0629 \u0631\u062e\u0627\u0645\u064a\u0629 | 30 \u0645\u0644\/50 \u0645\u0644\/100 \u0645\u0644"},"content":{"rendered":"<h2>\u0633\u0644\u0633\u0644\u0629 \u0645\u0627\u0631\u0628\u0644 \u0633\u0641\u064a\u0631: \u0632\u062c\u0627\u062c\u0627\u062a \u0639\u0637\u0648\u0631 \u0641\u0627\u062e\u0631\u0629 \u0645\u0646 \u0627\u0644\u0643\u0631\u064a\u0633\u062a\u0627\u0644 \u0644\u0639\u0644\u0627\u0645\u0629 \u062a\u062c\u0627\u0631\u064a\u0629 \u0641\u0627\u062e\u0631\u0629 \u0644\u0644\u0639\u0637\u0648\u0631<\/h2>\n<p>\u0627\u0631\u062a\u0642\u0650 \u0628\u062e\u0637 \u0639\u0637\u0631\u0643 \u0645\u0639 \u0633\u0644\u0633\u0644\u0629 \u0645\u0627\u0631\u0628\u0644 \u0633\u0641\u064a\u0631 Marble Sphere\u060c \u0648\u0647\u064a \u0645\u062c\u0645\u0648\u0639\u0629 \u0645\u0646 \u0623\u0641\u0636\u0644 \u0632\u062c\u0627\u062c\u0627\u062a \u0627\u0644\u0639\u0637\u0648\u0631 \u0627\u0644\u062a\u064a \u062a\u062c\u0645\u0639 \u0628\u064a\u0646 \u0627\u0644\u062f\u0642\u0629 \u0627\u0644\u0647\u0646\u062f\u0633\u064a\u0629 \u0648\u0627\u0644\u0623\u0646\u0627\u0642\u0629 \u0627\u0644\u0641\u0646\u064a\u0629. \u0635\u064f\u0645\u0645\u062a \u0632\u062c\u0627\u062c\u0627\u062a \u0627\u0644\u0639\u0637\u0648\u0631 \u0627\u0644\u0643\u0631\u064a\u0633\u062a\u0627\u0644\u064a\u0629 \u0647\u0630\u0647 \u0644\u0644\u0639\u0644\u0627\u0645\u0627\u062a \u0627\u0644\u062a\u062c\u0627\u0631\u064a\u0629 \u0627\u0644\u0645\u0645\u064a\u0632\u0629 \u0627\u0644\u062a\u064a \u062a\u0628\u062d\u062b \u0639\u0646 \u062d\u0644\u0648\u0644 \u062a\u063a\u0644\u064a\u0641 \u0641\u0631\u064a\u062f\u0629 \u0645\u0646 \u0646\u0648\u0639\u0647\u0627\u060c \u0648\u062a\u062c\u0645\u0639 \u0628\u064a\u0646 \u0627\u0644\u0623\u0646\u0627\u0642\u0629 \u0627\u0644\u0628\u0633\u064a\u0637\u0629 \u0648\u0639\u0646\u0627\u0635\u0631 \u0627\u0644\u062a\u0635\u0645\u064a\u0645 \u0627\u0644\u062c\u0631\u064a\u0626\u0629 \u0644\u062a\u0623\u0633\u0631 \u0627\u0644\u0645\u0633\u062a\u0647\u0644\u0643\u064a\u0646.<\/p>\n<table style=\"border-collapse: collapse;margin-left: auto;margin-right: auto;width: 162.03pt\" border=\"0\" width=\"216\" cellspacing=\"0\" cellpadding=\"0\">\n<tbody>\n<tr style=\"height: 13.50pt\">\n<td style=\"height: 13.50pt;width: 54.00pt\" width=\"72\" height=\"18\">\n<p><figure id=\"attachment_2932\" aria-describedby=\"caption-attachment-2932\" style=\"width: 300px\" class=\"wp-caption aligncenter\"><img fetchpriority=\"high\" decoding=\"async\" class=\"size-medium wp-image-2932\" src=\"https:\/\/theperfumebottles.com\/wp-content\/uploads\/2025\/03\/perfume-bottles-GK0501-300x300.webp\" alt=\"Luxury Crystal Perfume Bottles with Marble Caps\" width=\"300\" height=\"300\" srcset=\"https:\/\/theperfumebottles.com\/wp-content\/uploads\/2025\/03\/perfume-bottles-GK0501-300x300.webp 300w, https:\/\/theperfumebottles.com\/wp-content\/uploads\/2025\/03\/perfume-bottles-GK0501-150x150.webp 150w, https:\/\/theperfumebottles.com\/wp-content\/uploads\/2025\/03\/perfume-bottles-GK0501-768x768.webp 768w, https:\/\/theperfumebottles.com\/wp-content\/uploads\/2025\/03\/perfume-bottles-GK0501-12x12.webp 12w, https:\/\/theperfumebottles.com\/wp-content\/uploads\/2025\/03\/perfume-bottles-GK0501-600x600.webp 600w, https:\/\/theperfumebottles.com\/wp-content\/uploads\/2025\/03\/perfume-bottles-GK0501-100x100.webp 100w, https:\/\/theperfumebottles.com\/wp-content\/uploads\/2025\/03\/perfume-bottles-GK0501.webp 1000w\" sizes=\"(max-width: 300px) 100vw, 300px\" \/><figcaption id=\"caption-attachment-2932\" class=\"wp-caption-text\">30 \u0645\u0644\/\u0628\u064a \u0628\u064a \u062c\u064a \u0643\u064a\u0647 \u0643\u064a\u0647 0501<\/figcaption><\/figure><\/td>\n<td style=\"width: 54.00pt\" width=\"72\">\n<p><figure id=\"attachment_2933\" aria-describedby=\"caption-attachment-2933\" style=\"width: 300px\" class=\"wp-caption aligncenter\"><img decoding=\"async\" class=\"size-medium wp-image-2933\" src=\"https:\/\/theperfumebottles.com\/wp-content\/uploads\/2025\/03\/perfume-bottles-GK0502-300x300.webp\" alt=\"Luxury Crystal Perfume Bottles with Marble Caps\" width=\"300\" height=\"300\" srcset=\"https:\/\/theperfumebottles.com\/wp-content\/uploads\/2025\/03\/perfume-bottles-GK0502-300x300.webp 300w, https:\/\/theperfumebottles.com\/wp-content\/uploads\/2025\/03\/perfume-bottles-GK0502-150x150.webp 150w, https:\/\/theperfumebottles.com\/wp-content\/uploads\/2025\/03\/perfume-bottles-GK0502-768x768.webp 768w, https:\/\/theperfumebottles.com\/wp-content\/uploads\/2025\/03\/perfume-bottles-GK0502-12x12.webp 12w, https:\/\/theperfumebottles.com\/wp-content\/uploads\/2025\/03\/perfume-bottles-GK0502-600x600.webp 600w, https:\/\/theperfumebottles.com\/wp-content\/uploads\/2025\/03\/perfume-bottles-GK0502-100x100.webp 100w, https:\/\/theperfumebottles.com\/wp-content\/uploads\/2025\/03\/perfume-bottles-GK0502.webp 1000w\" sizes=\"(max-width: 300px) 100vw, 300px\" \/><figcaption id=\"caption-attachment-2933\" class=\"wp-caption-text\">50 \u0645\u0644\/\u0628\u064a \u0628\u064a \u062c\u064a \u0643\u064a\u0647 \u0643\u064a\u0647 0502<\/figcaption><\/figure><\/td>\n<td style=\"width: 54.00pt\" width=\"72\">\n<p><figure id=\"attachment_2934\" aria-describedby=\"caption-attachment-2934\" style=\"width: 300px\" class=\"wp-caption aligncenter\"><img decoding=\"async\" class=\"size-medium wp-image-2934\" src=\"https:\/\/theperfumebottles.com\/wp-content\/uploads\/2025\/03\/perfume-bottles-GK0503-300x300.webp\" alt=\"Luxury Crystal Perfume Bottles with Marble Caps\" width=\"300\" height=\"300\" srcset=\"https:\/\/theperfumebottles.com\/wp-content\/uploads\/2025\/03\/perfume-bottles-GK0503-300x300.webp 300w, https:\/\/theperfumebottles.com\/wp-content\/uploads\/2025\/03\/perfume-bottles-GK0503-150x150.webp 150w, https:\/\/theperfumebottles.com\/wp-content\/uploads\/2025\/03\/perfume-bottles-GK0503-768x768.webp 768w, https:\/\/theperfumebottles.com\/wp-content\/uploads\/2025\/03\/perfume-bottles-GK0503-12x12.webp 12w, https:\/\/theperfumebottles.com\/wp-content\/uploads\/2025\/03\/perfume-bottles-GK0503-600x600.webp 600w, https:\/\/theperfumebottles.com\/wp-content\/uploads\/2025\/03\/perfume-bottles-GK0503-100x100.webp 100w, https:\/\/theperfumebottles.com\/wp-content\/uploads\/2025\/03\/perfume-bottles-GK0503.webp 1000w\" sizes=\"(max-width: 300px) 100vw, 300px\" \/><figcaption id=\"caption-attachment-2934\" class=\"wp-caption-text\">100 \u0645\u0644\/\u0628\u064a \u0628\u064a \u062c\u064a \u0643\u064a\u0647 \u0643\u064a\u0647 0503<\/figcaption><\/figure><\/td>\n<\/tr>\n<\/tbody>\n<\/table>\n<h2>\u0627\u0644\u0645\u0648\u0627\u0635\u0641\u0627\u062a \u0627\u0644\u0631\u0626\u064a\u0633\u064a\u0629<\/h2>\n<div class=\"hyc-common-markdown__table-wrapper\">\n<table>\n<thead>\n<tr>\n<th>\u0646\u0645\u0648\u0630\u062c<\/th>\n<th>\u0633\u0639\u0629<\/th>\n<th>\u0623\u0628\u0639\u0627\u062f<\/th>\n<th>\u0645\u0627\u062f\u0629<\/th>\n<th>\u0646\u0648\u0639 \u0627\u0644\u062e\u062a\u0645<\/th>\n<\/tr>\n<\/thead>\n<tbody>\n<tr>\n<td>PB-GK0501<\/td>\n<td>30 \u0645\u0644<\/td>\n<td>\u0639\u064a\u0627\u0631 37\u00d737\u00d776 \u0645\u0644\u0645\u060c \u0639\u064a\u0627\u0631 15 \u0645\u0644\u0645<\/td>\n<td>\u0632\u062c\u0627\u062c \u0627\u0644\u0643\u0631\u064a\u0633\u062a\u0627\u0644<\/td>\n<td>\u0631\u0634 \u0627\u0644\u062c\u0632\u0621 \u0627\u0644\u0639\u0644\u0648\u064a<\/td>\n<\/tr>\n<tr>\n<td>PB-GK0502<\/td>\n<td>50 \u0645\u0644<\/td>\n<td>41\u00d741\u00d741\u00d785 \u0645\u0645\u060c \u0639\u064a\u0627\u0631 15 \u0645\u0645<\/td>\n<td>\u0632\u062c\u0627\u062c \u0627\u0644\u0643\u0631\u064a\u0633\u062a\u0627\u0644<\/td>\n<td>\u0631\u0634 \u0627\u0644\u062c\u0632\u0621 \u0627\u0644\u0639\u0644\u0648\u064a<\/td>\n<\/tr>\n<tr>\n<td>PB-GK0503<\/td>\n<td>100 \u0645\u0644<\/td>\n<td>52 \u00d7 52 \u00d7 130 \u0645\u0645\u060c \u0639\u064a\u0627\u0631 15 \u0645\u0645<\/td>\n<td>\u0632\u062c\u0627\u062c \u0627\u0644\u0643\u0631\u064a\u0633\u062a\u0627\u0644<\/td>\n<td>\u0631\u0634 \u0627\u0644\u062c\u0632\u0621 \u0627\u0644\u0639\u0644\u0648\u064a<\/td>\n<\/tr>\n<\/tbody>\n<\/table>\n<\/div>\n<h2>\u0644\u0645\u0627\u0630\u0627 \u062a\u062e\u062a\u0627\u0631 \u0633\u0644\u0633\u0644\u0629 \u0645\u0627\u0631\u0628\u0644 \u0633\u0641\u064a\u0631\u061f<\/h2>\n<h3>\u0644\u0623\u0635\u062d\u0627\u0628 \u0627\u0644\u0639\u0644\u0627\u0645\u0627\u062a \u0627\u0644\u062a\u062c\u0627\u0631\u064a\u0629 \u0648\u0627\u0644\u062a\u062c\u0627\u0631<\/h3>\n<p>\u062a\u0645 \u062a\u0635\u0645\u064a\u0645 \u0632\u062c\u0627\u062c\u0627\u062a \u0627\u0644\u0639\u0637\u0648\u0631 \u0627\u0644\u0641\u0627\u0631\u063a\u0629 \u0647\u0630\u0647 \u0644\u062a\u0644\u0628\u064a\u0629 \u0645\u062a\u0637\u0644\u0628\u0627\u062a \u0634\u0631\u0643\u0627\u0621 \u0627\u0644\u0645\u0635\u0646\u0639\u064a\u0646 \u0628\u0627\u0644\u062c\u0645\u0644\u0629 \u0648\u0627\u0644\u0639\u0644\u0627\u0645\u0627\u062a \u0627\u0644\u062a\u062c\u0627\u0631\u064a\u0629 \u0627\u0644\u0645\u062a\u062e\u0635\u0635\u0629. \u062a\u0636\u0645\u0646 \u0627\u0644\u0628\u062e\u0627\u062e\u0629 \u0627\u0644\u062a\u064a \u064a\u0628\u0644\u063a \u0639\u0631\u0636\u0647\u0627 15 \u0645\u0645 \u062a\u0648\u0632\u064a\u0639\u064b\u0627 \u0633\u0644\u0633\u064b\u0627 \u0644\u0644\u0639\u0637\u0631\u060c \u0628\u064a\u0646\u0645\u0627 \u064a\u062f\u0639\u0645 \u0627\u0644\u062a\u0635\u0645\u064a\u0645 \u0627\u0644\u0645\u0639\u064a\u0627\u0631\u064a \u0625\u062c\u0631\u0627\u0621 \u062a\u0639\u062f\u064a\u0644\u0627\u062a \u0645\u062e\u0635\u0635\u0629:<\/p>\n<ul>\n<li><!-- --><strong>\u0634\u0643\u0644 \u0627\u0644\u0632\u062c\u0627\u062c\u0629<\/strong>: \u0636\u0628\u0637 \u0646\u0645\u0637 \u0627\u0644\u0643\u062a\u0641 \u0623\u0648 \u062a\u0634\u0637\u064a\u0628 \u0627\u0644\u0631\u0642\u0628\u0629 \u0623\u0648 \u0633\u0645\u0643 \u0627\u0644\u0642\u0627\u0639\u062f\u0629.<\/li>\n<li><!-- --><strong>\u0627\u0644\u0645\u0639\u0627\u0644\u062c\u0627\u062a \u0627\u0644\u0633\u0637\u062d\u064a\u0629<\/strong>: \u0627\u062e\u062a\u0631 \u0627\u0644\u0642\u0648\u0627\u0645 \u0627\u0644\u0645\u062a\u062c\u0645\u062f \u0623\u0648 \u0627\u0644\u0623\u0644\u0648\u0627\u0646 \u0627\u0644\u0645\u062a\u062f\u0631\u062c\u0629 \u0623\u0648 \u0627\u0644\u0637\u0628\u0627\u0639\u0629 \u0627\u0644\u062d\u0631\u064a\u0631\u064a\u0629.<\/li>\n<li><!-- --><strong>\u062a\u062e\u0635\u064a\u0635 \u0627\u0644\u063a\u0637\u0627\u0621<\/strong>: \u0627\u0644\u0644\u0645\u0633\u0627\u062a \u0627\u0644\u0646\u0647\u0627\u0626\u064a\u0629 \u063a\u064a\u0631 \u0627\u0644\u0644\u0627\u0645\u0639\u0629\/\u0627\u0644\u0645\u0635\u0642\u0648\u0644\u0629 \u0623\u0648 \u0627\u0644\u062f\u0648\u0627\u0645\u0629 \u0627\u0644\u0645\u062e\u0635\u0635\u0629 \u0623\u0648 \u0627\u0644\u0646\u0642\u0648\u0634 \u0630\u0627\u062a \u0627\u0644\u0639\u0644\u0627\u0645\u0627\u062a \u0627\u0644\u062a\u062c\u0627\u0631\u064a\u0629.<\/li>\n<\/ul>\n<h3>\u062a\u0637\u0628\u064a\u0642\u0627\u062a \u0645\u062a\u0639\u062f\u062f\u0629 \u0627\u0644\u0627\u0633\u062a\u062e\u062f\u0627\u0645\u0627\u062a<\/h3>\n<p>\u0645\u062b\u0627\u0644\u064a\u0629 \u0644\u062a\u0639\u0628\u0626\u0629 \u0627\u0644\u0639\u0637\u0648\u0631 \u0627\u0644\u0641\u0627\u062e\u0631\u0629 \u0623\u0648 \u0627\u0644\u0643\u0648\u0644\u0648\u0646\u064a\u0627 \u0645\u062d\u062f\u0648\u062f\u0629 \u0627\u0644\u0625\u0635\u062f\u0627\u0631 \u0623\u0648 \u0639\u064a\u0646\u0627\u062a \u0627\u0644\u0639\u0637\u0648\u0631 \u0627\u0644\u062d\u0631\u0641\u064a\u0629. \u062a\u0636\u0645\u0646 \u0623\u0646\u0627\u0642\u0629 \u0627\u0644\u0632\u062c\u0627\u062c \u0627\u0644\u0643\u0631\u064a\u0633\u062a\u0627\u0644\u064a \u0627\u0644\u0645\u0642\u062a\u0631\u0646 \u0628\u0623\u063a\u0637\u064a\u0629 \u0645\u0633\u062a\u0648\u062d\u0627\u0629 \u0645\u0646 \u0627\u0644\u0631\u062e\u0627\u0645 \u0623\u0646 \u064a\u0628\u0631\u0632 \u0645\u0646\u062a\u062c\u0643 \u0639\u0644\u0649 \u0627\u0644\u0631\u0641\u0648\u0641 \u0648\u0641\u064a \u0627\u0644\u0645\u062c\u0645\u0648\u0639\u0627\u062a \u0627\u0644\u0634\u062e\u0635\u064a\u0629.<\/p>\n<h2>\u0627\u0631\u062a\u0642\u0650 \u0628\u0639\u0644\u0627\u0645\u062a\u0643 \u0627\u0644\u062a\u062c\u0627\u0631\u064a\u0629 \u0628\u062d\u0631\u0641\u064a\u0629 \u0644\u0627 \u0645\u062b\u064a\u0644 \u0644\u0647\u0627<\/h2>\n<p>\u0633\u0644\u0633\u0644\u0629 \u0645\u0627\u0631\u0628\u0644 \u0633\u0641\u064a\u0631 \u0644\u064a\u0633\u062a \u0645\u062c\u0631\u062f \u062d\u0627\u0648\u064a\u0627\u062a - \u0628\u0644 \u0647\u064a \u0639\u0628\u0627\u0631\u0629 \u0639\u0646 \u0633\u0631\u062f \u0627\u0644\u0642\u0635\u0635. \u062a\u0639\u0643\u0633 \u0643\u0644 \u0632\u062c\u0627\u062c\u0629 \u062a\u0646\u0627\u063a\u0645\u064b\u0627 \u0628\u064a\u0646 \u0627\u0644\u0647\u0646\u062f\u0633\u0629 \u0627\u0644\u062d\u062f\u064a\u062b\u0629 \u0648\u0627\u0644\u0641\u0646 \u0627\u0644\u062e\u0627\u0644\u062f\u060c \u0645\u0645\u0627 \u064a\u062c\u0639\u0644\u0647\u0627 \u0636\u0631\u0648\u0631\u064a\u0629 \u0644\u0644\u0639\u0644\u0627\u0645\u0627\u062a \u0627\u0644\u062a\u062c\u0627\u0631\u064a\u0629 \u0627\u0644\u062a\u064a \u062a\u0639\u0637\u064a \u0627\u0644\u0623\u0648\u0644\u0648\u064a\u0629 \u0644\u0644\u062a\u0645\u064a\u0632 \u0641\u064a \u0627\u0644\u0639\u0644\u0627\u0645\u0629 \u0627\u0644\u062a\u062c\u0627\u0631\u064a\u0629.<\/p>\n<p><strong>\u0627\u0644\u0637\u0644\u0628 \u0628\u0627\u0644\u062c\u0645\u0644\u0629 \u0648\u0639\u0631\u0648\u0636 \u0627\u0644\u0623\u0633\u0639\u0627\u0631 \u0627\u0644\u0645\u062e\u0635\u0635\u0629 \u0645\u062a\u0627\u062d\u0629<\/strong><br \/>\n\u0627\u062a\u0635\u0644 \u0628\u0646\u0627 \u0627\u0644\u064a\u0648\u0645 \u0644\u062a\u062d\u0648\u064a\u0644 \u0642\u0648\u0627\u0631\u064a\u0631\u0643 \u0627\u0644\u0632\u062c\u0627\u062c\u064a\u0629 \u0627\u0644\u0641\u0627\u0631\u063a\u0629 \u0625\u0644\u0649 \u0623\u0635\u0648\u0644 \u0641\u0627\u062e\u0631\u0629 \u062a\u062d\u0645\u0644 \u0639\u0644\u0627\u0645\u062a\u0643 \u0627\u0644\u062a\u062c\u0627\u0631\u064a\u0629!<\/p>","protected":false},"excerpt":{"rendered":"<p>\u0627\u0643\u062a\u0634\u0641 \u0632\u062c\u0627\u062c\u0627\u062a \u0627\u0644\u0639\u0637\u0648\u0631 \u0627\u0644\u0643\u0631\u064a\u0633\u062a\u0627\u0644\u064a\u0629 \u0630\u0627\u062a \u0627\u0644\u0623\u063a\u0637\u064a\u0629 \u0627\u0644\u0631\u062e\u0627\u0645\u064a\u0629 \u0627\u0644\u0641\u0646\u064a\u0629. \u0645\u062b\u0627\u0644\u064a\u0629 \u0644\u0644\u0639\u0644\u0627\u0645\u0627\u062a \u0627\u0644\u062a\u062c\u0627\u0631\u064a\u0629 \u0644\u0644\u0639\u0637\u0648\u0631 \u0627\u0644\u0641\u0627\u062e\u0631\u0629. \u062a\u062e\u0635\u064a\u0635 \u0628\u0627\u0644\u062c\u0645\u0644\u0629\u060c 3 \u0623\u062d\u062c\u0627\u0645\u060c \u0648\u062d\u0644\u0648\u0644 \u0623\u0646\u064a\u0642\u0629 \u0644\u0644\u0639\u0644\u0627\u0645\u0627\u062a \u0627\u0644\u062a\u062c\u0627\u0631\u064a\u0629.<\/p>","protected":false},"featured_media":2934,"comment_status":"open","ping_status":"closed","template":"","meta":{"_acf_changed":false,"site-sidebar-layout":"default","site-content-layout":"","ast-site-content-layout":"default","site-content-style":"default","site-sidebar-style":"default","ast-global-header-display":"","ast-banner-title-visibility":"","ast-main-header-display":"","ast-hfb-above-header-display":"","ast-hfb-below-header-display":"","ast-hfb-mobile-header-display":"","site-post-title":"","ast-breadcrumbs-content":"","ast-featured-img":"","footer-sml-layout":"","ast-disable-related-posts":"","theme-transparent-header-meta":"default","adv-header-id-meta":"","stick-header-meta":"","header-above-stick-meta":"","header-main-stick-meta":"","header-below-stick-meta":"","astra-migrate-meta-layouts":"set","ast-page-background-enabled":"default","ast-page-background-meta":{"desktop":{"background-color":"var(--ast-global-color-5)","background-image":"","background-repeat":"repeat","background-position":"center center","background-size":"auto","background-attachment":"scroll","background-type":"","background-media":"","overlay-type":"","overlay-color":"","overlay-opacity":"","overlay-gradient":""},"tablet":{"background-color":"","background-image":"","background-repeat":"repeat","background-position":"center center","background-size":"auto","background-attachment":"scroll","background-type":"","background-media":"","overlay-type":"","overlay-color":"","overlay-opacity":"","overlay-gradient":""},"mobile":{"background-color":"","background-image":"","background-repeat":"repeat","background-position":"center center","background-size":"auto","background-attachment":"scroll","background-type":"","background-media":"","overlay-type":"","overlay-color":"","overlay-opacity":"","overlay-gradient":""}},"ast-content-background-meta":{"desktop":{"background-color":"var(--ast-global-color-4)","background-image":"","background-repeat":"repeat","background-position":"center center","background-size":"auto","background-attachment":"scroll","background-type":"","background-media":"","overlay-type":"","overlay-color":"","overlay-opacity":"","overlay-gradient":""},"tablet":{"background-color":"var(--ast-global-color-4)","background-image":"","background-repeat":"repeat","background-position":"center center","background-size":"auto","background-attachment":"scroll","background-type":"","background-media":"","overlay-type":"","overlay-color":"","overlay-opacity":"","overlay-gradient":""},"mobile":{"background-color":"var(--ast-global-color-4)","background-image":"","background-repeat":"repeat","background-position":"center center","background-size":"auto","background-attachment":"scroll","background-type":"","background-media":"","overlay-type":"","overlay-color":"","overlay-opacity":"","overlay-gradient":""}}},"product_brand":[],"product_cat":[72,91,41],"product_tag":[],"class_list":{"0":"post-2928","1":"product","2":"type-product","3":"status-publish","4":"has-post-thumbnail","6":"product_cat-cosmetic-packaging","7":"product_cat-custom-perfume-bottles","8":"product_cat-perfume-bottles","9":"desktop-align-left","10":"tablet-align-left","11":"mobile-align-left","13":"first","14":"instock","15":"shipping-taxable","16":"product-type-simple"},"acf":[],"jetpack_sharing_enabled":true,"_links":{"self":[{"href":"https:\/\/theperfumebottles.com\/ar\/wp-json\/wp\/v2\/product\/2928","targetHints":{"allow":["GET"]}}],"collection":[{"href":"https:\/\/theperfumebottles.com\/ar\/wp-json\/wp\/v2\/product"}],"about":[{"href":"https:\/\/theperfumebottles.com\/ar\/wp-json\/wp\/v2\/types\/product"}],"replies":[{"embeddable":true,"href":"https:\/\/theperfumebottles.com\/ar\/wp-json\/wp\/v2\/comments?post=2928"}],"wp:featuredmedia":[{"embeddable":true,"href":"https:\/\/theperfumebottles.com\/ar\/wp-json\/wp\/v2\/media\/2934"}],"wp:attachment":[{"href":"https:\/\/theperfumebottles.com\/ar\/wp-json\/wp\/v2\/media?parent=2928"}],"wp:term":[{"taxonomy":"product_brand","embeddable":true,"href":"https:\/\/theperfumebottles.com\/ar\/wp-json\/wp\/v2\/product_brand?post=2928"},{"taxonomy":"product_cat","embeddable":true,"href":"https:\/\/theperfumebottles.com\/ar\/wp-json\/wp\/v2\/product_cat?post=2928"},{"taxonomy":"product_tag","embeddable":true,"href":"https:\/\/theperfumebottles.com\/ar\/wp-json\/wp\/v2\/product_tag?post=2928"}],"curies":[{"name":"wp","href":"https:\/\/api.w.org\/{rel}","templated":true}]}}