{"id":2963,"date":"2025-04-03T06:36:47","date_gmt":"2025-04-03T06:36:47","guid":{"rendered":"https:\/\/theperfumebottles.com\/?post_type=product&#038;p=2963"},"modified":"2025-05-30T10:52:58","modified_gmt":"2025-05-30T02:52:58","slug":"empty-refillable-perfume-bottles-leakproof-glass-perfume-refillable-bottles","status":"publish","type":"product","link":"https:\/\/theperfumebottles.com\/ar\/product\/empty-refillable-perfume-bottles-leakproof-glass-perfume-refillable-bottles\/","title":{"rendered":"\u0632\u062c\u0627\u062c\u0627\u062a \u0639\u0637\u0631 \u0632\u062c\u0627\u062c\u064a\u0629 \u0641\u0627\u0631\u063a\u0629 \u0642\u0627\u0628\u0644\u0629 \u0644\u0625\u0639\u0627\u062f\u0629 \u0627\u0644\u062a\u0639\u0628\u0626\u0629 \u0628\u0633\u0639\u0629 2 \u0645\u0644 \u06483 \u0645\u0644 \u06485 \u0645\u0644 \u064810 \u0645\u0644"},"content":{"rendered":"<p>\u0646\u0635\u0646\u0639 \u0632\u062c\u0627\u062c\u0627\u062a \u0623\u0646\u064a\u0642\u0629 \u0648\u0639\u0645\u0644\u064a\u0629 \u0648\u0635\u062f\u064a\u0642\u0629 \u0644\u0644\u0628\u064a\u0626\u0629 \u0642\u0627\u0628\u0644\u0629 \u0644\u0625\u0639\u0627\u062f\u0629 \u0627\u0644\u062a\u0639\u0628\u0626\u0629 \u0644\u0644\u0639\u0644\u0627\u0645\u0627\u062a \u0627\u0644\u062a\u062c\u0627\u0631\u064a\u0629 \u0627\u0644\u0645\u0644\u062a\u0632\u0645\u0629 \u0628\u0627\u0644\u0627\u0633\u062a\u062f\u0627\u0645\u0629. \u0633\u0648\u0627\u0621 \u0643\u0627\u0646\u062a \u0632\u062c\u0627\u062c\u0629 \u0639\u0637\u0631 \u0632\u062c\u0627\u062c\u064a\u0629 \u0628\u062d\u062c\u0645 \u0645\u0646\u0627\u0633\u0628 \u0644\u0644\u0633\u0641\u0631\u060c \u0623\u0648 \u062d\u062c\u0645 \u062a\u062c\u0631\u064a\u0628\u064a \u0623\u0648 \u0646\u0633\u062e\u0629 \u0630\u0627\u062a \u0639\u0644\u0627\u0645\u0629 \u062a\u062c\u0627\u0631\u064a\u0629 \u0645\u0634\u062a\u0631\u0643\u0629\u060c \u0633\u062a\u062c\u0639\u0644 \u0632\u062c\u0627\u062c\u0629 \u0627\u0644\u0639\u0637\u0631 \u0627\u0644\u0632\u062c\u0627\u062c\u064a\u0629 \u0647\u0630\u0647 \u0639\u0637\u0631\u0643 \u064a\u062a\u0623\u0644\u0642 \u0645\u0639 \u062d\u0645\u0627\u064a\u0629 \u0627\u0644\u0643\u0648\u0643\u0628.<\/p>\n<h2>\u0627\u0644\u0645\u0648\u0627\u0635\u0641\u0627\u062a \u0627\u0644\u0641\u0646\u064a\u0629<\/h2>\n<div class=\"hyc-common-markdown__table-wrapper\">\n<table>\n<thead>\n<tr>\n<th>\u0633\u0639\u0629<\/th>\n<th>\u0627\u0631\u062a\u0641\u0627\u0639 \u0627\u0644\u0632\u062c\u0627\u062c\u0629<\/th>\n<th>\u0627\u0644\u0642\u0637\u0631 \u0627\u0644\u062f\u0627\u062e\u0644\u064a<\/th>\n<th>\u0643\u0645\u064a\u0629 \u0627\u0644\u062a\u0639\u0628\u0626\u0629<\/th>\n<th>\u062d\u062c\u0645 \u0627\u0644\u0643\u0631\u062a\u0648\u0646 (\u0633\u0645)<\/th>\n<\/tr>\n<\/thead>\n<tbody>\n<tr>\n<td>2 \u0645\u0644<\/td>\n<td>30 \u0645\u0645<\/td>\n<td>6.5 \u0645\u0644\u0645<\/td>\n<td>4,830<\/td>\n<td>45.5 \u00d7 29 \u00d7 45.5 \u00d7 29 \u00d7 29<\/td>\n<\/tr>\n<tr>\n<td>3 \u0645\u0644<\/td>\n<td>40 \u0645\u0645<\/td>\n<td>6.5 \u0645\u0644\u0645<\/td>\n<td>3,450<\/td>\n<td>45.5 \u00d7 29 \u00d7 45.5 \u00d7 29 \u00d7 29<\/td>\n<\/tr>\n<tr>\n<td>5 \u0645\u0644<\/td>\n<td>55 \u0645\u0645<\/td>\n<td>6.5 \u0645\u0644\u0645<\/td>\n<td>2,760<\/td>\n<td>45.5 \u00d7 29 \u00d7 45.5 \u00d7 29 \u00d7 29<\/td>\n<\/tr>\n<tr>\n<td>10 \u0645\u0644<\/td>\n<td>100 \u0645\u0645<\/td>\n<td>6.5 \u0645\u0644\u0645<\/td>\n<td>2,277<\/td>\n<td>49 \u00d7 30 \u00d7 33.5 \u00d7 30 \u00d7 33.5<\/td>\n<\/tr>\n<\/tbody>\n<\/table>\n<\/div>\n<h2>\u0644\u0645\u0627\u0630\u0627 \u062a\u062e\u062a\u0627\u0631 \u0632\u062c\u0627\u062c\u0627\u062a \u0627\u0644\u0639\u0637\u0648\u0631 \u0627\u0644\u0632\u062c\u0627\u062c\u064a\u0629 \u0627\u0644\u0642\u0627\u0628\u0644\u0629 \u0644\u0625\u0639\u0627\u062f\u0629 \u0627\u0644\u0645\u0644\u0621 \u0627\u0644\u062e\u0627\u0635\u0629 \u0628\u0646\u0627\u061f<\/h2>\n<ul>\n<li><strong>\u0632\u062c\u0627\u062c\u0629 \u0648\u0627\u062d\u062f\u0629 \u0644\u0627\u0633\u062a\u062e\u062f\u0627\u0645\u0627\u062a \u0645\u062a\u0639\u062f\u062f\u0629:<\/strong> \u064a\u0645\u0643\u0646 \u0623\u0646 \u062a\u062d\u062a\u0648\u064a \u0639\u0644\u0649 \u0639\u0637\u0631\/\u0643\u0648\u0644\u0648\u0646\u064a\u0627\/\u0632\u064a\u062a \u0623\u0633\u0627\u0633\u064a.<\/li>\n<li><strong>\u0635\u062f\u064a\u0642\u0629 \u0644\u0644\u0628\u064a\u0626\u0629 \u0648\u0641\u0639\u0627\u0644\u0629 \u0645\u0646 \u062d\u064a\u062b \u0627\u0644\u062a\u0643\u0644\u0641\u0629:<\/strong> \u062f\u0641\u062a\u0631 \u062d\u0633\u0627\u0628\u0627\u062a \u0635\u062f\u064a\u0642 \u0644\u0644\u0628\u064a\u0626\u0629: \u0625\u0639\u0627\u062f\u0629 \u0627\u0644\u0627\u0633\u062a\u062e\u062f\u0627\u0645 \u062a\u0642\u0644\u0644 \u0645\u0646 \u0646\u0641\u0627\u064a\u0627\u062a \u0627\u0644\u0639\u0628\u0648\u0627\u062a 300%.<\/li>\n<li><strong>\u0645\u064a\u0632\u0629 \u0627\u0644\u0639\u0645\u0644:<\/strong> \u0633\u0639\u0631 \u0627\u0644\u062c\u0645\u0644\u0629 + \u062a\u0648\u0635\u064a\u0644 \u0622\u0645\u0646 \u0639\u0627\u0644\u0645\u064a\u060c \u0627\u0639\u062a\u0646\u064a \u0628\u0643\u0644 \u0637\u0644\u0628\u064a\u0629 \u0648\u0643\u0623\u0646\u0647\u0627 \u0639\u0645\u0644 \u0641\u0646\u064a.<\/li>\n<\/ul>\n<h2>\u0645\u0632\u0627\u064a\u0627 \u0627\u0644\u062a\u062e\u0635\u064a\u0635 \u0648\u0627\u0644\u0637\u0644\u0628 \u0628\u0627\u0644\u062c\u0645\u0644\u0629<\/h2>\n<ul>\n<li><strong>\u062e\u064a\u0627\u0631\u0627\u062a \u0627\u0644\u062a\u062e\u0635\u064a\u0635:<\/strong> \u0627\u0644\u0645\u0644\u0645\u0633 \u0627\u0644\u0631\u0642\u064a\u0642 \u0644\u0637\u0628\u0627\u0639\u0629 \u0627\u0644\u0634\u0627\u0634\u0629\u060c \u0623\u0648 \u0627\u0644\u062d\u0631\u0641\u064a\u0629 \u0627\u0644\u0631\u0627\u0626\u0639\u0629 \u0644\u0644\u062d\u0641\u0631 \u0628\u0627\u0644\u0644\u064a\u0632\u0631 \u0623\u0648 \u0627\u0644\u0625\u0628\u062f\u0627\u0639 \u0627\u0644\u062e\u0644\u0627\u0642 \u0644\u0644\u0645\u0644\u0635\u0642\u0627\u062a \u0627\u0644\u0644\u0627\u0635\u0642\u0629.<\/li>\n<li><strong>\u0627\u0644\u0637\u0644\u0628 \u0628\u0627\u0644\u062c\u0645\u0644\u0629 \u0644\u0644\u062d\u0635\u0648\u0644 \u0639\u0644\u0649 \u0642\u064a\u0645\u0629 \u0623\u0643\u0628\u0631:<\/strong> \u062a\u0639\u0627\u0648\u0646 \u0643\u0628\u064a\u0631 \u0627\u0644\u062d\u062c\u0645\u060c \u0648\u0623\u0633\u0639\u0627\u0631 \u0623\u0641\u0636\u0644 - \u062f\u0639 \u0643\u0644 \u0627\u0633\u062a\u062b\u0645\u0627\u0631 \u064a\u062a\u062d\u0648\u0644 \u0625\u0644\u0649 \u0642\u0641\u0632\u0629 \u0641\u064a \u0642\u064a\u0645\u0629 \u0627\u0644\u0639\u0644\u0627\u0645\u0629 \u0627\u0644\u062a\u062c\u0627\u0631\u064a\u0629<\/li>\n<li><strong>\u0627\u0644\u0634\u062d\u0646 \u0627\u0644\u0639\u0627\u0644\u0645\u064a:<\/strong> \u0639\u0628\u0648\u0629 \u0622\u0645\u0646\u0629 \u0648\u0645\u0627\u0646\u0639\u0629 \u0644\u0644\u062a\u0633\u0631\u0628 \u0644\u0644\u0646\u0642\u0644 \u0627\u0644\u0622\u0645\u0646.<\/li>\n<\/ul>\n<p>\u0647\u0644 \u062a\u0628\u062d\u062b \u0639\u0646 \u0645\u0635\u0646\u0639 \u0645\u0648\u062b\u0648\u0642\u061f \u0627\u062a\u0635\u0644 \u0628\u0646\u0627 \u0644\u0637\u0644\u0628 \u0632\u062c\u0627\u062c\u0627\u062a \u0639\u0637\u0648\u0631 \u0641\u0627\u0631\u063a\u0629 \u0642\u0627\u0628\u0644\u0629 \u0644\u0625\u0639\u0627\u062f\u0629 \u0627\u0644\u062a\u0639\u0628\u0626\u0629 \u0645\u0635\u0645\u0645\u0629 \u062e\u0635\u064a\u0635\u064b\u0627 \u0644\u062a\u0646\u0627\u0633\u0628 \u0631\u0624\u064a\u0629 \u0639\u0644\u0627\u0645\u062a\u0643 \u0627\u0644\u062a\u062c\u0627\u0631\u064a\u0629!<\/p>","protected":false},"excerpt":{"rendered":"<p>\u0627\u0643\u062a\u0634\u0641 \u0632\u062c\u0627\u062c\u0627\u062a \u0627\u0644\u0639\u0637\u0648\u0631 \u0627\u0644\u0641\u0627\u0631\u063a\u0629 \u0627\u0644\u0645\u0645\u062a\u0627\u0632\u0629 \u0627\u0644\u0642\u0627\u0628\u0644\u0629 \u0644\u0625\u0639\u0627\u062f\u0629 \u0627\u0644\u062a\u0639\u0628\u0626\u0629 \u0627\u0644\u0642\u0627\u0628\u0644\u0629 \u0644\u0625\u0639\u0627\u062f\u0629 \u0627\u0644\u062a\u0639\u0628\u0626\u0629 \u0644\u0644\u0637\u0644\u0628\u0627\u062a \u0627\u0644\u0635\u062f\u064a\u0642\u0629 \u0644\u0644\u0633\u0641\u0631 \u0648\u0627\u0644\u0637\u0644\u0628\u0627\u062a \u0628\u0627\u0644\u062c\u0645\u0644\u0629. \u0632\u062c\u0627\u062c\u0627\u062a \u0639\u0637\u0648\u0631 \u0632\u062c\u0627\u062c\u064a\u0629 \u0645\u062e\u0635\u0635\u0629 \u0642\u0627\u0628\u0644\u0629 \u0644\u0625\u0639\u0627\u062f\u0629 \u0627\u0644\u062a\u0639\u0628\u0626\u0629 \u0628\u062a\u0635\u0645\u064a\u0645 \u0645\u0627\u0646\u0639 \u0644\u0644\u062a\u0633\u0631\u0628.<\/p>","protected":false},"featured_media":2966,"comment_status":"open","ping_status":"closed","template":"","meta":{"_acf_changed":false,"site-sidebar-layout":"default","site-content-layout":"","ast-site-content-layout":"default","site-content-style":"default","site-sidebar-style":"default","ast-global-header-display":"","ast-banner-title-visibility":"","ast-main-header-display":"","ast-hfb-above-header-display":"","ast-hfb-below-header-display":"","ast-hfb-mobile-header-display":"","site-post-title":"","ast-breadcrumbs-content":"","ast-featured-img":"","footer-sml-layout":"","ast-disable-related-posts":"","theme-transparent-header-meta":"default","adv-header-id-meta":"","stick-header-meta":"","header-above-stick-meta":"","header-main-stick-meta":"","header-below-stick-meta":"","astra-migrate-meta-layouts":"set","ast-page-background-enabled":"default","ast-page-background-meta":{"desktop":{"background-color":"var(--ast-global-color-5)","background-image":"","background-repeat":"repeat","background-position":"center center","background-size":"auto","background-attachment":"scroll","background-type":"","background-media":"","overlay-type":"","overlay-color":"","overlay-opacity":"","overlay-gradient":""},"tablet":{"background-color":"","background-image":"","background-repeat":"repeat","background-position":"center center","background-size":"auto","background-attachment":"scroll","background-type":"","background-media":"","overlay-type":"","overlay-color":"","overlay-opacity":"","overlay-gradient":""},"mobile":{"background-color":"","background-image":"","background-repeat":"repeat","background-position":"center center","background-size":"auto","background-attachment":"scroll","background-type":"","background-media":"","overlay-type":"","overlay-color":"","overlay-opacity":"","overlay-gradient":""}},"ast-content-background-meta":{"desktop":{"background-color":"var(--ast-global-color-4)","background-image":"","background-repeat":"repeat","background-position":"center center","background-size":"auto","background-attachment":"scroll","background-type":"","background-media":"","overlay-type":"","overlay-color":"","overlay-opacity":"","overlay-gradient":""},"tablet":{"background-color":"var(--ast-global-color-4)","background-image":"","background-repeat":"repeat","background-position":"center center","background-size":"auto","background-attachment":"scroll","background-type":"","background-media":"","overlay-type":"","overlay-color":"","overlay-opacity":"","overlay-gradient":""},"mobile":{"background-color":"var(--ast-global-color-4)","background-image":"","background-repeat":"repeat","background-position":"center center","background-size":"auto","background-attachment":"scroll","background-type":"","background-media":"","overlay-type":"","overlay-color":"","overlay-opacity":"","overlay-gradient":""}}},"product_brand":[],"product_cat":[72,91,74,41,90],"product_tag":[],"class_list":{"0":"post-2963","1":"product","2":"type-product","3":"status-publish","4":"has-post-thumbnail","6":"product_cat-cosmetic-packaging","7":"product_cat-custom-perfume-bottles","8":"product_cat-mini-perfume-bottles","9":"product_cat-perfume-bottles","10":"product_cat-refillable-perfume-bottles","11":"desktop-align-left","12":"tablet-align-left","13":"mobile-align-left","15":"first","16":"instock","17":"shipping-taxable","18":"product-type-simple"},"acf":[],"jetpack_sharing_enabled":true,"_links":{"self":[{"href":"https:\/\/theperfumebottles.com\/ar\/wp-json\/wp\/v2\/product\/2963","targetHints":{"allow":["GET"]}}],"collection":[{"href":"https:\/\/theperfumebottles.com\/ar\/wp-json\/wp\/v2\/product"}],"about":[{"href":"https:\/\/theperfumebottles.com\/ar\/wp-json\/wp\/v2\/types\/product"}],"replies":[{"embeddable":true,"href":"https:\/\/theperfumebottles.com\/ar\/wp-json\/wp\/v2\/comments?post=2963"}],"wp:featuredmedia":[{"embeddable":true,"href":"https:\/\/theperfumebottles.com\/ar\/wp-json\/wp\/v2\/media\/2966"}],"wp:attachment":[{"href":"https:\/\/theperfumebottles.com\/ar\/wp-json\/wp\/v2\/media?parent=2963"}],"wp:term":[{"taxonomy":"product_brand","embeddable":true,"href":"https:\/\/theperfumebottles.com\/ar\/wp-json\/wp\/v2\/product_brand?post=2963"},{"taxonomy":"product_cat","embeddable":true,"href":"https:\/\/theperfumebottles.com\/ar\/wp-json\/wp\/v2\/product_cat?post=2963"},{"taxonomy":"product_tag","embeddable":true,"href":"https:\/\/theperfumebottles.com\/ar\/wp-json\/wp\/v2\/product_tag?post=2963"}],"curies":[{"name":"wp","href":"https:\/\/api.w.org\/{rel}","templated":true}]}}