{"id":3206,"date":"2025-04-25T07:43:22","date_gmt":"2025-04-25T07:43:22","guid":{"rendered":"https:\/\/theperfumebottles.com\/?post_type=product&#038;p=3206"},"modified":"2025-04-25T07:51:56","modified_gmt":"2025-04-25T07:51:56","slug":"3-oz-perfume-bottles-glass-cologne-bottles-for-bulk-orders","status":"publish","type":"product","link":"https:\/\/theperfumebottles.com\/ar\/product\/3-oz-perfume-bottles-glass-cologne-bottles-for-bulk-orders\/","title":{"rendered":"\u0632\u062c\u0627\u062c\u0627\u062a \u0639\u0637\u0631 \u0663 \u0623\u0648\u0646\u0635\u0627\u062a | \u0632\u062c\u0627\u062c\u0627\u062a \u0643\u0648\u0644\u0648\u0646\u064a\u0627 \u0632\u062c\u0627\u062c\u064a\u0629 \u0644\u0644\u0637\u0644\u0628\u0627\u062a \u0627\u0644\u0643\u0628\u064a\u0631\u0629"},"content":{"rendered":"<p>\u062a\u062a\u0645\u064a\u0632 \u0632\u062c\u0627\u062c\u0629 \u0627\u0644\u0639\u0637\u0631 PB-YX1702 \u0633\u0639\u0629 3 \u0623\u0648\u0646\u0635\u0629 \u0628\u062a\u0635\u0645\u064a\u0645 \u0645\u0633\u062a\u0637\u064a\u0644 \u0645\u0633\u062a\u062f\u064a\u0631 \u0634\u0628\u0647 \u0623\u0633\u0637\u0648\u0627\u0646\u064a \u0627\u0644\u0634\u0643\u0644\u060c \u0645\u0639 \u063a\u0637\u0627\u0621 \u0632\u062c\u0627\u062c\u064a \u0634\u0641\u0627\u0641 \u0648\u0642\u0627\u0639\u062f\u0629 \u0632\u062c\u0627\u062c\u064a\u0629 \u0633\u0645\u064a\u0643\u0629 \u0644\u0625\u0637\u0644\u0627\u0644\u0629 \u0641\u0627\u062e\u0631\u0629.<\/p>\n<p><img fetchpriority=\"high\" decoding=\"async\" class=\"wp-image-3209 aligncenter\" src=\"https:\/\/theperfumebottles.com\/wp-content\/uploads\/2025\/04\/3-oz-cologne-bottle-sizes-yx1702.webp\" alt=\"\u0632\u062c\u0627\u062c\u0629 \u0643\u0648\u0644\u0648\u0646\u064a\u0627 \u0633\u0639\u0629 3 \u0623\u0648\u0646\u0635\u0629\" width=\"500\" height=\"500\" srcset=\"https:\/\/theperfumebottles.com\/wp-content\/uploads\/2025\/04\/3-oz-cologne-bottle-sizes-yx1702.webp 1000w, https:\/\/theperfumebottles.com\/wp-content\/uploads\/2025\/04\/3-oz-cologne-bottle-sizes-yx1702-300x300.webp 300w, https:\/\/theperfumebottles.com\/wp-content\/uploads\/2025\/04\/3-oz-cologne-bottle-sizes-yx1702-150x150.webp 150w, https:\/\/theperfumebottles.com\/wp-content\/uploads\/2025\/04\/3-oz-cologne-bottle-sizes-yx1702-768x768.webp 768w, https:\/\/theperfumebottles.com\/wp-content\/uploads\/2025\/04\/3-oz-cologne-bottle-sizes-yx1702-12x12.webp 12w, https:\/\/theperfumebottles.com\/wp-content\/uploads\/2025\/04\/3-oz-cologne-bottle-sizes-yx1702-600x600.webp 600w, https:\/\/theperfumebottles.com\/wp-content\/uploads\/2025\/04\/3-oz-cologne-bottle-sizes-yx1702-100x100.webp 100w\" sizes=\"(max-width: 500px) 100vw, 500px\" \/><\/p>\n<h2>\u0627\u0644\u0645\u0648\u0627\u0635\u0641\u0627\u062a \u0627\u0644\u0631\u0626\u064a\u0633\u064a\u0629<\/h2>\n<table>\n<thead>\n<tr>\n<th style=\"text-align: left;\"><strong>\u0646\u0645\u0648\u0630\u062c<\/strong><\/th>\n<th style=\"text-align: left;\">PB-YX1702<\/th>\n<\/tr>\n<\/thead>\n<tbody>\n<tr>\n<td><strong>\u0633\u0639\u0629<\/strong><\/td>\n<td>90 \u0645\u0644 (3 \u0623\u0648\u0646\u0635\u0629)<\/td>\n<\/tr>\n<tr>\n<td><strong>\u0623\u0628\u0639\u0627\u062f<\/strong><\/td>\n<td>55 \u00d7 55 \u00d7 55 \u00d7 88 \u0645\u0645<\/td>\n<\/tr>\n<tr>\n<td><strong>\u0623\u0644\u0648\u0627\u0646 \u0627\u0644\u0641\u0648\u0647\u0629<\/strong><\/td>\n<td>\u0628\u062e\u0627\u062e \u0641\u0636\u064a\/\u0630\u0647\u0628\u064a<\/td>\n<\/tr>\n<tr>\n<td><strong>\u0646\u0648\u0639 \u0627\u0644\u062e\u062a\u0645<\/strong><\/td>\n<td>\u0631\u0642\u0628\u0629 \u0645\u0636\u063a\u0648\u0637\u0629 \u0644\u0645\u0646\u0639 \u0627\u0644\u062a\u0633\u0631\u0628<\/td>\n<\/tr>\n<\/tbody>\n<\/table>\n<h2>\u0646\u0635\u0627\u0626\u062d \u0627\u0644\u062a\u062e\u0635\u064a\u0635<\/h2>\n<p>\u0627\u0633\u062a\u062e\u062f\u0645\u062a \u0625\u062d\u062f\u0649 \u0634\u0631\u0643\u0627\u062a \u0628\u064a\u0639 \u0627\u0644\u0639\u0637\u0648\u0631 \u0628\u0627\u0644\u062c\u0645\u0644\u0629 \u0632\u062c\u0627\u062c\u0629 \u0643\u0648\u0644\u0648\u0646\u064a\u0627 3 \u0623\u0648\u0642\u064a\u0629 \u0644\u0625\u0639\u0627\u062f\u0629 \u062a\u0633\u0645\u064a\u0629 \u062e\u0637 \u0625\u0646\u062a\u0627\u062c\u0647\u0627 \u0645\u0646 \u0627\u0644\u0643\u0648\u0644\u0648\u0646\u064a\u0627 3 \u0623\u0648\u0642\u064a\u0629. \u0648\u0645\u0646 \u062e\u0644\u0627\u0644 \u062a\u062e\u0635\u064a\u0635 \u0634\u0639\u0627\u0631 \u0639\u0644\u0627\u0645\u062a\u0647\u0645 \u0627\u0644\u062a\u062c\u0627\u0631\u064a\u0629 \u0628\u0627\u0644\u062e\u062a\u0645 \u0627\u0644\u0633\u0627\u062e\u0646 \u0648\u0627\u0633\u062a\u062e\u062f\u0627\u0645 \u0639\u0628\u0648\u0627\u062a \u0635\u062f\u064a\u0642\u0629 \u0644\u0644\u0628\u064a\u0626\u0629\u060c \u062d\u0635\u0644\u0648\u0627 \u0639\u0644\u0649 \u0637\u0644\u0628 \u0628\u0627\u0644\u062c\u0645\u0644\u0629 \u064a\u0632\u064a\u062f \u0639\u0646 $50,000 \u0645\u0646 \u0623\u062d\u062f \u062a\u062c\u0627\u0631 \u0627\u0644\u062a\u062c\u0632\u0626\u0629 \u0627\u0644\u0641\u0627\u062e\u0631\u064a\u0646.<\/p>\n<ol>\n<li>\u064a\u0645\u0643\u0646\u0643 \u0646\u0642\u0634 \u0646\u0635 \u0639\u0644\u0649 \u0627\u0644\u0642\u0627\u0631\u0648\u0631\u0629 \u0627\u0644\u0632\u062c\u0627\u062c\u064a\u0629 \u0644\u0647\u062f\u0627\u064a\u0627 \u0627\u0644\u0634\u0631\u0643\u0627\u062a \u0623\u0648 \u0647\u062f\u0627\u064a\u0627 \u0627\u0644\u0632\u0641\u0627\u0641.<\/li>\n<li>\u0628\u062f\u0644\u0627\u064b \u0645\u0646 \u0630\u0644\u0643\u060c \u0627\u062e\u062a\u0631 \u0644\u0645\u0633\u0629 \u0646\u0647\u0627\u0626\u064a\u0629 \u063a\u064a\u0631 \u0644\u0627\u0645\u0639\u0629 \u0623\u0648 \u0644\u0627\u0645\u0639\u0629 \u0644\u0644\u0632\u062c\u0627\u062c\u0627\u062a \u0627\u0644\u0641\u0627\u0631\u063a\u0629.<\/li>\n<li>\u0627\u062f\u0645\u062c\u0647\u0627 \u0645\u0639 \u062d\u0648\u0627\u0645\u0644 \u0627\u0644\u0639\u0631\u0636 \u0627\u0644\u062e\u0634\u0628\u064a\u0629 \u0644\u0639\u0631\u0648\u0636 \u0627\u0644\u0639\u0631\u0648\u0636 \u0627\u0644\u062a\u062c\u0627\u0631\u064a\u0629.<\/li>\n<\/ol>","protected":false},"excerpt":{"rendered":"<p>\u0632\u062c\u0627\u062c\u0629 \u0639\u0637\u0631 \u062f\u064a\u0633\u0643\u0641\u0631 3 \u0623\u0648\u0646\u0635\u0629 (90 \u0645\u0644) \u0628\u062a\u0635\u0645\u064a\u0645 \u0632\u062c\u0627\u062c\u064a \u0645\u0633\u062a\u0637\u064a\u0644 \u0645\u0633\u062a\u062f\u064a\u0631\u060c \u0645\u0646\u0627\u0633\u0628\u0629 \u0644\u0644\u0637\u0644\u0628 \u0628\u0627\u0644\u062c\u0645\u0644\u0629. \u0644\u0648\u0646 \u0648\u062d\u062c\u0645 \u0648\u0633\u0637\u062d \u0648\u0645\u0644\u062d\u0642\u0627\u062a \u0645\u062e\u0635\u0635\u0629 \u0644\u0639\u0644\u0627\u0645\u062a\u0643 \u0627\u0644\u062a\u062c\u0627\u0631\u064a\u0629 \u0644\u0644\u0639\u0637\u0648\u0631.<\/p>","protected":false},"featured_media":3211,"comment_status":"open","ping_status":"closed","template":"","meta":{"_acf_changed":false,"site-sidebar-layout":"default","site-content-layout":"","ast-site-content-layout":"default","site-content-style":"default","site-sidebar-style":"default","ast-global-header-display":"","ast-banner-title-visibility":"","ast-main-header-display":"","ast-hfb-above-header-display":"","ast-hfb-below-header-display":"","ast-hfb-mobile-header-display":"","site-post-title":"","ast-breadcrumbs-content":"","ast-featured-img":"","footer-sml-layout":"","ast-disable-related-posts":"","theme-transparent-header-meta":"default","adv-header-id-meta":"","stick-header-meta":"","header-above-stick-meta":"","header-main-stick-meta":"","header-below-stick-meta":"","astra-migrate-meta-layouts":"set","ast-page-background-enabled":"default","ast-page-background-meta":{"desktop":{"background-color":"var(--ast-global-color-5)","background-image":"","background-repeat":"repeat","background-position":"center center","background-size":"auto","background-attachment":"scroll","background-type":"","background-media":"","overlay-type":"","overlay-color":"","overlay-opacity":"","overlay-gradient":""},"tablet":{"background-color":"","background-image":"","background-repeat":"repeat","background-position":"center center","background-size":"auto","background-attachment":"scroll","background-type":"","background-media":"","overlay-type":"","overlay-color":"","overlay-opacity":"","overlay-gradient":""},"mobile":{"background-color":"","background-image":"","background-repeat":"repeat","background-position":"center center","background-size":"auto","background-attachment":"scroll","background-type":"","background-media":"","overlay-type":"","overlay-color":"","overlay-opacity":"","overlay-gradient":""}},"ast-content-background-meta":{"desktop":{"background-color":"var(--ast-global-color-4)","background-image":"","background-repeat":"repeat","background-position":"center center","background-size":"auto","background-attachment":"scroll","background-type":"","background-media":"","overlay-type":"","overlay-color":"","overlay-opacity":"","overlay-gradient":""},"tablet":{"background-color":"var(--ast-global-color-4)","background-image":"","background-repeat":"repeat","background-position":"center center","background-size":"auto","background-attachment":"scroll","background-type":"","background-media":"","overlay-type":"","overlay-color":"","overlay-opacity":"","overlay-gradient":""},"mobile":{"background-color":"var(--ast-global-color-4)","background-image":"","background-repeat":"repeat","background-position":"center center","background-size":"auto","background-attachment":"scroll","background-type":"","background-media":"","overlay-type":"","overlay-color":"","overlay-opacity":"","overlay-gradient":""}}},"product_brand":[],"product_cat":[72,91,41],"product_tag":[],"class_list":{"0":"post-3206","1":"product","2":"type-product","3":"status-publish","4":"has-post-thumbnail","6":"product_cat-cosmetic-packaging","7":"product_cat-custom-perfume-bottles","8":"product_cat-perfume-bottles","9":"desktop-align-left","10":"tablet-align-left","11":"mobile-align-left","13":"first","14":"instock","15":"shipping-taxable","16":"product-type-simple"},"acf":[],"jetpack_sharing_enabled":true,"_links":{"self":[{"href":"https:\/\/theperfumebottles.com\/ar\/wp-json\/wp\/v2\/product\/3206","targetHints":{"allow":["GET"]}}],"collection":[{"href":"https:\/\/theperfumebottles.com\/ar\/wp-json\/wp\/v2\/product"}],"about":[{"href":"https:\/\/theperfumebottles.com\/ar\/wp-json\/wp\/v2\/types\/product"}],"replies":[{"embeddable":true,"href":"https:\/\/theperfumebottles.com\/ar\/wp-json\/wp\/v2\/comments?post=3206"}],"wp:featuredmedia":[{"embeddable":true,"href":"https:\/\/theperfumebottles.com\/ar\/wp-json\/wp\/v2\/media\/3211"}],"wp:attachment":[{"href":"https:\/\/theperfumebottles.com\/ar\/wp-json\/wp\/v2\/media?parent=3206"}],"wp:term":[{"taxonomy":"product_brand","embeddable":true,"href":"https:\/\/theperfumebottles.com\/ar\/wp-json\/wp\/v2\/product_brand?post=3206"},{"taxonomy":"product_cat","embeddable":true,"href":"https:\/\/theperfumebottles.com\/ar\/wp-json\/wp\/v2\/product_cat?post=3206"},{"taxonomy":"product_tag","embeddable":true,"href":"https:\/\/theperfumebottles.com\/ar\/wp-json\/wp\/v2\/product_tag?post=3206"}],"curies":[{"name":"wp","href":"https:\/\/api.w.org\/{rel}","templated":true}]}}