{"id":3409,"date":"2025-05-23T18:00:18","date_gmt":"2025-05-23T10:00:18","guid":{"rendered":"https:\/\/theperfumebottles.com\/?post_type=product&#038;p=3409"},"modified":"2025-05-26T13:33:07","modified_gmt":"2025-05-26T05:33:07","slug":"10ml-20ml-30ml-refillable-fragrance-bottle-travel-cologne-bottle","status":"publish","type":"product","link":"https:\/\/theperfumebottles.com\/ar\/product\/10ml-20ml-30ml-refillable-fragrance-bottle-travel-cologne-bottle\/","title":{"rendered":"\u0632\u062c\u0627\u062c\u0629 \u0639\u0637\u0631 \u0642\u0627\u0628\u0644\u0629 \u0644\u0625\u0639\u0627\u062f\u0629 \u0627\u0644\u062a\u0639\u0628\u0626\u0629 \u0628\u0633\u0639\u0629 10 \u0645\u0644 \u064820 \u0645\u0644 \u064830 \u0645\u0644 \u0648\u0632\u062c\u0627\u062c\u0629 \u0643\u0648\u0644\u0648\u0646\u064a\u0627 \u0644\u0644\u0633\u0641\u0631"},"content":{"rendered":"<p>\u0647\u0644 \u062a\u0628\u062d\u062b \u0623\u064a\u0636\u064b\u0627 \u0639\u0646 \u062d\u0627\u0648\u064a\u0629 \u064a\u0645\u0643\u0646\u0647\u0627 \u062d\u0645\u0644 \u0627\u0644\u0639\u0637\u0631 \u0648\u0646\u0642\u0644 \u0631\u0648\u062d \u0627\u0644\u0639\u0644\u0627\u0645\u0629 \u0627\u0644\u062a\u062c\u0627\u0631\u064a\u0629\u061f \u062a\u062e\u064a\u0644: \u0639\u0646\u062f\u0645\u0627 \u064a\u0641\u062a\u062d \u0627\u0644\u0639\u0645\u064a\u0644 \u0628\u0644\u0637\u0641 \u0632\u062c\u0627\u062c\u0629 \u0627\u0644\u0639\u0637\u0631 \u0627\u0644\u0642\u0627\u0628\u0644\u0629 \u0644\u0625\u0639\u0627\u062f\u0629 \u0627\u0644\u062a\u0639\u0628\u0626\u0629 \u0627\u0644\u062e\u0627\u0635\u0629 \u0628\u0643\u060c \u064a\u0646\u0633\u0627\u0628 \u0627\u0644\u0645\u0644\u0645\u0633 \u0627\u0644\u0632\u062c\u0627\u062c\u064a \u0627\u0644\u0631\u0642\u064a\u0642 \u0628\u064a\u0646 \u0627\u0644\u0623\u0635\u0627\u0628\u0639\u060c \u0648\u064a\u0646\u0633\u0627\u0628 \u0627\u0644\u0633\u0627\u0626\u0644 \u0627\u0644\u0643\u0647\u0631\u0645\u0627\u0646\u064a \u0643\u0627\u0644\u062d\u0631\u064a\u0631\u060c \u0648\u0643\u0644 \u0642\u0637\u0631\u0629 \u062a\u062d\u0643\u064a \u0642\u0635\u0629 \u0639\u0644\u0627\u0645\u062a\u0643 \u0627\u0644\u062a\u062c\u0627\u0631\u064a\u0629.<\/p>\n<h2>\n\u0627\u0644\u0645\u0648\u0627\u0635\u0641\u0627\u062a \u0627\u0644\u0631\u0626\u064a\u0633\u064a\u0629<\/h2>\n<table style=\"border-collapse: collapse;margin-left: auto;margin-right: auto;width: 80%\" border=\"0\" width=\"80%\" cellspacing=\"0\" cellpadding=\"0\">\n<tbody>\n<tr style=\"height: 13.50pt\">\n<td style=\"height: 13.50pt;width: 109.50pt\" width=\"146\" height=\"18\"><strong>\u0633\u0639\u0629<\/strong><\/td>\n<td style=\"width: 194.25pt\" width=\"259\">10 \u0645\u0644\u060c 20 \u0645\u0644\u060c 30 \u0645\u0644<\/td>\n<\/tr>\n<tr style=\"height: 13.50pt\">\n<td style=\"height: 13.50pt\" height=\"18\"><strong>\u0645\u0627\u062f\u0629<\/strong><\/td>\n<td>\u0632\u062c\u0627\u062c \u0643\u0631\u064a\u0633\u062a\u0627\u0644\u064a\u060c \u063a\u0637\u0627\u0621 \u0645\u0639\u062f\u0646\u064a<\/td>\n<\/tr>\n<tr style=\"height: 13.50pt\">\n<td style=\"height: 13.50pt\" height=\"18\"><strong>\u062e\u062a\u0645<\/strong><\/td>\n<td>\u0639\u0646\u0642 \u0644\u0648\u0644\u0628\u064a + \u0641\u0648\u0647\u0629 \u0627\u0644\u0631\u0634<\/td>\n<\/tr>\n<tr style=\"height: 13.50pt\">\n<td style=\"height: 13.50pt\" height=\"18\"><strong>\u0644\u0648\u0646<\/strong><\/td>\n<td>\u0642\u0627\u0628\u0644\u0629 \u0644\u0644\u062a\u062e\u0635\u064a\u0635 \u0628\u0627\u0644\u0643\u0627\u0645\u0644<\/td>\n<\/tr>\n<tr style=\"height: 13.50pt\">\n<td style=\"height: 13.50pt\" height=\"18\"><strong>\u0634\u0643\u0644<\/strong><\/td>\n<td>\u0623\u0633\u0637\u0648\u0627\u0646\u064a<\/td>\n<\/tr>\n<tr style=\"height: 13.50pt\">\n<td style=\"height: 13.50pt\" height=\"18\"><strong>\u0646\u0648\u0639 \u0627\u0644\u062a\u063a\u0644\u064a\u0641<\/strong><\/td>\n<td>\u0639\u0628\u0648\u0627\u062a \u0645\u0633\u062a\u062d\u0636\u0631\u0627\u062a \u0627\u0644\u062a\u062c\u0645\u064a\u0644 \u0627\u0644\u0642\u0627\u0628\u0644\u0629 \u0644\u0625\u0639\u0627\u062f\u0629 \u0627\u0644\u062a\u062f\u0648\u064a\u0631<\/td>\n<\/tr>\n<\/tbody>\n<\/table>\n<p><img fetchpriority=\"high\" decoding=\"async\" class=\"wp-image-3402\" src=\"https:\/\/theperfumebottles.com\/wp-content\/uploads\/2025\/05\/travel-cologne-bottle-rb3020.webp\" alt=\"\u0632\u062c\u0627\u062c\u0629 \u0643\u0648\u0644\u0648\u0646\u064a\u0627 \u0644\u0644\u0633\u0641\u0631\" width=\"451\" height=\"451\" srcset=\"https:\/\/theperfumebottles.com\/wp-content\/uploads\/2025\/05\/travel-cologne-bottle-rb3020.webp 1000w, https:\/\/theperfumebottles.com\/wp-content\/uploads\/2025\/05\/travel-cologne-bottle-rb3020-300x300.webp 300w, https:\/\/theperfumebottles.com\/wp-content\/uploads\/2025\/05\/travel-cologne-bottle-rb3020-150x150.webp 150w, https:\/\/theperfumebottles.com\/wp-content\/uploads\/2025\/05\/travel-cologne-bottle-rb3020-768x768.webp 768w, https:\/\/theperfumebottles.com\/wp-content\/uploads\/2025\/05\/travel-cologne-bottle-rb3020-12x12.webp 12w, https:\/\/theperfumebottles.com\/wp-content\/uploads\/2025\/05\/travel-cologne-bottle-rb3020-600x600.webp 600w, https:\/\/theperfumebottles.com\/wp-content\/uploads\/2025\/05\/travel-cologne-bottle-rb3020-100x100.webp 100w\" sizes=\"(max-width: 451px) 100vw, 451px\" \/><\/p>\n<p>&nbsp;<\/p>\n<h2>\u0642\u0635\u0629 \u0627\u0644\u0646\u062c\u0627\u062d \u0648\u0646\u0635\u0627\u0626\u062d \u0627\u0644\u062a\u062e\u0635\u064a\u0635<\/h2>\n<p>\u0639\u0632\u0632\u062a \u0625\u062d\u062f\u0649 \u0627\u0644\u0639\u0644\u0627\u0645\u0627\u062a \u0627\u0644\u062a\u062c\u0627\u0631\u064a\u0629 \u0644\u0644\u0639\u0646\u0627\u064a\u0629 \u0628\u0627\u0644\u0628\u0634\u0631\u0629 \u0627\u0644\u062a\u064a \u0639\u0645\u0644\u0646\u0627 \u0645\u0639\u0647\u0627 \u0627\u0644\u0627\u062d\u062a\u0641\u0627\u0638 \u0628\u0639\u0645\u0644\u0627\u0626\u0647\u0627 \u0645\u0646 \u062e\u0644\u0627\u0644 40% \u0628\u0627\u0633\u062a\u062e\u062f\u0627\u0645 \u0632\u062c\u0627\u062c\u0627\u062a \u0627\u0644\u0639\u0637\u0648\u0631 \u0627\u0644\u0632\u062c\u0627\u062c\u064a\u0629 \u0647\u0630\u0647 \u0643\u0639\u064a\u0646\u0627\u062a \u0628\u062d\u062c\u0645 \u0645\u0646\u0627\u0633\u0628 \u0644\u0644\u0633\u0641\u0631. \u0648\u0645\u0646 \u062e\u0644\u0627\u0644 \u062a\u0642\u062f\u064a\u0645 \u0632\u062c\u0627\u062c\u0627\u062a \u0639\u0637\u0648\u0631 \u0642\u0627\u0628\u0644\u0629 \u0644\u0625\u0639\u0627\u062f\u0629 \u0627\u0644\u062a\u0639\u0628\u0626\u0629\u060c \u0642\u0644\u0644\u0648\u0627 \u0645\u0646 \u0627\u0644\u0646\u0641\u0627\u064a\u0627\u062a \u0648\u0634\u062c\u0639\u0648\u0627 \u0639\u0644\u0649 \u062a\u0643\u0631\u0627\u0631 \u0627\u0644\u0634\u0631\u0627\u0621.<\/p>\n<h2>\u0646\u0635\u0627\u0626\u062d \u0627\u0644\u062a\u062e\u0635\u064a\u0635<\/h2>\n<ul>\n<li><strong>\u0645\u0631\u0648\u0646\u0629 \u0627\u0644\u062a\u0635\u0645\u064a\u0645<\/strong>: \u0623\u0636\u0641 \u0634\u0639\u0627\u0631\u0643 \u0639\u0646 \u0637\u0631\u064a\u0642 \u0627\u0644\u0646\u0642\u0634 \u0623\u0648 \u0627\u0644\u062d\u062c\u0628 \u0627\u0644\u0644\u0648\u0646\u064a \u0644\u0625\u0636\u0641\u0627\u0621 \u0645\u0638\u0647\u0631 \u062e\u0627\u0635 \u0628\u0627\u0644\u0639\u0644\u0627\u0645\u0629 \u0627\u0644\u062a\u062c\u0627\u0631\u064a\u0629.<\/li>\n<li><strong>\u0627\u0644\u0637\u0644\u0628\u0627\u062a \u0628\u0627\u0644\u062c\u0645\u0644\u0629<\/strong>: \u0627\u0637\u0644\u0628 \u0628\u0627\u0644\u062c\u0645\u0644\u0629 \u0644\u062a\u062e\u0632\u064a\u0646 \u0639\u064a\u0646\u0627\u062a \u0645\u0646 \u0627\u0644\u0632\u062c\u0627\u062c\u0627\u062a \u0644\u0644\u0645\u0646\u0627\u0633\u0628\u0627\u062a \u0623\u0648 \u0627\u0644\u0628\u064a\u0639 \u0628\u0627\u0644\u062a\u062c\u0632\u0626\u0629.<\/li>\n<li><strong>\u062d\u0627\u0641\u0629 \u0635\u062f\u064a\u0642\u0629 \u0644\u0644\u0628\u064a\u0626\u0629<\/strong>: \u0642\u0645 \u0628\u062a\u0633\u0644\u064a\u0637 \u0627\u0644\u0636\u0648\u0621 \u0639\u0644\u0649 \u0627\u0644\u0632\u062c\u0627\u062c \u0627\u0644\u0642\u0627\u0628\u0644 \u0644\u0625\u0639\u0627\u062f\u0629 \u0627\u0644\u062a\u062f\u0648\u064a\u0631 \u0648\u0627\u0644\u062a\u0635\u0645\u064a\u0645 \u0627\u0644\u0645\u062d\u0645\u0648\u0644 \u0641\u064a \u062a\u0633\u0648\u064a\u0642\u0643 \u0644\u062c\u0630\u0628 \u0627\u0644\u0645\u0633\u062a\u0647\u0644\u0643\u064a\u0646 \u0627\u0644\u0648\u0627\u0639\u064a\u0646.<\/li>\n<\/ul>\n<h2>\u062f\u0639 \u062c\u0645\u0627\u0644 \u0627\u0644\u0639\u0637\u0631 \u064a\u062a\u062c\u0644\u0649 \u0641\u064a \u0627\u0644\u0639\u0637\u0631 \u0627\u0644\u062d\u0642\u064a\u0642\u064a<\/h2>\n<p>\u0647\u0644 \u062a\u0628\u062d\u062b \u0623\u064a\u0636\u064b\u0627 \u0639\u0646 \u062d\u0627\u0648\u064a\u0629 \u064a\u0645\u0643\u0646\u0647\u0627 \u062d\u0645\u0644 \u0627\u0644\u0639\u0637\u0631 \u0648\u0646\u0642\u0644 \u0631\u0648\u062d \u0627\u0644\u0639\u0644\u0627\u0645\u0629 \u0627\u0644\u062a\u062c\u0627\u0631\u064a\u0629\u061f \u062a\u062e\u064a\u0651\u0644: \u0639\u0646\u062f\u0645\u0627 \u064a\u0641\u062a\u062d \u0627\u0644\u0639\u0645\u064a\u0644 \u0632\u062c\u0627\u062c\u0629 \u0639\u0637\u0631\u0643 \u0628\u0644\u0637\u0641\u060c \u064a\u0646\u0633\u0627\u0628 \u0627\u0644\u0642\u0648\u0627\u0645 \u0627\u0644\u0632\u062c\u0627\u062c\u064a \u0627\u0644\u0631\u0642\u064a\u0642 \u0628\u064a\u0646 \u0627\u0644\u0623\u0635\u0627\u0628\u0639\u060c \u0648\u064a\u0646\u0633\u0627\u0628 \u0627\u0644\u0633\u0627\u0626\u0644 \u0627\u0644\u0643\u0647\u0631\u0645\u0627\u0646\u064a \u0643\u0627\u0644\u062d\u0631\u064a\u0631\u060c \u0648\u0643\u0644 \u0642\u0637\u0631\u0629 \u062a\u062d\u0643\u064a \u0642\u0635\u0629 \u0639\u0644\u0627\u0645\u062a\u0643 \u0627\u0644\u062a\u062c\u0627\u0631\u064a\u0629.<\/p>\n<p>\u0646\u062d\u0646 \u0646\u062f\u0631\u0643 \u062c\u064a\u062f\u064b\u0627 \u0623\u0646 \u0627\u0644\u0645\u0633\u062a\u0647\u0644\u0643\u064a\u0646 \u0627\u0644\u0639\u0635\u0631\u064a\u064a\u0646 \u0644\u0627 \u064a\u0634\u062a\u0631\u0648\u0646 \u0627\u0644\u0639\u0637\u0648\u0631 \u0641\u062d\u0633\u0628\u060c \u0628\u0644 \u064a\u0634\u062a\u0631\u0648\u0646 \u0623\u064a\u0636\u064b\u0627 \u062a\u062c\u0631\u0628\u0629 \u063a\u0627\u0645\u0631\u0629. \u0627\u0646\u0638\u0631\u064a- \u0627\u0646\u0638\u0631\u064a<\/p>\n<blockquote><p>\u062a\u0635\u0645\u064a\u0645 \u0645\u0642\u0627\u0648\u0645 \u0644\u0644\u062a\u0633\u0631\u0628 \u064a\u062c\u0639\u0644 \u0633\u0641\u0631 \u0627\u0644\u0639\u0645\u0644 \u0623\u0646\u064a\u0642\u064b\u0627 \u0648\u0647\u0627\u062f\u0626\u064b\u0627<\/p>\n<p>\u064a\u0641\u0633\u0631 \u063a\u0637\u0627\u0621 \u0627\u0644\u0632\u062c\u0627\u062c\u0629 \u0627\u0644\u0645\u063a\u0646\u0627\u0637\u064a\u0633\u064a \u0631\u0648\u0639\u0629 \u0627\u0644\u062c\u0645\u0627\u0644\u064a\u0627\u062a \u0627\u0644\u0634\u0631\u0642\u064a\u0629<\/p>\n<p>\u0645\u0644\u0645\u0633 \u063a\u064a\u0631 \u0644\u0627\u0645\u0639 \u064a\u0628\u0631\u0632 \u0627\u0644\u0645\u0644\u0645\u0633 \u063a\u064a\u0631 \u0627\u0644\u0644\u0627\u0645\u0639 \u064a\u0628\u0631\u0632 \u0627\u0644\u0625\u062d\u0633\u0627\u0633 \u0628\u0627\u0644\u0631\u0627\u062d\u0629 \u0648\u0627\u0644\u0631\u0642\u064a<\/p><\/blockquote>\n<p>\u0647\u0630\u0647 \u0627\u0644\u062a\u0641\u0627\u0635\u064a\u0644 \u062a\u062e\u0628\u0631\u0646\u0627 \u0628\u0635\u0645\u062a: \u0647\u0630\u0647 \u0644\u064a\u0633\u062a \u062d\u0627\u0648\u064a\u0629 \u0645\u062a\u0648\u0627\u0636\u0639\u0629\u060c \u0628\u0644 \u0639\u0645\u0644 \u0641\u0646\u064a \u0645\u062a\u0646\u0642\u0644.<\/p>\n<h2>\u0627\u0628\u062f\u0623 \u0628\u0641\u0643\u0631\u062a\u0643<\/h2>\n<p>\u0647\u0644 \u062a\u062d\u062a\u0627\u062c \u0625\u0644\u0649 \u0645\u0635\u0645\u0645 \u0645\u062a\u062e\u0635\u0635 \u0644\u0645\u0633\u0627\u0639\u062f\u062a\u0643 \u0641\u064a \u0625\u0646\u0634\u0627\u0621 \u0646\u0642\u0637\u0629 \u0644\u0627 \u062a\u0646\u0633\u0649\u061f \u0645\u0646 \u0627\u0646\u062d\u0646\u0627\u0621 \u0627\u0644\u0632\u062c\u0627\u062c\u0629 \u0625\u0644\u0649 \u062a\u0623\u062b\u064a\u0631\u0627\u062a \u0627\u0644\u0636\u0648\u0621 \u0648\u0627\u0644\u0638\u0644\u060c \u0633\u064a\u0642\u0648\u0645 \u0641\u0631\u064a\u0642\u0646\u0627 \u0628\u0646\u062d\u062a \u0643\u0644 \u0627\u0644\u062a\u0641\u0627\u0635\u064a\u0644 \u0648\u0643\u0623\u0646\u0647\u0627 \u0639\u0645\u0644 \u0641\u0646\u064a. \u0647\u0644 \u062a\u062a\u0630\u0643\u0631 \u0627\u0644\u0639\u0645\u064a\u0644 \u0627\u0644\u0630\u064a \u0623\u0631\u0627\u062f \u0627\u0628\u062a\u0643\u0627\u0631 \u0645\u0641\u0647\u0648\u0645 \"\u063a\u0627\u0628\u0629 \u0636\u0648\u0621 \u0627\u0644\u0642\u0645\u0631\"\u061f \u0646\u0633\u062a\u062e\u062f\u0645 \u0627\u0644\u0632\u062c\u0627\u062c \u0627\u0644\u0645\u062a\u062f\u0631\u062c + \u0627\u0644\u0634\u0639\u0627\u0631 \u0627\u0644\u0645\u0636\u064a\u0621 \u0644\u062c\u0639\u0644 \u0639\u0644\u0627\u0645\u062a\u0647\u0627 \u0627\u0644\u062a\u062c\u0627\u0631\u064a\u0629 \u062a\u0628\u0631\u0632 \u0641\u064a \u0627\u0644\u0645\u0639\u0631\u0636.<\/p>\n<h3>\u0641\u064a \u0647\u0630\u0647 \u0627\u0644\u0644\u062d\u0638\u0629\u060c \u0645\u0627 \u0639\u0644\u064a\u0643 \u0633\u0648\u0649 \u0625\u062e\u0628\u0627\u0631\u064a:<\/h3>\n<p>\u0645\u0627 \u0646\u0648\u0639 \u0645\u0632\u0627\u062c \u0627\u0644\u0639\u0644\u0627\u0645\u0629 \u0627\u0644\u062a\u062c\u0627\u0631\u064a\u0629 \u0627\u0644\u0630\u064a \u062a\u062a\u0648\u0642\u0639 \u0623\u0646 \u062a\u0646\u0642\u0644\u0647\u061f<\/p>\n<p>Toptan Flakonlar i\u00e7in 30ml, 55ml ve 100ml L\u00fcks Parf\u00fcm \u015ei\u015feleri<\/p>\n<p>s\u00fcsl\u00fc parf\u00fcm \u015fi\u015feleri<\/p>","protected":false},"excerpt":{"rendered":"<p>\u0642\u0645 \u0628\u062a\u0631\u0642\u064a\u0629 \u0639\u0644\u0627\u0645\u062a\u0643 \u0627\u0644\u062a\u062c\u0627\u0631\u064a\u0629 \u0645\u0646 \u062e\u0644\u0627\u0644 \u0632\u062c\u0627\u062c\u0627\u062a \u0627\u0644\u0639\u0637\u0648\u0631 \u0627\u0644\u0642\u0627\u0628\u0644\u0629 \u0644\u0625\u0639\u0627\u062f\u0629 \u0627\u0644\u062a\u0639\u0628\u0626\u0629 \u0648\u0632\u062c\u0627\u062c\u0627\u062a \u0627\u0644\u0643\u0648\u0644\u0648\u0646\u064a\u0627 \u0644\u0644\u0633\u0641\u0631. \u0632\u062c\u0627\u062c\u0627\u062a \u0639\u0637\u0648\u0631 \u0632\u062c\u0627\u062c\u064a\u0629 \u0645\u062e\u0635\u0635\u0629 \u0628\u062a\u0635\u0627\u0645\u064a\u0645 \u0635\u063a\u064a\u0631\u0629 \u0648\u0645\u062d\u0645\u0648\u0644\u0629 \u0644\u0644\u0637\u0644\u0628\u0627\u062a \u0628\u0627\u0644\u062c\u0645\u0644\u0629 \u0623\u0648 \u0628\u0627\u0644\u062c\u0645\u0644\u0629.<\/p>","protected":false},"featured_media":3399,"comment_status":"open","ping_status":"closed","template":"","meta":{"_acf_changed":false,"site-sidebar-layout":"default","site-content-layout":"","ast-site-content-layout":"default","site-content-style":"default","site-sidebar-style":"default","ast-global-header-display":"","ast-banner-title-visibility":"","ast-main-header-display":"","ast-hfb-above-header-display":"","ast-hfb-below-header-display":"","ast-hfb-mobile-header-display":"","site-post-title":"","ast-breadcrumbs-content":"","ast-featured-img":"","footer-sml-layout":"","ast-disable-related-posts":"","theme-transparent-header-meta":"default","adv-header-id-meta":"","stick-header-meta":"","header-above-stick-meta":"","header-main-stick-meta":"","header-below-stick-meta":"","astra-migrate-meta-layouts":"set","ast-page-background-enabled":"default","ast-page-background-meta":{"desktop":{"background-color":"var(--ast-global-color-5)","background-image":"","background-repeat":"repeat","background-position":"center center","background-size":"auto","background-attachment":"scroll","background-type":"","background-media":"","overlay-type":"","overlay-color":"","overlay-opacity":"","overlay-gradient":""},"tablet":{"background-color":"","background-image":"","background-repeat":"repeat","background-position":"center center","background-size":"auto","background-attachment":"scroll","background-type":"","background-media":"","overlay-type":"","overlay-color":"","overlay-opacity":"","overlay-gradient":""},"mobile":{"background-color":"","background-image":"","background-repeat":"repeat","background-position":"center center","background-size":"auto","background-attachment":"scroll","background-type":"","background-media":"","overlay-type":"","overlay-color":"","overlay-opacity":"","overlay-gradient":""}},"ast-content-background-meta":{"desktop":{"background-color":"var(--ast-global-color-4)","background-image":"","background-repeat":"repeat","background-position":"center center","background-size":"auto","background-attachment":"scroll","background-type":"","background-media":"","overlay-type":"","overlay-color":"","overlay-opacity":"","overlay-gradient":""},"tablet":{"background-color":"var(--ast-global-color-4)","background-image":"","background-repeat":"repeat","background-position":"center center","background-size":"auto","background-attachment":"scroll","background-type":"","background-media":"","overlay-type":"","overlay-color":"","overlay-opacity":"","overlay-gradient":""},"mobile":{"background-color":"var(--ast-global-color-4)","background-image":"","background-repeat":"repeat","background-position":"center center","background-size":"auto","background-attachment":"scroll","background-type":"","background-media":"","overlay-type":"","overlay-color":"","overlay-opacity":"","overlay-gradient":""}}},"product_brand":[],"product_cat":[72,74,90,41],"product_tag":[],"class_list":{"0":"post-3409","1":"product","2":"type-product","3":"status-publish","4":"has-post-thumbnail","6":"product_cat-cosmetic-packaging","7":"product_cat-mini-perfume-bottles","8":"product_cat-refillable-perfume-bottles","9":"product_cat-perfume-bottles","10":"desktop-align-left","11":"tablet-align-left","12":"mobile-align-left","14":"first","15":"instock","16":"shipping-taxable","17":"product-type-simple"},"acf":[],"jetpack_sharing_enabled":true,"_links":{"self":[{"href":"https:\/\/theperfumebottles.com\/ar\/wp-json\/wp\/v2\/product\/3409","targetHints":{"allow":["GET"]}}],"collection":[{"href":"https:\/\/theperfumebottles.com\/ar\/wp-json\/wp\/v2\/product"}],"about":[{"href":"https:\/\/theperfumebottles.com\/ar\/wp-json\/wp\/v2\/types\/product"}],"replies":[{"embeddable":true,"href":"https:\/\/theperfumebottles.com\/ar\/wp-json\/wp\/v2\/comments?post=3409"}],"wp:featuredmedia":[{"embeddable":true,"href":"https:\/\/theperfumebottles.com\/ar\/wp-json\/wp\/v2\/media\/3399"}],"wp:attachment":[{"href":"https:\/\/theperfumebottles.com\/ar\/wp-json\/wp\/v2\/media?parent=3409"}],"wp:term":[{"taxonomy":"product_brand","embeddable":true,"href":"https:\/\/theperfumebottles.com\/ar\/wp-json\/wp\/v2\/product_brand?post=3409"},{"taxonomy":"product_cat","embeddable":true,"href":"https:\/\/theperfumebottles.com\/ar\/wp-json\/wp\/v2\/product_cat?post=3409"},{"taxonomy":"product_tag","embeddable":true,"href":"https:\/\/theperfumebottles.com\/ar\/wp-json\/wp\/v2\/product_tag?post=3409"}],"curies":[{"name":"wp","href":"https:\/\/api.w.org\/{rel}","templated":true}]}}