{"id":1698,"date":"2025-01-20T09:14:51","date_gmt":"2025-01-20T09:14:51","guid":{"rendered":"https:\/\/theperfumebottles.com\/?post_type=product&#038;p=1698"},"modified":"2025-05-30T13:11:05","modified_gmt":"2025-05-30T05:11:05","slug":"customizable-glass-perfume-bottles","status":"publish","type":"product","link":"https:\/\/theperfumebottles.com\/cs\/produkt\/customizable-glass-perfume-bottles\/","title":{"rendered":"30ml 50ml 100ml ploch\u00e9 sklen\u011bn\u00e9 lahvi\u010dky na parf\u00e9my"},"content":{"rendered":"<p>Tento ploch\u00fd sklen\u011bn\u00fd flakon na parf\u00e9m je vysok\u00fd jako modern\u00ed budova, ale jeho zaoblen\u00e9 rohy skr\u00fdvaj\u00ed klasick\u00fd p\u016fvab. T\u0159i objemy 30\/50\/100 ml se pohybuj\u00ed od p\u0159\u00edru\u010dn\u00ed po d\u00e1rkovou krabi\u010dku a vyhovuj\u00ed pot\u0159eb\u00e1m r\u016fzn\u00fdch sc\u00e9n\u00e1\u0159\u016f. K\u0159i\u0161\u0165\u00e1lov\u00e9 sklo o tlou\u0161\u0165ce 3,5 mm je jako ztuhl\u00fd m\u011bs\u00ed\u010dn\u00ed svit, tak\u017ee barva v\u016fn\u011b p\u016fsob\u00ed jako um\u011bleck\u00e9 d\u00edlo. Mo\u017enosti p\u0159izp\u016fsoben\u00ed, jako je s\u00edtotisk, poleva a barevn\u00fd n\u00e1st\u0159ik, umo\u017e\u0148uj\u00ed, aby p\u0159\u00edb\u011bh zna\u010dky z\u00e1\u0159il v\u00fdhradn\u011b na lahvi\u010dce. Patentovan\u00e1 konstrukce hlavice pumpi\u010dky umo\u017e\u0148uje p\u0159esn\u00e9 rozpra\u0161ov\u00e1n\u00ed a a\u0165 u\u017e je ur\u010dena pro osobn\u00ed pou\u017eit\u00ed, nebo jako d\u00e1rek, p\u0159in\u00e1\u0161\u00ed pocit ob\u0159adu rozbalov\u00e1n\u00ed na \u00farovni muzea - je nejen ide\u00e1ln\u00ed n\u00e1dobou na \u0161pi\u010dkov\u00e9 v\u016fn\u011b, ale tak\u00e9 dokonalou anotac\u00ed estetiky m\u011bstsk\u00e9ho \u017eivota.<\/p>\n<h2>Kl\u00ed\u010dov\u00e9 specifikace na\u0161ich ploch\u00fdch sklen\u011bn\u00fdch lahv\u00ed na parf\u00e9my<\/h2>\n<table style=\"border-collapse: collapse;margin-left: auto;margin-right: auto;width: 527.27pt\" border=\"0\" width=\"703\" cellspacing=\"0\" cellpadding=\"0\">\n<tbody>\n<tr style=\"height: 13.50pt\">\n<td class=\"et2\" style=\"height: 13.50pt;width: 165.75pt\" width=\"221\" height=\"18\">Model<\/td>\n<td class=\"et2\" style=\"width: 115.50pt\" width=\"154\">PB-BF1701<\/td>\n<td class=\"et2\" style=\"width: 116.25pt\" width=\"155\">PB-BF1702<\/td>\n<td class=\"et2\" style=\"width: 129.75pt\" width=\"173\">PB-BF1703<\/td>\n<\/tr>\n<tr style=\"height: 13.50pt\">\n<td class=\"et2\" style=\"height: 13.50pt\" height=\"18\">Kapacita<\/td>\n<td class=\"et5\">30 ml<\/td>\n<td class=\"et5\">50 ml<\/td>\n<td class=\"et5\">100 ml<\/td>\n<\/tr>\n<tr style=\"height: 13.50pt\">\n<td class=\"et2\" style=\"height: 13.50pt\" height=\"18\">R\u00e1\u017ee<\/td>\n<td class=\"et5\">15 mm<\/td>\n<td class=\"et5\">15 mm<\/td>\n<td class=\"et5\">15 mm<\/td>\n<\/tr>\n<tr style=\"height: 13.50pt\">\n<td class=\"et2\" style=\"height: 13.50pt\" height=\"18\">Rozm\u011br skla\/mm<\/td>\n<td class=\"et5\">52*28*63<\/td>\n<td class=\"et5\">61*29*72<\/td>\n<td class=\"et5\">81*35*89<\/td>\n<\/tr>\n<tr style=\"height: 13.50pt\">\n<td class=\"et2\" style=\"height: 13.50pt\" height=\"18\">Barva<\/td>\n<td class=\"et5\" colspan=\"3\">Pr\u016fhledn\u00fd<\/td>\n<\/tr>\n<tr style=\"height: 13.50pt\">\n<td class=\"et2\" style=\"height: 13.50pt\" height=\"18\">Tvar<\/td>\n<td class=\"et5\" colspan=\"3\">Obd\u00e9ln\u00edk se zaoblen\u00fdmi rohy<\/td>\n<\/tr>\n<tr style=\"height: 13.50pt\">\n<td class=\"et2\" style=\"height: 13.50pt\" height=\"18\">50\u6beb\u5347\u9999\u6c34\u74f6<\/td>\n<td class=\"et5\" colspan=\"3\">Grav\u00edrov\u00e1n\u00ed na boc\u00edch sklen\u011bn\u00e9ho t\u011bla a uz\u00e1v\u011bru<\/td>\n<\/tr>\n<tr style=\"height: 13.50pt\">\n<td class=\"et2\" style=\"height: 13.50pt\" height=\"18\">Materi\u00e1l<\/td>\n<td class=\"et5\" colspan=\"3\">Vysoce k\u0159i\u0161\u0165\u00e1lov\u00e9 sklo<\/td>\n<\/tr>\n<\/tbody>\n<\/table>\n<p>Spolupracujte s n\u00e1mi a z\u00edskejte vysoce kvalitn\u00ed sklen\u011bn\u00e9 lahvi\u010dky na parf\u00e9my, p\u0159izp\u016fsobiteln\u00e1 \u0159e\u0161en\u00ed balen\u00ed parf\u00e9m\u016f.<\/p>","protected":false},"excerpt":{"rendered":"<p>Na\u0161e ploch\u00e9 sklen\u011bn\u00e9 lahvi\u010dky na parf\u00e9my p\u0159edstavuj\u00ed vynikaj\u00edc\u00ed kombinaci sofistikovanosti, funk\u010dnosti a stylu. Tyto vysoce kvalitn\u00ed lahvi\u010dky z k\u0159i\u0161\u0165\u00e1lov\u00e9ho skla, navr\u017een\u00e9 pro kosmetick\u00fd pr\u016fmysl, jsou ide\u00e1ln\u00ed pro ulo\u017een\u00ed va\u0161ich pr\u00e9miov\u00fdch v\u016fn\u00ed. Jsou k dispozici ve velikostech 30 ml, 50 ml a 100 ml a p\u0159edstavuj\u00ed univerz\u00e1ln\u00ed \u0159e\u0161en\u00ed balen\u00ed parf\u00e9m\u016f a dal\u0161\u00edch \u0161pi\u010dkov\u00fdch tekut\u00fdch produkt\u016f.<\/p>","protected":false},"featured_media":2265,"comment_status":"open","ping_status":"closed","template":"","meta":{"_acf_changed":false,"site-sidebar-layout":"default","site-content-layout":"","ast-site-content-layout":"default","site-content-style":"default","site-sidebar-style":"default","ast-global-header-display":"","ast-banner-title-visibility":"","ast-main-header-display":"","ast-hfb-above-header-display":"","ast-hfb-below-header-display":"","ast-hfb-mobile-header-display":"","site-post-title":"","ast-breadcrumbs-content":"","ast-featured-img":"","footer-sml-layout":"","ast-disable-related-posts":"","theme-transparent-header-meta":"default","adv-header-id-meta":"","stick-header-meta":"","header-above-stick-meta":"","header-main-stick-meta":"","header-below-stick-meta":"","astra-migrate-meta-layouts":"set","ast-page-background-enabled":"default","ast-page-background-meta":{"desktop":{"background-color":"var(--ast-global-color-5)","background-image":"","background-repeat":"repeat","background-position":"center center","background-size":"auto","background-attachment":"scroll","background-type":"","background-media":"","overlay-type":"","overlay-color":"","overlay-opacity":"","overlay-gradient":""},"tablet":{"background-color":"","background-image":"","background-repeat":"repeat","background-position":"center center","background-size":"auto","background-attachment":"scroll","background-type":"","background-media":"","overlay-type":"","overlay-color":"","overlay-opacity":"","overlay-gradient":""},"mobile":{"background-color":"","background-image":"","background-repeat":"repeat","background-position":"center center","background-size":"auto","background-attachment":"scroll","background-type":"","background-media":"","overlay-type":"","overlay-color":"","overlay-opacity":"","overlay-gradient":""}},"ast-content-background-meta":{"desktop":{"background-color":"var(--ast-global-color-4)","background-image":"","background-repeat":"repeat","background-position":"center center","background-size":"auto","background-attachment":"scroll","background-type":"","background-media":"","overlay-type":"","overlay-color":"","overlay-opacity":"","overlay-gradient":""},"tablet":{"background-color":"var(--ast-global-color-4)","background-image":"","background-repeat":"repeat","background-position":"center center","background-size":"auto","background-attachment":"scroll","background-type":"","background-media":"","overlay-type":"","overlay-color":"","overlay-opacity":"","overlay-gradient":""},"mobile":{"background-color":"var(--ast-global-color-4)","background-image":"","background-repeat":"repeat","background-position":"center center","background-size":"auto","background-attachment":"scroll","background-type":"","background-media":"","overlay-type":"","overlay-color":"","overlay-opacity":"","overlay-gradient":""}}},"product_brand":[],"product_cat":[41,72,91],"product_tag":[50,49],"class_list":{"0":"post-1698","1":"product","2":"type-product","3":"status-publish","4":"has-post-thumbnail","6":"product_cat-perfume-bottles","7":"product_cat-cosmetic-packaging","8":"product_cat-custom-perfume-bottles","9":"product_tag-glass-perfume-bottles","10":"product_tag-perfume-bottles","11":"desktop-align-left","12":"tablet-align-left","13":"mobile-align-left","15":"first","16":"instock","17":"shipping-taxable","18":"product-type-simple"},"acf":[],"jetpack_sharing_enabled":true,"_links":{"self":[{"href":"https:\/\/theperfumebottles.com\/cs\/wp-json\/wp\/v2\/product\/1698","targetHints":{"allow":["GET"]}}],"collection":[{"href":"https:\/\/theperfumebottles.com\/cs\/wp-json\/wp\/v2\/product"}],"about":[{"href":"https:\/\/theperfumebottles.com\/cs\/wp-json\/wp\/v2\/types\/product"}],"replies":[{"embeddable":true,"href":"https:\/\/theperfumebottles.com\/cs\/wp-json\/wp\/v2\/comments?post=1698"}],"wp:featuredmedia":[{"embeddable":true,"href":"https:\/\/theperfumebottles.com\/cs\/wp-json\/wp\/v2\/media\/2265"}],"wp:attachment":[{"href":"https:\/\/theperfumebottles.com\/cs\/wp-json\/wp\/v2\/media?parent=1698"}],"wp:term":[{"taxonomy":"product_brand","embeddable":true,"href":"https:\/\/theperfumebottles.com\/cs\/wp-json\/wp\/v2\/product_brand?post=1698"},{"taxonomy":"product_cat","embeddable":true,"href":"https:\/\/theperfumebottles.com\/cs\/wp-json\/wp\/v2\/product_cat?post=1698"},{"taxonomy":"product_tag","embeddable":true,"href":"https:\/\/theperfumebottles.com\/cs\/wp-json\/wp\/v2\/product_tag?post=1698"}],"curies":[{"name":"wp","href":"https:\/\/api.w.org\/{rel}","templated":true}]}}