{"id":1731,"date":"2025-02-06T04:04:27","date_gmt":"2025-02-06T04:04:27","guid":{"rendered":"https:\/\/theperfumebottles.com\/?post_type=product&#038;p=1731"},"modified":"2025-05-30T17:17:57","modified_gmt":"2025-05-30T09:17:57","slug":"10ml-mini-cologne-bottles-bulk","status":"publish","type":"product","link":"https:\/\/theperfumebottles.com\/cs\/produkt\/10ml-mini-cologne-bottles-bulk\/","title":{"rendered":"10ml mini kol\u00ednsk\u00e9 lahvi\u010dky pro zna\u010dky parf\u00e9m\u016f"},"content":{"rendered":"<p>10ml miniaturn\u00ed lahvice na parf\u00e9my je tak p\u0159esn\u00e1 jako \u0161v\u00fdcarsk\u00e9 hodinky. T\u0159ikr\u00e1t personalizovan\u00e1 \u0159emesln\u00e1 zru\u010dnost (vypalov\u00e1n\u00ed\/carving\/hot stamping) zaji\u0161\u0165uje, \u017ee ka\u017ed\u00e1 detail je kontejnerem du\u0161e zna\u010dky. Hermetick\u00e1 konstrukce a p\u0159enosn\u00e1 velikost umo\u017e\u0148uj\u00ed bal\u00ed\u010dku s v\u016fn\u00ed nebo v\u00fdb\u011brov\u00e9mu bal\u00ed\u010dku rozkv\u00e9st tich\u00fdm deklarovan\u00fdm kvalitou v ruce \u2013 od test\u016f sad fast fashion zna\u010dek po limitovan\u00e9 d\u00e1rkov\u00e9 krabi\u010dky luxusn\u00edch joint model\u016f, tato miniaturn\u00ed lahvi\u010dka s svou precizn\u00ed objemnost\u00ed nese obrovskou energii. Nejde jen o olfaktorick\u00fd n\u00e1vnadn\u00fd prvek pro dosa\u017een\u00ed nov\u00fdch z\u00e1kazn\u00edk\u016f, ale tak\u00e9 o neviditeln\u00fd spoj pro p\u0159echod na opakovan\u00e9 n\u00e1kupy, \u010d\u00edm\u017e ka\u017ed\u00e1 kapka v\u016fn\u011b st\u00e1v\u00e1 spou\u0161t\u011b\u010dem pam\u011bti zna\u010dky.<\/p>\n<table style=\"border-collapse: collapse;margin-left: auto;margin-right: auto;width: 90%;height: 596px\" border=\"0\" width=\"90%\" cellspacing=\"0\" cellpadding=\"0\">\n<tbody>\n<tr style=\"height: 13.50pt\">\n<td style=\"height: 13.50pt;width: 10%\" width=\"10%\" height=\"18\">Model<\/td>\n<td style=\"width: 30%\" width=\"30%\">PB-YX1801<\/td>\n<td style=\"width: 30%\" width=\"30%\">PB-YX1802<\/td>\n<td style=\"width: 30%\" width=\"30%\">PB-YX1803<\/td>\n<\/tr>\n<tr style=\"height: 13.50pt\">\n<td style=\"height: 13.50pt\" height=\"18\">Podrobnosti<\/td>\n<td><img fetchpriority=\"high\" decoding=\"async\" class=\"size-medium wp-image-2437 aligncenter\" src=\"https:\/\/theperfumebottles.com\/wp-content\/uploads\/2025\/02\/mini-cologne-bottles-details-yx1801-300x300.jpg\" alt=\"Podrobnosti o mini kol\u00ednsk\u00e9\" width=\"300\" height=\"300\" srcset=\"https:\/\/theperfumebottles.com\/wp-content\/uploads\/2025\/02\/mini-cologne-bottles-details-yx1801-300x300.jpg 300w, https:\/\/theperfumebottles.com\/wp-content\/uploads\/2025\/02\/mini-cologne-bottles-details-yx1801-150x150.jpg 150w, https:\/\/theperfumebottles.com\/wp-content\/uploads\/2025\/02\/mini-cologne-bottles-details-yx1801-768x768.jpg 768w, https:\/\/theperfumebottles.com\/wp-content\/uploads\/2025\/02\/mini-cologne-bottles-details-yx1801-12x12.jpg 12w, https:\/\/theperfumebottles.com\/wp-content\/uploads\/2025\/02\/mini-cologne-bottles-details-yx1801-600x600.jpg 600w, https:\/\/theperfumebottles.com\/wp-content\/uploads\/2025\/02\/mini-cologne-bottles-details-yx1801-100x100.jpg 100w, https:\/\/theperfumebottles.com\/wp-content\/uploads\/2025\/02\/mini-cologne-bottles-details-yx1801.jpg 1000w\" sizes=\"(max-width: 300px) 100vw, 300px\" \/><\/td>\n<td class=\"et2\" colspan=\"2\"><img decoding=\"async\" class=\"size-medium wp-image-2439 aligncenter\" src=\"https:\/\/theperfumebottles.com\/wp-content\/uploads\/2025\/02\/sample-perfume-bottles-details-yx180302-300x300.jpg\" alt=\"podrobnosti o vzorc\u00edch lahvi\u010dek na parf\u00e9my\" width=\"300\" height=\"300\" srcset=\"https:\/\/theperfumebottles.com\/wp-content\/uploads\/2025\/02\/sample-perfume-bottles-details-yx180302-300x300.jpg 300w, https:\/\/theperfumebottles.com\/wp-content\/uploads\/2025\/02\/sample-perfume-bottles-details-yx180302-150x150.jpg 150w, https:\/\/theperfumebottles.com\/wp-content\/uploads\/2025\/02\/sample-perfume-bottles-details-yx180302-768x768.jpg 768w, https:\/\/theperfumebottles.com\/wp-content\/uploads\/2025\/02\/sample-perfume-bottles-details-yx180302-12x12.jpg 12w, https:\/\/theperfumebottles.com\/wp-content\/uploads\/2025\/02\/sample-perfume-bottles-details-yx180302-600x600.jpg 600w, https:\/\/theperfumebottles.com\/wp-content\/uploads\/2025\/02\/sample-perfume-bottles-details-yx180302-100x100.jpg 100w, https:\/\/theperfumebottles.com\/wp-content\/uploads\/2025\/02\/sample-perfume-bottles-details-yx180302.jpg 1000w\" sizes=\"(max-width: 300px) 100vw, 300px\" \/><\/td>\n<\/tr>\n<tr style=\"height: 13.50pt\">\n<td style=\"height: 13.50pt\" height=\"18\">Sklen\u011bn\u00e9 t\u011blo<\/td>\n<td><img decoding=\"async\" class=\"size-medium wp-image-2443 aligncenter\" src=\"https:\/\/theperfumebottles.com\/wp-content\/uploads\/2025\/02\/mini-cologne-bottles-shape-yx01-300x300.jpg\" alt=\"\" width=\"300\" height=\"300\" srcset=\"https:\/\/theperfumebottles.com\/wp-content\/uploads\/2025\/02\/mini-cologne-bottles-shape-yx01-300x300.jpg 300w, https:\/\/theperfumebottles.com\/wp-content\/uploads\/2025\/02\/mini-cologne-bottles-shape-yx01-150x150.jpg 150w, https:\/\/theperfumebottles.com\/wp-content\/uploads\/2025\/02\/mini-cologne-bottles-shape-yx01-768x768.jpg 768w, https:\/\/theperfumebottles.com\/wp-content\/uploads\/2025\/02\/mini-cologne-bottles-shape-yx01-12x12.jpg 12w, https:\/\/theperfumebottles.com\/wp-content\/uploads\/2025\/02\/mini-cologne-bottles-shape-yx01-600x600.jpg 600w, https:\/\/theperfumebottles.com\/wp-content\/uploads\/2025\/02\/mini-cologne-bottles-shape-yx01-100x100.jpg 100w, https:\/\/theperfumebottles.com\/wp-content\/uploads\/2025\/02\/mini-cologne-bottles-shape-yx01.jpg 1000w\" sizes=\"(max-width: 300px) 100vw, 300px\" \/><\/td>\n<td><img loading=\"lazy\" decoding=\"async\" class=\"size-medium wp-image-2445 aligncenter\" src=\"https:\/\/theperfumebottles.com\/wp-content\/uploads\/2025\/02\/tiny-perfume-bottles-shape-yx1802-300x300.jpg\" alt=\"\" width=\"300\" height=\"300\" srcset=\"https:\/\/theperfumebottles.com\/wp-content\/uploads\/2025\/02\/tiny-perfume-bottles-shape-yx1802-300x300.jpg 300w, https:\/\/theperfumebottles.com\/wp-content\/uploads\/2025\/02\/tiny-perfume-bottles-shape-yx1802-150x150.jpg 150w, https:\/\/theperfumebottles.com\/wp-content\/uploads\/2025\/02\/tiny-perfume-bottles-shape-yx1802-768x768.jpg 768w, https:\/\/theperfumebottles.com\/wp-content\/uploads\/2025\/02\/tiny-perfume-bottles-shape-yx1802-12x12.jpg 12w, https:\/\/theperfumebottles.com\/wp-content\/uploads\/2025\/02\/tiny-perfume-bottles-shape-yx1802-600x600.jpg 600w, https:\/\/theperfumebottles.com\/wp-content\/uploads\/2025\/02\/tiny-perfume-bottles-shape-yx1802-100x100.jpg 100w, https:\/\/theperfumebottles.com\/wp-content\/uploads\/2025\/02\/tiny-perfume-bottles-shape-yx1802.jpg 1000w\" sizes=\"(max-width: 300px) 100vw, 300px\" \/><\/td>\n<td><img loading=\"lazy\" decoding=\"async\" class=\"wp-image-2444 size-medium aligncenter\" src=\"https:\/\/theperfumebottles.com\/wp-content\/uploads\/2025\/02\/sample-perfume-bottles-shape-yx1803-300x300.jpg\" alt=\"\" width=\"300\" height=\"300\" srcset=\"https:\/\/theperfumebottles.com\/wp-content\/uploads\/2025\/02\/sample-perfume-bottles-shape-yx1803-300x300.jpg 300w, https:\/\/theperfumebottles.com\/wp-content\/uploads\/2025\/02\/sample-perfume-bottles-shape-yx1803-150x150.jpg 150w, https:\/\/theperfumebottles.com\/wp-content\/uploads\/2025\/02\/sample-perfume-bottles-shape-yx1803-768x768.jpg 768w, https:\/\/theperfumebottles.com\/wp-content\/uploads\/2025\/02\/sample-perfume-bottles-shape-yx1803-12x12.jpg 12w, https:\/\/theperfumebottles.com\/wp-content\/uploads\/2025\/02\/sample-perfume-bottles-shape-yx1803-600x600.jpg 600w, https:\/\/theperfumebottles.com\/wp-content\/uploads\/2025\/02\/sample-perfume-bottles-shape-yx1803-100x100.jpg 100w, https:\/\/theperfumebottles.com\/wp-content\/uploads\/2025\/02\/sample-perfume-bottles-shape-yx1803.jpg 1000w\" sizes=\"(max-width: 300px) 100vw, 300px\" \/><\/td>\n<\/tr>\n<\/tbody>\n<\/table>\n<h2>Kl\u00ed\u010dov\u00e9 specifikace na\u0161ich mini kol\u00ednsk\u00fdch lahvi\u010dek<\/h2>\n<table style=\"border-collapse: collapse;margin-left: auto;margin-right: auto;width: 556.52pt\" border=\"0\" width=\"742\" cellspacing=\"0\" cellpadding=\"0\">\n<tbody>\n<tr style=\"height: 14.25pt\">\n<td class=\"et3\" style=\"height: 14.25pt;width: 139.50pt\" width=\"186\" height=\"19\">\u010c\u00edslo modelu<\/td>\n<td class=\"et3\" style=\"width: 86.25pt\" width=\"115\">R\u00e1\u017ee<\/td>\n<td class=\"et3\" style=\"width: 82.50pt\" width=\"110\">Kapacita<\/td>\n<td class=\"et3\" style=\"width: 90.75pt\" width=\"121\">Tvar<\/td>\n<td class=\"et3\" style=\"width: 157.50pt\" width=\"210\">Rozm\u011br skla (mm)<\/td>\n<\/tr>\n<tr style=\"height: 14.25pt\">\n<td class=\"et3\" style=\"height: 14.25pt;width: 139.50pt\" width=\"186\" height=\"19\">PB-YX1801<\/td>\n<td class=\"et4\">13 mm<\/td>\n<td class=\"et3\" style=\"width: 82.50pt\" width=\"110\">10 ml<\/td>\n<td class=\"et3\" style=\"width: 90.75pt\" width=\"121\">V\u00e1lcov\u00fd<\/td>\n<td class=\"et3\" style=\"width: 157.50pt\" width=\"210\">23\u00d7 105<\/td>\n<\/tr>\n<tr style=\"height: 14.25pt\">\n<td class=\"et3\" style=\"height: 14.25pt;width: 139.50pt\" width=\"186\" height=\"19\">PB-YX1802<\/td>\n<td class=\"et4\">13 mm<\/td>\n<td class=\"et3\" style=\"width: 82.50pt\" width=\"110\">10 ml<\/td>\n<td class=\"et3\" style=\"width: 90.75pt\" width=\"121\">Cobuid<\/td>\n<td class=\"et4\">17\u00d7 17\u00d7 99<\/td>\n<\/tr>\n<tr style=\"height: 14.25pt\">\n<td class=\"et3\" style=\"height: 14.25pt;width: 139.50pt\" width=\"186\" height=\"19\">PB-YX1803<\/td>\n<td class=\"et4\">13 mm<\/td>\n<td class=\"et3\" style=\"width: 82.50pt\" width=\"110\">10 ml<\/td>\n<td class=\"et3\" style=\"width: 90.75pt\" width=\"121\">Cobuid<\/td>\n<td class=\"et4\">21\u00d7 21\u00d7 103<\/td>\n<\/tr>\n<\/tbody>\n<\/table>","protected":false},"excerpt":{"rendered":"<p>Na\u0161e mini kol\u00ednsk\u00e9 lahvi\u010dky nab\u00edzej\u00ed vysoce kvalitn\u00ed konstrukci, univerz\u00e1ln\u00ed mo\u017enosti p\u0159izp\u016fsoben\u00ed a prakti\u010dnost, tak\u017ee jsou ide\u00e1ln\u00ed pro majitele zna\u010dek parf\u00e9m\u016f a velkoobchodn\u00edky, kte\u0159\u00ed hledaj\u00ed stylov\u00e9 a funk\u010dn\u00ed obaly pro sv\u00e9 \u0159ady v\u016fn\u00ed.<\/p>","protected":false},"featured_media":2438,"comment_status":"open","ping_status":"closed","template":"","meta":{"_acf_changed":false,"site-sidebar-layout":"default","site-content-layout":"","ast-site-content-layout":"default","site-content-style":"default","site-sidebar-style":"default","ast-global-header-display":"","ast-banner-title-visibility":"","ast-main-header-display":"","ast-hfb-above-header-display":"","ast-hfb-below-header-display":"","ast-hfb-mobile-header-display":"","site-post-title":"","ast-breadcrumbs-content":"","ast-featured-img":"","footer-sml-layout":"","ast-disable-related-posts":"","theme-transparent-header-meta":"default","adv-header-id-meta":"","stick-header-meta":"","header-above-stick-meta":"","header-main-stick-meta":"","header-below-stick-meta":"","astra-migrate-meta-layouts":"set","ast-page-background-enabled":"default","ast-page-background-meta":{"desktop":{"background-color":"var(--ast-global-color-5)","background-image":"","background-repeat":"repeat","background-position":"center center","background-size":"auto","background-attachment":"scroll","background-type":"","background-media":"","overlay-type":"","overlay-color":"","overlay-opacity":"","overlay-gradient":""},"tablet":{"background-color":"","background-image":"","background-repeat":"repeat","background-position":"center center","background-size":"auto","background-attachment":"scroll","background-type":"","background-media":"","overlay-type":"","overlay-color":"","overlay-opacity":"","overlay-gradient":""},"mobile":{"background-color":"","background-image":"","background-repeat":"repeat","background-position":"center center","background-size":"auto","background-attachment":"scroll","background-type":"","background-media":"","overlay-type":"","overlay-color":"","overlay-opacity":"","overlay-gradient":""}},"ast-content-background-meta":{"desktop":{"background-color":"var(--ast-global-color-4)","background-image":"","background-repeat":"repeat","background-position":"center center","background-size":"auto","background-attachment":"scroll","background-type":"","background-media":"","overlay-type":"","overlay-color":"","overlay-opacity":"","overlay-gradient":""},"tablet":{"background-color":"var(--ast-global-color-4)","background-image":"","background-repeat":"repeat","background-position":"center center","background-size":"auto","background-attachment":"scroll","background-type":"","background-media":"","overlay-type":"","overlay-color":"","overlay-opacity":"","overlay-gradient":""},"mobile":{"background-color":"var(--ast-global-color-4)","background-image":"","background-repeat":"repeat","background-position":"center center","background-size":"auto","background-attachment":"scroll","background-type":"","background-media":"","overlay-type":"","overlay-color":"","overlay-opacity":"","overlay-gradient":""}}},"product_brand":[],"product_cat":[74,72,41],"product_tag":[],"class_list":{"0":"post-1731","1":"product","2":"type-product","3":"status-publish","4":"has-post-thumbnail","6":"product_cat-mini-perfume-bottles","7":"product_cat-cosmetic-packaging","8":"product_cat-perfume-bottles","9":"desktop-align-left","10":"tablet-align-left","11":"mobile-align-left","13":"first","14":"instock","15":"shipping-taxable","16":"product-type-simple"},"acf":[],"jetpack_sharing_enabled":true,"_links":{"self":[{"href":"https:\/\/theperfumebottles.com\/cs\/wp-json\/wp\/v2\/product\/1731","targetHints":{"allow":["GET"]}}],"collection":[{"href":"https:\/\/theperfumebottles.com\/cs\/wp-json\/wp\/v2\/product"}],"about":[{"href":"https:\/\/theperfumebottles.com\/cs\/wp-json\/wp\/v2\/types\/product"}],"replies":[{"embeddable":true,"href":"https:\/\/theperfumebottles.com\/cs\/wp-json\/wp\/v2\/comments?post=1731"}],"wp:featuredmedia":[{"embeddable":true,"href":"https:\/\/theperfumebottles.com\/cs\/wp-json\/wp\/v2\/media\/2438"}],"wp:attachment":[{"href":"https:\/\/theperfumebottles.com\/cs\/wp-json\/wp\/v2\/media?parent=1731"}],"wp:term":[{"taxonomy":"product_brand","embeddable":true,"href":"https:\/\/theperfumebottles.com\/cs\/wp-json\/wp\/v2\/product_brand?post=1731"},{"taxonomy":"product_cat","embeddable":true,"href":"https:\/\/theperfumebottles.com\/cs\/wp-json\/wp\/v2\/product_cat?post=1731"},{"taxonomy":"product_tag","embeddable":true,"href":"https:\/\/theperfumebottles.com\/cs\/wp-json\/wp\/v2\/product_tag?post=1731"}],"curies":[{"name":"wp","href":"https:\/\/api.w.org\/{rel}","templated":true}]}}