{"id":1734,"date":"2025-02-06T07:16:21","date_gmt":"2025-02-06T07:16:21","guid":{"rendered":"https:\/\/theperfumebottles.com\/?post_type=product&#038;p=1734"},"modified":"2025-04-15T08:12:10","modified_gmt":"2025-04-15T08:12:10","slug":"30ml-pink-small-perfume-bottles-wholesale","status":"publish","type":"product","link":"https:\/\/theperfumebottles.com\/cs\/produkt\/30ml-pink-small-perfume-bottles-wholesale\/","title":{"rendered":"30ml r\u016f\u017eov\u00e9 mal\u00e9 parf\u00e9mov\u00e9 lahvi\u010dky velkoobchod"},"content":{"rendered":"<p>Na\u0161e mal\u00e9 lahvi\u010dky na parf\u00e9my jsou navr\u017eeny tak, aby sv\u00fdm jedine\u010dn\u00fdm a sofistikovan\u00fdm stylem pozvedly \u00farove\u0148 balen\u00ed va\u0161\u00ed v\u016fn\u011b. D\u00edky tvaru \u010dtvercov\u00e9ho hranolu, zaoblen\u00fdm roh\u016fm a jedine\u010dn\u00e9 kruhov\u00e9 z\u00e1kladn\u011b p\u0159in\u00e1\u0161ej\u00ed tyto mal\u00e9 lahvi\u010dky na parf\u00e9my styl i stabilitu. Lahvi\u010dky na parf\u00e9my maj\u00ed pr\u016fhledn\u00e9 sklen\u011bn\u00e9 t\u011blo s jemn\u00fdm r\u016f\u017eov\u00fdm kuli\u010dkov\u00fdm uz\u00e1v\u011brem, Ide\u00e1ln\u00ed pro \u0161pi\u010dkov\u00e9 parf\u00e9my, kol\u00ednsk\u00e9 vody nebo cestovn\u00ed v\u016fn\u011b, kter\u00e9 dodaj\u00ed luxusn\u00ed n\u00e1dech ka\u017ed\u00e9 \u0159ad\u011b v\u016fn\u00ed.<\/p>\n<h2><span style=\"font-size: 22px; font-family: 'times new roman', times, serif;\">Kl\u00ed\u010dov\u00e9 specifikace na\u0161ich mal\u00fdch lahvi\u010dek na parf\u00e9my<\/span><\/h2>\n<table style=\"border-collapse: collapse; margin-left: auto; margin-right: auto; width: 363.02pt;\" border=\"0\" width=\"484\" cellspacing=\"0\" cellpadding=\"0\">\n<tbody>\n<tr style=\"height: 20.00pt;\">\n<td class=\"et2\" style=\"height: 20.00pt; width: 161.25pt;\" width=\"215\" height=\"26\">\u010c\u00edslo modelu<\/td>\n<td class=\"et2\" style=\"width: 201.75pt;\" width=\"269\">PB-YX09<\/td>\n<\/tr>\n<tr style=\"height: 20.00pt;\">\n<td class=\"et2\" style=\"height: 20.00pt; width: 161.25pt;\" width=\"215\" height=\"26\">Kapacita<\/td>\n<td class=\"et2\" style=\"width: 201.75pt;\" width=\"269\">30 ml<\/td>\n<\/tr>\n<tr style=\"height: 20.00pt;\">\n<td class=\"et2\" style=\"height: 20.00pt; width: 161.25pt;\" width=\"215\" height=\"26\">R\u00e1\u017ee<\/td>\n<td class=\"et2\" style=\"width: 201.75pt;\" width=\"269\">15 mm<\/td>\n<\/tr>\n<tr style=\"height: 20.00pt;\">\n<td class=\"et2\" style=\"height: 20.00pt; width: 161.25pt;\" width=\"215\" height=\"26\">Rozm\u011br skla<\/td>\n<td>40*40*48 mm<\/td>\n<\/tr>\n<tr style=\"height: 20.00pt;\">\n<td class=\"et2\" style=\"height: 20.00pt; width: 161.25pt;\" width=\"215\" height=\"26\">Barva<\/td>\n<td class=\"et2\" style=\"width: 201.75pt;\" width=\"269\">Transparentn\u00ed s r\u016f\u017eovou kuli\u010dkovou \u010depic\u00ed<\/td>\n<\/tr>\n<tr style=\"height: 20.00pt;\">\n<td class=\"et2\" style=\"height: 20.00pt; width: 161.25pt;\" width=\"215\" height=\"26\">Materi\u00e1l<\/td>\n<td class=\"et2\" style=\"width: 201.75pt;\" width=\"269\">Vysoce kvalitn\u00ed k\u0159i\u0161\u0165\u00e1lov\u00e9 sklo<\/td>\n<\/tr>\n<tr style=\"height: 20.00pt;\">\n<td class=\"et2\" style=\"height: 20.00pt; width: 161.25pt;\" width=\"215\" height=\"26\">Typ t\u011bsn\u011bn\u00ed<\/td>\n<td class=\"et2\" style=\"width: 201.75pt;\" width=\"269\">Rozpra\u0161ova\u010d s \u010derpadlem + kulov\u00fd uz\u00e1v\u011br<\/td>\n<\/tr>\n<\/tbody>\n<\/table>\n<h3>Aplikace<\/h3>\n<p>Tyto mal\u00e9 lahvi\u010dky jsou ide\u00e1ln\u00ed pro luxusn\u00ed zna\u010dky parf\u00e9m\u016f, butiky nebo cestovn\u00ed kolekce parf\u00e9m\u016f. S objemem 30 ml jsou ide\u00e1ln\u00ed pro nab\u00edzen\u00ed vzork\u016f, d\u00e1rk\u016f nebo kompaktn\u00edch lahvi\u010dek parf\u00e9m\u016f pro z\u00e1kazn\u00edky na cest\u00e1ch. A\u0165 u\u017e jste majitelem zna\u010dky nebo velkoobchodn\u00edkem, tyto lahvi\u010dky jsou navr\u017eeny tak, aby spl\u0148ovaly pot\u0159eby maloobchodn\u00edho prodeje i prodeje p\u0159\u00edmo spot\u0159ebitel\u016fm.<\/p>\n<p>Jste p\u0159ipraveni vylep\u0161it sv\u00e9 balen\u00ed parf\u00e9m\u016f? Kontaktujte n\u00e1s je\u0161t\u011b dnes a zadejte objedn\u00e1vku nebo se informujte o mo\u017enostech p\u0159izp\u016fsoben\u00ed pro va\u0161i zna\u010dku parf\u00e9mu.<\/p>","protected":false},"excerpt":{"rendered":"<p>Na\u0161e mal\u00e9 lahvi\u010dky na parf\u00e9my jsou navr\u017eeny tak, aby sv\u00fdm jedine\u010dn\u00fdm a sofistikovan\u00fdm stylem pozvedly \u00farove\u0148 balen\u00ed va\u0161\u00ed v\u016fn\u011b.<\/p>","protected":false},"featured_media":2342,"comment_status":"open","ping_status":"closed","template":"","meta":{"_acf_changed":false,"site-sidebar-layout":"default","site-content-layout":"","ast-site-content-layout":"default","site-content-style":"default","site-sidebar-style":"default","ast-global-header-display":"","ast-banner-title-visibility":"","ast-main-header-display":"","ast-hfb-above-header-display":"","ast-hfb-below-header-display":"","ast-hfb-mobile-header-display":"","site-post-title":"","ast-breadcrumbs-content":"","ast-featured-img":"","footer-sml-layout":"","ast-disable-related-posts":"","theme-transparent-header-meta":"default","adv-header-id-meta":"","stick-header-meta":"","header-above-stick-meta":"","header-main-stick-meta":"","header-below-stick-meta":"","astra-migrate-meta-layouts":"set","ast-page-background-enabled":"default","ast-page-background-meta":{"desktop":{"background-color":"var(--ast-global-color-5)","background-image":"","background-repeat":"repeat","background-position":"center center","background-size":"auto","background-attachment":"scroll","background-type":"","background-media":"","overlay-type":"","overlay-color":"","overlay-opacity":"","overlay-gradient":""},"tablet":{"background-color":"","background-image":"","background-repeat":"repeat","background-position":"center center","background-size":"auto","background-attachment":"scroll","background-type":"","background-media":"","overlay-type":"","overlay-color":"","overlay-opacity":"","overlay-gradient":""},"mobile":{"background-color":"","background-image":"","background-repeat":"repeat","background-position":"center center","background-size":"auto","background-attachment":"scroll","background-type":"","background-media":"","overlay-type":"","overlay-color":"","overlay-opacity":"","overlay-gradient":""}},"ast-content-background-meta":{"desktop":{"background-color":"var(--ast-global-color-4)","background-image":"","background-repeat":"repeat","background-position":"center center","background-size":"auto","background-attachment":"scroll","background-type":"","background-media":"","overlay-type":"","overlay-color":"","overlay-opacity":"","overlay-gradient":""},"tablet":{"background-color":"var(--ast-global-color-4)","background-image":"","background-repeat":"repeat","background-position":"center center","background-size":"auto","background-attachment":"scroll","background-type":"","background-media":"","overlay-type":"","overlay-color":"","overlay-opacity":"","overlay-gradient":""},"mobile":{"background-color":"var(--ast-global-color-4)","background-image":"","background-repeat":"repeat","background-position":"center center","background-size":"auto","background-attachment":"scroll","background-type":"","background-media":"","overlay-type":"","overlay-color":"","overlay-opacity":"","overlay-gradient":""}}},"product_brand":[],"product_cat":[74,72,91,41],"product_tag":[77,76,78],"class_list":{"0":"post-1734","1":"product","2":"type-product","3":"status-publish","4":"has-post-thumbnail","6":"product_cat-mini-perfume-bottles","7":"product_cat-cosmetic-packaging","8":"product_cat-custom-perfume-bottles","9":"product_cat-perfume-bottles","10":"product_tag-pink-perfume-bottles","11":"product_tag-small-perfume-bottles","12":"product_tag-tiny-perfume-bottles","13":"desktop-align-left","14":"tablet-align-left","15":"mobile-align-left","17":"first","18":"instock","19":"shipping-taxable","20":"product-type-simple"},"acf":[],"jetpack_sharing_enabled":true,"_links":{"self":[{"href":"https:\/\/theperfumebottles.com\/cs\/wp-json\/wp\/v2\/product\/1734","targetHints":{"allow":["GET"]}}],"collection":[{"href":"https:\/\/theperfumebottles.com\/cs\/wp-json\/wp\/v2\/product"}],"about":[{"href":"https:\/\/theperfumebottles.com\/cs\/wp-json\/wp\/v2\/types\/product"}],"replies":[{"embeddable":true,"href":"https:\/\/theperfumebottles.com\/cs\/wp-json\/wp\/v2\/comments?post=1734"}],"wp:featuredmedia":[{"embeddable":true,"href":"https:\/\/theperfumebottles.com\/cs\/wp-json\/wp\/v2\/media\/2342"}],"wp:attachment":[{"href":"https:\/\/theperfumebottles.com\/cs\/wp-json\/wp\/v2\/media?parent=1734"}],"wp:term":[{"taxonomy":"product_brand","embeddable":true,"href":"https:\/\/theperfumebottles.com\/cs\/wp-json\/wp\/v2\/product_brand?post=1734"},{"taxonomy":"product_cat","embeddable":true,"href":"https:\/\/theperfumebottles.com\/cs\/wp-json\/wp\/v2\/product_cat?post=1734"},{"taxonomy":"product_tag","embeddable":true,"href":"https:\/\/theperfumebottles.com\/cs\/wp-json\/wp\/v2\/product_tag?post=1734"}],"curies":[{"name":"wp","href":"https:\/\/api.w.org\/{rel}","templated":true}]}}