{"id":1824,"date":"2025-02-10T08:02:56","date_gmt":"2025-02-10T08:02:56","guid":{"rendered":"https:\/\/theperfumebottles.com\/?post_type=product&#038;p=1824"},"modified":"2025-05-29T11:51:05","modified_gmt":"2025-05-29T03:51:05","slug":"100ml-fragrance-bottles-wholesale","status":"publish","type":"product","link":"https:\/\/theperfumebottles.com\/cs\/produkt\/100ml-fragrance-bottles-wholesale\/","title":{"rendered":"Velkoobchodn\u00ed prodej lahvi\u010dek s v\u016fn\u00ed ve tvaru oblouku o objemu 3,4 oz"},"content":{"rendered":"<p>Nab\u00edz\u00edme v\u00e1m parf\u00e9movou lahev plnou modern\u00ed estetiky \u2013 PB-BF02, kter\u00e1 dokonal\u00fdm zp\u016fsobem kombinuje estetiku pr\u016fmyslov\u00e9ho designu s um\u011bn\u00edm parf\u00e9m\u016f. Tato koloni\u00e1ln\u00ed lahev o kapacit\u011b 3.4 uncie (asi 90-97 ml) m\u00e1 jedine\u010dn\u00fd ohebn\u00fd \u010dtvercov\u00fd tvar, kter\u00fd jako by do sv\u011bta parf\u00e9m\u016f injektoval architektonick\u00e9 linie, s modernost\u00ed a eleganc\u00ed. Kdy\u017e va\u0161e prsty proch\u00e1zej\u00ed lahv\u00ed, tepl\u00e1 textura skla a \u010dist\u00e9 ohebn\u00e9 kontury p\u0159in\u00e1\u0161ej\u00ed dvoj\u00ed senzorick\u00e9 pot\u011b\u0161en\u00ed, co\u017e z ka\u017ed\u00e9ho kapku v\u016fn\u011b \u010din\u00ed um\u011bleck\u00e9 d\u00edlo stoj\u00edc\u00ed za sb\u011brem.<\/p>\n<figure id=\"attachment_1825\" aria-describedby=\"caption-attachment-1825\" style=\"width: 300px\" class=\"wp-caption aligncenter\"><img fetchpriority=\"high\" decoding=\"async\" class=\"size-medium wp-image-1825\" src=\"https:\/\/theperfumebottles.com\/wp-content\/uploads\/2025\/02\/fragrance-bottles-wholesale-300x300.jpg\" alt=\"velkoobchod s lahvi\u010dkami na v\u016fn\u011b\" width=\"300\" height=\"300\" srcset=\"https:\/\/theperfumebottles.com\/wp-content\/uploads\/2025\/02\/fragrance-bottles-wholesale-300x300.jpg 300w, https:\/\/theperfumebottles.com\/wp-content\/uploads\/2025\/02\/fragrance-bottles-wholesale-150x150.jpg 150w, https:\/\/theperfumebottles.com\/wp-content\/uploads\/2025\/02\/fragrance-bottles-wholesale-768x768.jpg 768w, https:\/\/theperfumebottles.com\/wp-content\/uploads\/2025\/02\/fragrance-bottles-wholesale-12x12.jpg 12w, https:\/\/theperfumebottles.com\/wp-content\/uploads\/2025\/02\/fragrance-bottles-wholesale-600x600.jpg 600w, https:\/\/theperfumebottles.com\/wp-content\/uploads\/2025\/02\/fragrance-bottles-wholesale-100x100.jpg 100w, https:\/\/theperfumebottles.com\/wp-content\/uploads\/2025\/02\/fragrance-bottles-wholesale.jpg 1000w\" sizes=\"(max-width: 300px) 100vw, 300px\" \/><figcaption id=\"caption-attachment-1825\" class=\"wp-caption-text\">velkoobchod s lahvi\u010dkami na v\u016fn\u011b<\/figcaption><\/figure>\n<h2>Kl\u00ed\u010dov\u00e9 specifikace velkoobchodn\u00edho prodeje PB-BF02 Fragrance Bottles<\/h2>\n<table style=\"border-collapse: collapse;margin-left: auto;margin-right: auto;width: 327.77pt\" border=\"0\" width=\"437\" cellspacing=\"0\" cellpadding=\"0\">\n<tbody>\n<tr style=\"height: 18.00pt\">\n<td class=\"et2\" style=\"height: 18.00pt;width: 114.00pt\" width=\"152\" height=\"24\">\u010c\u00edslo modelu<\/td>\n<td class=\"et2\" style=\"width: 213.75pt\" width=\"285\">PB-BF02<\/td>\n<\/tr>\n<tr style=\"height: 18.00pt\">\n<td class=\"et2\" style=\"height: 18.00pt;width: 114.00pt\" width=\"152\" height=\"24\">Kapacita<\/td>\n<td class=\"et2\" style=\"width: 213.75pt\" width=\"285\">100 ml(3,4 OZ)<\/td>\n<\/tr>\n<tr style=\"height: 18.00pt\">\n<td class=\"et2\" style=\"height: 18.00pt;width: 114.00pt\" width=\"152\" height=\"24\">R\u00e1\u017ee<\/td>\n<td class=\"et2\" style=\"width: 213.75pt\" width=\"285\">15 mm<\/td>\n<\/tr>\n<tr style=\"height: 18.00pt\">\n<td class=\"et2\" style=\"height: 18.00pt;width: 114.00pt\" width=\"152\" height=\"24\">Rozm\u011br skla<\/td>\n<td class=\"et2\" style=\"width: 213.75pt\" width=\"285\">73 mm * 31 mm * 106 mm<\/td>\n<\/tr>\n<tr style=\"height: 18.00pt\">\n<td class=\"et2\" style=\"height: 18.00pt;width: 114.00pt\" width=\"152\" height=\"24\">Barva<\/td>\n<td class=\"et2\" style=\"width: 213.75pt\" width=\"285\">Transparentn\u00ed s \u010dern\u00fdm uz\u00e1v\u011brem<\/td>\n<\/tr>\n<tr style=\"height: 18.00pt\">\n<td class=\"et2\" style=\"height: 18.00pt;width: 114.00pt\" width=\"152\" height=\"24\">Materi\u00e1l<\/td>\n<td class=\"et2\" style=\"width: 213.75pt\" width=\"285\">Vysoce kvalitn\u00ed k\u0159i\u0161\u0165\u00e1lov\u00e9 sklo<\/td>\n<\/tr>\n<tr style=\"height: 18.00pt\">\n<td class=\"et2\" style=\"height: 18.00pt;width: 114.00pt\" width=\"152\" height=\"24\">Typ t\u011bsn\u011bn\u00ed<\/td>\n<td class=\"et2\" style=\"width: 213.75pt\" width=\"285\">\u010cerpadlov\u00fd post\u0159ikova\u010d + uz\u00e1v\u011br<\/td>\n<\/tr>\n<\/tbody>\n<\/table>\n<h2>Adaptace na sc\u00e9nu: R\u016fzn\u00e9 mo\u017enosti od ka\u017edodenn\u00edho \u017eivota po luxus<\/h2>\n<ul>\n<li><strong>M\u011bstsk\u00e1 p\u0159eprava:<\/strong> Kapacita 90 ml dokonale odpov\u00edd\u00e1 ka\u017edodenn\u00edm pot\u0159eb\u00e1m, lehk\u00e1, ale bez pocitu ritu\u00e1lu<\/li>\n<li><strong>Cestovn\u00ed bal\u00ed\u010dek:<\/strong> Velikost lahve spl\u0148uje leteck\u00e9 normy na p\u0159epravu tekutin a \u010dern\u00fd z\u00e1tkov\u00fd \u0161roub m\u00e1 pro\u0161lo mezin\u00e1rodn\u00ed certifikac\u00ed leteck\u00e9 bezpe\u010dnosti<\/li>\n<li><strong>Podnikatelsk\u00fd sc\u00e9n\u00e1\u0159:<\/strong> P\u0159ekupn\u00ed z\u00e1kazn\u00edci mohou vybrat r\u016fzn\u00e9 specifikace, aby splnili pot\u0159eby od convenience storem po p\u011btihv\u011bzdi\u010dkov\u00e9 hotely<\/li>\n<\/ul>","protected":false},"excerpt":{"rendered":"<p>P\u0159edstavujeme v\u00e1m sklen\u011bn\u00e9 lahvi\u010dky na kol\u00ednskou vodu PB-BF02 pro velkoobchodn\u00ed prodej, kter\u00e9 jsou navr\u017eeny ve tvaru elegantn\u00edho obloukov\u00e9ho obd\u00e9ln\u00edku a vyza\u0159uj\u00ed modern\u00ed minimalismus.<\/p>","protected":false},"featured_media":2330,"comment_status":"open","ping_status":"closed","template":"","meta":{"_acf_changed":false,"site-sidebar-layout":"default","site-content-layout":"","ast-site-content-layout":"default","site-content-style":"default","site-sidebar-style":"default","ast-global-header-display":"","ast-banner-title-visibility":"","ast-main-header-display":"","ast-hfb-above-header-display":"","ast-hfb-below-header-display":"","ast-hfb-mobile-header-display":"","site-post-title":"","ast-breadcrumbs-content":"","ast-featured-img":"","footer-sml-layout":"","ast-disable-related-posts":"","theme-transparent-header-meta":"default","adv-header-id-meta":"","stick-header-meta":"","header-above-stick-meta":"","header-main-stick-meta":"","header-below-stick-meta":"","astra-migrate-meta-layouts":"set","ast-page-background-enabled":"default","ast-page-background-meta":{"desktop":{"background-color":"var(--ast-global-color-5)","background-image":"","background-repeat":"repeat","background-position":"center center","background-size":"auto","background-attachment":"scroll","background-type":"","background-media":"","overlay-type":"","overlay-color":"","overlay-opacity":"","overlay-gradient":""},"tablet":{"background-color":"","background-image":"","background-repeat":"repeat","background-position":"center center","background-size":"auto","background-attachment":"scroll","background-type":"","background-media":"","overlay-type":"","overlay-color":"","overlay-opacity":"","overlay-gradient":""},"mobile":{"background-color":"","background-image":"","background-repeat":"repeat","background-position":"center center","background-size":"auto","background-attachment":"scroll","background-type":"","background-media":"","overlay-type":"","overlay-color":"","overlay-opacity":"","overlay-gradient":""}},"ast-content-background-meta":{"desktop":{"background-color":"var(--ast-global-color-4)","background-image":"","background-repeat":"repeat","background-position":"center center","background-size":"auto","background-attachment":"scroll","background-type":"","background-media":"","overlay-type":"","overlay-color":"","overlay-opacity":"","overlay-gradient":""},"tablet":{"background-color":"var(--ast-global-color-4)","background-image":"","background-repeat":"repeat","background-position":"center center","background-size":"auto","background-attachment":"scroll","background-type":"","background-media":"","overlay-type":"","overlay-color":"","overlay-opacity":"","overlay-gradient":""},"mobile":{"background-color":"var(--ast-global-color-4)","background-image":"","background-repeat":"repeat","background-position":"center center","background-size":"auto","background-attachment":"scroll","background-type":"","background-media":"","overlay-type":"","overlay-color":"","overlay-opacity":"","overlay-gradient":""}}},"product_brand":[],"product_cat":[41,72],"product_tag":[84],"class_list":{"0":"post-1824","1":"product","2":"type-product","3":"status-publish","4":"has-post-thumbnail","6":"product_cat-perfume-bottles","7":"product_cat-cosmetic-packaging","8":"product_tag-fragrance-bottles","9":"desktop-align-left","10":"tablet-align-left","11":"mobile-align-left","13":"first","14":"instock","15":"shipping-taxable","16":"product-type-simple"},"acf":[],"jetpack_sharing_enabled":true,"_links":{"self":[{"href":"https:\/\/theperfumebottles.com\/cs\/wp-json\/wp\/v2\/product\/1824","targetHints":{"allow":["GET"]}}],"collection":[{"href":"https:\/\/theperfumebottles.com\/cs\/wp-json\/wp\/v2\/product"}],"about":[{"href":"https:\/\/theperfumebottles.com\/cs\/wp-json\/wp\/v2\/types\/product"}],"replies":[{"embeddable":true,"href":"https:\/\/theperfumebottles.com\/cs\/wp-json\/wp\/v2\/comments?post=1824"}],"wp:featuredmedia":[{"embeddable":true,"href":"https:\/\/theperfumebottles.com\/cs\/wp-json\/wp\/v2\/media\/2330"}],"wp:attachment":[{"href":"https:\/\/theperfumebottles.com\/cs\/wp-json\/wp\/v2\/media?parent=1824"}],"wp:term":[{"taxonomy":"product_brand","embeddable":true,"href":"https:\/\/theperfumebottles.com\/cs\/wp-json\/wp\/v2\/product_brand?post=1824"},{"taxonomy":"product_cat","embeddable":true,"href":"https:\/\/theperfumebottles.com\/cs\/wp-json\/wp\/v2\/product_cat?post=1824"},{"taxonomy":"product_tag","embeddable":true,"href":"https:\/\/theperfumebottles.com\/cs\/wp-json\/wp\/v2\/product_tag?post=1824"}],"curies":[{"name":"wp","href":"https:\/\/api.w.org\/{rel}","templated":true}]}}