{"id":1827,"date":"2025-02-10T09:15:47","date_gmt":"2025-02-10T09:15:47","guid":{"rendered":"https:\/\/theperfumebottles.com\/?post_type=product&#038;p=1827"},"modified":"2025-05-29T13:08:36","modified_gmt":"2025-05-29T05:08:36","slug":"100ml-personalized-cologne-bottle","status":"publish","type":"product","link":"https:\/\/theperfumebottles.com\/cs\/produkt\/100ml-personalized-cologne-bottle\/","title":{"rendered":"100ml personalizovan\u00e1 lahvi\u010dka na kol\u00ednskou vodu se st\u0159\u00edbrn\u00fdm uz\u00e1v\u011brem"},"content":{"rendered":"<p>P\u0159edstavujeme v\u00e1m 100 ml (3.4 oz) personalizovanou parf\u00e9movou lahvi, kter\u00e1 je jak elegantn\u00ed, tak praktick\u00e1. Tato mu\u017esk\u00e1 parf\u00e9mov\u00e1 lahvi je inspirov\u00e1na pe\u010dliv\u011b tvarovan\u00fdm \u010dtvercem, s elegantn\u00edmi zaoblen\u00fdmi liniami a st\u0159etem \u010dern\u00e9 a pr\u016fhledn\u00e9 ukazuje nezm\u011bnliv\u00fd kouzlo. Jsou k dispozici dv\u011b barvy k v\u00fdb\u011bru: klidn\u00e1 \u010dern\u00e1 a pr\u016fhledn\u00fd krystal, a st\u0159\u00edbrn\u00e9 v\u00ed\u010dko je tak ostr\u00e9 jako rohy budovy. Zaoblen\u00e9 t\u011blo lahve z\u00e1\u0159\u00ed pod sv\u011btlem, \u010dern\u00fd model ukazuje chlap\u010denskou povahu a krystalov\u00fd model je tak pr\u016fhledn\u00fd jako ambra. Ka\u017ed\u00e1 strana je vizu\u00e1ln\u00ed um\u011bn\u00ed.<\/p>\n<h2>Kl\u00ed\u010dov\u00e9 specifikace personalizovan\u00e9 kol\u00ednsk\u00e9 l\u00e1hve<\/h2>\n<table style=\"border-collapse: collapse;margin-left: auto;margin-right: auto;width: 327.77pt\" border=\"0\" width=\"437\" cellspacing=\"0\" cellpadding=\"0\">\n<tbody>\n<tr style=\"height: 18.00pt\">\n<td class=\"et2\" style=\"height: 18.00pt;width: 114.00pt\" width=\"152\" height=\"24\">\u010c\u00edslo modelu<\/td>\n<td class=\"et2\" style=\"width: 213.75pt\" width=\"285\">PB-BF03<\/td>\n<\/tr>\n<tr style=\"height: 18.00pt\">\n<td class=\"et2\" style=\"height: 18.00pt;width: 114.00pt\" width=\"152\" height=\"24\">Kapacita<\/td>\n<td class=\"et2\" style=\"width: 213.75pt\" width=\"285\">100 ml<\/td>\n<\/tr>\n<tr style=\"height: 18.00pt\">\n<td class=\"et2\" style=\"height: 18.00pt;width: 114.00pt\" width=\"152\" height=\"24\">R\u00e1\u017ee<\/td>\n<td class=\"et2\" style=\"width: 213.75pt\" width=\"285\">15 mm<\/td>\n<\/tr>\n<tr style=\"height: 18.00pt\">\n<td class=\"et2\" style=\"height: 18.00pt;width: 114.00pt\" width=\"152\" height=\"24\">Rozm\u011br skla<\/td>\n<td class=\"et2\" style=\"width: 213.75pt\" width=\"285\">69 mm * 32 mm * 110 mm<\/td>\n<\/tr>\n<tr style=\"height: 18.00pt\">\n<td class=\"et2\" style=\"height: 18.00pt;width: 114.00pt\" width=\"152\" height=\"24\">Barva<\/td>\n<td class=\"et2\" style=\"width: 213.75pt\" width=\"285\">Transparentn\u00ed se st\u0159\u00edbrn\u00fdm uz\u00e1v\u011brem<\/td>\n<\/tr>\n<tr style=\"height: 18.00pt\">\n<td class=\"et2\" style=\"height: 18.00pt;width: 114.00pt\" width=\"152\" height=\"24\">Materi\u00e1l<\/td>\n<td class=\"et2\" style=\"width: 213.75pt\" width=\"285\">Vysoce kvalitn\u00ed k\u0159i\u0161\u0165\u00e1lov\u00e9 sklo<\/td>\n<\/tr>\n<tr style=\"height: 18.00pt\">\n<td class=\"et2\" style=\"height: 18.00pt;width: 114.00pt\" width=\"152\" height=\"24\">Typ t\u011bsn\u011bn\u00ed<\/td>\n<td class=\"et2\" style=\"width: 213.75pt\" width=\"285\">\u010cerpadlov\u00fd post\u0159ikova\u010d + uz\u00e1v\u011br<\/td>\n<\/tr>\n<\/tbody>\n<\/table>\n<h2>Pln\u00e1 sc\u00e9nov\u00e1 adaptace:<\/h2>\n<ul>\n<li><strong>Zna\u010dka:<\/strong> Vytvo\u0159te high-endovou mu\u017eskou parf\u00e9movou s\u00e9rii, podporujte LOGO laserovou gravaci + 3D reli\u00e9f lahve<\/li>\n<li><strong>D\u011bln\u00edk:<\/strong> P\u0159izp\u016fsobte se kan\u00e1l\u016fm denn\u00ed kosmetiky \/ duty-free obchodu v\u00fdstava, n\u00e1klady na lahvi jsou 15% ni\u017e\u0161\u00ed ne\u017e podobn\u00e9 produkty<\/li>\n<li><strong>Soukrom\u00e1 personalizace:<\/strong> Od svatebn\u00edch t\u00e9mat v\u016fn\u00ed po soukrom\u00e9 sb\u00edrky, spl\u0148te r\u016fzn\u00e9 pot\u0159eby<\/li>\n<\/ul>\n<p>Tuto parf\u00e9movou lahvi, kter\u00e1 kombinuje kr\u00e1su a prakti\u010dnost, vst\u0159\u00edkn\u011bte novou vitalitu do va\u0161\u00ed zna\u010dky. Kontaktujte n\u00e1s nyn\u00ed pro exkluzivn\u00ed personalizovan\u00e9 \u0159e\u0161en\u00ed a otev\u0159ete novou kapitolu ve va\u0161ich v\u016fn\u00edch estetice!<\/p>","protected":false},"excerpt":{"rendered":"<p>P\u0159in\u00e1\u0161\u00edme v\u00e1m 100 ml (3.4 oz) personalizovanou flakonku s parfumem, kter\u00e1 je jak elegantn\u00ed, tak praktick\u00e1. Tento mu\u017esk\u00fd \u2026<\/p>","protected":false},"featured_media":2325,"comment_status":"open","ping_status":"closed","template":"","meta":{"_acf_changed":false,"site-sidebar-layout":"default","site-content-layout":"","ast-site-content-layout":"default","site-content-style":"default","site-sidebar-style":"default","ast-global-header-display":"","ast-banner-title-visibility":"","ast-main-header-display":"","ast-hfb-above-header-display":"","ast-hfb-below-header-display":"","ast-hfb-mobile-header-display":"","site-post-title":"","ast-breadcrumbs-content":"","ast-featured-img":"","footer-sml-layout":"","ast-disable-related-posts":"","theme-transparent-header-meta":"default","adv-header-id-meta":"","stick-header-meta":"","header-above-stick-meta":"","header-main-stick-meta":"","header-below-stick-meta":"","astra-migrate-meta-layouts":"set","ast-page-background-enabled":"default","ast-page-background-meta":{"desktop":{"background-color":"var(--ast-global-color-5)","background-image":"","background-repeat":"repeat","background-position":"center center","background-size":"auto","background-attachment":"scroll","background-type":"","background-media":"","overlay-type":"","overlay-color":"","overlay-opacity":"","overlay-gradient":""},"tablet":{"background-color":"","background-image":"","background-repeat":"repeat","background-position":"center center","background-size":"auto","background-attachment":"scroll","background-type":"","background-media":"","overlay-type":"","overlay-color":"","overlay-opacity":"","overlay-gradient":""},"mobile":{"background-color":"","background-image":"","background-repeat":"repeat","background-position":"center center","background-size":"auto","background-attachment":"scroll","background-type":"","background-media":"","overlay-type":"","overlay-color":"","overlay-opacity":"","overlay-gradient":""}},"ast-content-background-meta":{"desktop":{"background-color":"var(--ast-global-color-4)","background-image":"","background-repeat":"repeat","background-position":"center center","background-size":"auto","background-attachment":"scroll","background-type":"","background-media":"","overlay-type":"","overlay-color":"","overlay-opacity":"","overlay-gradient":""},"tablet":{"background-color":"var(--ast-global-color-4)","background-image":"","background-repeat":"repeat","background-position":"center center","background-size":"auto","background-attachment":"scroll","background-type":"","background-media":"","overlay-type":"","overlay-color":"","overlay-opacity":"","overlay-gradient":""},"mobile":{"background-color":"var(--ast-global-color-4)","background-image":"","background-repeat":"repeat","background-position":"center center","background-size":"auto","background-attachment":"scroll","background-type":"","background-media":"","overlay-type":"","overlay-color":"","overlay-opacity":"","overlay-gradient":""}}},"product_brand":[],"product_cat":[41,72],"product_tag":[],"class_list":{"0":"post-1827","1":"product","2":"type-product","3":"status-publish","4":"has-post-thumbnail","6":"product_cat-perfume-bottles","7":"product_cat-cosmetic-packaging","8":"desktop-align-left","9":"tablet-align-left","10":"mobile-align-left","12":"first","13":"instock","14":"shipping-taxable","15":"product-type-simple"},"acf":[],"jetpack_sharing_enabled":true,"_links":{"self":[{"href":"https:\/\/theperfumebottles.com\/cs\/wp-json\/wp\/v2\/product\/1827","targetHints":{"allow":["GET"]}}],"collection":[{"href":"https:\/\/theperfumebottles.com\/cs\/wp-json\/wp\/v2\/product"}],"about":[{"href":"https:\/\/theperfumebottles.com\/cs\/wp-json\/wp\/v2\/types\/product"}],"replies":[{"embeddable":true,"href":"https:\/\/theperfumebottles.com\/cs\/wp-json\/wp\/v2\/comments?post=1827"}],"wp:featuredmedia":[{"embeddable":true,"href":"https:\/\/theperfumebottles.com\/cs\/wp-json\/wp\/v2\/media\/2325"}],"wp:attachment":[{"href":"https:\/\/theperfumebottles.com\/cs\/wp-json\/wp\/v2\/media?parent=1827"}],"wp:term":[{"taxonomy":"product_brand","embeddable":true,"href":"https:\/\/theperfumebottles.com\/cs\/wp-json\/wp\/v2\/product_brand?post=1827"},{"taxonomy":"product_cat","embeddable":true,"href":"https:\/\/theperfumebottles.com\/cs\/wp-json\/wp\/v2\/product_cat?post=1827"},{"taxonomy":"product_tag","embeddable":true,"href":"https:\/\/theperfumebottles.com\/cs\/wp-json\/wp\/v2\/product_tag?post=1827"}],"curies":[{"name":"wp","href":"https:\/\/api.w.org\/{rel}","templated":true}]}}