{"id":1835,"date":"2025-02-12T08:36:19","date_gmt":"2025-02-12T08:36:19","guid":{"rendered":"https:\/\/theperfumebottles.com\/?post_type=product&#038;p=1835"},"modified":"2025-05-29T14:46:40","modified_gmt":"2025-05-29T06:46:40","slug":"20g-eco-friendly-cosmetic-jars","status":"publish","type":"product","link":"https:\/\/theperfumebottles.com\/cs\/produkt\/20g-eco-friendly-cosmetic-jars\/","title":{"rendered":"20g ekologick\u00e9 kosmetick\u00e9 d\u00f3zy"},"content":{"rendered":"<p>Tato kulat\u00e1 sklen\u011bn\u00e1 n\u00e1doba PB-GS20 je inspirov\u00e1na objemem 20 gram\u016f a dokonale kombinuje jednoduchou estetiku s udr\u017eiteln\u00fdm pojet\u00edm. Pr\u016fhledn\u00e9 sklo ukazuje skute\u010dnou barvu v\u00fdrobku jako okno. A\u0165 u\u017e se jedn\u00e1 o hydrata\u010dn\u00ed kr\u00e9m, lehk\u00e9 ple\u0165ov\u00e9 ml\u00e9ko nebo luxusn\u00ed esenci, dok\u00e1\u017ee ochr\u00e1nit aktivitu slo\u017eek pevn\u00fdm sklem a z\u00e1rove\u0148 rozz\u00e1\u0159\u00ed toaletn\u00ed stolek retro kulat\u00fdm tvarem.<\/p>\n<h2>Kl\u00ed\u010dov\u00e9 specifikace kosmetick\u00fdch sklenic Thess Eco Friendly<\/h2>\n<p>&nbsp;<\/p>\n<table style=\"border-collapse: collapse;margin-left: auto;margin-right: auto;width: 459.02pt\" border=\"0\" width=\"612\" cellspacing=\"0\" cellpadding=\"0\">\n<tbody>\n<tr style=\"height: 15.00pt\">\n<td style=\"height: 15.00pt;width: 122.25pt\" width=\"163\" height=\"20\">\u010c\u00edslo modelu<\/td>\n<td style=\"width: 336.75pt\" width=\"449\">PB-GS20<\/td>\n<\/tr>\n<tr style=\"height: 15.00pt\">\n<td style=\"height: 15.00pt\" height=\"20\">\u010cist\u00fd obsah<\/td>\n<td>20 g<\/td>\n<\/tr>\n<tr style=\"height: 15.00pt\">\n<td style=\"height: 15.00pt\" height=\"20\">V\u00ed\u010dko<\/td>\n<td>Plastov\u00fd \u0161roubovac\u00ed uz\u00e1v\u011br a vnit\u0159n\u00ed kryt<\/td>\n<\/tr>\n<tr style=\"height: 15.00pt\">\n<td style=\"height: 15.00pt\" height=\"20\">Tvar<\/td>\n<td>Kolo<\/td>\n<\/tr>\n<tr style=\"height: 15.00pt\">\n<td style=\"height: 15.00pt\" height=\"20\">Pou\u017e\u00edv\u00e1n\u00ed<\/td>\n<td>Kr\u00e9m, kosmetick\u00e9 p\u0159\u00edpravky<\/td>\n<\/tr>\n<tr style=\"height: 15.00pt\">\n<td style=\"height: 15.00pt\" height=\"20\">Pr\u016fmyslov\u00e9 vyu\u017eit\u00ed<\/td>\n<td>Kosmetick\u00e9 obaly<\/td>\n<\/tr>\n<tr style=\"height: 15.00pt\">\n<td style=\"height: 15.00pt\" height=\"20\">Materi\u00e1l l\u00edmce<\/td>\n<td>Sklo<\/td>\n<\/tr>\n<tr style=\"height: 15.00pt\">\n<td style=\"height: 15.00pt\" height=\"20\">50\u6beb\u5347\u9999\u6c34\u74f6<\/td>\n<td>Matn\u00fd, obtisk, lesk, barva, barevn\u00fd sprej atd.<\/td>\n<\/tr>\n<tr style=\"height: 15.00pt\">\n<td style=\"height: 15.00pt\" height=\"20\">Logo<\/td>\n<td>P\u0159ijateln\u00e9 logo z\u00e1kazn\u00edka<\/td>\n<\/tr>\n<tr style=\"height: 15.00pt\">\n<td style=\"height: 15.00pt\" height=\"20\">Uk\u00e1zka<\/td>\n<td>Poskytov\u00e1no zdarma<\/td>\n<\/tr>\n<tr style=\"height: 15.00pt\">\n<td style=\"height: 15.00pt\" height=\"20\">Balen\u00ed<\/td>\n<td>P\u0159izp\u016fsoben\u00e9 P\u0159ijateln\u00e9<\/td>\n<\/tr>\n<tr style=\"height: 15.00pt\">\n<td style=\"height: 15.00pt\" height=\"20\">Barva<\/td>\n<td>P\u0159izp\u016fsoben\u00e1 barva<\/td>\n<\/tr>\n<\/tbody>\n<\/table>\n<h2>V\u0161estrann\u00e9 kontejnery, kter\u00e9 uspokoj\u00ed v\u00edce pot\u0159eb<\/h2>\n<p>Tato 20gramov\u00e1 sklen\u011bn\u00e1 d\u00f3za je univerz\u00e1ln\u00edm partnerem pro balen\u00ed kosmetiky - a\u0165 u\u017e se jedn\u00e1 o hydrata\u010dn\u00ed kr\u00e9my, lehk\u00e9 ple\u0165ov\u00e9 vody nebo vysoce koncentrovan\u00e9 esence, jemn\u00e9 rt\u011bnky, dok\u00e1\u017ee d\u00edky pr\u016fhledn\u00e9mu sklu ochr\u00e1nit aktivitu ka\u017ed\u00e9 kapky esence. Pro zna\u010dky je elegantn\u00edm nosi\u010dem pro tvorbu limitovan\u00fdch d\u00e1rkov\u00fdch krabi\u010dek, pro velkoobchodn\u00edky je ide\u00e1ln\u00ed volbou pro tvorbu ekologick\u00fdch tematick\u00fdch sad a firemn\u00ed z\u00e1kazn\u00edci jej mohou vyu\u017e\u00edt pro tvorbu kreativn\u00edch cestovn\u00edch bal\u00ed\u010dk\u016f, aby v\u00fdrobky mohly zaujmout srdce z\u00e1kazn\u00edk\u016f p\u0159i z\u00e1\u017eitc\u00edch.<\/p>\n<p>Obra\u0165te se na n\u00e1\u0161 t\u00fdm design\u00e9r\u016f a nechte tuto kr\u00e1snou a udr\u017eitelnou sklen\u011bnou n\u00e1dobu, aby se stala nejlep\u0161\u00edm vyprav\u011b\u010dem p\u0159\u00edb\u011bh\u016f ve va\u0161\u00ed produktov\u00e9 \u0159ad\u011b!<\/p>","protected":false},"excerpt":{"rendered":"<p>Na\u0161e kosmetick\u00e1 d\u00f3za PB-GS20 je kulat\u00e1 sklen\u011bn\u00e1 kosmetick\u00e1 d\u00f3za o objemu 20 g navr\u017een\u00e1 s ohledem na eleganci a udr\u017eitelnost.<\/p>","protected":false},"featured_media":1836,"comment_status":"open","ping_status":"closed","template":"","meta":{"_acf_changed":false,"site-sidebar-layout":"default","site-content-layout":"","ast-site-content-layout":"default","site-content-style":"default","site-sidebar-style":"default","ast-global-header-display":"","ast-banner-title-visibility":"","ast-main-header-display":"","ast-hfb-above-header-display":"","ast-hfb-below-header-display":"","ast-hfb-mobile-header-display":"","site-post-title":"","ast-breadcrumbs-content":"","ast-featured-img":"","footer-sml-layout":"","ast-disable-related-posts":"","theme-transparent-header-meta":"default","adv-header-id-meta":"","stick-header-meta":"","header-above-stick-meta":"","header-main-stick-meta":"","header-below-stick-meta":"","astra-migrate-meta-layouts":"set","ast-page-background-enabled":"default","ast-page-background-meta":{"desktop":{"background-color":"var(--ast-global-color-5)","background-image":"","background-repeat":"repeat","background-position":"center center","background-size":"auto","background-attachment":"scroll","background-type":"","background-media":"","overlay-type":"","overlay-color":"","overlay-opacity":"","overlay-gradient":""},"tablet":{"background-color":"","background-image":"","background-repeat":"repeat","background-position":"center center","background-size":"auto","background-attachment":"scroll","background-type":"","background-media":"","overlay-type":"","overlay-color":"","overlay-opacity":"","overlay-gradient":""},"mobile":{"background-color":"","background-image":"","background-repeat":"repeat","background-position":"center center","background-size":"auto","background-attachment":"scroll","background-type":"","background-media":"","overlay-type":"","overlay-color":"","overlay-opacity":"","overlay-gradient":""}},"ast-content-background-meta":{"desktop":{"background-color":"var(--ast-global-color-4)","background-image":"","background-repeat":"repeat","background-position":"center center","background-size":"auto","background-attachment":"scroll","background-type":"","background-media":"","overlay-type":"","overlay-color":"","overlay-opacity":"","overlay-gradient":""},"tablet":{"background-color":"var(--ast-global-color-4)","background-image":"","background-repeat":"repeat","background-position":"center center","background-size":"auto","background-attachment":"scroll","background-type":"","background-media":"","overlay-type":"","overlay-color":"","overlay-opacity":"","overlay-gradient":""},"mobile":{"background-color":"var(--ast-global-color-4)","background-image":"","background-repeat":"repeat","background-position":"center center","background-size":"auto","background-attachment":"scroll","background-type":"","background-media":"","overlay-type":"","overlay-color":"","overlay-opacity":"","overlay-gradient":""}}},"product_brand":[],"product_cat":[56,62,72],"product_tag":[],"class_list":{"0":"post-1835","1":"product","2":"type-product","3":"status-publish","4":"has-post-thumbnail","6":"product_cat-cosmetic-jars","7":"product_cat-cosmetic-containers","8":"product_cat-cosmetic-packaging","9":"desktop-align-left","10":"tablet-align-left","11":"mobile-align-left","13":"first","14":"instock","15":"shipping-taxable","16":"product-type-simple"},"acf":[],"jetpack_sharing_enabled":true,"_links":{"self":[{"href":"https:\/\/theperfumebottles.com\/cs\/wp-json\/wp\/v2\/product\/1835","targetHints":{"allow":["GET"]}}],"collection":[{"href":"https:\/\/theperfumebottles.com\/cs\/wp-json\/wp\/v2\/product"}],"about":[{"href":"https:\/\/theperfumebottles.com\/cs\/wp-json\/wp\/v2\/types\/product"}],"replies":[{"embeddable":true,"href":"https:\/\/theperfumebottles.com\/cs\/wp-json\/wp\/v2\/comments?post=1835"}],"wp:featuredmedia":[{"embeddable":true,"href":"https:\/\/theperfumebottles.com\/cs\/wp-json\/wp\/v2\/media\/1836"}],"wp:attachment":[{"href":"https:\/\/theperfumebottles.com\/cs\/wp-json\/wp\/v2\/media?parent=1835"}],"wp:term":[{"taxonomy":"product_brand","embeddable":true,"href":"https:\/\/theperfumebottles.com\/cs\/wp-json\/wp\/v2\/product_brand?post=1835"},{"taxonomy":"product_cat","embeddable":true,"href":"https:\/\/theperfumebottles.com\/cs\/wp-json\/wp\/v2\/product_cat?post=1835"},{"taxonomy":"product_tag","embeddable":true,"href":"https:\/\/theperfumebottles.com\/cs\/wp-json\/wp\/v2\/product_tag?post=1835"}],"curies":[{"name":"wp","href":"https:\/\/api.w.org\/{rel}","templated":true}]}}