{"id":1842,"date":"2025-02-13T08:27:09","date_gmt":"2025-02-13T08:27:09","guid":{"rendered":"https:\/\/theperfumebottles.com\/?post_type=product&#038;p=1842"},"modified":"2025-05-29T15:36:33","modified_gmt":"2025-05-29T07:36:33","slug":"wholesale-30ml-glass-lotion-bottles","status":"publish","type":"product","link":"https:\/\/theperfumebottles.com\/cs\/produkt\/wholesale-30ml-glass-lotion-bottles\/","title":{"rendered":"Velkoobchodn\u00ed 30ml sklen\u011bn\u00e9 lahvi\u010dky na ml\u00e9ko"},"content":{"rendered":"<p>Lahvi\u010dky na ple\u0165ov\u00e9 ml\u00e9ko PB-RY30 (30 ml) spojuj\u00ed modern\u00ed estetiku s praktick\u00fdm designem d\u00edky sv\u00fdm elegantn\u00edm k\u0159ivk\u00e1m a matn\u00e9mu povrchu - \u010dtvercov\u00e1 lahvi\u010dka je stejn\u011b elegantn\u00ed jako architektonick\u00e9 linie a \u010dern\u00e1 hlava pumpi\u010dky je jako tich\u00e1 paleta, kter\u00e1 dok\u00e1\u017ee lehk\u00fdm stisknut\u00edm p\u0159esn\u011b vypustit tekutinu a rozlou\u010dit se s probl\u00e9my s kap\u00e1n\u00edm. A\u0165 u\u017e je napln\u011bna hydrata\u010dn\u00edm kr\u00e9mem nebo koncentrovanou esenc\u00ed, dok\u00e1\u017ee d\u00edky bezprobl\u00e9mov\u00e9mu t\u011bsn\u011bn\u00ed ochr\u00e1nit ka\u017edou kapku \u00fa\u010dinn\u00fdch l\u00e1tek. Pro zna\u010dky, kter\u00e9 usiluj\u00ed o kvalitu, je to elegantn\u00ed n\u00e1dobka pro vytvo\u0159en\u00ed minimalistick\u00e9 \u0159ady p\u00e9\u010de o ple\u0165; pro velkoobchodn\u00edky je ide\u00e1ln\u00ed volbou pro vyv\u00e1\u017een\u00ed n\u00e1klad\u016f a struktury. Jakmile od\u0161roubujete uz\u00e1v\u011br lahvi\u010dky, osv\u011b\u017euj\u00edc\u00ed v\u016fni doprov\u00e1z\u00ed zvuk hlavice pumpi\u010dky, kter\u00e1 prom\u011bn\u00ed \u010das p\u00e9\u010de o ple\u0165 v jemnou sebep\u00e9\u010di.<\/p>\n<h2>Kl\u00ed\u010dov\u00e9 specifikace t\u011bchto sklen\u011bn\u00fdch lahv\u00ed na ple\u0165ov\u00e9 vody<\/h2>\n<table style=\"border-collapse: collapse;margin-left: auto;margin-right: auto;width: 330.02pt\" border=\"0\" width=\"440\" cellspacing=\"0\" cellpadding=\"0\">\n<tbody>\n<tr style=\"height: 13.50pt\">\n<td style=\"height: 13.50pt;width: 111.00pt\" width=\"148\" height=\"18\">\u010c\u00edslo modelu<\/td>\n<td style=\"width: 219.00pt\" width=\"292\">PB-RY30<\/td>\n<\/tr>\n<tr style=\"height: 13.50pt\">\n<td style=\"height: 13.50pt\" height=\"18\">Typ t\u011bsn\u011bn\u00ed<\/td>\n<td>\u010cerpadlov\u00fd post\u0159ikova\u010d<\/td>\n<\/tr>\n<tr style=\"height: 13.50pt\">\n<td style=\"height: 13.50pt\" height=\"18\">Materi\u00e1l<\/td>\n<td>Sklo a PET<\/td>\n<\/tr>\n<tr style=\"height: 13.50pt\">\n<td style=\"height: 13.50pt\" height=\"18\">Pou\u017e\u00edv\u00e1n\u00ed<\/td>\n<td>Balen\u00ed kosmetiky<\/td>\n<\/tr>\n<tr style=\"height: 13.50pt\">\n<td style=\"height: 13.50pt\" height=\"18\">Barva<\/td>\n<td>\u010cir\u00e9 sklo s \u010dernob\u00edl\u00fdm povrchem<\/td>\n<\/tr>\n<tr style=\"height: 13.50pt\">\n<td style=\"height: 13.50pt\" height=\"18\">Tvar<\/td>\n<td>N\u00e1m\u011bst\u00ed<\/td>\n<\/tr>\n<tr style=\"height: 13.50pt\">\n<td style=\"height: 13.50pt\" height=\"18\">Kapacita<\/td>\n<td>30ml<\/td>\n<\/tr>\n<tr style=\"height: 13.50pt\">\n<td style=\"height: 13.50pt\" height=\"18\">Platebn\u00ed podm\u00ednky<\/td>\n<td>30% T\/T Vklad<\/td>\n<\/tr>\n<tr style=\"height: 13.50pt\">\n<td style=\"height: 13.50pt\" height=\"18\">Obal<\/td>\n<td>D\u0159ev\u011bn\u00e9 palety a kartony<\/td>\n<\/tr>\n<\/tbody>\n<\/table>\n<h2>Ide\u00e1ln\u00ed pro r\u016fzn\u00e9 kosmetick\u00e9 p\u0159\u00edpravky<\/h2>\n<p>Tato 30ml lahvi\u010dka s pumpi\u010dkou je va\u0161\u00edm intimn\u00edm partnerem pro kosmetiku - pr\u016fhledn\u00e1 lahvi\u010dka je vhodn\u00e1 pro r\u016fzn\u00e9 p\u0159\u00edpravky, jako jsou ple\u0165ov\u00e9 vody, esence, esenci\u00e1ln\u00ed oleje atd. \u010ctvercov\u00fd tvar a hladk\u00e1 hlava pumpi\u010dky umo\u017e\u0148uj\u00ed p\u0159esn\u00e9 vypou\u0161t\u011bn\u00ed tekutiny p\u0159i ka\u017ed\u00e9m stisknut\u00ed. Mal\u00e1 velikost je vhodn\u00e1 pro cestov\u00e1n\u00ed a lze do n\u00ed um\u00edstit i zku\u0161ebn\u00ed verze nov\u00fdch v\u00fdrobk\u016f, d\u00edky \u010demu\u017e z\u00e1kazn\u00edci snadno poznaj\u00ed kouzlo va\u0161ich produkt\u016f.<\/p>\n<h2>Spolupracujte s n\u00e1mi p\u0159i \u0159e\u0161en\u00ed va\u0161ich pot\u0159eb v oblasti balen\u00ed kosmetiky<\/h2>\n<p>Jako partner zam\u011b\u0159en\u00fd na obaly nab\u00edz\u00edme celou \u0159adu \u0159e\u0161en\u00ed od sklen\u011bn\u00fdch lahv\u00ed s pumpi\u010dkou a\u017e po lahve se sprejem. A\u0165 u\u017e pot\u0159ebujete nakupovat ve velk\u00e9m, nebo na m\u00edru, profesion\u00e1ln\u00ed t\u00fdm v\u00e1m vybere nejvhodn\u011bj\u0161\u00ed obalov\u00e9 \u0159e\u0161en\u00ed. Kontaktujte n\u00e1s nyn\u00ed a nechte tuto elegantn\u00ed malou l\u00e1hev vn\u00e9st praktick\u00e9 a stylov\u00e9 \u0159e\u0161en\u00ed do va\u0161ich v\u00fdrobk\u016f!<\/p>","protected":false},"excerpt":{"rendered":"<p>P\u0159edstavujeme v\u00e1m na\u0161e pr\u00e9miov\u00e9 sklen\u011bn\u00e9 lahvi\u010dky na ple\u0165ov\u00e9 vody, elegantn\u00ed a univerz\u00e1ln\u00ed 30ml lahvi\u010dky s pumpi\u010dkou navr\u017een\u00e9 tak, aby spl\u0148ovaly rozmanit\u00e9 pot\u0159eby kosmetick\u00e9ho pr\u016fmyslu.<\/p>","protected":false},"featured_media":1845,"comment_status":"open","ping_status":"closed","template":"","meta":{"_acf_changed":false,"site-sidebar-layout":"default","site-content-layout":"","ast-site-content-layout":"default","site-content-style":"default","site-sidebar-style":"default","ast-global-header-display":"","ast-banner-title-visibility":"","ast-main-header-display":"","ast-hfb-above-header-display":"","ast-hfb-below-header-display":"","ast-hfb-mobile-header-display":"","site-post-title":"","ast-breadcrumbs-content":"","ast-featured-img":"","footer-sml-layout":"","ast-disable-related-posts":"","theme-transparent-header-meta":"default","adv-header-id-meta":"","stick-header-meta":"","header-above-stick-meta":"","header-main-stick-meta":"","header-below-stick-meta":"","astra-migrate-meta-layouts":"set","ast-page-background-enabled":"default","ast-page-background-meta":{"desktop":{"background-color":"var(--ast-global-color-5)","background-image":"","background-repeat":"repeat","background-position":"center center","background-size":"auto","background-attachment":"scroll","background-type":"","background-media":"","overlay-type":"","overlay-color":"","overlay-opacity":"","overlay-gradient":""},"tablet":{"background-color":"","background-image":"","background-repeat":"repeat","background-position":"center center","background-size":"auto","background-attachment":"scroll","background-type":"","background-media":"","overlay-type":"","overlay-color":"","overlay-opacity":"","overlay-gradient":""},"mobile":{"background-color":"","background-image":"","background-repeat":"repeat","background-position":"center center","background-size":"auto","background-attachment":"scroll","background-type":"","background-media":"","overlay-type":"","overlay-color":"","overlay-opacity":"","overlay-gradient":""}},"ast-content-background-meta":{"desktop":{"background-color":"var(--ast-global-color-4)","background-image":"","background-repeat":"repeat","background-position":"center center","background-size":"auto","background-attachment":"scroll","background-type":"","background-media":"","overlay-type":"","overlay-color":"","overlay-opacity":"","overlay-gradient":""},"tablet":{"background-color":"var(--ast-global-color-4)","background-image":"","background-repeat":"repeat","background-position":"center center","background-size":"auto","background-attachment":"scroll","background-type":"","background-media":"","overlay-type":"","overlay-color":"","overlay-opacity":"","overlay-gradient":""},"mobile":{"background-color":"var(--ast-global-color-4)","background-image":"","background-repeat":"repeat","background-position":"center center","background-size":"auto","background-attachment":"scroll","background-type":"","background-media":"","overlay-type":"","overlay-color":"","overlay-opacity":"","overlay-gradient":""}}},"product_brand":[],"product_cat":[62,72,71],"product_tag":[87,86],"class_list":{"0":"post-1842","1":"product","2":"type-product","3":"status-publish","4":"has-post-thumbnail","6":"product_cat-cosmetic-containers","7":"product_cat-cosmetic-packaging","8":"product_cat-glass-lotion-bottles","9":"product_tag-glass-bottles","10":"product_tag-lotion-bottles","11":"desktop-align-left","12":"tablet-align-left","13":"mobile-align-left","15":"first","16":"instock","17":"shipping-taxable","18":"product-type-simple"},"acf":[],"jetpack_sharing_enabled":true,"_links":{"self":[{"href":"https:\/\/theperfumebottles.com\/cs\/wp-json\/wp\/v2\/product\/1842","targetHints":{"allow":["GET"]}}],"collection":[{"href":"https:\/\/theperfumebottles.com\/cs\/wp-json\/wp\/v2\/product"}],"about":[{"href":"https:\/\/theperfumebottles.com\/cs\/wp-json\/wp\/v2\/types\/product"}],"replies":[{"embeddable":true,"href":"https:\/\/theperfumebottles.com\/cs\/wp-json\/wp\/v2\/comments?post=1842"}],"wp:featuredmedia":[{"embeddable":true,"href":"https:\/\/theperfumebottles.com\/cs\/wp-json\/wp\/v2\/media\/1845"}],"wp:attachment":[{"href":"https:\/\/theperfumebottles.com\/cs\/wp-json\/wp\/v2\/media?parent=1842"}],"wp:term":[{"taxonomy":"product_brand","embeddable":true,"href":"https:\/\/theperfumebottles.com\/cs\/wp-json\/wp\/v2\/product_brand?post=1842"},{"taxonomy":"product_cat","embeddable":true,"href":"https:\/\/theperfumebottles.com\/cs\/wp-json\/wp\/v2\/product_cat?post=1842"},{"taxonomy":"product_tag","embeddable":true,"href":"https:\/\/theperfumebottles.com\/cs\/wp-json\/wp\/v2\/product_tag?post=1842"}],"curies":[{"name":"wp","href":"https:\/\/api.w.org\/{rel}","templated":true}]}}