{"id":1846,"date":"2025-02-13T09:27:43","date_gmt":"2025-02-13T09:27:43","guid":{"rendered":"https:\/\/theperfumebottles.com\/?post_type=product&#038;p=1846"},"modified":"2025-05-29T16:07:24","modified_gmt":"2025-05-29T08:07:24","slug":"roller-bottles-for-essential-oils","status":"publish","type":"product","link":"https:\/\/theperfumebottles.com\/cs\/produkt\/roller-bottles-for-essential-oils\/","title":{"rendered":"Vynikaj\u00edc\u00ed osmihrann\u00e9 sklen\u011bn\u00e9 lahvi\u010dky s roll-on aplik\u00e1torem na esenci\u00e1ln\u00ed oleje"},"content":{"rendered":"<p>Tyto sklen\u011bn\u00e9 v\u00e1le\u010dky PB-OC312 vynikaj\u00ed osmihrann\u00fdm tvarem inspirovan\u00fdm architektonick\u00fdmi hranami a kombinuj\u00ed modern\u00ed geometrii s funk\u010dn\u00edm designem pro pou\u017eit\u00ed esenci\u00e1ln\u00edch olej\u016f. pr\u016fhledn\u00e9 sklo odr\u00e1\u017e\u00ed pod sv\u011btlem jemn\u00e9 sv\u011btlo, tak\u017ee okam\u017eik pou\u017eit\u00ed v\u00e1le\u010dku s esenci\u00e1ln\u00edmi oleji, parf\u00e9my nebo esencemi pro p\u00e9\u010di o ple\u0165 je pln\u00fd ritu\u00e1l\u016f. A\u0165 u\u017e je napln\u011bn l\u00e9\u010div\u00fdmi esenci\u00e1ln\u00edmi oleji, parf\u00e9my na m\u00edru nebo m\u00edch\u00e1n\u00edm exkluzivn\u00edch receptur pro p\u00e9\u010di o ple\u0165, dok\u00e1\u017ee d\u00edky beze\u0161v\u00e9mu designu t\u011bsn\u011bn\u00ed ochr\u00e1nit ka\u017edou kapku vz\u00e1cn\u00e9 tekutiny. Jako partner zam\u011b\u0159en\u00fd na kosmetick\u00e9 obaly poskytujeme cenov\u011b v\u00fdhodn\u00e1 \u0159e\u0161en\u00ed pro hromadn\u00e9 dod\u00e1vky, d\u00edky nim\u017e se tato stylov\u00e1 a praktick\u00e1 sklen\u011bn\u00e1 lahvi\u010dka stane ohromuj\u00edc\u00ed \"tichou hv\u011bzdou\" ve va\u0161\u00ed produktov\u00e9 \u0159ad\u011b.<\/p>\n<h2>Kl\u00ed\u010dov\u00e9 specifikace t\u011bchto v\u00e1le\u010dkov\u00fdch lahv\u00ed<\/h2>\n<table style=\"border-collapse: collapse;margin-left: auto;margin-right: auto;width: 522.02pt\" border=\"0\" width=\"696\" cellspacing=\"0\" cellpadding=\"0\">\n<tbody>\n<tr style=\"height: 13.50pt\">\n<td style=\"height: 13.50pt;width: 111.00pt\" width=\"148\" height=\"18\">\u010c\u00edslo modelu<\/td>\n<td style=\"width: 411.00pt\" width=\"548\">PB-OC312<\/td>\n<\/tr>\n<tr style=\"height: 13.50pt\">\n<td style=\"height: 13.50pt\" height=\"18\">Kapacita<\/td>\n<td>3 ml, 6 ml, 9 ml, 12 ml. (lze p\u0159izp\u016fsobit)<\/td>\n<\/tr>\n<tr style=\"height: 13.50pt\">\n<td style=\"height: 13.50pt\" height=\"18\">Barva<\/td>\n<td>\u010cir\u00e1, r\u016f\u017eov\u00e1 (p\u0159izp\u016fsobiteln\u00e1)<\/td>\n<\/tr>\n<tr style=\"height: 13.50pt\">\n<td style=\"height: 13.50pt\" height=\"18\">Tvar<\/td>\n<td>Osmi\u00faheln\u00edk<\/td>\n<\/tr>\n<tr style=\"height: 13.50pt\">\n<td style=\"height: 13.50pt\" height=\"18\">Materi\u00e1ly<\/td>\n<td>Sklen\u011bn\u00e9 t\u011blo, eloxovan\u00fd hlin\u00edkov\u00fd kryt, sklen\u011bn\u00e1 koule, plastov\u00e1 kulov\u00e1 z\u00e1kladna<\/td>\n<\/tr>\n<tr style=\"height: 13.50pt\">\n<td style=\"height: 13.50pt\" height=\"18\">50\u6beb\u5347\u9999\u6c34\u74f6<\/td>\n<td>S\u00edtotisk, matn\u00fd tisk, obtisk, barevn\u00fd sprej, \u0161t\u00edtek atd.<\/td>\n<\/tr>\n<\/tbody>\n<\/table>\n<h2>V\u0161estrann\u00fd<\/h2>\n<p>Tyto n\u00e1dhern\u00e9 sklen\u011bn\u00e9 lahve jsou vhodn\u00e9 pro r\u016fzn\u00e9 aplikace, v\u010detn\u011b:<\/p>\n<ul>\n<li><strong>V\u00e1le\u010dky na esenci\u00e1ln\u00ed oleje:<\/strong> Aplikujte p\u0159\u00edmo na poko\u017eku a hojiv\u00fd p\u0159\u00edpravek budete m\u00edt na dosah ruky.<\/li>\n<li><strong>Aromaterapeutick\u00e9 slou\u010deniny:<\/strong> Chra\u0148te \u010distotu v\u016fn\u00ed od parf\u00e9m\u016f a\u017e po obaly.<\/li>\n<li><strong>Parf\u00e9m\/lesk na rty:<\/strong> P\u0159esn\u00fd roll-on make-up, ka\u017edodenn\u00ed ritu\u00e1l vylep\u0161en\u00ed p\u00e9\u010de.<\/li>\n<\/ul>\n<p>A\u0165 u\u017e pot\u0159ebujete v\u00e1le\u010dkovou lahvi\u010dku na esenci\u00e1ln\u00ed oleje nebo jin\u00e9 kosmetick\u00e9 n\u00e1doby, jsme va\u0161e komplexn\u00ed \u0159e\u0161en\u00ed - kontaktujte n\u00e1s nyn\u00ed a nechte elegantn\u00ed lahvi\u010dku dodat va\u0161im v\u00fdrobk\u016fm atraktivitu na trhu!<\/p>","protected":false},"excerpt":{"rendered":"<p>Na\u0161e osmihrann\u00e9 sklen\u011bn\u00e9 lahve jsou navr\u017eeny s ohledem na estetiku i funk\u010dnost.<\/p>","protected":false},"featured_media":1849,"comment_status":"open","ping_status":"closed","template":"","meta":{"_acf_changed":false,"site-sidebar-layout":"default","site-content-layout":"","ast-site-content-layout":"default","site-content-style":"default","site-sidebar-style":"default","ast-global-header-display":"","ast-banner-title-visibility":"","ast-main-header-display":"","ast-hfb-above-header-display":"","ast-hfb-below-header-display":"","ast-hfb-mobile-header-display":"","site-post-title":"","ast-breadcrumbs-content":"","ast-featured-img":"","footer-sml-layout":"","ast-disable-related-posts":"","theme-transparent-header-meta":"default","adv-header-id-meta":"","stick-header-meta":"","header-above-stick-meta":"","header-main-stick-meta":"","header-below-stick-meta":"","astra-migrate-meta-layouts":"set","ast-page-background-enabled":"default","ast-page-background-meta":{"desktop":{"background-color":"var(--ast-global-color-5)","background-image":"","background-repeat":"repeat","background-position":"center center","background-size":"auto","background-attachment":"scroll","background-type":"","background-media":"","overlay-type":"","overlay-color":"","overlay-opacity":"","overlay-gradient":""},"tablet":{"background-color":"","background-image":"","background-repeat":"repeat","background-position":"center center","background-size":"auto","background-attachment":"scroll","background-type":"","background-media":"","overlay-type":"","overlay-color":"","overlay-opacity":"","overlay-gradient":""},"mobile":{"background-color":"","background-image":"","background-repeat":"repeat","background-position":"center center","background-size":"auto","background-attachment":"scroll","background-type":"","background-media":"","overlay-type":"","overlay-color":"","overlay-opacity":"","overlay-gradient":""}},"ast-content-background-meta":{"desktop":{"background-color":"var(--ast-global-color-4)","background-image":"","background-repeat":"repeat","background-position":"center center","background-size":"auto","background-attachment":"scroll","background-type":"","background-media":"","overlay-type":"","overlay-color":"","overlay-opacity":"","overlay-gradient":""},"tablet":{"background-color":"var(--ast-global-color-4)","background-image":"","background-repeat":"repeat","background-position":"center center","background-size":"auto","background-attachment":"scroll","background-type":"","background-media":"","overlay-type":"","overlay-color":"","overlay-opacity":"","overlay-gradient":""},"mobile":{"background-color":"var(--ast-global-color-4)","background-image":"","background-repeat":"repeat","background-position":"center center","background-size":"auto","background-attachment":"scroll","background-type":"","background-media":"","overlay-type":"","overlay-color":"","overlay-opacity":"","overlay-gradient":""}}},"product_brand":[],"product_cat":[60,72,62,57],"product_tag":[88],"class_list":{"0":"post-1846","1":"product","2":"type-product","3":"status-publish","4":"has-post-thumbnail","6":"product_cat-roller-bottles","7":"product_cat-cosmetic-packaging","8":"product_cat-cosmetic-containers","9":"product_cat-essential-oil-bottles","10":"product_tag-roller-bottles","11":"desktop-align-left","12":"tablet-align-left","13":"mobile-align-left","15":"first","16":"instock","17":"shipping-taxable","18":"product-type-simple"},"acf":[],"jetpack_sharing_enabled":true,"_links":{"self":[{"href":"https:\/\/theperfumebottles.com\/cs\/wp-json\/wp\/v2\/product\/1846","targetHints":{"allow":["GET"]}}],"collection":[{"href":"https:\/\/theperfumebottles.com\/cs\/wp-json\/wp\/v2\/product"}],"about":[{"href":"https:\/\/theperfumebottles.com\/cs\/wp-json\/wp\/v2\/types\/product"}],"replies":[{"embeddable":true,"href":"https:\/\/theperfumebottles.com\/cs\/wp-json\/wp\/v2\/comments?post=1846"}],"wp:featuredmedia":[{"embeddable":true,"href":"https:\/\/theperfumebottles.com\/cs\/wp-json\/wp\/v2\/media\/1849"}],"wp:attachment":[{"href":"https:\/\/theperfumebottles.com\/cs\/wp-json\/wp\/v2\/media?parent=1846"}],"wp:term":[{"taxonomy":"product_brand","embeddable":true,"href":"https:\/\/theperfumebottles.com\/cs\/wp-json\/wp\/v2\/product_brand?post=1846"},{"taxonomy":"product_cat","embeddable":true,"href":"https:\/\/theperfumebottles.com\/cs\/wp-json\/wp\/v2\/product_cat?post=1846"},{"taxonomy":"product_tag","embeddable":true,"href":"https:\/\/theperfumebottles.com\/cs\/wp-json\/wp\/v2\/product_tag?post=1846"}],"curies":[{"name":"wp","href":"https:\/\/api.w.org\/{rel}","templated":true}]}}