{"id":1899,"date":"2025-02-17T02:24:51","date_gmt":"2025-02-17T02:24:51","guid":{"rendered":"https:\/\/theperfumebottles.com\/?post_type=product&#038;p=1899"},"modified":"2025-05-29T16:24:46","modified_gmt":"2025-05-29T08:24:46","slug":"50ml-luxury-small-cologne-bottles-wholesale","status":"publish","type":"product","link":"https:\/\/theperfumebottles.com\/cs\/produkt\/50ml-luxury-small-cologne-bottles-wholesale\/","title":{"rendered":"Velkoobchodn\u00ed prodej luxusn\u00edch mal\u00fdch lahvi\u010dek kol\u00ednsk\u00e9 vody 50 ml"},"content":{"rendered":"<p>Tento 50ml obd\u00e9ln\u00edkov\u00fd flakon na parf\u00e9m interpretuje modern\u00ed minimalistickou estetiku s pr\u016fhledn\u00fdm sklem - \u010dist\u00fdmi liniemi a b\u00e9\u017eov\u00fdm uz\u00e1v\u011brem flakonu, stejn\u011b jako kondenzace rann\u00edho sv\u011btla v mal\u00e9m prostoru. Kdy\u017e skrz lahvi\u010dku prosv\u00edt\u00e1 slunce, k\u0159i\u0161\u0165\u00e1lov\u011b \u010dist\u00e1 tekutina proud\u00ed ve sv\u011btle a st\u00ednu, tak\u017ee ka\u017ed\u00e9 st\u0159\u00edknut\u00ed se st\u00e1v\u00e1 ritu\u00e1ln\u00edm okam\u017eikem uchov\u00e1v\u00e1n\u00ed vzpom\u00ednek.<\/p>\n<h2>Kl\u00ed\u010dov\u00e9 specifikace\uff1a<\/h2>\n<table style=\"border-collapse: collapse;margin-left: auto;margin-right: auto;width: 506.27pt\" border=\"0\" width=\"675\" cellspacing=\"0\" cellpadding=\"0\">\n<tbody>\n<tr style=\"height: 13.50pt\">\n<td style=\"height: 13.50pt;width: 130.50pt\" width=\"174\" height=\"18\">\u010c\u00edslo modelu<\/td>\n<td style=\"width: 375.75pt\" width=\"501\">PB-BF04<\/td>\n<\/tr>\n<tr style=\"height: 13.50pt\">\n<td style=\"height: 13.50pt\" height=\"18\">Kapacita<\/td>\n<td>50ml<\/td>\n<\/tr>\n<tr style=\"height: 13.50pt\">\n<td style=\"height: 13.50pt\" height=\"18\">Pr\u016fm\u011br<\/td>\n<td>15mm<\/td>\n<\/tr>\n<tr style=\"height: 13.50pt\">\n<td style=\"height: 13.50pt\" height=\"18\">Barva<\/td>\n<td>\u010cir\u00e9 sklo s b\u00e9\u017eov\u00fdm v\u00edkem<\/td>\n<\/tr>\n<tr style=\"height: 13.50pt\">\n<td style=\"height: 13.50pt\" height=\"18\">Velikost skla<\/td>\n<td>39 mm * 25 mm * 115 mm<\/td>\n<\/tr>\n<tr style=\"height: 13.50pt\">\n<td style=\"height: 13.50pt\" height=\"18\">Tvar<\/td>\n<td>Obd\u00e9ln\u00edkov\u00fd<\/td>\n<\/tr>\n<tr style=\"height: 13.50pt\">\n<td style=\"height: 13.50pt\" height=\"18\">Materi\u00e1l<\/td>\n<td>Vysoce kvalitn\u00ed k\u0159i\u0161\u0165\u00e1lov\u00e9 sklo, PET<\/td>\n<\/tr>\n<tr style=\"height: 13.50pt\">\n<td style=\"height: 13.50pt\" height=\"18\">Logo<\/td>\n<td>P\u0159izp\u016fsobiteln\u00e9<\/td>\n<\/tr>\n<tr style=\"height: 13.50pt\">\n<td style=\"height: 13.50pt\" height=\"18\">50\u6beb\u5347\u9999\u6c34\u74f6<\/td>\n<td>S\u00edtotisk \/ matn\u00fd \/ obtisk \/ barevn\u00fd sprej \/ \u0161t\u00edtek atd.<\/td>\n<\/tr>\n<\/tbody>\n<\/table>\n<h2>Pou\u017eit\u00ed na\u0161ich mal\u00fdch kol\u00ednsk\u00fdch lahv\u00ed<\/h2>\n<p>Tato 50ml lahvi\u010dka na parf\u00e9m je bl\u00edzk\u00fdm p\u0159\u00edtelem milovn\u00edk\u016f v\u016fn\u00ed - pr\u016fhledn\u00e9 sklo je vhodn\u00e9 pro parf\u00e9m, kol\u00ednskou vodu nebo sm\u011bs esenci\u00e1ln\u00edch olej\u016f a mal\u00e1 velikost se snadno vejde do kufru nebo kapsy, co\u017e je ide\u00e1ln\u00ed pro cestov\u00e1n\u00ed nebo ka\u017edodenn\u00ed provon\u011bn\u00ed.<\/p>\n<h2>Vyzdvihn\u011bte svou zna\u010dku s na\u0161imi pr\u00e9miov\u00fdmi lahvemi na parf\u00e9my<\/h2>\n<p>V\u00edme, \u017ee dobr\u00fd parf\u00e9m nen\u00ed jen o v\u016fni, ale tak\u00e9 o ritu\u00e1lu, kdy se poka\u017ed\u00e9 dotknete flakonku. Jako partner zam\u011b\u0159en\u00fd na \u0161pi\u010dkov\u00e9 obaly na parf\u00e9my, a\u0165 u\u017e nakupujete ve velk\u00e9m, nebo vytv\u00e1\u0159\u00edte vlastn\u00ed potisk zna\u010dky (od hork\u00e9 ra\u017eby LOGA a\u017e po gradientn\u00ed lahvi\u010dku), m\u016f\u017eeme pou\u017e\u00edt \u0159adu kreativn\u00edch \u0159e\u0161en\u00ed, aby ka\u017ed\u00fd detail nesl v\u00e1\u0161 p\u0159\u00edb\u011bh. Kontaktujte nyn\u00ed n\u00e1\u0161 t\u00fdm design\u00e9r\u016f a nechte tuto elegantn\u00ed malou lahvi\u010dku vdechnout va\u0161\u00ed v\u016fni styl a prakti\u010dnost!<\/p>","protected":false},"excerpt":{"rendered":"<p>Na\u0161e mal\u00e9 lahvi\u010dky na kol\u00ednskou jsou navr\u017eeny tak, aby upoutaly pozornost svou elegantn\u00ed obd\u00e9ln\u00edkovou siluetou a k\u0159i\u0161\u0165\u00e1lov\u011b pr\u016fhlednou sklen\u011bnou konstrukc\u00ed.<\/p>","protected":false},"featured_media":2332,"comment_status":"open","ping_status":"closed","template":"","meta":{"_acf_changed":false,"site-sidebar-layout":"default","site-content-layout":"","ast-site-content-layout":"default","site-content-style":"default","site-sidebar-style":"default","ast-global-header-display":"","ast-banner-title-visibility":"","ast-main-header-display":"","ast-hfb-above-header-display":"","ast-hfb-below-header-display":"","ast-hfb-mobile-header-display":"","site-post-title":"","ast-breadcrumbs-content":"","ast-featured-img":"","footer-sml-layout":"","ast-disable-related-posts":"","theme-transparent-header-meta":"default","adv-header-id-meta":"","stick-header-meta":"","header-above-stick-meta":"","header-main-stick-meta":"","header-below-stick-meta":"","astra-migrate-meta-layouts":"set","ast-page-background-enabled":"default","ast-page-background-meta":{"desktop":{"background-color":"var(--ast-global-color-5)","background-image":"","background-repeat":"repeat","background-position":"center center","background-size":"auto","background-attachment":"scroll","background-type":"","background-media":"","overlay-type":"","overlay-color":"","overlay-opacity":"","overlay-gradient":""},"tablet":{"background-color":"","background-image":"","background-repeat":"repeat","background-position":"center center","background-size":"auto","background-attachment":"scroll","background-type":"","background-media":"","overlay-type":"","overlay-color":"","overlay-opacity":"","overlay-gradient":""},"mobile":{"background-color":"","background-image":"","background-repeat":"repeat","background-position":"center center","background-size":"auto","background-attachment":"scroll","background-type":"","background-media":"","overlay-type":"","overlay-color":"","overlay-opacity":"","overlay-gradient":""}},"ast-content-background-meta":{"desktop":{"background-color":"var(--ast-global-color-4)","background-image":"","background-repeat":"repeat","background-position":"center center","background-size":"auto","background-attachment":"scroll","background-type":"","background-media":"","overlay-type":"","overlay-color":"","overlay-opacity":"","overlay-gradient":""},"tablet":{"background-color":"var(--ast-global-color-4)","background-image":"","background-repeat":"repeat","background-position":"center center","background-size":"auto","background-attachment":"scroll","background-type":"","background-media":"","overlay-type":"","overlay-color":"","overlay-opacity":"","overlay-gradient":""},"mobile":{"background-color":"var(--ast-global-color-4)","background-image":"","background-repeat":"repeat","background-position":"center center","background-size":"auto","background-attachment":"scroll","background-type":"","background-media":"","overlay-type":"","overlay-color":"","overlay-opacity":"","overlay-gradient":""}}},"product_brand":[],"product_cat":[41,72],"product_tag":[],"class_list":{"0":"post-1899","1":"product","2":"type-product","3":"status-publish","4":"has-post-thumbnail","6":"product_cat-perfume-bottles","7":"product_cat-cosmetic-packaging","8":"desktop-align-left","9":"tablet-align-left","10":"mobile-align-left","12":"first","13":"instock","14":"shipping-taxable","15":"product-type-simple"},"acf":[],"jetpack_sharing_enabled":true,"_links":{"self":[{"href":"https:\/\/theperfumebottles.com\/cs\/wp-json\/wp\/v2\/product\/1899","targetHints":{"allow":["GET"]}}],"collection":[{"href":"https:\/\/theperfumebottles.com\/cs\/wp-json\/wp\/v2\/product"}],"about":[{"href":"https:\/\/theperfumebottles.com\/cs\/wp-json\/wp\/v2\/types\/product"}],"replies":[{"embeddable":true,"href":"https:\/\/theperfumebottles.com\/cs\/wp-json\/wp\/v2\/comments?post=1899"}],"wp:featuredmedia":[{"embeddable":true,"href":"https:\/\/theperfumebottles.com\/cs\/wp-json\/wp\/v2\/media\/2332"}],"wp:attachment":[{"href":"https:\/\/theperfumebottles.com\/cs\/wp-json\/wp\/v2\/media?parent=1899"}],"wp:term":[{"taxonomy":"product_brand","embeddable":true,"href":"https:\/\/theperfumebottles.com\/cs\/wp-json\/wp\/v2\/product_brand?post=1899"},{"taxonomy":"product_cat","embeddable":true,"href":"https:\/\/theperfumebottles.com\/cs\/wp-json\/wp\/v2\/product_cat?post=1899"},{"taxonomy":"product_tag","embeddable":true,"href":"https:\/\/theperfumebottles.com\/cs\/wp-json\/wp\/v2\/product_tag?post=1899"}],"curies":[{"name":"wp","href":"https:\/\/api.w.org\/{rel}","templated":true}]}}