{"id":1904,"date":"2025-02-17T03:43:41","date_gmt":"2025-02-17T03:43:41","guid":{"rendered":"https:\/\/theperfumebottles.com\/?post_type=product&#038;p=1904"},"modified":"2025-05-29T09:03:10","modified_gmt":"2025-05-29T01:03:10","slug":"wholesale-custom-100ml-luxury-perfume-bottles","status":"publish","type":"product","link":"https:\/\/theperfumebottles.com\/cs\/produkt\/wholesale-custom-100ml-luxury-perfume-bottles\/","title":{"rendered":"Velkoobchodn\u00ed zak\u00e1zkov\u00e9 100ml luxusn\u00ed parf\u00e9mov\u00e9 lahvi\u010dky"},"content":{"rendered":"<p>Tyto 100ml \u010dtvercov\u00e9 sklen\u011bn\u00e9 lahvi\u010dky na luxusn\u00ed parf\u00e9my maj\u00ed jednoduch\u00fd a modern\u00ed design, pr\u016fhledn\u00fd materi\u00e1l, vysokou rozpoznatelnost a jsou nezapomenuteln\u00e9 na prvn\u00ed pohled. T\u011blo flakonu vyu\u017e\u00edv\u00e1 jedine\u010dn\u00fd proces barven\u00ed, kter\u00fd p\u0159edstavuje vrstven\u00fd modro\u010dern\u00fd t\u00f3n. M\u00e1 vynikaj\u00edc\u00ed texturu pod sv\u011btlem a v\u00fdrazn\u00fd vizu\u00e1ln\u00ed efekt, kter\u00fd pom\u00e1h\u00e1 pos\u00edlit dojem ze zna\u010dky a pam\u011b\u0165ov\u00fd bod. Je navr\u017een speci\u00e1ln\u011b pro modern\u00ed p\u00e1nsk\u00e9 v\u016fn\u011b, zohled\u0148uje kr\u00e1su vzhledu i praktick\u00e9 proveden\u00ed a pom\u00e1h\u00e1 zna\u010dce p\u0159esn\u011b vyj\u00e1d\u0159it rafinovanou, zdr\u017eenlivou a stylovou image zna\u010dky.<\/p>\n<h2>Kl\u00ed\u010dov\u00e9 specifikace na\u0161ich luxusn\u00edch parf\u00e9mov\u00fdch lahv\u00ed<\/h2>\n<table style=\"border-collapse: collapse;margin-left: auto;margin-right: auto;width: 354.02pt\" border=\"0\" width=\"472\" cellspacing=\"0\" cellpadding=\"0\">\n<tbody>\n<tr style=\"height: 13.50pt\">\n<td style=\"height: 13.50pt;margin-left: auto;margin-right: auto;width: 130.50pt\" width=\"174\" height=\"18\">\u010c\u00edslo modelu<\/td>\n<td style=\"width: 223.50pt\" width=\"298\">PB-BF05<\/td>\n<\/tr>\n<tr style=\"height: 13.50pt\">\n<td style=\"height: 13.50pt\" height=\"18\">Kapacita<\/td>\n<td>100 ml (3,4 oz)<\/td>\n<\/tr>\n<tr style=\"height: 13.50pt\">\n<td style=\"height: 13.50pt\" height=\"18\">Pr\u016fm\u011br<\/td>\n<td>15mm<\/td>\n<\/tr>\n<tr style=\"height: 13.50pt\">\n<td style=\"height: 13.50pt\" height=\"18\">Barva<\/td>\n<td>\u010cir\u00e9 sklo s modro\u010dern\u00fdm v\u00edkem<\/td>\n<\/tr>\n<tr style=\"height: 13.50pt\">\n<td style=\"height: 13.50pt\" height=\"18\">Velikost skla<\/td>\n<td>68 mm * 36 mm * 100 mm<\/td>\n<\/tr>\n<tr style=\"height: 13.50pt\">\n<td style=\"height: 13.50pt\" height=\"18\">Tvar<\/td>\n<td>Obd\u00e9ln\u00edkov\u00fd<\/td>\n<\/tr>\n<tr style=\"height: 13.50pt\">\n<td style=\"height: 13.50pt\" height=\"18\">Materi\u00e1l<\/td>\n<td>Vysoce kvalitn\u00ed k\u0159i\u0161\u0165\u00e1lov\u00e9 sklo<\/td>\n<\/tr>\n<\/tbody>\n<\/table>\n<h2>Sc\u00e9n\u00e1\u0159e pou\u017eit\u00ed<\/h2>\n<p>Tento modr\u00fd flakon o objemu 100 ml je ur\u010den pro p\u00e1nsk\u00e9 v\u016fn\u011b, a\u0165 u\u017e se jedn\u00e1 o kol\u00ednskou vodu, vodu po holen\u00ed nebo toaletn\u00ed vodu, lze jej snadno ovl\u00e1dat. A\u0165 u\u017e jste v\u00fdrobce parf\u00e9m\u016f, kter\u00fd pot\u0159ebuje velkoobjemov\u00e9 balen\u00ed, nebo zna\u010dka, kter\u00e1 vytv\u00e1\u0159\u00ed exkluzivn\u00ed v\u016fn\u011b. Dokonce i pro nikov\u00e9 zna\u010dky nebo ru\u010dn\u00ed parfum\u00e9ry, kte\u0159\u00ed usiluj\u00ed o individu\u00e1ln\u00ed vyj\u00e1d\u0159en\u00ed, je to tak\u00e9 velmi atraktivn\u00ed volba.<\/p>\n<h2>Pro\u010d si vybrat pr\u00e1v\u011b n\u00e1s?<\/h2>\n<p>Jako partner zam\u011b\u0159en\u00fd na \u0161pi\u010dkov\u00e9 parf\u00e9my v\u00edme, \u017ee ka\u017ed\u00fd flakon v\u016fn\u011b nese p\u0159\u00edb\u011bh zna\u010dky. Design tohoto flakonu s rozpra\u0161ova\u010dem se nezam\u011b\u0159uje pouze na vzhled, ale v\u011bnuje pozornost tak\u00e9 hlubok\u00e9mu souladu s t\u00f3nem zna\u010dky - od \u010dist\u00e9 textury skla po hladk\u00fd oblouk t\u011bla flakonu byl ka\u017ed\u00fd detail opakovan\u011b vybrou\u0161en, jen aby vyjad\u0159oval va\u0161i snahu o kvalitu a kr\u00e1su. A\u0165 u\u017e jde o jemn\u00fd dotek nebo snadn\u00e9 pou\u017eit\u00ed, douf\u00e1me, \u017ee se stane dokonal\u00fdm roz\u0161\u00ed\u0159en\u00edm va\u0161ich vonn\u00fdch produkt\u016f. A\u0165 u\u017e pot\u0159ebujete nakoupit ve velk\u00e9m, nebo si chcete p\u0159izp\u016fsobit jedine\u010dn\u00fd design, kontaktujte n\u00e1s nyn\u00ed a promluvte si o sv\u00fdch p\u0159edstav\u00e1ch - dovolte n\u00e1m pou\u017e\u00edt n\u00e1dhern\u00e9 obaly, kter\u00e9 dodaj\u00ed va\u0161\u00ed v\u016fni dojemn\u011bj\u0161\u00ed p\u0159\u00edb\u011bh a umo\u017en\u00ed va\u0161\u00ed zna\u010dce vyniknout na trhu.<\/p>","protected":false},"excerpt":{"rendered":"<p>Na\u0161e sklen\u011bn\u00e9 lahvi\u010dky na luxusn\u00ed parf\u00e9my o objemu 100 ml jsou d\u016fkazem sofistikovan\u00e9ho designu a prvot\u0159\u00eddn\u00ed kvality. V oblasti v\u016fn\u00ed m\u016f\u017ee spr\u00e1vn\u00e1 prezentace znamenat velk\u00fd rozd\u00edl.<\/p>","protected":false},"featured_media":2335,"comment_status":"open","ping_status":"closed","template":"","meta":{"_acf_changed":false,"site-sidebar-layout":"default","site-content-layout":"","ast-site-content-layout":"default","site-content-style":"default","site-sidebar-style":"default","ast-global-header-display":"","ast-banner-title-visibility":"","ast-main-header-display":"","ast-hfb-above-header-display":"","ast-hfb-below-header-display":"","ast-hfb-mobile-header-display":"","site-post-title":"","ast-breadcrumbs-content":"","ast-featured-img":"","footer-sml-layout":"","ast-disable-related-posts":"","theme-transparent-header-meta":"default","adv-header-id-meta":"","stick-header-meta":"","header-above-stick-meta":"","header-main-stick-meta":"","header-below-stick-meta":"","astra-migrate-meta-layouts":"set","ast-page-background-enabled":"default","ast-page-background-meta":{"desktop":{"background-color":"var(--ast-global-color-5)","background-image":"","background-repeat":"repeat","background-position":"center center","background-size":"auto","background-attachment":"scroll","background-type":"","background-media":"","overlay-type":"","overlay-color":"","overlay-opacity":"","overlay-gradient":""},"tablet":{"background-color":"","background-image":"","background-repeat":"repeat","background-position":"center center","background-size":"auto","background-attachment":"scroll","background-type":"","background-media":"","overlay-type":"","overlay-color":"","overlay-opacity":"","overlay-gradient":""},"mobile":{"background-color":"","background-image":"","background-repeat":"repeat","background-position":"center center","background-size":"auto","background-attachment":"scroll","background-type":"","background-media":"","overlay-type":"","overlay-color":"","overlay-opacity":"","overlay-gradient":""}},"ast-content-background-meta":{"desktop":{"background-color":"var(--ast-global-color-4)","background-image":"","background-repeat":"repeat","background-position":"center center","background-size":"auto","background-attachment":"scroll","background-type":"","background-media":"","overlay-type":"","overlay-color":"","overlay-opacity":"","overlay-gradient":""},"tablet":{"background-color":"var(--ast-global-color-4)","background-image":"","background-repeat":"repeat","background-position":"center center","background-size":"auto","background-attachment":"scroll","background-type":"","background-media":"","overlay-type":"","overlay-color":"","overlay-opacity":"","overlay-gradient":""},"mobile":{"background-color":"var(--ast-global-color-4)","background-image":"","background-repeat":"repeat","background-position":"center center","background-size":"auto","background-attachment":"scroll","background-type":"","background-media":"","overlay-type":"","overlay-color":"","overlay-opacity":"","overlay-gradient":""}}},"product_brand":[],"product_cat":[41,72],"product_tag":[],"class_list":{"0":"post-1904","1":"product","2":"type-product","3":"status-publish","4":"has-post-thumbnail","6":"product_cat-perfume-bottles","7":"product_cat-cosmetic-packaging","8":"desktop-align-left","9":"tablet-align-left","10":"mobile-align-left","12":"first","13":"instock","14":"shipping-taxable","15":"product-type-simple"},"acf":[],"jetpack_sharing_enabled":true,"_links":{"self":[{"href":"https:\/\/theperfumebottles.com\/cs\/wp-json\/wp\/v2\/product\/1904","targetHints":{"allow":["GET"]}}],"collection":[{"href":"https:\/\/theperfumebottles.com\/cs\/wp-json\/wp\/v2\/product"}],"about":[{"href":"https:\/\/theperfumebottles.com\/cs\/wp-json\/wp\/v2\/types\/product"}],"replies":[{"embeddable":true,"href":"https:\/\/theperfumebottles.com\/cs\/wp-json\/wp\/v2\/comments?post=1904"}],"wp:featuredmedia":[{"embeddable":true,"href":"https:\/\/theperfumebottles.com\/cs\/wp-json\/wp\/v2\/media\/2335"}],"wp:attachment":[{"href":"https:\/\/theperfumebottles.com\/cs\/wp-json\/wp\/v2\/media?parent=1904"}],"wp:term":[{"taxonomy":"product_brand","embeddable":true,"href":"https:\/\/theperfumebottles.com\/cs\/wp-json\/wp\/v2\/product_brand?post=1904"},{"taxonomy":"product_cat","embeddable":true,"href":"https:\/\/theperfumebottles.com\/cs\/wp-json\/wp\/v2\/product_cat?post=1904"},{"taxonomy":"product_tag","embeddable":true,"href":"https:\/\/theperfumebottles.com\/cs\/wp-json\/wp\/v2\/product_tag?post=1904"}],"curies":[{"name":"wp","href":"https:\/\/api.w.org\/{rel}","templated":true}]}}