{"id":1909,"date":"2025-02-17T07:16:21","date_gmt":"2025-02-17T07:16:21","guid":{"rendered":"https:\/\/theperfumebottles.com\/?post_type=product&#038;p=1909"},"modified":"2026-04-07T16:33:12","modified_gmt":"2026-04-07T08:33:12","slug":"50ml-fragrance-bottles-wholesale","status":"publish","type":"product","link":"https:\/\/theperfumebottles.com\/cs\/produkt\/50ml-fragrance-bottles-wholesale\/","title":{"rendered":"Velkoobchod s 50ml k\u0159i\u0161\u0165\u00e1lov\u00fdmi sklen\u011bn\u00fdmi lahvi\u010dkami na v\u016fni"},"content":{"rendered":"<p data-sourcepos=\"9:1-9:360\">Tyto flakony na v\u016fn\u011b se vyzna\u010duj\u00ed atraktivn\u00edm \u010dtvercov\u00fdm designem. Design flakonu zahrnuje k\u0159i\u0161\u0165\u00e1lov\u00fd uz\u00e1v\u011br s diamantov\u00fdm brusem, kter\u00fd je nasazen na sklen\u011bn\u00e9m hrdle s le\u0161t\u011bn\u00fdm zlat\u00fdm kovov\u00fdm krou\u017ekem, \u010d\u00edm\u017e vytv\u00e1\u0159\u00ed atraktivn\u00ed vizu\u00e1ln\u00ed efekt a zvy\u0161uje luxusn\u00ed hodnotu flakonu.<\/p>\n<p><img fetchpriority=\"high\" decoding=\"async\" class=\"size-medium wp-image-1910 aligncenter\" src=\"https:\/\/theperfumebottles.com\/wp-content\/uploads\/2025\/02\/fragrance-bottles-300x300.jpg\" alt=\"lahvi\u010dky s v\u016fn\u00ed\" width=\"300\" height=\"300\" srcset=\"https:\/\/theperfumebottles.com\/wp-content\/uploads\/2025\/02\/fragrance-bottles-300x300.jpg 300w, https:\/\/theperfumebottles.com\/wp-content\/uploads\/2025\/02\/fragrance-bottles-150x150.jpg 150w, https:\/\/theperfumebottles.com\/wp-content\/uploads\/2025\/02\/fragrance-bottles-768x768.jpg 768w, https:\/\/theperfumebottles.com\/wp-content\/uploads\/2025\/02\/fragrance-bottles-12x12.jpg 12w, https:\/\/theperfumebottles.com\/wp-content\/uploads\/2025\/02\/fragrance-bottles-600x600.jpg 600w, https:\/\/theperfumebottles.com\/wp-content\/uploads\/2025\/02\/fragrance-bottles-100x100.jpg 100w, https:\/\/theperfumebottles.com\/wp-content\/uploads\/2025\/02\/fragrance-bottles.jpg 1000w\" sizes=\"(max-width: 300px) 100vw, 300px\" \/><\/p>\n<h2>Kl\u00ed\u010dov\u00e9 specifikace na\u0161ich 50ml lahvi\u010dek s v\u016fn\u00ed<\/h2>\n<table style=\"border-collapse: collapse; margin-left: auto; margin-right: auto; width: 354.02pt;\" border=\"0\" width=\"472\" cellspacing=\"0\" cellpadding=\"0\">\n<tbody>\n<tr style=\"height: 13.50pt;\">\n<td style=\"height: 13.50pt; width: 130.50pt;\" width=\"174\" height=\"18\">\u010c\u00edslo modelu<\/td>\n<td style=\"width: 223.50pt;\" width=\"298\">PB-BF0801 \/ PB-BF0802<\/td>\n<\/tr>\n<tr style=\"height: 13.50pt;\">\n<td style=\"height: 13.50pt;\" height=\"18\">Kapacita<\/td>\n<td>50ml<\/td>\n<\/tr>\n<tr style=\"height: 13.50pt;\">\n<td style=\"height: 13.50pt;\" height=\"18\">Pr\u016fm\u011br<\/td>\n<td>15mm<\/td>\n<\/tr>\n<tr style=\"height: 13.50pt;\">\n<td style=\"height: 13.50pt;\" height=\"18\">Barva<\/td>\n<td>Pr\u016fhledn\u00e9 sklo se zlat\u00fdm\/st\u0159\u00edbrn\u00fdm vrchem<\/td>\n<\/tr>\n<tr style=\"height: 13.50pt;\">\n<td style=\"height: 13.50pt;\" height=\"18\">Velikost skla<\/td>\n<td>58 mm33 mm79 mm \/ 58 mm35 mm91 mm<\/td>\n<\/tr>\n<tr style=\"height: 13.50pt;\">\n<td style=\"height: 13.50pt;\" height=\"18\">Tvar<\/td>\n<td>Obd\u00e9ln\u00edkov\u00fd<\/td>\n<\/tr>\n<tr style=\"height: 13.50pt;\">\n<td style=\"height: 13.50pt;\" height=\"18\">Materi\u00e1l<\/td>\n<td>Vysoce kvalitn\u00ed k\u0159i\u0161\u0165\u00e1lov\u00e9 sklo<\/td>\n<\/tr>\n<\/tbody>\n<\/table>\n<h2>P\u0159\u00edb\u011bh \u00fasp\u011bchu: Zak\u00e1zkov\u00e1 objedn\u00e1vka od luxusn\u00ed zna\u010dky z Bl\u00edzk\u00e9ho v\u00fdchodu<\/h2>\n<p>Zna\u010dka parf\u00e9m\u016f se s\u00eddlem v Dubaji si vybrala n\u00e1\u0161 zlat\u00fd flakon na kol\u00ednskou, na m\u00edru zhotoven\u00fd s hrdlem pokoven\u00fdm 24kar\u00e1tov\u00fdm zlatem a t\u011blem z tmav\u011b modr\u00e9ho skla. Lahev na m\u00edru dos\u00e1hla velk\u00e9ho \u00fasp\u011bchu, proto\u017ee 45 % recenz\u00ed ozna\u010dilo jej\u00ed hmotnost a barvu za z\u00e1kladn\u00ed ukazatele luxusu, zat\u00edmco z\u00e1kazn\u00edci ocenili pou\u017eit\u00ed vysoce kvalitn\u00edch materi\u00e1l\u016f, co\u017e zv\u00fd\u0161ilo jej\u00ed cenu o 15 % oproti b\u011b\u017en\u00e9 kolekci. Spole\u010dnost si objednala dal\u0161\u00edch 360 000 flakon\u016f pro realizaci nadch\u00e1zej\u00edc\u00edho uveden\u00ed oudov\u00e9 v\u016fn\u011b na trh a pro sv\u00e9 exkluzivn\u00ed produkty z bezceln\u00edho prodeje na leti\u0161t\u00edch.<\/p>\n<h2>Mo\u017enosti p\u0159izp\u016fsoben\u00ed lahvi\u010dky s v\u016fn\u00ed<\/h2>\n<ul>\n<li>Kombinace kovov\u00fdch krou\u017ek\u016f a krytek: K dispozici s odpov\u00eddaj\u00edc\u00edmi nebo kontrastn\u00edmi krou\u017eky na krk a kovov\u00fdmi z\u00e1kladnami (r\u016f\u017eov\u00e9 zlato, bronzov\u011b \u0161ed\u00e1, staro\u017eitn\u00e9 st\u0159\u00edbro).<\/li>\n<li>Materi\u00e1l a design v\u00ed\u010dka: Spole\u010dnost nab\u00edz\u00ed t\u0159i typy materi\u00e1l\u016f v\u00ed\u010dek, mezi kter\u00e9 pat\u0159\u00ed p\u0159\u00edrodn\u00ed k\u0159i\u0161\u0165\u00e1l, vitr\u00e1\u017ee a kov intarzovan\u00fd smaltem.<\/li>\n<li>Velikost a proporce: Design lahve nab\u00edz\u00ed r\u016fzn\u00e9 mo\u017enosti v\u00fd\u0161ky a \u0161\u00ed\u0159ky, od robustn\u00ed 30ml a\u017e po \u0161t\u00edhlou 200ml, aby vyhovoval r\u016fzn\u00fdm pot\u0159eb\u00e1m.<\/li>\n<\/ul>","protected":false},"excerpt":{"rendered":"<p>Pr\u00e9miov\u00e9 flakony na v\u016fn\u011b z k\u0159i\u0161\u0165\u00e1lov\u00e9ho skla s diamantov\u00fdm uz\u00e1v\u011brem a zlat\u00fdm akcentem. Design zlat\u00fdch flakon\u016f pro kol\u00ednskou vodu pro luxusn\u00ed zna\u010dky. Velkoobchodn\u00ed slevy k dispozici.<\/p>","protected":false},"featured_media":2339,"comment_status":"open","ping_status":"closed","template":"","meta":{"_acf_changed":false,"site-sidebar-layout":"default","site-content-layout":"","ast-site-content-layout":"default","site-content-style":"default","site-sidebar-style":"default","ast-global-header-display":"","ast-banner-title-visibility":"","ast-main-header-display":"","ast-hfb-above-header-display":"","ast-hfb-below-header-display":"","ast-hfb-mobile-header-display":"","site-post-title":"","ast-breadcrumbs-content":"","ast-featured-img":"","footer-sml-layout":"","ast-disable-related-posts":"","theme-transparent-header-meta":"default","adv-header-id-meta":"","stick-header-meta":"","header-above-stick-meta":"","header-main-stick-meta":"","header-below-stick-meta":"","astra-migrate-meta-layouts":"set","ast-page-background-enabled":"default","ast-page-background-meta":{"desktop":{"background-color":"var(--ast-global-color-5)","background-image":"","background-repeat":"repeat","background-position":"center center","background-size":"auto","background-attachment":"scroll","background-type":"","background-media":"","overlay-type":"","overlay-color":"","overlay-opacity":"","overlay-gradient":""},"tablet":{"background-color":"","background-image":"","background-repeat":"repeat","background-position":"center center","background-size":"auto","background-attachment":"scroll","background-type":"","background-media":"","overlay-type":"","overlay-color":"","overlay-opacity":"","overlay-gradient":""},"mobile":{"background-color":"","background-image":"","background-repeat":"repeat","background-position":"center center","background-size":"auto","background-attachment":"scroll","background-type":"","background-media":"","overlay-type":"","overlay-color":"","overlay-opacity":"","overlay-gradient":""}},"ast-content-background-meta":{"desktop":{"background-color":"var(--ast-global-color-4)","background-image":"","background-repeat":"repeat","background-position":"center center","background-size":"auto","background-attachment":"scroll","background-type":"","background-media":"","overlay-type":"","overlay-color":"","overlay-opacity":"","overlay-gradient":""},"tablet":{"background-color":"var(--ast-global-color-4)","background-image":"","background-repeat":"repeat","background-position":"center center","background-size":"auto","background-attachment":"scroll","background-type":"","background-media":"","overlay-type":"","overlay-color":"","overlay-opacity":"","overlay-gradient":""},"mobile":{"background-color":"var(--ast-global-color-4)","background-image":"","background-repeat":"repeat","background-position":"center center","background-size":"auto","background-attachment":"scroll","background-type":"","background-media":"","overlay-type":"","overlay-color":"","overlay-opacity":"","overlay-gradient":""}}},"product_brand":[],"product_cat":[91,72,41],"product_tag":[],"class_list":{"0":"post-1909","1":"product","2":"type-product","3":"status-publish","4":"has-post-thumbnail","6":"product_cat-custom-perfume-bottles","7":"product_cat-cosmetic-packaging","8":"product_cat-perfume-bottles","9":"desktop-align-left","10":"tablet-align-left","11":"mobile-align-left","13":"first","14":"instock","15":"shipping-taxable","16":"product-type-simple"},"acf":[],"jetpack_sharing_enabled":true,"_links":{"self":[{"href":"https:\/\/theperfumebottles.com\/cs\/wp-json\/wp\/v2\/product\/1909","targetHints":{"allow":["GET"]}}],"collection":[{"href":"https:\/\/theperfumebottles.com\/cs\/wp-json\/wp\/v2\/product"}],"about":[{"href":"https:\/\/theperfumebottles.com\/cs\/wp-json\/wp\/v2\/types\/product"}],"replies":[{"embeddable":true,"href":"https:\/\/theperfumebottles.com\/cs\/wp-json\/wp\/v2\/comments?post=1909"}],"wp:featuredmedia":[{"embeddable":true,"href":"https:\/\/theperfumebottles.com\/cs\/wp-json\/wp\/v2\/media\/2339"}],"wp:attachment":[{"href":"https:\/\/theperfumebottles.com\/cs\/wp-json\/wp\/v2\/media?parent=1909"}],"wp:term":[{"taxonomy":"product_brand","embeddable":true,"href":"https:\/\/theperfumebottles.com\/cs\/wp-json\/wp\/v2\/product_brand?post=1909"},{"taxonomy":"product_cat","embeddable":true,"href":"https:\/\/theperfumebottles.com\/cs\/wp-json\/wp\/v2\/product_cat?post=1909"},{"taxonomy":"product_tag","embeddable":true,"href":"https:\/\/theperfumebottles.com\/cs\/wp-json\/wp\/v2\/product_tag?post=1909"}],"curies":[{"name":"wp","href":"https:\/\/api.w.org\/{rel}","templated":true}]}}