{"id":2550,"date":"2025-03-06T08:49:54","date_gmt":"2025-03-06T08:49:54","guid":{"rendered":"https:\/\/theperfumebottles.com\/?post_type=product&#038;p=2550"},"modified":"2025-05-29T09:15:02","modified_gmt":"2025-05-29T01:15:02","slug":"glass-perfume-bottle-50ml-with-pump","status":"publish","type":"product","link":"https:\/\/theperfumebottles.com\/cs\/produkt\/glass-perfume-bottle-50ml-with-pump\/","title":{"rendered":"Sklen\u011bn\u00e1 lahvi\u010dka na parf\u00e9m 50ml s pumpi\u010dkou"},"content":{"rendered":"<h2>Pr\u00e9miov\u00e1 lahvi\u010dka na parf\u00e9m 50 ml<\/h2>\n<p>Na\u0161e sklen\u011bn\u00e1 lahvi\u010dka na parf\u00e9m o objemu 50 ml je vyrobena s d\u016frazem na sofistikovanost a m\u00e1 elegantn\u00ed obd\u00e9ln\u00edkov\u00fd tvar s ostr\u00fdmi geometrick\u00fdmi liniemi a hladk\u00fdmi hranami.Tato sklen\u011bn\u00e1 lahvi\u010dka na parf\u00e9m o objemu 50 ml dokonale zobrazuje \u010distou barvu v\u016fn\u011b d\u00edky pr\u016fhledn\u00e9mu sklen\u011bn\u00e9mu materi\u00e1lu a st\u0159\u00edbrn\u00fd uz\u00e1v\u011br lahvi\u010dky je pe\u010dliv\u011b vyle\u0161t\u011bn\u00fd, co\u017e p\u016fsob\u00ed nen\u00e1padn\u00fdm a leskl\u00fdm modern\u00edm dojmem.\u00dast\u00ed lahvi\u010dky m\u00e1 hladk\u00fd design rozpra\u0161ova\u010de, kter\u00fd dok\u00e1\u017ee p\u0159i ka\u017ed\u00e9m stisknut\u00ed rovnom\u011brn\u011b uvolnit v\u016fni, je hladk\u00fd a nelep\u00ed se. Lahvi\u010dku jsme navrhli tak, aby byla vodot\u011bsn\u00e1, tak\u017ee ji vy i va\u0161i z\u00e1kazn\u00edci m\u016f\u017eete bez obav pou\u017e\u00edvat bez ohledu na hrbolatou j\u00edzdu nebo zm\u011bny teplot.<\/p>\n<h2>V\u0161estrann\u00e9 p\u0159izp\u016fsoben\u00ed r\u016fzn\u00fdm pot\u0159eb\u00e1m<\/h2>\n<p>A\u0165 u\u017e se jedn\u00e1 o \u0161pi\u010dkov\u00fd parf\u00e9m, cestovn\u00ed velikost, limitovanou edici nebo aromaterapeutick\u00fd esenci\u00e1ln\u00ed olej \u010di esenci pro p\u00e9\u010di o ple\u0165, tato lahvi\u010dka si s nimi snadno porad\u00ed. Mal\u00fd objem je vhodn\u00fd pro ulo\u017een\u00ed na toaletn\u00ed stolek, do prodejn\u00edch reg\u00e1l\u016f nebo do d\u00e1rkov\u00fdch krabi\u010dek, d\u00edky \u010demu\u017e v\u00e1\u0161 v\u00fdrobek vynikne v ka\u017ed\u00e9 sc\u00e9n\u011b.<\/p>\n<h2>Kl\u00ed\u010dov\u00e9 specifikace<\/h2>\n<table>\n<thead>\n<tr>\n<th><strong>Atribut<\/strong><\/th>\n<th><strong>Podrobnosti<\/strong><\/th>\n<\/tr>\n<\/thead>\n<tbody>\n<tr>\n<td>Model<\/td>\n<td>PB-BF07<\/td>\n<\/tr>\n<tr>\n<td>Kapacita<\/td>\n<td>50 ml<\/td>\n<\/tr>\n<tr>\n<td>Materi\u00e1l<\/td>\n<td>K\u0159i\u0161\u0165\u00e1lov\u00e9 sklo + kov + PE<\/td>\n<\/tr>\n<tr>\n<td>Rozm\u011bry<\/td>\n<td>41 * <em>30 * <\/em>107 mm<\/td>\n<\/tr>\n<tr>\n<td>Typ t\u011bsn\u011bn\u00ed<\/td>\n<td>Rozpra\u0161ova\u010d (rozpra\u0161ova\u010d)<\/td>\n<\/tr>\n<tr>\n<td>Mo\u017enosti barev<\/td>\n<td>Pr\u016fhledn\u00e9 sklo se st\u0159\u00edbrn\u00fdm uz\u00e1v\u011brem<\/td>\n<\/tr>\n<tr>\n<td>P\u0159izp\u016fsoben\u00ed<\/td>\n<td>Rytiny, UV tisk, matov\u00e1n\u00ed atd.<\/td>\n<\/tr>\n<\/tbody>\n<\/table>\n<h2>Vylep\u0161ete sv\u00e9 balen\u00ed v\u016fn\u00ed<\/h2>\n<p>Vytvo\u0159te trval\u00fd dojem s t\u00edmto 50ml flakonem parf\u00e9mu. U\u017e nehledejte - na\u0161e tov\u00e1rna nab\u00edz\u00ed stabiln\u00ed dod\u00e1vky, bezpe\u010dn\u00e9 balen\u00ed a \u0159e\u0161en\u00ed na m\u00edru. Vyberte si na\u0161e lahvi\u010dky na parf\u00e9my, kter\u00e9 spln\u00ed po\u017eadavky va\u0161ich z\u00e1kazn\u00edk\u016f na luxus. Kontaktujte n\u00e1s je\u0161t\u011b dnes a vytvo\u0159te si \u00fa\u010det a vy\u017e\u00e1dejte si odstup\u0148ovanou cenovou nab\u00eddku!<\/p>","protected":false},"excerpt":{"rendered":"<p>Na\u0161e sofistikovan\u00e9 \u0159e\u0161en\u00ed <strong>50ml sklen\u011bn\u00fd flakon na parf\u00e9m<\/strong>\u00a0m\u00e1 elegantn\u00ed obd\u00e9ln\u00edkov\u00fd tvar s ostr\u00fdmi geometrick\u00fdmi liniemi a hladk\u00fdmi hranami.<\/p>","protected":false},"featured_media":2551,"comment_status":"open","ping_status":"closed","template":"","meta":{"_acf_changed":false,"site-sidebar-layout":"default","site-content-layout":"","ast-site-content-layout":"default","site-content-style":"default","site-sidebar-style":"default","ast-global-header-display":"","ast-banner-title-visibility":"","ast-main-header-display":"","ast-hfb-above-header-display":"","ast-hfb-below-header-display":"","ast-hfb-mobile-header-display":"","site-post-title":"","ast-breadcrumbs-content":"","ast-featured-img":"","footer-sml-layout":"","ast-disable-related-posts":"","theme-transparent-header-meta":"default","adv-header-id-meta":"","stick-header-meta":"","header-above-stick-meta":"","header-main-stick-meta":"","header-below-stick-meta":"","astra-migrate-meta-layouts":"set","ast-page-background-enabled":"default","ast-page-background-meta":{"desktop":{"background-color":"var(--ast-global-color-5)","background-image":"","background-repeat":"repeat","background-position":"center center","background-size":"auto","background-attachment":"scroll","background-type":"","background-media":"","overlay-type":"","overlay-color":"","overlay-opacity":"","overlay-gradient":""},"tablet":{"background-color":"","background-image":"","background-repeat":"repeat","background-position":"center center","background-size":"auto","background-attachment":"scroll","background-type":"","background-media":"","overlay-type":"","overlay-color":"","overlay-opacity":"","overlay-gradient":""},"mobile":{"background-color":"","background-image":"","background-repeat":"repeat","background-position":"center center","background-size":"auto","background-attachment":"scroll","background-type":"","background-media":"","overlay-type":"","overlay-color":"","overlay-opacity":"","overlay-gradient":""}},"ast-content-background-meta":{"desktop":{"background-color":"var(--ast-global-color-4)","background-image":"","background-repeat":"repeat","background-position":"center center","background-size":"auto","background-attachment":"scroll","background-type":"","background-media":"","overlay-type":"","overlay-color":"","overlay-opacity":"","overlay-gradient":""},"tablet":{"background-color":"var(--ast-global-color-4)","background-image":"","background-repeat":"repeat","background-position":"center center","background-size":"auto","background-attachment":"scroll","background-type":"","background-media":"","overlay-type":"","overlay-color":"","overlay-opacity":"","overlay-gradient":""},"mobile":{"background-color":"var(--ast-global-color-4)","background-image":"","background-repeat":"repeat","background-position":"center center","background-size":"auto","background-attachment":"scroll","background-type":"","background-media":"","overlay-type":"","overlay-color":"","overlay-opacity":"","overlay-gradient":""}}},"product_brand":[],"product_cat":[72,41],"product_tag":[89],"class_list":{"0":"post-2550","1":"product","2":"type-product","3":"status-publish","4":"has-post-thumbnail","6":"product_cat-cosmetic-packaging","7":"product_cat-perfume-bottles","8":"product_tag-perfume-bottle","9":"desktop-align-left","10":"tablet-align-left","11":"mobile-align-left","13":"first","14":"instock","15":"shipping-taxable","16":"product-type-simple"},"acf":[],"jetpack_sharing_enabled":true,"_links":{"self":[{"href":"https:\/\/theperfumebottles.com\/cs\/wp-json\/wp\/v2\/product\/2550","targetHints":{"allow":["GET"]}}],"collection":[{"href":"https:\/\/theperfumebottles.com\/cs\/wp-json\/wp\/v2\/product"}],"about":[{"href":"https:\/\/theperfumebottles.com\/cs\/wp-json\/wp\/v2\/types\/product"}],"replies":[{"embeddable":true,"href":"https:\/\/theperfumebottles.com\/cs\/wp-json\/wp\/v2\/comments?post=2550"}],"wp:featuredmedia":[{"embeddable":true,"href":"https:\/\/theperfumebottles.com\/cs\/wp-json\/wp\/v2\/media\/2551"}],"wp:attachment":[{"href":"https:\/\/theperfumebottles.com\/cs\/wp-json\/wp\/v2\/media?parent=2550"}],"wp:term":[{"taxonomy":"product_brand","embeddable":true,"href":"https:\/\/theperfumebottles.com\/cs\/wp-json\/wp\/v2\/product_brand?post=2550"},{"taxonomy":"product_cat","embeddable":true,"href":"https:\/\/theperfumebottles.com\/cs\/wp-json\/wp\/v2\/product_cat?post=2550"},{"taxonomy":"product_tag","embeddable":true,"href":"https:\/\/theperfumebottles.com\/cs\/wp-json\/wp\/v2\/product_tag?post=2550"}],"curies":[{"name":"wp","href":"https:\/\/api.w.org\/{rel}","templated":true}]}}