{"id":2573,"date":"2025-03-10T06:34:47","date_gmt":"2025-03-10T06:34:47","guid":{"rendered":"https:\/\/theperfumebottles.com\/?post_type=product&#038;p=2573"},"modified":"2026-01-12T10:46:54","modified_gmt":"2026-01-12T02:46:54","slug":"custom-perfume-bottles-mens-cologne-bottles","status":"publish","type":"product","link":"https:\/\/theperfumebottles.com\/cs\/produkt\/custom-perfume-bottles-mens-cologne-bottles\/","title":{"rendered":"50ml\/100ml obd\u00e9ln\u00edkov\u00e9 sklen\u011bn\u00e9 lahvi\u010dky na parf\u00e9my na zak\u00e1zku"},"content":{"rendered":"<p>Exkluzivn\u00ed lahvi\u010dka kol\u00ednsk\u00e9 vody pro mu\u017ee s dvoj\u00edm objemem 50 ml\/100 ml. Hranat\u00e9 brou\u0161en\u00e9 k\u0159i\u0161\u0165\u00e1lov\u00e9 sklo je k\u0159i\u0161\u0165\u00e1lov\u011b \u010dist\u00e9 jako jantar a je slad\u011bno s matn\u00fdm \u010dern\u00fdm kovov\u00fdm uz\u00e1v\u011brem lahvi\u010dky, kter\u00fd vytv\u00e1\u0159\u00ed kontrast mezi tvrdost\u00ed a jemnost\u00ed. Zes\u00edlen\u00e9 dno lahvi\u010dky pevn\u011b stoj\u00ed na stole a snadno spl\u0148uje ka\u017edodenn\u00ed nebo cestovn\u00ed pot\u0159eby. Ka\u017ed\u00fd detail vyva\u017euje racion\u00e1ln\u00ed design a emocion\u00e1ln\u00ed pro\u017eitek - od vizu\u00e1ln\u00edho um\u011bn\u00ed toaletn\u00edho stolku a\u017e po hmatovou sr\u00e1\u017elivost v dlani.<\/p>\n<h2>Kl\u00ed\u010dov\u00e9 specifikace<\/h2>\n<table style=\"border-collapse: collapse;margin-left: auto;margin-right: auto;width: 443.27pt\" border=\"0\" width=\"591\" cellspacing=\"0\" cellpadding=\"0\">\n<tbody>\n<tr style=\"height: 17.25pt\">\n<td class=\"et2\" style=\"height: 17.25pt;width: 139.50pt\" width=\"186\" height=\"23\"><strong>Model<\/strong><\/td>\n<td class=\"et2\" style=\"width: 139.50pt\" width=\"186\"><strong>PB-BF1001<\/strong><\/td>\n<td class=\"et2\" style=\"width: 164.25pt\" width=\"219\"><strong>PB-BF1002<\/strong><\/td>\n<\/tr>\n<tr style=\"height: 17.25pt\">\n<td class=\"et3\" style=\"height: 17.25pt;width: 139.50pt\" width=\"186\" height=\"23\"><strong>Kapacita<\/strong><\/td>\n<td class=\"et3\" style=\"width: 139.50pt\" width=\"186\">50ml<\/td>\n<td class=\"et3\" style=\"width: 164.25pt\" width=\"219\">100ml<\/td>\n<\/tr>\n<tr style=\"height: 17.25pt\">\n<td class=\"et3\" style=\"height: 17.25pt;width: 139.50pt\" width=\"186\" height=\"23\"><strong>Rozm\u011bry (V \u00d7 \u0160 \u00d7 H)<\/strong><\/td>\n<td class=\"et3\" style=\"width: 139.50pt\" width=\"186\">82 \u00d7 54 \u00d7 29 mm<\/td>\n<td class=\"et3\" style=\"width: 164.25pt\" width=\"219\">107 \u00d7 72 \u00d7 31 mm<\/td>\n<\/tr>\n<tr style=\"height: 17.25pt\">\n<td class=\"et3\" style=\"height: 17.25pt;width: 139.50pt\" width=\"186\" height=\"23\"><strong>Barva v\u00ed\u010dka<\/strong><\/td>\n<td class=\"et3\" style=\"width: 139.50pt\" width=\"186\">\u010cern\u00fd<\/td>\n<td class=\"et3\" style=\"width: 164.25pt\" width=\"219\">\u010cern\u00fd<\/td>\n<\/tr>\n<tr style=\"height: 17.25pt\">\n<td class=\"et3\" style=\"height: 17.25pt;width: 139.50pt\" width=\"186\" height=\"23\"><strong>Materi\u00e1l<\/strong><\/td>\n<td class=\"et3\" style=\"width: 139.50pt\" width=\"186\">K\u0159i\u0161\u0165\u00e1lov\u00e9 sklo<\/td>\n<td class=\"et3\" style=\"width: 164.25pt\" width=\"219\">K\u0159i\u0161\u0165\u00e1lov\u00e9 sklo<\/td>\n<\/tr>\n<tr style=\"height: 17.25pt\">\n<td class=\"et3\" style=\"height: 17.25pt;width: 139.50pt\" width=\"186\" height=\"23\"><strong>Typ t\u011bsn\u011bn\u00ed<\/strong><\/td>\n<td class=\"et3\" style=\"width: 139.50pt\" width=\"186\">Sprej Top<\/td>\n<td class=\"et3\" style=\"width: 164.25pt\" width=\"219\">Sprej Top<\/td>\n<\/tr>\n<\/tbody>\n<\/table>\n<h2>Pozvedn\u011bte svou zna\u010dku v\u016fn\u00ed je\u0161t\u011b dnes<\/h2>\n<p>Vytvo\u0159te si nezapomenuteln\u00e9 z\u00e1\u017eitky p\u0159i rozbalov\u00e1n\u00ed s na\u0161imi vlastn\u00edmi lahvi\u010dkami na parf\u00e9my. Vyberte si ze skladov\u00fdch design\u016f nebo spolupracujte s na\u0161\u00edm t\u00fdmem na vytvo\u0159en\u00ed\u00a0<em>vytvo\u0159it<\/em>\u00a0zna\u010dkov\u00e9 obaly parf\u00e9m\u016f. Nav\u0161tivte na\u0161i domovskou str\u00e1nku a vyhledejte dostupn\u00e9 modely, vy\u017e\u00e1dejte si vzorky nebo otev\u0159ete objedn\u00e1vku.\u00a0<em>\u00fa\u010det<\/em>\u00a0pro velkoobchodn\u00ed ceny. Pot\u0159ebujete nal\u00e9hav\u011b z\u00e1soby? Dod\u00e1v\u00e1me jak okam\u017eit\u00e9 zbo\u017e\u00ed, tak \u0161ar\u017ee na m\u00edru - poptejte se a zajist\u011bte si svou objedn\u00e1vku!<\/p>","protected":false},"excerpt":{"rendered":"<p>Exkluzivn\u00ed colongov\u00e1 lahvi\u010dka pro mu\u017ee, dvoj\u00ed objem 50ml\/100ml. \u00dahlovit\u011b \u0159ezan\u00e9 krystalov\u00e9 sklo je tak jasn\u00e9 jako \u017eelezo, a [\u2026]<\/p>","protected":false},"featured_media":2574,"comment_status":"open","ping_status":"closed","template":"","meta":{"_acf_changed":false,"site-sidebar-layout":"default","site-content-layout":"","ast-site-content-layout":"default","site-content-style":"default","site-sidebar-style":"default","ast-global-header-display":"","ast-banner-title-visibility":"","ast-main-header-display":"","ast-hfb-above-header-display":"","ast-hfb-below-header-display":"","ast-hfb-mobile-header-display":"","site-post-title":"","ast-breadcrumbs-content":"","ast-featured-img":"","footer-sml-layout":"","ast-disable-related-posts":"","theme-transparent-header-meta":"default","adv-header-id-meta":"","stick-header-meta":"","header-above-stick-meta":"","header-main-stick-meta":"","header-below-stick-meta":"","astra-migrate-meta-layouts":"set","ast-page-background-enabled":"default","ast-page-background-meta":{"desktop":{"background-color":"var(--ast-global-color-5)","background-image":"","background-repeat":"repeat","background-position":"center center","background-size":"auto","background-attachment":"scroll","background-type":"","background-media":"","overlay-type":"","overlay-color":"","overlay-opacity":"","overlay-gradient":""},"tablet":{"background-color":"","background-image":"","background-repeat":"repeat","background-position":"center center","background-size":"auto","background-attachment":"scroll","background-type":"","background-media":"","overlay-type":"","overlay-color":"","overlay-opacity":"","overlay-gradient":""},"mobile":{"background-color":"","background-image":"","background-repeat":"repeat","background-position":"center center","background-size":"auto","background-attachment":"scroll","background-type":"","background-media":"","overlay-type":"","overlay-color":"","overlay-opacity":"","overlay-gradient":""}},"ast-content-background-meta":{"desktop":{"background-color":"var(--ast-global-color-4)","background-image":"","background-repeat":"repeat","background-position":"center center","background-size":"auto","background-attachment":"scroll","background-type":"","background-media":"","overlay-type":"","overlay-color":"","overlay-opacity":"","overlay-gradient":""},"tablet":{"background-color":"var(--ast-global-color-4)","background-image":"","background-repeat":"repeat","background-position":"center center","background-size":"auto","background-attachment":"scroll","background-type":"","background-media":"","overlay-type":"","overlay-color":"","overlay-opacity":"","overlay-gradient":""},"mobile":{"background-color":"var(--ast-global-color-4)","background-image":"","background-repeat":"repeat","background-position":"center center","background-size":"auto","background-attachment":"scroll","background-type":"","background-media":"","overlay-type":"","overlay-color":"","overlay-opacity":"","overlay-gradient":""}}},"product_brand":[],"product_cat":[72,41],"product_tag":[],"class_list":{"0":"post-2573","1":"product","2":"type-product","3":"status-publish","4":"has-post-thumbnail","6":"product_cat-cosmetic-packaging","7":"product_cat-perfume-bottles","8":"desktop-align-left","9":"tablet-align-left","10":"mobile-align-left","12":"first","13":"instock","14":"shipping-taxable","15":"product-type-simple"},"acf":[],"jetpack_sharing_enabled":true,"_links":{"self":[{"href":"https:\/\/theperfumebottles.com\/cs\/wp-json\/wp\/v2\/product\/2573","targetHints":{"allow":["GET"]}}],"collection":[{"href":"https:\/\/theperfumebottles.com\/cs\/wp-json\/wp\/v2\/product"}],"about":[{"href":"https:\/\/theperfumebottles.com\/cs\/wp-json\/wp\/v2\/types\/product"}],"replies":[{"embeddable":true,"href":"https:\/\/theperfumebottles.com\/cs\/wp-json\/wp\/v2\/comments?post=2573"}],"wp:featuredmedia":[{"embeddable":true,"href":"https:\/\/theperfumebottles.com\/cs\/wp-json\/wp\/v2\/media\/2574"}],"wp:attachment":[{"href":"https:\/\/theperfumebottles.com\/cs\/wp-json\/wp\/v2\/media?parent=2573"}],"wp:term":[{"taxonomy":"product_brand","embeddable":true,"href":"https:\/\/theperfumebottles.com\/cs\/wp-json\/wp\/v2\/product_brand?post=2573"},{"taxonomy":"product_cat","embeddable":true,"href":"https:\/\/theperfumebottles.com\/cs\/wp-json\/wp\/v2\/product_cat?post=2573"},{"taxonomy":"product_tag","embeddable":true,"href":"https:\/\/theperfumebottles.com\/cs\/wp-json\/wp\/v2\/product_tag?post=2573"}],"curies":[{"name":"wp","href":"https:\/\/api.w.org\/{rel}","templated":true}]}}