{"id":2580,"date":"2025-03-10T07:51:08","date_gmt":"2025-03-10T07:51:08","guid":{"rendered":"https:\/\/theperfumebottles.com\/?post_type=product&#038;p=2580"},"modified":"2026-04-08T18:18:42","modified_gmt":"2026-04-08T10:18:42","slug":"custom-glass-fragrance-bottles-bulk-perfume-bottles-set","status":"publish","type":"product","link":"https:\/\/theperfumebottles.com\/cs\/produkt\/custom-glass-fragrance-bottles-bulk-perfume-bottles-set\/","title":{"rendered":"30ml 50ml 100ml zak\u00e1zkov\u00e9 sklen\u011bn\u00e9 lahvi\u010dky na v\u016fni \u2013 sada velkoobjemov\u00fdch lahvi\u010dek na parf\u00e9my"},"content":{"rendered":"<p>Sklen\u011bn\u00e9 flakony na v\u016fn\u011b z t\u00e9to s\u00e9rie jsou vyrobeny z vysoce \u010dir\u00e9ho sodno-v\u00e1penat\u00e9ho skla. Maj\u00ed obd\u00e9ln\u00edkov\u00fd tvar s ostr\u00fdmi hranami a silnou z\u00e1kladnou. D\u00edky sv\u00e9 z\u00e1kladn\u011b jsou velmi stabiln\u00ed a odoln\u00e9. Obd\u00e9ln\u00edkov\u00e9 t\u011blo a velk\u00fd uz\u00e1v\u011br jim dod\u00e1vaj\u00ed modern\u00ed a luxusn\u00ed vzhled.<\/p>\n<h2>Kl\u00ed\u010dov\u00e9 specifikace<\/h2>\n<table style=\"border-collapse: collapse; margin-left: auto; margin-right: auto; width: 80%;\" border=\"0\" width=\"618\" cellspacing=\"0\" cellpadding=\"0\">\n<tbody>\n<tr style=\"height: 19.00pt;\">\n<td class=\"et2\" style=\"height: 19.00pt; width: 117.75pt;\" width=\"157\" height=\"25\">Model<\/td>\n<td class=\"et3\" style=\"width: 116.25pt;\" width=\"155\">PB-BF1201<\/td>\n<td class=\"et3\" style=\"width: 115.50pt;\" width=\"154\">PB-BF1202<\/td>\n<td class=\"et3\" style=\"width: 114.00pt;\" width=\"152\">PB-BF1203<\/td>\n<\/tr>\n<tr style=\"height: 17.25pt;\">\n<td class=\"et2\" style=\"height: 17.25pt; width: 117.75pt;\" width=\"157\" height=\"23\">Kapacita<\/td>\n<td class=\"et3\" style=\"width: 116.25pt;\" width=\"155\">30 ml<\/td>\n<td class=\"et3\" style=\"width: 115.50pt;\" width=\"154\">50 ml<\/td>\n<td class=\"et3\" style=\"width: 114.00pt;\" width=\"152\">100 ml<\/td>\n<\/tr>\n<tr style=\"height: 17.25pt;\">\n<td class=\"et2\" style=\"height: 17.25pt; width: 117.75pt;\" width=\"157\" height=\"23\">R\u00e1\u017ee<\/td>\n<td class=\"et3\" style=\"width: 116.25pt;\" width=\"155\">15 mm<\/td>\n<td class=\"et3\" style=\"width: 115.50pt;\" width=\"154\">15 mm<\/td>\n<td class=\"et3\" style=\"width: 114.00pt;\" width=\"152\">15 mm<\/td>\n<\/tr>\n<tr style=\"height: 18.00pt;\">\n<td class=\"et2\" style=\"height: 18.00pt; width: 117.75pt;\" width=\"157\" height=\"24\">Rozm\u011bry<\/td>\n<td class=\"et3\" style=\"width: 116.25pt;\" width=\"155\">60 x 32 x 51 \/ mm<\/td>\n<td class=\"et3\" style=\"width: 115.50pt;\" width=\"154\">75 x 35 x 58 \/ mm<\/td>\n<td class=\"et3\" style=\"width: 114.00pt;\" width=\"152\">92 x 45 x 62 \/ mm<\/td>\n<\/tr>\n<tr style=\"height: 17.25pt;\">\n<td class=\"et2\" style=\"height: 17.25pt; width: 117.75pt;\" width=\"157\" height=\"23\">Barva v\u00ed\u010dka<\/td>\n<td class=\"et3\" style=\"width: 116.25pt;\" width=\"155\">\u010cern\u00e1\/\u010cerven\u00e1\/Modr\u00e1<\/td>\n<td class=\"et3\" style=\"width: 115.50pt;\" width=\"154\">\u010cern\u00e1\/\u010cerven\u00e1\/Modr\u00e1<\/td>\n<td class=\"et3\" style=\"width: 114.00pt;\" width=\"152\">\u010cern\u00e1\/\u010cerven\u00e1\/Modr\u00e1<\/td>\n<\/tr>\n<\/tbody>\n<\/table>\n<h2 data-start=\"94\" data-end=\"114\"><strong data-start=\"94\" data-end=\"114\">P\u0159\u00edpad distributora<\/strong><\/h2>\n<p>Distributor z Nizozemska, kter\u00fd si od n\u00e1s p\u0159ed lety zakoupil vzorky 10ml parf\u00e9mov\u00fdch lahvi\u010dek, kter\u00e9 si objedn\u00e1v\u00e1me ve v\u0161ech t\u0159ech velikostech. Pou\u017eit\u00edm matn\u011b \u010dern\u00e9ho st\u0159\u00edk\u00e1n\u00ed a techniky hork\u00e9 ra\u017eby \u2013 v kombinaci s uz\u00e1v\u011bry, kter\u00e9 odr\u00e1\u017eej\u00ed barvu samotn\u00fdch lahvi\u010dek \u2013 t\u011bmto obd\u00e9ln\u00edkov\u00fdm sklen\u011bn\u00fdm parf\u00e9mov\u00fdm lahvi\u010dk\u00e1m dodal skute\u010dn\u011b luxusn\u00ed vizu\u00e1ln\u00ed estetiku.<\/p>\n<p>Nejprve si objednali 12metrov\u00fd kontejner s t\u011bmito sklen\u011bn\u00fdmi lahvi\u010dkami na v\u016fn\u011b. Sklen\u011bn\u00e9 lahvi\u010dky prod\u00e1vali v obchodech online. Nov\u00e9 sklen\u011bn\u00e9 lahvi\u010dky na v\u016fn\u011b vypadaly v reg\u00e1lech l\u00e9pe, tak\u017ee si lid\u00e9 mysleli, \u017ee zna\u010dka je luxusn\u011bj\u0161\u00ed, a za pouh\u00fd \u010dtvrt roku prodali o 35 % v\u00edce parf\u00e9m\u016f. Spole\u010dnosti se sklen\u011bn\u00e9 lahvi\u010dky na v\u016fn\u011b tolik l\u00edbily, \u017ee si objednala dal\u0161\u00ed sklen\u011bn\u00e9 lahvi\u010dky a za\u010dala je pou\u017e\u00edvat pro v\u00edce sv\u00fdch produkt\u016f.<\/p>\n<p>&nbsp;<\/p>\n<p>&nbsp;<\/p>","protected":false},"excerpt":{"rendered":"<p>Na\u0161e obd\u00e9ln\u00edkov\u00e9 sklen\u011bn\u00e9 lahvi\u010dky na parf\u00e9my, vyroben\u00e9 pro n\u00e1ro\u010dn\u00e9 zna\u010dky, v sob\u011b spojuj\u00ed sofistikovanost a funk\u010dnost.<\/p>","protected":false},"featured_media":2584,"comment_status":"open","ping_status":"closed","template":"","meta":{"_acf_changed":false,"site-sidebar-layout":"default","site-content-layout":"","ast-site-content-layout":"default","site-content-style":"default","site-sidebar-style":"default","ast-global-header-display":"","ast-banner-title-visibility":"","ast-main-header-display":"","ast-hfb-above-header-display":"","ast-hfb-below-header-display":"","ast-hfb-mobile-header-display":"","site-post-title":"","ast-breadcrumbs-content":"","ast-featured-img":"","footer-sml-layout":"","ast-disable-related-posts":"","theme-transparent-header-meta":"default","adv-header-id-meta":"","stick-header-meta":"","header-above-stick-meta":"","header-main-stick-meta":"","header-below-stick-meta":"","astra-migrate-meta-layouts":"set","ast-page-background-enabled":"default","ast-page-background-meta":{"desktop":{"background-color":"var(--ast-global-color-5)","background-image":"","background-repeat":"repeat","background-position":"center center","background-size":"auto","background-attachment":"scroll","background-type":"","background-media":"","overlay-type":"","overlay-color":"","overlay-opacity":"","overlay-gradient":""},"tablet":{"background-color":"","background-image":"","background-repeat":"repeat","background-position":"center center","background-size":"auto","background-attachment":"scroll","background-type":"","background-media":"","overlay-type":"","overlay-color":"","overlay-opacity":"","overlay-gradient":""},"mobile":{"background-color":"","background-image":"","background-repeat":"repeat","background-position":"center center","background-size":"auto","background-attachment":"scroll","background-type":"","background-media":"","overlay-type":"","overlay-color":"","overlay-opacity":"","overlay-gradient":""}},"ast-content-background-meta":{"desktop":{"background-color":"var(--ast-global-color-4)","background-image":"","background-repeat":"repeat","background-position":"center center","background-size":"auto","background-attachment":"scroll","background-type":"","background-media":"","overlay-type":"","overlay-color":"","overlay-opacity":"","overlay-gradient":""},"tablet":{"background-color":"var(--ast-global-color-4)","background-image":"","background-repeat":"repeat","background-position":"center center","background-size":"auto","background-attachment":"scroll","background-type":"","background-media":"","overlay-type":"","overlay-color":"","overlay-opacity":"","overlay-gradient":""},"mobile":{"background-color":"var(--ast-global-color-4)","background-image":"","background-repeat":"repeat","background-position":"center center","background-size":"auto","background-attachment":"scroll","background-type":"","background-media":"","overlay-type":"","overlay-color":"","overlay-opacity":"","overlay-gradient":""}}},"product_brand":[],"product_cat":[91,72,41],"product_tag":[],"class_list":{"0":"post-2580","1":"product","2":"type-product","3":"status-publish","4":"has-post-thumbnail","6":"product_cat-custom-perfume-bottles","7":"product_cat-cosmetic-packaging","8":"product_cat-perfume-bottles","9":"desktop-align-left","10":"tablet-align-left","11":"mobile-align-left","13":"first","14":"instock","15":"shipping-taxable","16":"product-type-simple"},"acf":[],"jetpack_sharing_enabled":true,"_links":{"self":[{"href":"https:\/\/theperfumebottles.com\/cs\/wp-json\/wp\/v2\/product\/2580","targetHints":{"allow":["GET"]}}],"collection":[{"href":"https:\/\/theperfumebottles.com\/cs\/wp-json\/wp\/v2\/product"}],"about":[{"href":"https:\/\/theperfumebottles.com\/cs\/wp-json\/wp\/v2\/types\/product"}],"replies":[{"embeddable":true,"href":"https:\/\/theperfumebottles.com\/cs\/wp-json\/wp\/v2\/comments?post=2580"}],"wp:featuredmedia":[{"embeddable":true,"href":"https:\/\/theperfumebottles.com\/cs\/wp-json\/wp\/v2\/media\/2584"}],"wp:attachment":[{"href":"https:\/\/theperfumebottles.com\/cs\/wp-json\/wp\/v2\/media?parent=2580"}],"wp:term":[{"taxonomy":"product_brand","embeddable":true,"href":"https:\/\/theperfumebottles.com\/cs\/wp-json\/wp\/v2\/product_brand?post=2580"},{"taxonomy":"product_cat","embeddable":true,"href":"https:\/\/theperfumebottles.com\/cs\/wp-json\/wp\/v2\/product_cat?post=2580"},{"taxonomy":"product_tag","embeddable":true,"href":"https:\/\/theperfumebottles.com\/cs\/wp-json\/wp\/v2\/product_tag?post=2580"}],"curies":[{"name":"wp","href":"https:\/\/api.w.org\/{rel}","templated":true}]}}