{"id":2588,"date":"2025-03-10T09:12:01","date_gmt":"2025-03-10T09:12:01","guid":{"rendered":"https:\/\/theperfumebottles.com\/?post_type=product&#038;p=2588"},"modified":"2025-05-28T18:09:05","modified_gmt":"2025-05-28T10:09:05","slug":"cologne-bottles-wholesale-custom-fragrance-packaging","status":"publish","type":"product","link":"https:\/\/theperfumebottles.com\/cs\/produkt\/cologne-bottles-wholesale-custom-fragrance-packaging\/","title":{"rendered":"Velkoobchodn\u00ed prodej lahv\u00ed s kol\u00ednskou vodou 60ml 80ml 100ml"},"content":{"rendered":"<p>N\u00e1\u0161 sklen\u011bn\u00fd flakon na kol\u00ednskou PB-BF13 je ide\u00e1ln\u00ed pro velkoobchodn\u00ed prodej kol\u00ednsk\u00e9 vody a je ur\u010den pro luxusn\u00ed zna\u010dky parf\u00e9m\u016f. M\u00e1 rafinovan\u00fd obd\u00e9ln\u00edkov\u00fd tvar s \u010dir\u00fdm siln\u00fdm k\u0159i\u0161\u0165\u00e1lov\u00fdm sklem a v\u00fdrazn\u00fdm \u010dern\u00fdm obd\u00e9ln\u00edkov\u00fdm uz\u00e1v\u011brem. Tento flakon na parf\u00e9m o rozm\u011brech 53 \u00d7 35 \u00d7 116 mm kombinuje stabilitu (d\u00edky pevn\u00e9 z\u00e1kladn\u011b) s modern\u00ed estetikou. Speci\u00e1ln\u011b navr\u017een\u00e1 zak\u0159iven\u00e1 konk\u00e1vn\u00ed struktura na vnit\u0159n\u00ed st\u011bn\u011b lahvi\u010dky nejen\u017ee umo\u017e\u0148uje p\u0159irozen\u011bj\u0161\u00ed proud\u011bn\u00ed tekutiny, ale tak\u00e9 dod\u00e1v\u00e1 lahvi\u010dce hlubokou vizu\u00e1ln\u00ed \u00farove\u0148. Je k dispozici ve t\u0159ech objemech 60 ml\/80 ml\/100 ml a je vhodn\u00e1 pro ka\u017edodenn\u00ed no\u0161en\u00ed, cestovn\u00ed velikost a limitovanou edici, kter\u00e1 vyhov\u00ed va\u0161im r\u016fzn\u00fdm pot\u0159eb\u00e1m.<\/p>\n<h2>Kl\u00ed\u010dov\u00e9 specifikace<\/h2>\n<table style=\"border-collapse: collapse;margin-left: auto;margin-right: auto;width: 384.77pt\" border=\"0\" width=\"513\" cellspacing=\"0\" cellpadding=\"0\">\n<tbody>\n<tr style=\"height: 13.50pt\">\n<td style=\"height: 13.50pt;width: 127.50pt\" width=\"170\" height=\"18\">Atribut<\/td>\n<td style=\"width: 257.25pt\" width=\"343\">Podrobnosti<\/td>\n<\/tr>\n<tr style=\"height: 13.50pt\">\n<td style=\"height: 13.50pt\" height=\"18\">Model<\/td>\n<td>PB-BF13<\/td>\n<\/tr>\n<tr style=\"height: 13.50pt\">\n<td style=\"height: 13.50pt\" height=\"18\">Mo\u017enosti kapacity<\/td>\n<td>60 ml, 80 ml, 100 ml (2 oz kol\u00ednsk\u00e9 vody)<\/td>\n<\/tr>\n<tr style=\"height: 13.50pt\">\n<td style=\"height: 13.50pt\" height=\"18\">Rozm\u011bry<\/td>\n<td>53 x 35 x 116 mm<\/td>\n<\/tr>\n<tr style=\"height: 13.50pt\">\n<td style=\"height: 13.50pt\" height=\"18\">Materi\u00e1l<\/td>\n<td>K\u0159i\u0161\u0165\u00e1lov\u00e9 sklo, \u010dern\u00fd uz\u00e1v\u011br ve spreji<\/td>\n<\/tr>\n<tr style=\"height: 13.50pt\">\n<td style=\"height: 13.50pt\" height=\"18\">Barva<\/td>\n<td>Pr\u016fhledn\u00e9 sklo, matn\u00e9 \u010dern\u00e9 v\u00ed\u010dko<\/td>\n<\/tr>\n<tr style=\"height: 13.50pt\">\n<td style=\"height: 13.50pt\" height=\"18\">Typ t\u011bsn\u011bn\u00ed<\/td>\n<td>Vrchn\u00ed \u010d\u00e1st spreje<\/td>\n<\/tr>\n<\/tbody>\n<\/table>\n<h2>V\u0161estrann\u00e9 aplikace pro zna\u010den\u00ed v\u016fn\u00ed<\/h2>\n<p>Tyto pr\u00e1zdn\u00e9 lahvi\u010dky na parf\u00e9my jsou ur\u010deny pro balen\u00ed luxusn\u00edch kol\u00ednsk\u00fdch vod, parf\u00e9m\u016f nebo vonn\u00fdch mlh. Vhodn\u00e9 pro cestovn\u00ed v\u016fn\u011b, limitovan\u00e9 kolekce nebo d\u00e1rkov\u00e9 sady na dovolenou. Univerz\u00e1ln\u00ed design p\u00e1nsk\u00fdch a d\u00e1msk\u00fdch v\u016fn\u00ed dok\u00e1\u017ee nejen vyniknout jemnosti d\u00e1msk\u00fdch kv\u011btinov\u00fdch t\u00f3n\u016f, ale tak\u00e9 n\u00e9st hloubku p\u00e1nsk\u00e9 kol\u00ednsk\u00e9. Je vhodn\u00fd zejm\u00e9na pro zna\u010dky \u0161pi\u010dkov\u00fdch v\u016fn\u00ed, kter\u00e9 usiluj\u00ed o smysl pro hranice bez pohlav\u00ed a realizuj\u00ed elegantn\u00ed \u0159e\u0161en\u00ed jednoho flakonu pro v\u00edce sc\u00e9n\u00e1\u0159\u016f.<\/p>\n<h2>Partnerstv\u00ed s d\u016fv\u011bryhodn\u00fdm v\u00fdrobcem<\/h2>\n<p>Vylep\u0161ete svou \u0159adu parf\u00e9m\u016f pomoc\u00ed t\u011bchto prvot\u0159\u00eddn\u00edch sklen\u011bn\u00fdch lahvi\u010dek na parf\u00e9my. A\u0165 u\u017e pot\u0159ebujete velkoobchodn\u00ed kol\u00ednsk\u00e9 lahvi\u010dky, vlastn\u00ed zna\u010dku nebo hromadn\u00e9 objedn\u00e1vky 100ml lahvi\u010dek s rozpra\u0161ova\u010dem, na\u0161e tov\u00e1rna zaru\u010duje rychl\u00e9 vy\u0159\u00edzen\u00ed, bezpe\u010dn\u00e9 balen\u00ed a dodr\u017eov\u00e1n\u00ed exportn\u00edch p\u0159edpis\u016f. Kontaktujte n\u00e1s je\u0161t\u011b dnes a vytvo\u0159te si personalizovan\u00e9 balen\u00ed parf\u00e9m\u016f, kter\u00e9 zaujme va\u0161e z\u00e1kazn\u00edky!<\/p>","protected":false},"excerpt":{"rendered":"<p>Sklen\u011bn\u00fd flakon na parf\u00e9m model PB-BF13 je vyroben pro luxusn\u00ed zna\u010dku parf\u00e9mu a m\u00e1 rafinovan\u00fd obd\u00e9ln\u00edkov\u00fd tvar s \u010dir\u00fdm, siln\u00fdm k\u0159i\u0161\u0165\u00e1lov\u00fdm sklem a v\u00fdrazn\u00fdm \u010dern\u00fdm obd\u00e9ln\u00edkov\u00fdm uz\u00e1v\u011brem.<\/p>","protected":false},"featured_media":2592,"comment_status":"open","ping_status":"closed","template":"","meta":{"_acf_changed":false,"site-sidebar-layout":"default","site-content-layout":"","ast-site-content-layout":"default","site-content-style":"default","site-sidebar-style":"default","ast-global-header-display":"","ast-banner-title-visibility":"","ast-main-header-display":"","ast-hfb-above-header-display":"","ast-hfb-below-header-display":"","ast-hfb-mobile-header-display":"","site-post-title":"","ast-breadcrumbs-content":"","ast-featured-img":"","footer-sml-layout":"","ast-disable-related-posts":"","theme-transparent-header-meta":"default","adv-header-id-meta":"","stick-header-meta":"","header-above-stick-meta":"","header-main-stick-meta":"","header-below-stick-meta":"","astra-migrate-meta-layouts":"set","ast-page-background-enabled":"default","ast-page-background-meta":{"desktop":{"background-color":"var(--ast-global-color-5)","background-image":"","background-repeat":"repeat","background-position":"center center","background-size":"auto","background-attachment":"scroll","background-type":"","background-media":"","overlay-type":"","overlay-color":"","overlay-opacity":"","overlay-gradient":""},"tablet":{"background-color":"","background-image":"","background-repeat":"repeat","background-position":"center center","background-size":"auto","background-attachment":"scroll","background-type":"","background-media":"","overlay-type":"","overlay-color":"","overlay-opacity":"","overlay-gradient":""},"mobile":{"background-color":"","background-image":"","background-repeat":"repeat","background-position":"center center","background-size":"auto","background-attachment":"scroll","background-type":"","background-media":"","overlay-type":"","overlay-color":"","overlay-opacity":"","overlay-gradient":""}},"ast-content-background-meta":{"desktop":{"background-color":"var(--ast-global-color-4)","background-image":"","background-repeat":"repeat","background-position":"center center","background-size":"auto","background-attachment":"scroll","background-type":"","background-media":"","overlay-type":"","overlay-color":"","overlay-opacity":"","overlay-gradient":""},"tablet":{"background-color":"var(--ast-global-color-4)","background-image":"","background-repeat":"repeat","background-position":"center center","background-size":"auto","background-attachment":"scroll","background-type":"","background-media":"","overlay-type":"","overlay-color":"","overlay-opacity":"","overlay-gradient":""},"mobile":{"background-color":"var(--ast-global-color-4)","background-image":"","background-repeat":"repeat","background-position":"center center","background-size":"auto","background-attachment":"scroll","background-type":"","background-media":"","overlay-type":"","overlay-color":"","overlay-opacity":"","overlay-gradient":""}}},"product_brand":[],"product_cat":[41,72],"product_tag":[],"class_list":{"0":"post-2588","1":"product","2":"type-product","3":"status-publish","4":"has-post-thumbnail","6":"product_cat-perfume-bottles","7":"product_cat-cosmetic-packaging","8":"desktop-align-left","9":"tablet-align-left","10":"mobile-align-left","12":"first","13":"instock","14":"shipping-taxable","15":"product-type-simple"},"acf":[],"jetpack_sharing_enabled":true,"_links":{"self":[{"href":"https:\/\/theperfumebottles.com\/cs\/wp-json\/wp\/v2\/product\/2588","targetHints":{"allow":["GET"]}}],"collection":[{"href":"https:\/\/theperfumebottles.com\/cs\/wp-json\/wp\/v2\/product"}],"about":[{"href":"https:\/\/theperfumebottles.com\/cs\/wp-json\/wp\/v2\/types\/product"}],"replies":[{"embeddable":true,"href":"https:\/\/theperfumebottles.com\/cs\/wp-json\/wp\/v2\/comments?post=2588"}],"wp:featuredmedia":[{"embeddable":true,"href":"https:\/\/theperfumebottles.com\/cs\/wp-json\/wp\/v2\/media\/2592"}],"wp:attachment":[{"href":"https:\/\/theperfumebottles.com\/cs\/wp-json\/wp\/v2\/media?parent=2588"}],"wp:term":[{"taxonomy":"product_brand","embeddable":true,"href":"https:\/\/theperfumebottles.com\/cs\/wp-json\/wp\/v2\/product_brand?post=2588"},{"taxonomy":"product_cat","embeddable":true,"href":"https:\/\/theperfumebottles.com\/cs\/wp-json\/wp\/v2\/product_cat?post=2588"},{"taxonomy":"product_tag","embeddable":true,"href":"https:\/\/theperfumebottles.com\/cs\/wp-json\/wp\/v2\/product_tag?post=2588"}],"curies":[{"name":"wp","href":"https:\/\/api.w.org\/{rel}","templated":true}]}}