{"id":2603,"date":"2025-03-11T06:35:46","date_gmt":"2025-03-11T06:35:46","guid":{"rendered":"https:\/\/theperfumebottles.com\/?post_type=product&#038;p=2603"},"modified":"2025-05-29T09:38:03","modified_gmt":"2025-05-29T01:38:03","slug":"customised-perfume-bottles-bulk-empty-fragrance-bottles","status":"publish","type":"product","link":"https:\/\/theperfumebottles.com\/cs\/produkt\/customised-perfume-bottles-bulk-empty-fragrance-bottles\/","title":{"rendered":"Luxusn\u00ed lahvi\u010dky na parf\u00e9my s tlust\u00fdm dnem 30ml 50ml 100ml na m\u00edru"},"content":{"rendered":"<h2>Luxusn\u00ed pr\u00e1zdn\u00e1 parf\u00e9mov\u00e1 lahev pro luxusn\u00ed zna\u010dky<\/h2>\n<p>Navr\u017eena pro zna\u010dky, kter\u00e9 prosazuj\u00ed kvalitu, tato \u010dtvercov\u00e1 krystalov\u00e1 sklen\u011bn\u00e1 parf\u00e9mov\u00e1 lahev chytlav\u011b kombinuje eleganci a prakti\u010dnost. Plynul\u00e9 linie lahve, robustn\u00ed sklen\u011bn\u00e9 dno a plynul\u00fd design sp\u011bchy \u010din\u00ed ka\u017ed\u00e9 pou\u017eit\u00ed pln\u00fdm ritu\u00e1lem. K dispozici v troch\u00e1ch objem\u016f 30ml, 50ml a 100ml, s \u010dern\u00fdmi, st\u0159\u00edbrn\u00fdmi nebo matn\u00fdmi pr\u016fhledn\u00fdmi kryty, nejen\u017ee ukazuje \u010distou barvu parf\u00e9mu\/koloni, ale tak\u00e9 p\u0159ed\u00e1v\u00e1 povahu zna\u010dky detaily \u2013 a\u0165 u\u017e je to mu\u017esk\u00e1 v\u016fn\u011b nebo \u017eensk\u00e1 v\u016fn\u011b, m\u016f\u017eete naj\u00edt jedine\u010dn\u00fd zp\u016fsob jej\u00edho vyj\u00e1d\u0159en\u00ed.<\/p>\n<table style=\"border-collapse: collapse;border: 0;margin-left: auto;margin-right: auto;width: 162.03pt\" border=\"0\" width=\"216\" cellspacing=\"0\" cellpadding=\"0\">\n<tbody>\n<tr style=\"height: 13.50pt;border: 0\">\n<td style=\"height: 13.50pt;width: 54.00pt\" width=\"72\" height=\"18\">\n<p><figure id=\"attachment_2605\" aria-describedby=\"caption-attachment-2605\" style=\"width: 300px\" class=\"wp-caption aligncenter\"><img fetchpriority=\"high\" decoding=\"async\" class=\"size-medium wp-image-2605\" src=\"https:\/\/theperfumebottles.com\/wp-content\/uploads\/2025\/03\/customised-perfume-bottles-bf1501-300x300.jpg\" alt=\"lahvi\u010dky na parf\u00e9my na m\u00edru\" width=\"300\" height=\"300\" srcset=\"https:\/\/theperfumebottles.com\/wp-content\/uploads\/2025\/03\/customised-perfume-bottles-bf1501-300x300.jpg 300w, https:\/\/theperfumebottles.com\/wp-content\/uploads\/2025\/03\/customised-perfume-bottles-bf1501-150x150.jpg 150w, https:\/\/theperfumebottles.com\/wp-content\/uploads\/2025\/03\/customised-perfume-bottles-bf1501-768x768.jpg 768w, https:\/\/theperfumebottles.com\/wp-content\/uploads\/2025\/03\/customised-perfume-bottles-bf1501-12x12.jpg 12w, https:\/\/theperfumebottles.com\/wp-content\/uploads\/2025\/03\/customised-perfume-bottles-bf1501-600x600.jpg 600w, https:\/\/theperfumebottles.com\/wp-content\/uploads\/2025\/03\/customised-perfume-bottles-bf1501-100x100.jpg 100w, https:\/\/theperfumebottles.com\/wp-content\/uploads\/2025\/03\/customised-perfume-bottles-bf1501.jpg 1000w\" sizes=\"(max-width: 300px) 100vw, 300px\" \/><figcaption id=\"caption-attachment-2605\" class=\"wp-caption-text\">30ml p\u0159izp\u016fsoben\u00e9 lahvi\u010dky na parf\u00e9my<\/figcaption><\/figure><\/td>\n<td style=\"width: 54.00pt\" width=\"72\">\n<p><figure id=\"attachment_2606\" aria-describedby=\"caption-attachment-2606\" style=\"width: 300px\" class=\"wp-caption aligncenter\"><img decoding=\"async\" class=\"size-medium wp-image-2606\" src=\"https:\/\/theperfumebottles.com\/wp-content\/uploads\/2025\/03\/customised-perfume-bottles-bf1502-300x300.jpg\" alt=\"lahvi\u010dky na parf\u00e9my na m\u00edru\" width=\"300\" height=\"300\" srcset=\"https:\/\/theperfumebottles.com\/wp-content\/uploads\/2025\/03\/customised-perfume-bottles-bf1502-300x300.jpg 300w, https:\/\/theperfumebottles.com\/wp-content\/uploads\/2025\/03\/customised-perfume-bottles-bf1502-150x150.jpg 150w, https:\/\/theperfumebottles.com\/wp-content\/uploads\/2025\/03\/customised-perfume-bottles-bf1502-768x768.jpg 768w, https:\/\/theperfumebottles.com\/wp-content\/uploads\/2025\/03\/customised-perfume-bottles-bf1502-12x12.jpg 12w, https:\/\/theperfumebottles.com\/wp-content\/uploads\/2025\/03\/customised-perfume-bottles-bf1502-600x600.jpg 600w, https:\/\/theperfumebottles.com\/wp-content\/uploads\/2025\/03\/customised-perfume-bottles-bf1502-100x100.jpg 100w, https:\/\/theperfumebottles.com\/wp-content\/uploads\/2025\/03\/customised-perfume-bottles-bf1502.jpg 1000w\" sizes=\"(max-width: 300px) 100vw, 300px\" \/><figcaption id=\"caption-attachment-2606\" class=\"wp-caption-text\">50ml lahvi\u010dky na parf\u00e9my na m\u00edru<\/figcaption><\/figure><\/td>\n<td style=\"width: 54.00pt\" width=\"72\">\n<p><figure id=\"attachment_2608\" aria-describedby=\"caption-attachment-2608\" style=\"width: 300px\" class=\"wp-caption aligncenter\"><img decoding=\"async\" class=\"size-medium wp-image-2608\" src=\"https:\/\/theperfumebottles.com\/wp-content\/uploads\/2025\/03\/perfume-spray-bottles-bulk-bf1503-300x300.jpg\" alt=\"lahvi\u010dky s parf\u00e9mem ve spreji\" width=\"300\" height=\"300\" srcset=\"https:\/\/theperfumebottles.com\/wp-content\/uploads\/2025\/03\/perfume-spray-bottles-bulk-bf1503-300x300.jpg 300w, https:\/\/theperfumebottles.com\/wp-content\/uploads\/2025\/03\/perfume-spray-bottles-bulk-bf1503-150x150.jpg 150w, https:\/\/theperfumebottles.com\/wp-content\/uploads\/2025\/03\/perfume-spray-bottles-bulk-bf1503-768x768.jpg 768w, https:\/\/theperfumebottles.com\/wp-content\/uploads\/2025\/03\/perfume-spray-bottles-bulk-bf1503-12x12.jpg 12w, https:\/\/theperfumebottles.com\/wp-content\/uploads\/2025\/03\/perfume-spray-bottles-bulk-bf1503-600x600.jpg 600w, https:\/\/theperfumebottles.com\/wp-content\/uploads\/2025\/03\/perfume-spray-bottles-bulk-bf1503-100x100.jpg 100w, https:\/\/theperfumebottles.com\/wp-content\/uploads\/2025\/03\/perfume-spray-bottles-bulk-bf1503.jpg 1000w\" sizes=\"(max-width: 300px) 100vw, 300px\" \/><figcaption id=\"caption-attachment-2608\" class=\"wp-caption-text\">100ml p\u0159izp\u016fsoben\u00e9 lahvi\u010dky na parf\u00e9my<\/figcaption><\/figure><\/td>\n<\/tr>\n<\/tbody>\n<\/table>\n<h2>Flexibiln\u00ed p\u0159izp\u016fsoben\u00ed pot\u0159eb\u00e1m zna\u010dky<\/h2>\n<ul>\n<li><strong>Vzorek 30ml:<\/strong> lehk\u00e1 a p\u0159enosn\u00e1, vhodn\u00e1 pro testov\u00e1n\u00ed v leti\u0161tn\u00edm bezceln\u00edm obchod\u011b nebo bal\u00ed\u010dky pro zku\u0161enosti z\u00e1kazn\u00edk\u016f.<\/li>\n<li><strong>D\u00e1rkov\u00e1 krabi\u010dka 50ml:<\/strong> exkluzivn\u00ed objem, v\u00fdznamn\u00fdm prvkem d\u00e1rk\u016f k v\u00fdznamn\u00fdm dn\u016fm nebo luxusn\u00edch v\u016fn\u00edch hotel\u016f.<\/li>\n<li><strong>100ml hlavn\u00ed bal\u00ed\u010dek:<\/strong> atmosf\u00e9rick\u00e9 rozm\u011bry, dokonal\u00e1 shoda pro hlavn\u00ed obchody zna\u010dky nebo hlavn\u00ed modely e-commerce.<\/li>\n<\/ul>\n<h2>Kl\u00ed\u010dov\u00e9 specifikace<\/h2>\n<div class=\"hyc-common-markdown__table-wrapper\">\n<table>\n<thead>\n<tr>\n<th>Model<\/th>\n<th>Kapacita<\/th>\n<th>Rozm\u011bry (mm)<\/th>\n<th>Mo\u017enosti stropu<\/th>\n<th>Materi\u00e1l<\/th>\n<\/tr>\n<\/thead>\n<tbody>\n<tr>\n<td>PB-BF1501<\/td>\n<td>30ml<\/td>\n<td>51\u00d733\u00d768<\/td>\n<td>\u010cern\u00e1, st\u0159\u00edbrn\u00e1, matn\u00e1<\/td>\n<td>K\u0159i\u0161\u0165\u00e1lov\u00e9 sklo<\/td>\n<\/tr>\n<tr>\n<td>PB-BF1502<\/td>\n<td>50ml<\/td>\n<td>56\u00d737\u00d782<\/td>\n<td>\u010cern\u00e1, st\u0159\u00edbrn\u00e1, matn\u00e1<\/td>\n<td>K\u0159i\u0161\u0165\u00e1lov\u00e9 sklo<\/td>\n<\/tr>\n<tr>\n<td>PB-BF1503<\/td>\n<td>100ml<\/td>\n<td>62\u00d740\u00d7117<\/td>\n<td>\u010cern\u00e1, st\u0159\u00edbrn\u00e1, matn\u00e1<\/td>\n<td>K\u0159i\u0161\u0165\u00e1lov\u00e9 sklo<\/td>\n<\/tr>\n<\/tbody>\n<\/table>\n<\/div>\n<p><em>V\u0161echny modely obsahuj\u00ed 15mm st\u0159\u00edkac\u00ed desky a obd\u00e9ln\u00edkov\u00e9 proveden\u00ed s hladk\u00fdmi hranami.<\/em><\/p>\n<h2>Spolupr\u00e1ce s p\u0159edn\u00edm dodavatelem lahvi\u010dek na parf\u00e9my<\/h2>\n<p>Jako d\u016fv\u011bryhodn\u00ed v\u00fdrobci lahvi\u010dek na parf\u00e9my nab\u00edz\u00edme:<\/p>\n<ul>\n<li><strong>Hromadn\u00e9 objedn\u00e1vky:<\/strong>\u00a0Konkuren\u010dn\u00ed ceny pro hromadn\u00e9 n\u00e1kupy lahvi\u010dek s parf\u00e9my ve spreji<\/li>\n<li><strong>Vlastn\u00ed n\u00e1vrhy:<\/strong>\u00a0Tvar, tlou\u0161\u0165ka skla a mo\u017enosti povrchov\u00e9 \u00fapravy na m\u00edru<\/li>\n<li><strong>Rychl\u00e9 vy\u0159\u00edzen\u00ed:\u00a0<\/strong>Skladov\u00e9 polo\u017eky p\u0159ipraven\u00e9 k okam\u017eit\u00e9 expedici<\/li>\n<\/ul>\n<p>Po\u017e\u00e1dejte o cenovou nab\u00eddku je\u0161t\u011b dnes a prozkoumejte lahvi\u010dky na parf\u00e9my na m\u00edru nebo zajist\u011bte hromadn\u00e9 objedn\u00e1vky. Nechte n\u00e1s precizn\u011b a rychle vyrobit v\u00e1\u0161 luxusn\u00ed obal na parf\u00e9m!<\/p>","protected":false},"excerpt":{"rendered":"<p>Vylep\u0161ete balen\u00ed parf\u00e9m\u016f pomoc\u00ed na\u0161ich obd\u00e9ln\u00edkov\u00fdch n\u00e1dobek z k\u0159i\u0161\u0165\u00e1lov\u00e9ho skla, kter\u00e9 jsou ur\u010deny pro luxusn\u00ed zna\u010dky a hromadn\u00e9 objedn\u00e1vky.<\/p>","protected":false},"featured_media":2606,"comment_status":"open","ping_status":"closed","template":"","meta":{"_acf_changed":false,"site-sidebar-layout":"default","site-content-layout":"","ast-site-content-layout":"default","site-content-style":"default","site-sidebar-style":"default","ast-global-header-display":"","ast-banner-title-visibility":"","ast-main-header-display":"","ast-hfb-above-header-display":"","ast-hfb-below-header-display":"","ast-hfb-mobile-header-display":"","site-post-title":"","ast-breadcrumbs-content":"","ast-featured-img":"","footer-sml-layout":"","ast-disable-related-posts":"","theme-transparent-header-meta":"default","adv-header-id-meta":"","stick-header-meta":"","header-above-stick-meta":"","header-main-stick-meta":"","header-below-stick-meta":"","astra-migrate-meta-layouts":"set","ast-page-background-enabled":"default","ast-page-background-meta":{"desktop":{"background-color":"var(--ast-global-color-5)","background-image":"","background-repeat":"repeat","background-position":"center center","background-size":"auto","background-attachment":"scroll","background-type":"","background-media":"","overlay-type":"","overlay-color":"","overlay-opacity":"","overlay-gradient":""},"tablet":{"background-color":"","background-image":"","background-repeat":"repeat","background-position":"center center","background-size":"auto","background-attachment":"scroll","background-type":"","background-media":"","overlay-type":"","overlay-color":"","overlay-opacity":"","overlay-gradient":""},"mobile":{"background-color":"","background-image":"","background-repeat":"repeat","background-position":"center center","background-size":"auto","background-attachment":"scroll","background-type":"","background-media":"","overlay-type":"","overlay-color":"","overlay-opacity":"","overlay-gradient":""}},"ast-content-background-meta":{"desktop":{"background-color":"var(--ast-global-color-4)","background-image":"","background-repeat":"repeat","background-position":"center center","background-size":"auto","background-attachment":"scroll","background-type":"","background-media":"","overlay-type":"","overlay-color":"","overlay-opacity":"","overlay-gradient":""},"tablet":{"background-color":"var(--ast-global-color-4)","background-image":"","background-repeat":"repeat","background-position":"center center","background-size":"auto","background-attachment":"scroll","background-type":"","background-media":"","overlay-type":"","overlay-color":"","overlay-opacity":"","overlay-gradient":""},"mobile":{"background-color":"var(--ast-global-color-4)","background-image":"","background-repeat":"repeat","background-position":"center center","background-size":"auto","background-attachment":"scroll","background-type":"","background-media":"","overlay-type":"","overlay-color":"","overlay-opacity":"","overlay-gradient":""}}},"product_brand":[],"product_cat":[41,72,91],"product_tag":[],"class_list":{"0":"post-2603","1":"product","2":"type-product","3":"status-publish","4":"has-post-thumbnail","6":"product_cat-perfume-bottles","7":"product_cat-cosmetic-packaging","8":"product_cat-custom-perfume-bottles","9":"desktop-align-left","10":"tablet-align-left","11":"mobile-align-left","13":"first","14":"instock","15":"shipping-taxable","16":"product-type-simple"},"acf":[],"jetpack_sharing_enabled":true,"_links":{"self":[{"href":"https:\/\/theperfumebottles.com\/cs\/wp-json\/wp\/v2\/product\/2603","targetHints":{"allow":["GET"]}}],"collection":[{"href":"https:\/\/theperfumebottles.com\/cs\/wp-json\/wp\/v2\/product"}],"about":[{"href":"https:\/\/theperfumebottles.com\/cs\/wp-json\/wp\/v2\/types\/product"}],"replies":[{"embeddable":true,"href":"https:\/\/theperfumebottles.com\/cs\/wp-json\/wp\/v2\/comments?post=2603"}],"wp:featuredmedia":[{"embeddable":true,"href":"https:\/\/theperfumebottles.com\/cs\/wp-json\/wp\/v2\/media\/2606"}],"wp:attachment":[{"href":"https:\/\/theperfumebottles.com\/cs\/wp-json\/wp\/v2\/media?parent=2603"}],"wp:term":[{"taxonomy":"product_brand","embeddable":true,"href":"https:\/\/theperfumebottles.com\/cs\/wp-json\/wp\/v2\/product_brand?post=2603"},{"taxonomy":"product_cat","embeddable":true,"href":"https:\/\/theperfumebottles.com\/cs\/wp-json\/wp\/v2\/product_cat?post=2603"},{"taxonomy":"product_tag","embeddable":true,"href":"https:\/\/theperfumebottles.com\/cs\/wp-json\/wp\/v2\/product_tag?post=2603"}],"curies":[{"name":"wp","href":"https:\/\/api.w.org\/{rel}","templated":true}]}}