{"id":2622,"date":"2025-03-12T06:50:06","date_gmt":"2025-03-12T06:50:06","guid":{"rendered":"https:\/\/theperfumebottles.com\/?post_type=product&#038;p=2622"},"modified":"2025-05-30T09:44:39","modified_gmt":"2025-05-30T01:44:39","slug":"25ml-silver-topped-mini-fragrance-bottles","status":"publish","type":"product","link":"https:\/\/theperfumebottles.com\/cs\/produkt\/25ml-silver-topped-mini-fragrance-bottles\/","title":{"rendered":"25ml mini lahvi\u010dky na v\u016fni se st\u0159\u00edbrn\u00fdm uz\u00e1v\u011brem"},"content":{"rendered":"<p>Tato 25ml \u010dtvercov\u00e1 sklen\u011bn\u00e1 parf\u00e9mov\u00e1 lahvi\u010dka m\u00e1 stylov\u00fd design a jemnou v\u00fdrobu, speci\u00e1ln\u011b navr\u017een\u00e1 pro modern\u00ed vysok\u00e9 \u0159\u00e1dy zna\u010dek. Pr\u016fhledn\u00e9 k\u0159i\u0161\u0165\u00e1lov\u00e9 sklo s zaoblen\u00fdmi hrany m\u00e1 jednoduch\u00fd a \u010dist\u00fd vzhled a pohodln\u00fd pocit. \u010cern\u00e1 nebo pr\u016fhledn\u00e1 sprejov\u00e1 \u010depi\u010dka a st\u0159\u00edbrn\u00e1 lahvi\u010dka jsou jednoduch\u00e9 a eleg\u00e1tn\u00ed. Mal\u00e1 t\u011bla lahvi\u010dky a 13mm hrdlo jsou snadno p\u0159enositeln\u00e9 a snadn\u011bji integrovateln\u00e9 do r\u016fzn\u00fdch high-end bal\u00ed\u010dk\u016f. Podporuje parf\u00e9m, cologne nebo personalizovanou v\u016fni, vhodn\u00e9 pro mu\u017ee i \u017eeny.<\/p>\n<h2>Elegantn\u00ed volba pro cestov\u00e1n\u00ed, kvalitn\u00ed partner pro zna\u010dky<\/h2>\n<p>Tato mini parf\u00e9mov\u00e1 lahvi\u010dka je kompaktn\u00ed a p\u0159enositeln\u00e1, ide\u00e1ln\u00ed pro cestov\u00e1n\u00ed, sady zkou\u0161ek nebo personalizovan\u00e9 cologne. Jej\u00ed sofistikovan\u00fd vzhled zlep\u0161\u00ed d\u00e1rkov\u00e9 sady, p\u0159edplatn\u00e9 krabi\u010dky a v\u00fdstavy, a je tak\u00e9 vhodn\u00e1 pro personalizovan\u00e9 d\u00e1rkov\u00e9 v\u016fn\u011b na propagaci, svatby nebo akce.<\/p>\n<h2>Kl\u00ed\u010dov\u00e9 specifikace<\/h2>\n<div class=\"hyc-common-markdown__table-wrapper\">\n<table>\n<thead>\n<tr>\n<th>Parametr<\/th>\n<th>Detail<\/th>\n<\/tr>\n<\/thead>\n<tbody>\n<tr>\n<td>Model<\/td>\n<td>PB-BF1801<\/td>\n<\/tr>\n<tr>\n<td>Kapacita<\/td>\n<td>25ml<\/td>\n<\/tr>\n<tr>\n<td>Rozm\u011bry<\/td>\n<td>52x21x68mm<\/td>\n<\/tr>\n<tr>\n<td>Materi\u00e1l<\/td>\n<td>Vysoce kvalitn\u00ed k\u0159i\u0161\u0165\u00e1lov\u00e9 sklo<\/td>\n<\/tr>\n<tr>\n<td>Mo\u017enosti stropu<\/td>\n<td>\u010cern\u00e1, pr\u016fhledn\u00e1, st\u0159\u00edbrn\u00e1 horn\u00ed \u010d\u00e1st<\/td>\n<\/tr>\n<tr>\n<td>Typ t\u011bsn\u011bn\u00ed<\/td>\n<td>Sprej Top<\/td>\n<\/tr>\n<tr>\n<td>Tvar<\/td>\n<td>Obd\u00e9ln\u00edkov\u00fd tvar se zkosen\u00fdmi hranami<\/td>\n<\/tr>\n<\/tbody>\n<\/table>\n<\/div>\n<h2>Spolupr\u00e1ce s d\u016fv\u011bryhodn\u00fdmi dodavateli<\/h2>\n<p>Jako profesion\u00e1ln\u00ed v\u00fdrobce parf\u00e9mov\u00fdch lahvi\u010dek, jsme oddan\u00ed poskytov\u00e1n\u00ed komplexn\u00ed podpory slu\u017eeb pro velkoobchodn\u00edky a zna\u010dky:<\/p>\n<ul>\n<li><strong>Na sklad\u011b dod\u00e1vka:<\/strong> Podporuje velkoobjemov\u00e9 objedn\u00e1vky a rychl\u00e9 dod\u00e1n\u00ed.<\/li>\n<li><strong>Personalizovan\u00e9 p\u0159izp\u016fsoben\u00ed:<\/strong> Personalizovateln\u00fd tvar lahvi\u010dky, barva, zp\u016fsob uzav\u00edr\u00e1n\u00ed a proces le\u0161t\u011bn\u00ed.<\/li>\n<li><strong>Bal\u00ed\u010dkovac\u00ed podpora:<\/strong> M\u016f\u017eeme tak\u00e9 pomoci s n\u00e1vrhem bal\u00ed\u010dku! R\u00e1d\u00edme v\u00e1m vytvo\u0159it jedine\u010dn\u00e9 bal\u00ed\u010dkov\u00e9 \u0159e\u0161en\u00ed pro v\u00e1s.<\/li>\n<\/ul>\n<p>Chcete personalizovat jedine\u010dnou parf\u00e9movou lahvi\u010dku? Nev\u00e1hejte n\u00e1s kontaktovat! Vyb\u00edrejte n\u00e1s, abyste u\u010dinili v\u00e1\u0161 parf\u00e9m stylov\u011bj\u0161\u00edm.<\/p>","protected":false},"excerpt":{"rendered":"<p>Objevte elegantn\u00ed 25ml st\u0159\u00edbrn\u00e9 miniaturn\u00ed lahvi\u010dky na parf\u00e9my - pr\u00e9miov\u00e9 sklen\u011bn\u00e9 obaly na parf\u00e9my pro zna\u010dky. K dispozici jsou hromadn\u00e9 objedn\u00e1vky a vlastn\u00ed n\u00e1vrhy.<\/p>","protected":false},"featured_media":2625,"comment_status":"open","ping_status":"closed","template":"","meta":{"_acf_changed":false,"site-sidebar-layout":"default","site-content-layout":"","ast-site-content-layout":"default","site-content-style":"default","site-sidebar-style":"default","ast-global-header-display":"","ast-banner-title-visibility":"","ast-main-header-display":"","ast-hfb-above-header-display":"","ast-hfb-below-header-display":"","ast-hfb-mobile-header-display":"","site-post-title":"","ast-breadcrumbs-content":"","ast-featured-img":"","footer-sml-layout":"","ast-disable-related-posts":"","theme-transparent-header-meta":"default","adv-header-id-meta":"","stick-header-meta":"","header-above-stick-meta":"","header-main-stick-meta":"","header-below-stick-meta":"","astra-migrate-meta-layouts":"set","ast-page-background-enabled":"default","ast-page-background-meta":{"desktop":{"background-color":"var(--ast-global-color-5)","background-image":"","background-repeat":"repeat","background-position":"center center","background-size":"auto","background-attachment":"scroll","background-type":"","background-media":"","overlay-type":"","overlay-color":"","overlay-opacity":"","overlay-gradient":""},"tablet":{"background-color":"","background-image":"","background-repeat":"repeat","background-position":"center center","background-size":"auto","background-attachment":"scroll","background-type":"","background-media":"","overlay-type":"","overlay-color":"","overlay-opacity":"","overlay-gradient":""},"mobile":{"background-color":"","background-image":"","background-repeat":"repeat","background-position":"center center","background-size":"auto","background-attachment":"scroll","background-type":"","background-media":"","overlay-type":"","overlay-color":"","overlay-opacity":"","overlay-gradient":""}},"ast-content-background-meta":{"desktop":{"background-color":"var(--ast-global-color-4)","background-image":"","background-repeat":"repeat","background-position":"center center","background-size":"auto","background-attachment":"scroll","background-type":"","background-media":"","overlay-type":"","overlay-color":"","overlay-opacity":"","overlay-gradient":""},"tablet":{"background-color":"var(--ast-global-color-4)","background-image":"","background-repeat":"repeat","background-position":"center center","background-size":"auto","background-attachment":"scroll","background-type":"","background-media":"","overlay-type":"","overlay-color":"","overlay-opacity":"","overlay-gradient":""},"mobile":{"background-color":"var(--ast-global-color-4)","background-image":"","background-repeat":"repeat","background-position":"center center","background-size":"auto","background-attachment":"scroll","background-type":"","background-media":"","overlay-type":"","overlay-color":"","overlay-opacity":"","overlay-gradient":""}}},"product_brand":[],"product_cat":[41,72,74],"product_tag":[84],"class_list":{"0":"post-2622","1":"product","2":"type-product","3":"status-publish","4":"has-post-thumbnail","6":"product_cat-perfume-bottles","7":"product_cat-cosmetic-packaging","8":"product_cat-mini-perfume-bottles","9":"product_tag-fragrance-bottles","10":"desktop-align-left","11":"tablet-align-left","12":"mobile-align-left","14":"first","15":"instock","16":"shipping-taxable","17":"product-type-simple"},"acf":[],"jetpack_sharing_enabled":true,"_links":{"self":[{"href":"https:\/\/theperfumebottles.com\/cs\/wp-json\/wp\/v2\/product\/2622","targetHints":{"allow":["GET"]}}],"collection":[{"href":"https:\/\/theperfumebottles.com\/cs\/wp-json\/wp\/v2\/product"}],"about":[{"href":"https:\/\/theperfumebottles.com\/cs\/wp-json\/wp\/v2\/types\/product"}],"replies":[{"embeddable":true,"href":"https:\/\/theperfumebottles.com\/cs\/wp-json\/wp\/v2\/comments?post=2622"}],"wp:featuredmedia":[{"embeddable":true,"href":"https:\/\/theperfumebottles.com\/cs\/wp-json\/wp\/v2\/media\/2625"}],"wp:attachment":[{"href":"https:\/\/theperfumebottles.com\/cs\/wp-json\/wp\/v2\/media?parent=2622"}],"wp:term":[{"taxonomy":"product_brand","embeddable":true,"href":"https:\/\/theperfumebottles.com\/cs\/wp-json\/wp\/v2\/product_brand?post=2622"},{"taxonomy":"product_cat","embeddable":true,"href":"https:\/\/theperfumebottles.com\/cs\/wp-json\/wp\/v2\/product_cat?post=2622"},{"taxonomy":"product_tag","embeddable":true,"href":"https:\/\/theperfumebottles.com\/cs\/wp-json\/wp\/v2\/product_tag?post=2622"}],"curies":[{"name":"wp","href":"https:\/\/api.w.org\/{rel}","templated":true}]}}