{"id":2696,"date":"2025-03-14T09:32:49","date_gmt":"2025-03-14T09:32:49","guid":{"rendered":"https:\/\/theperfumebottles.com\/?post_type=product&#038;p=2696"},"modified":"2025-05-27T10:50:16","modified_gmt":"2025-05-27T02:50:16","slug":"50ml-100ml-empty-perfume-spray-bottles","status":"publish","type":"product","link":"https:\/\/theperfumebottles.com\/cs\/produkt\/50ml-100ml-empty-perfume-spray-bottles\/","title":{"rendered":"Pr\u00e1zdn\u00e9 lahvi\u010dky s rozpra\u0161ova\u010dem parf\u00e9mu 50ml 100ml"},"content":{"rendered":"<p>Tyto pr\u00e1zdn\u00e9 vonn\u00e9 lahevky jsou speci\u00e1ln\u011b navr\u017eeny pro zna\u010dky usiluj\u00edc\u00ed o vysokou kvalitu. Vyrobeny z kvalitn\u00edho krystalov\u00e9ho skla, lahev m\u00e1 m\u00edrn\u011b zaoblen\u00fd \u010dtvercov\u00fd design s \u010dist\u00fdmi liniami. Celkov\u00fd vzhled je jednoduch\u00fd a prostorn\u00fd a vystupuje bezprost\u0159edn\u011b elegance a high-end pocitu. Pr\u016fhledn\u00e1 lahev dok\u00e1\u017ee dokonale uk\u00e1zat barvu vonn\u00e9 l\u00e1tky nebo deodorantu, \u010d\u00edm\u017e ka\u017ed\u00e1 kapka vonn\u00e9 l\u00e1tky nabit\u00e1 vizu\u00e1ln\u00ed p\u0159ita\u017elivost\u00ed. S modrou kovovou krytkou nebo matn\u011b \u010dernou krytkou je to nejen stylov\u00e9, ale tak\u00e9 m\u00e1 jedine\u010dnou povahu. Zes\u00edlen\u00e1 z\u00e1kladna lahv\u011b je stabiln\u00ed a pevn\u00e1 a v ruce p\u016fsob\u00ed klidn\u011b a luxusn\u011b, co\u017e je velmi vhodn\u00e9 pro high-end nebo specializovan\u00e9 \u0159ady vonn\u00fdch l\u00e1tek.<\/p>\n<h2>Ide\u00e1ln\u00ed volba pro vytv\u00e1\u0159en\u00ed exkluzivn\u00edch parf\u00e9m<\/h2>\n<p>A\u0165 u\u017e vytv\u00e1\u0159\u00edte novou zna\u010dku nebo spou\u0161t\u00edte omezenou \u0159adu vonn\u00fdch l\u00e1tek, tyto pr\u00e1zdn\u00e9 lahve jsou ide\u00e1ln\u00edmi partnersk\u00fdmi bal\u00ed\u010dkov\u00fdmi materi\u00e1ly. Hladk\u00e1 povrch lahv\u011b podporuje r\u016fzn\u00e9 metody personalizace, jako je tisk, vy\u0159ez\u00e1v\u00e1n\u00ed nebo etiketkov\u00e1n\u00ed, co\u017e v\u00e1m pom\u016f\u017ee snadno p\u0159edstavit osobnost zna\u010dky.<\/p>\n<h2>Kl\u00ed\u010dov\u00e9 specifikace: P\u0159esnost a kvalita<\/h2>\n<div class=\"hyc-common-markdown__table-wrapper\">\n<table>\n<thead>\n<tr>\n<th>\u200b<strong>Specifikace<\/strong><\/th>\n<th>\u200b<strong>Podrobnosti<\/strong><\/th>\n<\/tr>\n<\/thead>\n<tbody>\n<tr>\n<td>\u200b<strong>Modely<\/strong><\/td>\n<td>PB-BF1802 (50 ml), PB-BF1803 (100 ml)<\/td>\n<\/tr>\n<tr>\n<td>\u200b<strong>Rozm\u011bry<\/strong><\/td>\n<td>70 * 27 * 84 mm (50 ml), 95 * 30 * 109 mm (100 ml)<\/td>\n<\/tr>\n<tr>\n<td>\u200b<strong>Mo\u017enosti stropu<\/strong><\/td>\n<td>Modr\u00e9 kovov\u00e9 v\u00ed\u010dko, matn\u00e9 \u010dern\u00e9 PE v\u00ed\u010dko<\/td>\n<\/tr>\n<tr>\n<td>\u200b<strong>Tvar<\/strong><\/td>\n<td>Obd\u00e9ln\u00edkov\u00fd tvar s m\u00edrn\u011b zkosen\u00fdmi hranami<\/td>\n<\/tr>\n<tr>\n<td>\u200b<strong>Materi\u00e1l<\/strong><\/td>\n<td>Vysoce kvalitn\u00ed k\u0159i\u0161\u0165\u00e1lov\u00e9 sklo<\/td>\n<\/tr>\n<tr>\n<td>\u200b<strong>Typ t\u011bsn\u011bn\u00ed<\/strong><\/td>\n<td>Vrchn\u00ed \u010d\u00e1st spreje<\/td>\n<\/tr>\n<\/tbody>\n<\/table>\n<\/div>\n<h2>Pozvedn\u011bte svou zna\u010dku pomoc\u00ed pr\u00e9miov\u00fdch obal\u016f<\/h2>\n<p>Chcete-injektovat v\u00edce stylu do sv\u00e9 \u0159ady parf\u00e9m? Nab\u00edz\u00edme dv\u011b kapacity 50 ml a 100 ml a barvu v\u00ed\u010dkov\u00e9 krytky m\u016f\u017eete svobodn\u011b vybrat podle stylu zna\u010dky. Podporujeme objedn\u00e1v\u00e1n\u00ed velk\u00e9ho objemu, stabiln\u00ed dod\u00e1vky a pom\u00e1h\u00e1me r\u016fstu zna\u010dky.<\/p>\n<p>Pros\u00edm, kontaktujte na\u0161e tov\u00e1rnu kdykoli, abyste spole\u010dn\u011b vytvo\u0159ili sv\u016fj vlastn\u00ed exkluzivn\u00ed vonn\u00fd bal\u00ed\u010dek \u2013 za\u010d\u00ednaje lahv\u00ed, \u010d\u00edm\u017e zna\u010dka p\u016fsob\u00ed tepleji.<\/p>","protected":false},"excerpt":{"rendered":"<p>Na\u0161e pr\u00e1zdn\u00e9 lahvi\u010dky od parf\u00e9m\u016f ve spreji jsou navr\u017eeny tak, aby pozvedly estetiku balen\u00ed va\u0161ich parf\u00e9m\u016f a dodaly jim modern\u00ed a rafinovan\u00fd vzhled.<\/p>","protected":false},"featured_media":2697,"comment_status":"open","ping_status":"closed","template":"","meta":{"_acf_changed":false,"site-sidebar-layout":"default","site-content-layout":"","ast-site-content-layout":"default","site-content-style":"default","site-sidebar-style":"default","ast-global-header-display":"","ast-banner-title-visibility":"","ast-main-header-display":"","ast-hfb-above-header-display":"","ast-hfb-below-header-display":"","ast-hfb-mobile-header-display":"","site-post-title":"","ast-breadcrumbs-content":"","ast-featured-img":"","footer-sml-layout":"","ast-disable-related-posts":"","theme-transparent-header-meta":"default","adv-header-id-meta":"","stick-header-meta":"","header-above-stick-meta":"","header-main-stick-meta":"","header-below-stick-meta":"","astra-migrate-meta-layouts":"set","ast-page-background-enabled":"default","ast-page-background-meta":{"desktop":{"background-color":"var(--ast-global-color-5)","background-image":"","background-repeat":"repeat","background-position":"center center","background-size":"auto","background-attachment":"scroll","background-type":"","background-media":"","overlay-type":"","overlay-color":"","overlay-opacity":"","overlay-gradient":""},"tablet":{"background-color":"","background-image":"","background-repeat":"repeat","background-position":"center center","background-size":"auto","background-attachment":"scroll","background-type":"","background-media":"","overlay-type":"","overlay-color":"","overlay-opacity":"","overlay-gradient":""},"mobile":{"background-color":"","background-image":"","background-repeat":"repeat","background-position":"center center","background-size":"auto","background-attachment":"scroll","background-type":"","background-media":"","overlay-type":"","overlay-color":"","overlay-opacity":"","overlay-gradient":""}},"ast-content-background-meta":{"desktop":{"background-color":"var(--ast-global-color-4)","background-image":"","background-repeat":"repeat","background-position":"center center","background-size":"auto","background-attachment":"scroll","background-type":"","background-media":"","overlay-type":"","overlay-color":"","overlay-opacity":"","overlay-gradient":""},"tablet":{"background-color":"var(--ast-global-color-4)","background-image":"","background-repeat":"repeat","background-position":"center center","background-size":"auto","background-attachment":"scroll","background-type":"","background-media":"","overlay-type":"","overlay-color":"","overlay-opacity":"","overlay-gradient":""},"mobile":{"background-color":"var(--ast-global-color-4)","background-image":"","background-repeat":"repeat","background-position":"center center","background-size":"auto","background-attachment":"scroll","background-type":"","background-media":"","overlay-type":"","overlay-color":"","overlay-opacity":"","overlay-gradient":""}}},"product_brand":[],"product_cat":[72,41],"product_tag":[],"class_list":{"0":"post-2696","1":"product","2":"type-product","3":"status-publish","4":"has-post-thumbnail","6":"product_cat-cosmetic-packaging","7":"product_cat-perfume-bottles","8":"desktop-align-left","9":"tablet-align-left","10":"mobile-align-left","12":"first","13":"instock","14":"shipping-taxable","15":"product-type-simple"},"acf":[],"jetpack_sharing_enabled":true,"_links":{"self":[{"href":"https:\/\/theperfumebottles.com\/cs\/wp-json\/wp\/v2\/product\/2696","targetHints":{"allow":["GET"]}}],"collection":[{"href":"https:\/\/theperfumebottles.com\/cs\/wp-json\/wp\/v2\/product"}],"about":[{"href":"https:\/\/theperfumebottles.com\/cs\/wp-json\/wp\/v2\/types\/product"}],"replies":[{"embeddable":true,"href":"https:\/\/theperfumebottles.com\/cs\/wp-json\/wp\/v2\/comments?post=2696"}],"wp:featuredmedia":[{"embeddable":true,"href":"https:\/\/theperfumebottles.com\/cs\/wp-json\/wp\/v2\/media\/2697"}],"wp:attachment":[{"href":"https:\/\/theperfumebottles.com\/cs\/wp-json\/wp\/v2\/media?parent=2696"}],"wp:term":[{"taxonomy":"product_brand","embeddable":true,"href":"https:\/\/theperfumebottles.com\/cs\/wp-json\/wp\/v2\/product_brand?post=2696"},{"taxonomy":"product_cat","embeddable":true,"href":"https:\/\/theperfumebottles.com\/cs\/wp-json\/wp\/v2\/product_cat?post=2696"},{"taxonomy":"product_tag","embeddable":true,"href":"https:\/\/theperfumebottles.com\/cs\/wp-json\/wp\/v2\/product_tag?post=2696"}],"curies":[{"name":"wp","href":"https:\/\/api.w.org\/{rel}","templated":true}]}}