{"id":2729,"date":"2025-03-17T06:08:29","date_gmt":"2025-03-17T06:08:29","guid":{"rendered":"https:\/\/theperfumebottles.com\/?post_type=product&#038;p=2729"},"modified":"2025-05-30T10:04:54","modified_gmt":"2025-05-30T02:04:54","slug":"little-perfume-bottles-empty-mini-containers-wholesale","status":"publish","type":"product","link":"https:\/\/theperfumebottles.com\/cs\/produkt\/little-perfume-bottles-empty-mini-containers-wholesale\/","title":{"rendered":"25ml mal\u00e9 parf\u00e9mov\u00e9 lahvi\u010dky \u2013 velkoobchod s pr\u00e1zdn\u00fdmi mini n\u00e1dobkami"},"content":{"rendered":"<p>Tento 25 ml mini flakonek parf\u00e9mu je ur\u010den pro zna\u010dky, kter\u00e9 dbaj\u00ed na kvalitu. Je m\u00f3dn\u00ed i praktick\u00fd a v jednoduchosti vyza\u0159uje lehkou luxusn\u00ed strukturu.Tento 25ml mini flakonek na parf\u00e9m je k dispozici se t\u0159emi barevn\u00fdmi uz\u00e1v\u011bry: zlat\u00fdm \u0161ampa\u0148sk\u00fdm, zrcadlov\u011b st\u0159\u00edbrn\u00fdm a matn\u011b \u010dern\u00fdm, vhodn\u00fdmi pro r\u016fzn\u00e9 styly zna\u010dky. Pr\u016fhledn\u00e9 t\u011blo lahvi\u010dky jasn\u011b ukazuje barvu parf\u00e9mu a d\u00edky inovativn\u00edmu designu trysky je rozpra\u0161ov\u00e1n\u00ed jemn\u00e9 a rovnom\u011brn\u00e9 a snadno se ovl\u00e1d\u00e1 jednou rukou. Modern\u00ed lehk\u00fd luxusn\u00ed design + propracovan\u00e9 detaily jsou ide\u00e1ln\u00ed pro p\u0159izp\u016fsoben\u00ed zna\u010dky a hromadn\u00e9 n\u00e1kupy.<\/p>\n<h2>V\u0161estrann\u00e9 pou\u017eit\u00ed: Od vzorkov\u00e1n\u00ed po luxusn\u00ed kolekce<\/h2>\n<p>Tento mini flakonek je jako osobn\u00ed parf\u00e9mov\u00fd komorn\u00edk v kapse - a\u0165 u\u017e jde o cestovn\u00ed parf\u00e9m, limitovanou edici kol\u00ednsk\u00e9 vody nebo \u0161pi\u010dkovou sadu parf\u00e9m\u016f, je ide\u00e1ln\u00ed. Je velk\u00fd pouze jako dla\u0148 (41x25x77 mm), a tak se do n\u011bj snadno vejde n\u011b\u017en\u00e1 v\u016fn\u011b \u017een nebo klidn\u00fd dech mu\u017e\u016f. Hod\u00ed se sp\u00ed\u0161e jako z\u00e1v\u011bre\u010dn\u00e1 te\u010dka svatebn\u00ed d\u00e1rkov\u00e9 krabi\u010dky nebo spole\u010dn\u00e9 sady zna\u010dky.<\/p>\n<h2>Kl\u00ed\u010dov\u00e9 specifikace<\/h2>\n<div class=\"hyc-common-markdown__table-wrapper\">\n<table>\n<thead>\n<tr>\n<th>Parametr<\/th>\n<th>Detail<\/th>\n<\/tr>\n<\/thead>\n<tbody>\n<tr>\n<td>Model<\/td>\n<td>PB-BF1901<\/td>\n<\/tr>\n<tr>\n<td>Kapacita<\/td>\n<td>25ml<\/td>\n<\/tr>\n<tr>\n<td>Rozm\u011bry<\/td>\n<td>41 mm x 25 mm x 77 mm<\/td>\n<\/tr>\n<tr>\n<td>Barvy \u010depic<\/td>\n<td>Le\u0161t\u011bn\u00e9 zlato, st\u0159\u00edbro, matn\u00e1 \u010dern\u00e1<\/td>\n<\/tr>\n<tr>\n<td>Materi\u00e1l<\/td>\n<td>Vysoce kvalitn\u00ed k\u0159i\u0161\u0165\u00e1lov\u00e9 sklo<\/td>\n<\/tr>\n<tr>\n<td>Typ uz\u00e1v\u011bru<\/td>\n<td>Sprej Top<\/td>\n<\/tr>\n<tr>\n<td>Vlastn\u00ed mo\u017enosti<\/td>\n<td>Grav\u00edrov\u00e1n\u00ed, \u0161t\u00edtky, matn\u00fd povrch<\/td>\n<\/tr>\n<\/tbody>\n<\/table>\n<\/div>\n<h2>Kompletn\u00ed \u0159e\u0161en\u00ed pro va\u0161i zna\u010dku<\/h2>\n<p>Jako d\u016fv\u011bryhodn\u00fd v\u00fdrobce lahvi\u010dek na parf\u00e9my nab\u00edz\u00edme flexibilitu p\u0159i hromadn\u00fdch objedn\u00e1vk\u00e1ch a rychl\u00e9 z\u00e1sobov\u00e1n\u00ed skladem. A\u0165 u\u017e pot\u0159ebujete pr\u00e1zdn\u00e9 lahvi\u010dky na parf\u00e9my ve velkoobchod\u011b nebo balen\u00ed parf\u00e9m\u016f na zak\u00e1zku, na\u0161e tov\u00e1rna poskytuje kompletn\u00ed \u0159e\u0161en\u00ed - od tvar\u016f a barev a\u017e po uz\u00e1v\u011bry a p\u0159\u00edslu\u0161enstv\u00ed.<\/p>\n<h2>Podnikn\u011bte kroky je\u0161t\u011b dnes:<\/h2>\n<ul>\n<li>Vy\u017e\u00e1dejte si bezplatn\u00e9 vzorky<\/li>\n<li>Prozkoumejte vlastn\u00ed mo\u017enosti povrchov\u00e9 \u00fapravy<\/li>\n<li>Nakupujte ve velk\u00e9m mno\u017estv\u00ed se zna\u010dkov\u00fdm balen\u00edm<\/li>\n<\/ul>\n<p>Pozvedn\u011bte svou \u0159adu v\u016fn\u00ed pomoc\u00ed pr\u00e9miov\u00e9 n\u00e1doby, kter\u00e1 odr\u00e1\u017e\u00ed sofistikovanost va\u0161\u00ed zna\u010dky. Kontaktujte n\u00e1s a vytvo\u0159te si nad\u010dasovou kolekci parf\u00e9mov\u00fdch lahvi\u010dek s rozpra\u0161ova\u010dem!<\/p>","protected":false},"excerpt":{"rendered":"<p>Tyto mal\u00e9 25ml lahvi\u010dky na parf\u00e9my, vytvo\u0159en\u00e9 pro n\u00e1ro\u010dn\u00e9 zna\u010dky, kombinuj\u00ed elegantn\u00ed design s prvot\u0159\u00eddn\u00ed funk\u010dnost\u00ed.<\/p>","protected":false},"featured_media":2733,"comment_status":"open","ping_status":"closed","template":"","meta":{"_acf_changed":false,"site-sidebar-layout":"default","site-content-layout":"","ast-site-content-layout":"default","site-content-style":"default","site-sidebar-style":"default","ast-global-header-display":"","ast-banner-title-visibility":"","ast-main-header-display":"","ast-hfb-above-header-display":"","ast-hfb-below-header-display":"","ast-hfb-mobile-header-display":"","site-post-title":"","ast-breadcrumbs-content":"","ast-featured-img":"","footer-sml-layout":"","ast-disable-related-posts":"","theme-transparent-header-meta":"default","adv-header-id-meta":"","stick-header-meta":"","header-above-stick-meta":"","header-main-stick-meta":"","header-below-stick-meta":"","astra-migrate-meta-layouts":"set","ast-page-background-enabled":"default","ast-page-background-meta":{"desktop":{"background-color":"var(--ast-global-color-5)","background-image":"","background-repeat":"repeat","background-position":"center center","background-size":"auto","background-attachment":"scroll","background-type":"","background-media":"","overlay-type":"","overlay-color":"","overlay-opacity":"","overlay-gradient":""},"tablet":{"background-color":"","background-image":"","background-repeat":"repeat","background-position":"center center","background-size":"auto","background-attachment":"scroll","background-type":"","background-media":"","overlay-type":"","overlay-color":"","overlay-opacity":"","overlay-gradient":""},"mobile":{"background-color":"","background-image":"","background-repeat":"repeat","background-position":"center center","background-size":"auto","background-attachment":"scroll","background-type":"","background-media":"","overlay-type":"","overlay-color":"","overlay-opacity":"","overlay-gradient":""}},"ast-content-background-meta":{"desktop":{"background-color":"var(--ast-global-color-4)","background-image":"","background-repeat":"repeat","background-position":"center center","background-size":"auto","background-attachment":"scroll","background-type":"","background-media":"","overlay-type":"","overlay-color":"","overlay-opacity":"","overlay-gradient":""},"tablet":{"background-color":"var(--ast-global-color-4)","background-image":"","background-repeat":"repeat","background-position":"center center","background-size":"auto","background-attachment":"scroll","background-type":"","background-media":"","overlay-type":"","overlay-color":"","overlay-opacity":"","overlay-gradient":""},"mobile":{"background-color":"var(--ast-global-color-4)","background-image":"","background-repeat":"repeat","background-position":"center center","background-size":"auto","background-attachment":"scroll","background-type":"","background-media":"","overlay-type":"","overlay-color":"","overlay-opacity":"","overlay-gradient":""}}},"product_brand":[],"product_cat":[72,74,41],"product_tag":[],"class_list":{"0":"post-2729","1":"product","2":"type-product","3":"status-publish","4":"has-post-thumbnail","6":"product_cat-cosmetic-packaging","7":"product_cat-mini-perfume-bottles","8":"product_cat-perfume-bottles","9":"desktop-align-left","10":"tablet-align-left","11":"mobile-align-left","13":"first","14":"instock","15":"shipping-taxable","16":"product-type-simple"},"acf":[],"jetpack_sharing_enabled":true,"_links":{"self":[{"href":"https:\/\/theperfumebottles.com\/cs\/wp-json\/wp\/v2\/product\/2729","targetHints":{"allow":["GET"]}}],"collection":[{"href":"https:\/\/theperfumebottles.com\/cs\/wp-json\/wp\/v2\/product"}],"about":[{"href":"https:\/\/theperfumebottles.com\/cs\/wp-json\/wp\/v2\/types\/product"}],"replies":[{"embeddable":true,"href":"https:\/\/theperfumebottles.com\/cs\/wp-json\/wp\/v2\/comments?post=2729"}],"wp:featuredmedia":[{"embeddable":true,"href":"https:\/\/theperfumebottles.com\/cs\/wp-json\/wp\/v2\/media\/2733"}],"wp:attachment":[{"href":"https:\/\/theperfumebottles.com\/cs\/wp-json\/wp\/v2\/media?parent=2729"}],"wp:term":[{"taxonomy":"product_brand","embeddable":true,"href":"https:\/\/theperfumebottles.com\/cs\/wp-json\/wp\/v2\/product_brand?post=2729"},{"taxonomy":"product_cat","embeddable":true,"href":"https:\/\/theperfumebottles.com\/cs\/wp-json\/wp\/v2\/product_cat?post=2729"},{"taxonomy":"product_tag","embeddable":true,"href":"https:\/\/theperfumebottles.com\/cs\/wp-json\/wp\/v2\/product_tag?post=2729"}],"curies":[{"name":"wp","href":"https:\/\/api.w.org\/{rel}","templated":true}]}}