{"id":2734,"date":"2025-03-17T06:43:29","date_gmt":"2025-03-17T06:43:29","guid":{"rendered":"https:\/\/theperfumebottles.com\/?post_type=product&#038;p=2734"},"modified":"2026-04-08T15:31:41","modified_gmt":"2026-04-08T07:31:41","slug":"best-perfume-bottles-glass-perfume-bottles-wholesale","status":"publish","type":"product","link":"https:\/\/theperfumebottles.com\/cs\/produkt\/best-perfume-bottles-glass-perfume-bottles-wholesale\/","title":{"rendered":"Nejlep\u0161\u00ed lahvi\u010dky na parf\u00e9my 50ml 100ml \u2013 Velkoobchod se sklen\u011bn\u00fdmi lahvi\u010dkami na parf\u00e9my"},"content":{"rendered":"<h2>Vneste do sv\u00e9 zna\u010dky n\u00e1dech luxusu<\/h2>\n<p>K dispozici ve velikostech 50ml a 100ml, vhodn\u00e9 pro zku\u0161ebn\u00ed, celou nebo limitovanou edici sklen\u011bn\u00fdch lahvi\u010dek na parf\u00e9my ve velkoobchod\u011b. Zaoblen\u00fd obd\u00e9ln\u00edkov\u00fd flakon je sp\u00e1rov\u00e1n s tlust\u00fdm k\u0159i\u0161\u0165\u00e1lov\u00fdm sklem s pr\u016fhledn\u00fdm leskem a pocitem luxusu, bezprobl\u00e9mov\u011b integrov\u00e1n do p\u00e1nsk\u00e9\/d\u00e1msk\u00e9 \u0159ady v\u016fn\u00ed a vytv\u00e1\u0159\u00ed tak jednotnou vizi zna\u010dky. Uz\u00e1v\u011br lahvi\u010dky je k dispozici v le\u0161t\u011bn\u00e9 zlat\u00e9, st\u0159\u00edbrn\u00e9 a matn\u00e9 \u010dern\u00e9 barv\u011b, kter\u00e1 snadno lad\u00ed s barevn\u00fdm syst\u00e9mem zna\u010dky. Pr\u016fhledn\u00e1 lahvi\u010dka jasn\u011b ukazuje barvu parf\u00e9mu, design spreje je p\u0159esn\u00fd a jednotn\u00fd a ovl\u00e1d\u00e1n\u00ed je plynul\u00e9, co\u017e zlep\u0161uje z\u00e1\u017eitek koncov\u00e9ho u\u017eivatele.<\/p>\n<h2>V\u0161estrann\u00e9 vyu\u017eit\u00ed: Od samplov\u00e1n\u00ed a\u017e po charakteristick\u00e9 v\u016fn\u011b<\/h2>\n<p>Tyto nejlep\u0161\u00ed parf\u00e9mov\u00e9 lahvi\u010dky jsou ide\u00e1ln\u00ed pro kolekce lahvi\u010dek o objemu 95 ml, cestovn\u00ed lahvi\u010dky s parf\u00e9my nebo limitovan\u00e9 edice lahvi\u010dek s v\u016fn\u00ed. Jejich elegantn\u00ed design se hod\u00ed do specializovan\u00fdch \u0159ad v\u016fn\u00ed, maloobchodn\u00edch prodejen nebo personalizovan\u00fdch d\u00e1rkov\u00fdch sad. A\u0165 u\u017e se jedn\u00e1 o kol\u00ednskou nebo parf\u00e9m, dod\u00e1vaj\u00ed luxusn\u00ed vzhled v ka\u017ed\u00e9m pou\u017eit\u00ed.<\/p>\n<h2>Kl\u00ed\u010dov\u00e9 specifikace: Pr\u00e9miov\u00e9 sklen\u011bn\u00e9 lahvi\u010dky na parf\u00e9my<\/h2>\n<div class=\"hyc-common-markdown__table-wrapper\">\n<table>\n<thead>\n<tr>\n<th>Model<\/th>\n<th>Kapacita<\/th>\n<th>Rozm\u011bry (mm)<\/th>\n<th>Barvy \u010depic<\/th>\n<th>Materi\u00e1l<\/th>\n<th>Uzav\u0159en\u00ed<\/th>\n<\/tr>\n<\/thead>\n<tbody>\n<tr>\n<td>PB-BF1902<\/td>\n<td>50ml<\/td>\n<td>53x31x73<\/td>\n<td>Zlat\u00e1, st\u0159\u00edbrn\u00e1, matn\u00e1 \u010dern\u00e1<\/td>\n<td>Vysoce kvalitn\u00ed k\u0159i\u0161\u0165\u00e1lov\u00e9 sklo<\/td>\n<td>Sprej Top<\/td>\n<\/tr>\n<tr>\n<td>PB-BF1903<\/td>\n<td>50ml<\/td>\n<td>43x30x88<\/td>\n<td>Zlat\u00e1, st\u0159\u00edbrn\u00e1, matn\u00e1 \u010dern\u00e1<\/td>\n<td>Vysoce kvalitn\u00ed k\u0159i\u0161\u0165\u00e1lov\u00e9 sklo<\/td>\n<td>Sprej Top<\/td>\n<\/tr>\n<tr>\n<td>PB-BF1904<\/td>\n<td>100ml<\/td>\n<td>57x38x107<\/td>\n<td>Zlat\u00e1, st\u0159\u00edbrn\u00e1, matn\u00e1 \u010dern\u00e1<\/td>\n<td>Vysoce kvalitn\u00ed k\u0159i\u0161\u0165\u00e1lov\u00e9 sklo<\/td>\n<td>Sprej Top<\/td>\n<\/tr>\n<\/tbody>\n<\/table>\n<\/div>\n<h2>P\u0159\u00edb\u011bh \u00fasp\u011bchu: Zak\u00e1zkov\u00e1 objedn\u00e1vka od niche newyorsk\u00e9 zna\u010dky v\u016fn\u00ed<\/h2>\n<p>V\u00fdklenkov\u00e1 newyorsk\u00e1 zna\u010dka parf\u00e9m\u016f si vybrala na\u0161i velkoobchodn\u00ed slu\u017ebu se sklen\u011bn\u00fdmi flakony na parf\u00e9my k vytvo\u0159en\u00ed produkt\u016f na m\u00edru s pou\u017eit\u00edm kou\u0159ov\u011b \u0161ed\u00fdch sklen\u011bn\u00fdch lahvi\u010dek. Lahvi\u010dky na m\u00edru dos\u00e1hly pozoruhodn\u00fdch v\u00fdsledk\u016f: 40 % pozitivn\u00edch z\u00e1kaznick\u00fdch recenz\u00ed zm\u00ednilo jejich robustn\u00ed vzhled a minimalistick\u00fd design. Jejich fotogenick\u00fd vzhled vedl k 300% n\u00e1r\u016fstu zapojen\u00ed influencer\u016f na soci\u00e1ln\u00edch s\u00edt\u00edch. Spole\u010dnost se rozhodla zakoupit dal\u0161\u00edch 650 000 lahvi\u010dek, proto\u017ee jejich prvn\u00ed produktov\u00e1 \u0159ada usp\u011bla s koncentrovan\u00fdmi v\u016fn\u011bmi a limitovan\u00fdmi edicemi um\u011bleck\u00fdch spoluprac\u00ed.<\/p>\n<h2><strong>Jednejte hned te\u010f a pozvedn\u011bte svou zna\u010dku:<\/strong><\/h2>\n<ul>\n<li>Vy\u017e\u00e1dejte si bezplatn\u00e9 vzorky na\u0161ich nejlep\u0161\u00edch flakon\u016f na parf\u00e9my<\/li>\n<li>Prozkoumejte mo\u017enosti grav\u00edrov\u00e1n\u00ed a povrchov\u00e9 \u00fapravy na m\u00edru<\/li>\n<li>Nakupujte ve velk\u00e9m mno\u017estv\u00ed se zna\u010dkov\u00fdm balen\u00edm<\/li>\n<\/ul>\n<p>Prom\u011b\u0148te svou kolekci v\u016fn\u00ed s luxusn\u00edmi sklen\u011bn\u00fdmi flakony na parf\u00e9my velkoobchodn\u011b \u2013 kde se design setk\u00e1v\u00e1 s \u0159emeslem. Kontaktujte n\u00e1s je\u0161t\u011b dnes a vytvo\u0159te si nad\u010dasovou kolekci!<\/p>","protected":false},"excerpt":{"rendered":"<p>Velkoobchodn\u00ed prodej pr\u00e9miov\u00fdch sklen\u011bn\u00fdch lahvi\u010dek na parf\u00e9my pro luxusn\u00ed zna\u010dky. Upraviteln\u00e9 50ml a 100ml nejlep\u0161\u00ed lahvi\u010dky na parf\u00e9my s le\u0161t\u011bn\u00fdmi zlat\u00fdmi\/st\u0159\u00edbrn\u00fdmi\/matn\u011b \u010dern\u00fdmi uz\u00e1v\u011bry.<\/p>","protected":false},"featured_media":2736,"comment_status":"open","ping_status":"closed","template":"","meta":{"_acf_changed":false,"site-sidebar-layout":"default","site-content-layout":"","ast-site-content-layout":"default","site-content-style":"default","site-sidebar-style":"default","ast-global-header-display":"","ast-banner-title-visibility":"","ast-main-header-display":"","ast-hfb-above-header-display":"","ast-hfb-below-header-display":"","ast-hfb-mobile-header-display":"","site-post-title":"","ast-breadcrumbs-content":"","ast-featured-img":"","footer-sml-layout":"","ast-disable-related-posts":"","theme-transparent-header-meta":"default","adv-header-id-meta":"","stick-header-meta":"","header-above-stick-meta":"","header-main-stick-meta":"","header-below-stick-meta":"","astra-migrate-meta-layouts":"set","ast-page-background-enabled":"default","ast-page-background-meta":{"desktop":{"background-color":"var(--ast-global-color-5)","background-image":"","background-repeat":"repeat","background-position":"center center","background-size":"auto","background-attachment":"scroll","background-type":"","background-media":"","overlay-type":"","overlay-color":"","overlay-opacity":"","overlay-gradient":""},"tablet":{"background-color":"","background-image":"","background-repeat":"repeat","background-position":"center center","background-size":"auto","background-attachment":"scroll","background-type":"","background-media":"","overlay-type":"","overlay-color":"","overlay-opacity":"","overlay-gradient":""},"mobile":{"background-color":"","background-image":"","background-repeat":"repeat","background-position":"center center","background-size":"auto","background-attachment":"scroll","background-type":"","background-media":"","overlay-type":"","overlay-color":"","overlay-opacity":"","overlay-gradient":""}},"ast-content-background-meta":{"desktop":{"background-color":"var(--ast-global-color-4)","background-image":"","background-repeat":"repeat","background-position":"center center","background-size":"auto","background-attachment":"scroll","background-type":"","background-media":"","overlay-type":"","overlay-color":"","overlay-opacity":"","overlay-gradient":""},"tablet":{"background-color":"var(--ast-global-color-4)","background-image":"","background-repeat":"repeat","background-position":"center center","background-size":"auto","background-attachment":"scroll","background-type":"","background-media":"","overlay-type":"","overlay-color":"","overlay-opacity":"","overlay-gradient":""},"mobile":{"background-color":"var(--ast-global-color-4)","background-image":"","background-repeat":"repeat","background-position":"center center","background-size":"auto","background-attachment":"scroll","background-type":"","background-media":"","overlay-type":"","overlay-color":"","overlay-opacity":"","overlay-gradient":""}}},"product_brand":[],"product_cat":[91,72,41],"product_tag":[],"class_list":{"0":"post-2734","1":"product","2":"type-product","3":"status-publish","4":"has-post-thumbnail","6":"product_cat-custom-perfume-bottles","7":"product_cat-cosmetic-packaging","8":"product_cat-perfume-bottles","9":"desktop-align-left","10":"tablet-align-left","11":"mobile-align-left","13":"first","14":"instock","15":"shipping-taxable","16":"product-type-simple"},"acf":[],"jetpack_sharing_enabled":true,"_links":{"self":[{"href":"https:\/\/theperfumebottles.com\/cs\/wp-json\/wp\/v2\/product\/2734","targetHints":{"allow":["GET"]}}],"collection":[{"href":"https:\/\/theperfumebottles.com\/cs\/wp-json\/wp\/v2\/product"}],"about":[{"href":"https:\/\/theperfumebottles.com\/cs\/wp-json\/wp\/v2\/types\/product"}],"replies":[{"embeddable":true,"href":"https:\/\/theperfumebottles.com\/cs\/wp-json\/wp\/v2\/comments?post=2734"}],"wp:featuredmedia":[{"embeddable":true,"href":"https:\/\/theperfumebottles.com\/cs\/wp-json\/wp\/v2\/media\/2736"}],"wp:attachment":[{"href":"https:\/\/theperfumebottles.com\/cs\/wp-json\/wp\/v2\/media?parent=2734"}],"wp:term":[{"taxonomy":"product_brand","embeddable":true,"href":"https:\/\/theperfumebottles.com\/cs\/wp-json\/wp\/v2\/product_brand?post=2734"},{"taxonomy":"product_cat","embeddable":true,"href":"https:\/\/theperfumebottles.com\/cs\/wp-json\/wp\/v2\/product_cat?post=2734"},{"taxonomy":"product_tag","embeddable":true,"href":"https:\/\/theperfumebottles.com\/cs\/wp-json\/wp\/v2\/product_tag?post=2734"}],"curies":[{"name":"wp","href":"https:\/\/api.w.org\/{rel}","templated":true}]}}