{"id":2743,"date":"2025-03-18T07:06:07","date_gmt":"2025-03-18T07:06:07","guid":{"rendered":"https:\/\/theperfumebottles.com\/?post_type=product&#038;p=2743"},"modified":"2025-03-18T07:30:54","modified_gmt":"2025-03-18T07:30:54","slug":"mens-cologne-black-square-bottle","status":"publish","type":"product","link":"https:\/\/theperfumebottles.com\/cs\/produkt\/mens-cologne-black-square-bottle\/","title":{"rendered":"P\u00e1nsk\u00e1 kol\u00ednsk\u00e1 voda Black Square Flakon 30ml 50ml 100ml"},"content":{"rendered":"<p>Objevte \u010dtvercov\u00fd \u010dern\u00fd flakon kol\u00ednsk\u00e9 vody pro mu\u017ee ur\u010den\u00fd pro zna\u010dky, kter\u00e9 hledaj\u00ed nejlep\u0161\u00ed flakony kol\u00ednsk\u00e9 vody, aby pozvedly sv\u00e9 \u0159ady v\u016fn\u00ed. N\u00e1\u0161 velkoobchodn\u00ed sortiment \u010dern\u00fdch lahvi\u010dek na parf\u00e9my, vyroben\u00fdch s preciznost\u00ed, kombinuje modern\u00ed minimalismus s nad\u010dasovou sofistikovanost\u00ed a je ide\u00e1ln\u00ed pro luxusn\u00ed parf\u00e9my a nikov\u00e9 kolekce.<\/p>\n<h2>P\u0159ehled specifikac\u00ed produktu<\/h2>\n<div class=\"hyc-common-markdown__table-wrapper\">\n<table>\n<thead>\n<tr>\n<th>Model<\/th>\n<th>Kapacita<\/th>\n<th>Rozm\u011bry (mm)<\/th>\n<th>Barva skla<\/th>\n<th>Barva v\u00ed\u010dka<\/th>\n<th>Materi\u00e1l<\/th>\n<\/tr>\n<\/thead>\n<tbody>\n<tr>\n<td>PB-BM0401<\/td>\n<td>30ml<\/td>\n<td>42\u00d729\u00d777<\/td>\n<td>Matn\u00e1 \u010dern\u00e1<\/td>\n<td>Le\u0161t\u011bn\u00fd<\/td>\n<td>K\u0159i\u0161\u0165\u00e1lov\u00e9 sklo<\/td>\n<\/tr>\n<tr>\n<td>PB-BM0402<\/td>\n<td>50ml<\/td>\n<td>51\u00d728\u00d792<\/td>\n<td>Matn\u00e1 \u010dern\u00e1<\/td>\n<td>Le\u0161t\u011bn\u00fd<\/td>\n<td>K\u0159i\u0161\u0165\u00e1lov\u00e9 sklo<\/td>\n<\/tr>\n<tr>\n<td>PB-BM0403<\/td>\n<td>100ml<\/td>\n<td>53\u00d735\u00d7116<\/td>\n<td>Matn\u00e1 \u010dern\u00e1<\/td>\n<td>Le\u0161t\u011bn\u00fd<\/td>\n<td>K\u0159i\u0161\u0165\u00e1lov\u00e9 sklo<\/td>\n<\/tr>\n<\/tbody>\n<\/table>\n<\/div>\n<h2>\u0158e\u0161en\u00ed na m\u00edru pro \u00fasp\u011bch zna\u010dky<\/h2>\n<p>Prom\u011b\u0148te tyto pr\u00e1zdn\u00e9 n\u00e1doby od parf\u00e9m\u016f v mistrovsk\u00e1 d\u00edla zna\u010dky. Vyberte si grav\u00edrovan\u00e9 logo, vlastn\u00ed barvy nebo exkluzivn\u00ed mo\u017enosti povrchov\u00e9 \u00fapravy (nap\u0159. staro\u017eitn\u00fd nebo pr\u016fsvitn\u00fd efekt). Ide\u00e1ln\u00ed pro velkoobchodn\u00ed partnery, nab\u00edz\u00edme konkurenceschopn\u00e9 ceny na hromadn\u00e9 objedn\u00e1vky s flexibiln\u00edm MOQ.<\/p>\n<h3>V\u0161estrann\u00e9 pou\u017eit\u00ed nap\u0159\u00ed\u010d \u0159adami v\u016fn\u00ed<\/h3>\n<p>Tento sklen\u011bn\u00fd \u010dtvercov\u00fd flakon se p\u0159izp\u016fsob\u00ed ka\u017ed\u00e9 kategorii v\u016fn\u00ed, a\u0165 u\u017e jde o p\u00e1nskou kol\u00ednskou, d\u00e1msk\u00fd parf\u00e9m nebo unisex v\u016fni. Jeho elegantn\u00ed design se hod\u00ed:<\/p>\n<ul>\n<li>Luxusn\u00ed zna\u010dky nikov\u00fdch parf\u00e9m\u016f<\/li>\n<li>Limitovan\u00e9 kolekce<\/li>\n<li>Personalizovan\u00e9 d\u00e1rkov\u00e9 sady<\/li>\n<li>Pr\u00e9miov\u00e9 maloobchodn\u00ed displeje<\/li>\n<\/ul>\n<h2>Pro\u010d si vybrat na\u0161e \u010dern\u00e9 \u010dtvercov\u00e9 kol\u00ednsk\u00e9 lahvi\u010dky?<\/h2>\n<p>Jako d\u016fv\u011bryhodn\u00fd v\u00fdrobce obal\u016f na parf\u00e9my poskytujeme kompletn\u00ed \u0159e\u0161en\u00ed od n\u00e1vrhu a\u017e po dod\u00e1n\u00ed. Na\u0161e \u010dern\u00e9 lahvi\u010dky na parf\u00e9my jsou navr\u017eeny tak, aby:<\/p>\n<ol>\n<li>Zvy\u0161te vn\u00edmanou hodnotu d\u00edky luxusn\u00ed estetice.<\/li>\n<li>Chra\u0148te v\u016fn\u011b pomoc\u00ed skla odoln\u00e9ho proti UV z\u00e1\u0159en\u00ed.<\/li>\n<li>Zjednodu\u0161te budov\u00e1n\u00ed zna\u010dky pomoc\u00ed vlastn\u00edho grav\u00edrov\u00e1n\u00ed a p\u0159\u00edslu\u0161enstv\u00ed.<\/li>\n<\/ol>\n<h2>Pozvedn\u011bte svou zna\u010dku nad\u010dasovou eleganc\u00ed<\/h2>\n<p>Vynikn\u011bte na konkuren\u010dn\u00edm trhu s v\u016fn\u011bmi s na\u0161\u00edm \u010dern\u00fdm \u010dtvercov\u00fdm flakonem kol\u00ednsk\u00e9 vody pro mu\u017ee - \u0161pi\u010dkov\u00fdm kandid\u00e1tem mezi nejlep\u0161\u00edmi dostupn\u00fdmi flakony kol\u00ednsk\u00e9 vody. Tento design, optimalizovan\u00fd pro velkoobchodn\u00ed partnerstv\u00ed s \u010dern\u00fdmi lahvi\u010dkami na parf\u00e9my, spojuje funk\u010dnost s prvot\u0159\u00eddn\u00ed p\u0159ita\u017elivost\u00ed. Kontaktujte n\u00e1\u0161 t\u00fdm je\u0161t\u011b dnes a pora\u010fte se o zak\u00e1zkov\u00fdch objedn\u00e1vk\u00e1ch nebo slev\u00e1ch p\u0159i hromadn\u00e9m n\u00e1kupu!<\/p>\n<p>Jste p\u0159ipraveni vytvo\u0159it nezapomenuteln\u00fd z\u00e1\u017eitek z v\u016fn\u011b? Vy\u017e\u00e1dejte si nyn\u00ed nab\u00eddku na velkoobchodn\u00ed prodej \u010dern\u00fdch lahvi\u010dek na parf\u00e9my a odemkn\u011bte exkluzivn\u00ed mo\u017enosti brandingu!<\/p>","protected":false},"excerpt":{"rendered":"<p>Objevte \u200bmu\u017eskou parf\u00e9movou l\u00e1hvi \u010dern\u00e1 \u010dtvercov\u00e1 navr\u017eenou pro zna\u010dky hledaj\u00edc\u00ed nejlep\u0161\u00ed parf\u00e9mov\u00e9 lahvi, aby zlep\u0161ily sv\u00e1 vonn\u00e1 \u0159ada. Vytvo\u0159en\u00e1 [\u2026]<\/p>","protected":false},"featured_media":2752,"comment_status":"open","ping_status":"closed","template":"","meta":{"_acf_changed":false,"site-sidebar-layout":"default","site-content-layout":"","ast-site-content-layout":"default","site-content-style":"default","site-sidebar-style":"default","ast-global-header-display":"","ast-banner-title-visibility":"","ast-main-header-display":"","ast-hfb-above-header-display":"","ast-hfb-below-header-display":"","ast-hfb-mobile-header-display":"","site-post-title":"","ast-breadcrumbs-content":"","ast-featured-img":"","footer-sml-layout":"","ast-disable-related-posts":"","theme-transparent-header-meta":"default","adv-header-id-meta":"","stick-header-meta":"","header-above-stick-meta":"","header-main-stick-meta":"","header-below-stick-meta":"","astra-migrate-meta-layouts":"set","ast-page-background-enabled":"default","ast-page-background-meta":{"desktop":{"background-color":"var(--ast-global-color-5)","background-image":"","background-repeat":"repeat","background-position":"center center","background-size":"auto","background-attachment":"scroll","background-type":"","background-media":"","overlay-type":"","overlay-color":"","overlay-opacity":"","overlay-gradient":""},"tablet":{"background-color":"","background-image":"","background-repeat":"repeat","background-position":"center center","background-size":"auto","background-attachment":"scroll","background-type":"","background-media":"","overlay-type":"","overlay-color":"","overlay-opacity":"","overlay-gradient":""},"mobile":{"background-color":"","background-image":"","background-repeat":"repeat","background-position":"center center","background-size":"auto","background-attachment":"scroll","background-type":"","background-media":"","overlay-type":"","overlay-color":"","overlay-opacity":"","overlay-gradient":""}},"ast-content-background-meta":{"desktop":{"background-color":"var(--ast-global-color-4)","background-image":"","background-repeat":"repeat","background-position":"center center","background-size":"auto","background-attachment":"scroll","background-type":"","background-media":"","overlay-type":"","overlay-color":"","overlay-opacity":"","overlay-gradient":""},"tablet":{"background-color":"var(--ast-global-color-4)","background-image":"","background-repeat":"repeat","background-position":"center center","background-size":"auto","background-attachment":"scroll","background-type":"","background-media":"","overlay-type":"","overlay-color":"","overlay-opacity":"","overlay-gradient":""},"mobile":{"background-color":"var(--ast-global-color-4)","background-image":"","background-repeat":"repeat","background-position":"center center","background-size":"auto","background-attachment":"scroll","background-type":"","background-media":"","overlay-type":"","overlay-color":"","overlay-opacity":"","overlay-gradient":""}}},"product_brand":[],"product_cat":[79,72,41],"product_tag":[],"class_list":{"0":"post-2743","1":"product","2":"type-product","3":"status-publish","4":"has-post-thumbnail","6":"product_cat-black-perfume-bottles","7":"product_cat-cosmetic-packaging","8":"product_cat-perfume-bottles","9":"desktop-align-left","10":"tablet-align-left","11":"mobile-align-left","13":"first","14":"instock","15":"shipping-taxable","16":"product-type-simple"},"acf":[],"jetpack_sharing_enabled":true,"_links":{"self":[{"href":"https:\/\/theperfumebottles.com\/cs\/wp-json\/wp\/v2\/product\/2743","targetHints":{"allow":["GET"]}}],"collection":[{"href":"https:\/\/theperfumebottles.com\/cs\/wp-json\/wp\/v2\/product"}],"about":[{"href":"https:\/\/theperfumebottles.com\/cs\/wp-json\/wp\/v2\/types\/product"}],"replies":[{"embeddable":true,"href":"https:\/\/theperfumebottles.com\/cs\/wp-json\/wp\/v2\/comments?post=2743"}],"wp:featuredmedia":[{"embeddable":true,"href":"https:\/\/theperfumebottles.com\/cs\/wp-json\/wp\/v2\/media\/2752"}],"wp:attachment":[{"href":"https:\/\/theperfumebottles.com\/cs\/wp-json\/wp\/v2\/media?parent=2743"}],"wp:term":[{"taxonomy":"product_brand","embeddable":true,"href":"https:\/\/theperfumebottles.com\/cs\/wp-json\/wp\/v2\/product_brand?post=2743"},{"taxonomy":"product_cat","embeddable":true,"href":"https:\/\/theperfumebottles.com\/cs\/wp-json\/wp\/v2\/product_cat?post=2743"},{"taxonomy":"product_tag","embeddable":true,"href":"https:\/\/theperfumebottles.com\/cs\/wp-json\/wp\/v2\/product_tag?post=2743"}],"curies":[{"name":"wp","href":"https:\/\/api.w.org\/{rel}","templated":true}]}}