{"id":2795,"date":"2025-03-20T08:59:46","date_gmt":"2025-03-20T08:59:46","guid":{"rendered":"https:\/\/theperfumebottles.com\/?post_type=product&#038;p=2795"},"modified":"2026-04-07T16:06:36","modified_gmt":"2026-04-07T08:06:36","slug":"custom-luxury-crystal-perfume-bottle-wholesale","status":"publish","type":"product","link":"https:\/\/theperfumebottles.com\/cs\/produkt\/custom-luxury-crystal-perfume-bottle-wholesale\/","title":{"rendered":"100ml luxusn\u00ed k\u0159i\u0161\u0165\u00e1lov\u00e1 parf\u00e9mov\u00e1 l\u00e1hev velkoobchod"},"content":{"rendered":"<p>K\u0159i\u0161\u0165\u00e1lov\u00e1 lahvi\u010dka na parf\u00e9my vynik\u00e1 svou kubickou strukturou d\u00edky sv\u00e9mu designu, kter\u00fd vyu\u017e\u00edv\u00e1 pr\u016fhledn\u00fd sklen\u011bn\u00fd materi\u00e1l. V\u00ed\u010dko se skl\u00e1d\u00e1 ze dvou odli\u0161n\u00fdch \u010d\u00e1st\u00ed, a to kovov\u00e9ho krou\u017eku s lesklou chromovanou povrchovou \u00fapravou, kter\u00fd obsahuje trysku rozpra\u0161ova\u010de, a samostatn\u00e9ho brou\u0161en\u00e9ho k\u0159i\u0161\u0165\u00e1lov\u00e9ho v\u00ed\u010dka.<\/p>\n<h2>Specifikace<\/h2>\n<div>\n<table class=\"aligncenter\" style=\"border-collapse: collapse; width: 300.77pt;\" border=\"0\" width=\"401\" cellspacing=\"0\" cellpadding=\"0\">\n<tbody>\n<tr style=\"height: 13.50pt;\">\n<td style=\"height: 13.50pt; width: 88.50pt;\" width=\"118\" height=\"18\">Funkce<\/td>\n<td style=\"width: 212.25pt;\" width=\"283\">Podrobnosti<\/td>\n<\/tr>\n<tr style=\"height: 13.50pt;\">\n<td style=\"height: 13.50pt;\" height=\"18\">Kapacita<\/td>\n<td>100 ml (3,4 oz)<\/td>\n<\/tr>\n<tr style=\"height: 13.50pt;\">\n<td style=\"height: 13.50pt;\" height=\"18\">Materi\u00e1l<\/td>\n<td>K\u0159i\u0161\u0165\u00e1lov\u00e9 sklo, akrylov\u00fd st\u0159\u00edbrn\u00fd uz\u00e1v\u011br<\/td>\n<\/tr>\n<tr style=\"height: 13.50pt;\">\n<td style=\"height: 13.50pt;\" height=\"18\">Rozm\u011bry<\/td>\n<td>57\u00d757\u00d769 mm (\u010dtvercov\u00fd tvar)<\/td>\n<\/tr>\n<tr style=\"height: 13.50pt;\">\n<td style=\"height: 13.50pt;\" height=\"18\">P\u0159izp\u016fsoben\u00ed<\/td>\n<td>Grav\u00edrov\u00e1n\u00ed, poleva, UV tisk<\/td>\n<\/tr>\n<tr style=\"height: 13.50pt;\">\n<td style=\"height: 13.50pt;\" height=\"18\">Minim\u00e1ln\u00ed objedn\u00e1vac\u00ed mno\u017estv\u00ed<\/td>\n<td>K dispozici jsou konkurenceschopn\u00e9 velkoobchodn\u00ed ceny<\/td>\n<\/tr>\n<tr style=\"height: 13.50pt;\">\n<td style=\"height: 13.50pt;\" height=\"18\">Doprava<\/td>\n<td>Glob\u00e1ln\u00ed logistick\u00e1 podpora<\/td>\n<\/tr>\n<\/tbody>\n<\/table>\n<\/div>\n<h2>P\u0159\u00edb\u011bh \u00fasp\u011bchu<\/h2>\n<p>Tato francouzsk\u00e1 zna\u010dka parf\u00e9m\u016f si vybrala staro\u017eitn\u00fd k\u0159i\u0161\u0165\u00e1lov\u00fd flakon a objednala si na m\u00edru navr\u017een\u00fd kou\u0159ov\u011b \u0161ed\u00fd sklen\u011bn\u00fd flakon se zlat\u00fdm vnit\u0159n\u00edm designem. Flakon na parf\u00e9m na m\u00edru dos\u00e1hl velk\u00e9ho \u00fasp\u011bchu, proto\u017ee jeho vintage k\u0159i\u0161\u0165\u00e1lov\u00fd design siln\u011b oslovil z\u00e1kazn\u00edky, co\u017e vedlo k 300% n\u00e1r\u016fstu p\u0159edobjedn\u00e1vek od st\u00e1vaj\u00edc\u00edch klient\u016f. Vynikaj\u00edc\u00ed materi\u00e1ly a hmotnost tak\u00e9 vedly k 120% n\u00e1r\u016fstu ceny tohoto luxusn\u00edho parf\u00e9mu. Zna\u010dka nav\u00e1zala na sv\u016fj \u00fasp\u011bch objedn\u00e1n\u00edm 580 000 flakon\u016f, kter\u00e9 pou\u017eije k p\u0159edstaven\u00ed sv\u00e9 nadch\u00e1zej\u00edc\u00ed kolekce vintage v\u016fn\u00ed.<\/p>\n<h2>N\u00e1vrhy na p\u0159izp\u016fsoben\u00ed staro\u017eitn\u00fdch k\u0159i\u0161\u0165\u00e1lov\u00fdch lahv\u00ed na parf\u00e9my<\/h2>\n<ul>\n<li>V horn\u00ed \u010d\u00e1sti se nach\u00e1z\u00ed n\u011bkolik mo\u017enost\u00ed ornament\u016f, kter\u00e9 zahrnuj\u00ed r\u016fzn\u00e9 druhy drahokam\u016f, barevn\u00e9 krystaly a sklen\u011bn\u00e9 dekorace na zak\u00e1zku, je\u017e se \u0159\u00edd\u00ed exkluzivn\u00edm designov\u00fdm vzorem zna\u010dky.<\/li>\n<li>Mo\u017enosti kovov\u00e9 povrchov\u00e9 \u00fapravy pro krou\u017eek pumpy zahrnuj\u00ed \u010dty\u0159i propracovan\u00e9 povrchov\u00e9 \u00fapravy, kter\u00e9 se vyzna\u010duj\u00ed 24kar\u00e1tov\u00fdm zlatem, r\u016f\u017eov\u00fdm zlatem, \u010dern\u00fdm rhodiem a staro\u017eitn\u00fdm st\u0159\u00edbrem.<\/li>\n<li>Magnetick\u00e1 vrchn\u00ed ozdoba m\u00e1 k\u0159i\u0161\u0165\u00e1lov\u00fd vrchn\u00ed d\u00edl, kter\u00fd se p\u0159ipev\u0148uje k povrch\u016fm bezpe\u010dn\u00fdm a pohodln\u00fdm mechanismem.<\/li>\n<\/ul>","protected":false},"excerpt":{"rendered":"<p>Pro majitele zna\u010dek a velkoobchodn\u00edky, kte\u0159\u00ed cht\u011bj\u00ed zaujmout n\u00e1ro\u010dn\u00e9 z\u00e1kazn\u00edky, je k\u0159i\u0161\u0165\u00e1lov\u00e1 lahvi\u010dka na parf\u00e9m o objemu 95 ml ur\u010dena k spojen\u00ed nad\u010dasov\u00e9 elegance s modern\u00ed funk\u010dnost\u00ed.<\/p>","protected":false},"featured_media":2798,"comment_status":"open","ping_status":"closed","template":"","meta":{"_acf_changed":false,"site-sidebar-layout":"default","site-content-layout":"","ast-site-content-layout":"default","site-content-style":"default","site-sidebar-style":"default","ast-global-header-display":"","ast-banner-title-visibility":"","ast-main-header-display":"","ast-hfb-above-header-display":"","ast-hfb-below-header-display":"","ast-hfb-mobile-header-display":"","site-post-title":"","ast-breadcrumbs-content":"","ast-featured-img":"","footer-sml-layout":"","ast-disable-related-posts":"","theme-transparent-header-meta":"default","adv-header-id-meta":"","stick-header-meta":"","header-above-stick-meta":"","header-main-stick-meta":"","header-below-stick-meta":"","astra-migrate-meta-layouts":"set","ast-page-background-enabled":"default","ast-page-background-meta":{"desktop":{"background-color":"var(--ast-global-color-5)","background-image":"","background-repeat":"repeat","background-position":"center center","background-size":"auto","background-attachment":"scroll","background-type":"","background-media":"","overlay-type":"","overlay-color":"","overlay-opacity":"","overlay-gradient":""},"tablet":{"background-color":"","background-image":"","background-repeat":"repeat","background-position":"center center","background-size":"auto","background-attachment":"scroll","background-type":"","background-media":"","overlay-type":"","overlay-color":"","overlay-opacity":"","overlay-gradient":""},"mobile":{"background-color":"","background-image":"","background-repeat":"repeat","background-position":"center center","background-size":"auto","background-attachment":"scroll","background-type":"","background-media":"","overlay-type":"","overlay-color":"","overlay-opacity":"","overlay-gradient":""}},"ast-content-background-meta":{"desktop":{"background-color":"var(--ast-global-color-4)","background-image":"","background-repeat":"repeat","background-position":"center center","background-size":"auto","background-attachment":"scroll","background-type":"","background-media":"","overlay-type":"","overlay-color":"","overlay-opacity":"","overlay-gradient":""},"tablet":{"background-color":"var(--ast-global-color-4)","background-image":"","background-repeat":"repeat","background-position":"center center","background-size":"auto","background-attachment":"scroll","background-type":"","background-media":"","overlay-type":"","overlay-color":"","overlay-opacity":"","overlay-gradient":""},"mobile":{"background-color":"var(--ast-global-color-4)","background-image":"","background-repeat":"repeat","background-position":"center center","background-size":"auto","background-attachment":"scroll","background-type":"","background-media":"","overlay-type":"","overlay-color":"","overlay-opacity":"","overlay-gradient":""}}},"product_brand":[],"product_cat":[91,72,41],"product_tag":[],"class_list":{"0":"post-2795","1":"product","2":"type-product","3":"status-publish","4":"has-post-thumbnail","6":"product_cat-custom-perfume-bottles","7":"product_cat-cosmetic-packaging","8":"product_cat-perfume-bottles","9":"desktop-align-left","10":"tablet-align-left","11":"mobile-align-left","13":"first","14":"instock","15":"shipping-taxable","16":"product-type-simple"},"acf":[],"jetpack_sharing_enabled":true,"_links":{"self":[{"href":"https:\/\/theperfumebottles.com\/cs\/wp-json\/wp\/v2\/product\/2795","targetHints":{"allow":["GET"]}}],"collection":[{"href":"https:\/\/theperfumebottles.com\/cs\/wp-json\/wp\/v2\/product"}],"about":[{"href":"https:\/\/theperfumebottles.com\/cs\/wp-json\/wp\/v2\/types\/product"}],"replies":[{"embeddable":true,"href":"https:\/\/theperfumebottles.com\/cs\/wp-json\/wp\/v2\/comments?post=2795"}],"wp:featuredmedia":[{"embeddable":true,"href":"https:\/\/theperfumebottles.com\/cs\/wp-json\/wp\/v2\/media\/2798"}],"wp:attachment":[{"href":"https:\/\/theperfumebottles.com\/cs\/wp-json\/wp\/v2\/media?parent=2795"}],"wp:term":[{"taxonomy":"product_brand","embeddable":true,"href":"https:\/\/theperfumebottles.com\/cs\/wp-json\/wp\/v2\/product_brand?post=2795"},{"taxonomy":"product_cat","embeddable":true,"href":"https:\/\/theperfumebottles.com\/cs\/wp-json\/wp\/v2\/product_cat?post=2795"},{"taxonomy":"product_tag","embeddable":true,"href":"https:\/\/theperfumebottles.com\/cs\/wp-json\/wp\/v2\/product_tag?post=2795"}],"curies":[{"name":"wp","href":"https:\/\/api.w.org\/{rel}","templated":true}]}}