{"id":2801,"date":"2025-03-21T02:08:59","date_gmt":"2025-03-21T02:08:59","guid":{"rendered":"https:\/\/theperfumebottles.com\/?post_type=product&#038;p=2801"},"modified":"2026-04-08T15:16:34","modified_gmt":"2026-04-08T07:16:34","slug":"perfume-square-bottles-for-wholesale-custom-packaging","status":"publish","type":"product","link":"https:\/\/theperfumebottles.com\/cs\/produkt\/perfume-square-bottles-for-wholesale-custom-packaging\/","title":{"rendered":"100ml parf\u00e9mov\u00e9 \u010dtvercov\u00e9 lahvi\u010dky pro velkoobchodn\u00ed a zak\u00e1zkov\u00e9 balen\u00ed"},"content":{"rendered":"<p>Pozvedn\u011bte svou \u0159adu v\u016fn\u00ed s na\u0161\u00edm \u010dtvercov\u00fdm flakonem na parf\u00e9my PB-FZ02. Tento \u010dtvercov\u00fd flakon na parf\u00e9my je vyroben z ultra \u010dir\u00e9ho k\u0159i\u0161\u0165\u00e1lov\u00e9ho skla s tlust\u00fdmi st\u011bnami. Le\u0161t\u011bn\u00fd \u010dern\u00fd \u010dtvercov\u00fd uz\u00e1v\u011br zd\u016fraz\u0148uje klasick\u00fd obd\u00e9ln\u00edkov\u00fd hranolov\u00fd tvar a dod\u00e1v\u00e1 mu jemnou eleganci.<\/p>\n<h2>Technick\u00e9 specifikace<\/h2>\n<div>\n<table class=\"aligncenter\" style=\"border-collapse: collapse; width: 318.77pt;\" border=\"0\" width=\"425\" cellspacing=\"0\" cellpadding=\"0\">\n<tbody>\n<tr style=\"height: 13.50pt;\">\n<td style=\"height: 13.50pt; width: 124.50pt;\" width=\"166\" height=\"18\">Funkce<\/td>\n<td style=\"width: 194.25pt;\" width=\"259\">Detail<\/td>\n<\/tr>\n<tr style=\"height: 13.50pt;\">\n<td style=\"height: 13.50pt;\" height=\"18\">Model<\/td>\n<td>PB-FZ02<\/td>\n<\/tr>\n<tr style=\"height: 13.50pt;\">\n<td style=\"height: 13.50pt;\" height=\"18\">Materi\u00e1l<\/td>\n<td>K\u0159i\u0161\u0165\u00e1lov\u00e9 sklo<\/td>\n<\/tr>\n<tr style=\"height: 13.50pt;\">\n<td style=\"height: 13.50pt;\" height=\"18\">Kapacita<\/td>\n<td>100 ml (3,4 oz)<\/td>\n<\/tr>\n<tr style=\"height: 13.50pt;\">\n<td style=\"height: 13.50pt;\" height=\"18\">Rozm\u011bry<\/td>\n<td>52 \u00d7 52 \u00d7 103 mm<\/td>\n<\/tr>\n<tr style=\"height: 13.50pt;\">\n<td style=\"height: 13.50pt;\" height=\"18\">V\u00ed\u010dko<\/td>\n<td>Matn\u00e9 \u010dern\u00e9 \u010dtvercov\u00e9 v\u00edko<\/td>\n<\/tr>\n<tr style=\"height: 13.50pt;\">\n<td style=\"height: 13.50pt;\" height=\"18\">Mo\u017enosti barev<\/td>\n<td>Pr\u016fhledn\u00e9 (p\u0159izp\u016fsobiteln\u00e9 barvy)<\/td>\n<\/tr>\n<tr style=\"height: 13.50pt;\">\n<td style=\"height: 13.50pt;\" height=\"18\">P\u0159izp\u016fsoben\u00ed<\/td>\n<td>Logo, grav\u00edrov\u00e1n\u00ed, mo\u017enosti povrchov\u00e9 \u00fapravy<\/td>\n<\/tr>\n<tr style=\"height: 13.50pt;\">\n<td style=\"height: 13.50pt;\" height=\"18\">Dostupnost vzorku<\/td>\n<td>Pokud<\/td>\n<\/tr>\n<tr style=\"height: 13.50pt;\">\n<td style=\"height: 13.50pt;\" height=\"18\">Minim\u00e1ln\u00ed objedn\u00e1vka<\/td>\n<td>Vhodn\u00e9 pro velkoobchodn\u00ed prodej<\/td>\n<\/tr>\n<\/tbody>\n<\/table>\n<\/div>\n<h2>P\u0159\u00edb\u011bh \u00fasp\u011bchu: Ikonick\u00e1 produktov\u00e1 \u0159ada minimalistick\u00e9 zna\u010dky z New Yorku<\/h2>\n<p>Newyorsk\u00e1 zna\u010dka minimalistick\u00fdch v\u016fn\u00ed si vybrala na\u0161e \u010dtvercov\u00e9 balen\u00ed parf\u00e9m\u016f na m\u00edru, kter\u00e9 zahrnuje matnou lahvi\u010dku s b\u00edl\u00fdm s\u00edtotiskem a logo. Design dos\u00e1hl \u010dist\u00e9ho minimalistick\u00e9ho vzhledu, co\u017e vedlo k 50% n\u00e1r\u016fstu rozpozn\u00e1n\u00ed zna\u010dky b\u011bhem anonymn\u00edho testov\u00e1n\u00ed. Zna\u010dka si etablovala sv\u016fj charakteristick\u00fd styl prost\u0159ednictv\u00edm minimalistick\u00e9ho designu, kter\u00fd j\u00ed umo\u017enil dos\u00e1hnout 300% n\u00e1r\u016fstu interakc\u00ed na soci\u00e1ln\u00edch s\u00edt\u00edch. Zna\u010dka dos\u00e1hla velk\u00e9ho \u00fasp\u011bchu a n\u00e1sledn\u011b zadala dal\u0161\u00ed objedn\u00e1vku na 550 000 lahvi\u010dek parf\u00e9mu, aby uvedla na trh novou \u0159adu bytov\u00fdch v\u016fn\u00ed a vonn\u00fdch sv\u00ed\u010dek.<\/p>\n<h2>N\u00e1vrhy na \u00fapravu velkoobchodn\u00edch lahv\u00ed s rozpra\u0161ova\u010dem o objemu 100 ml<\/h2>\n<ul>\n<li>Pr\u00e9miov\u00fd rozpra\u0161ovac\u00ed mechanismus nab\u00edz\u00ed n\u011bkolik vysoce kvalitn\u00edch rozpra\u0161ovac\u00edch \u010derpadel s r\u016fzn\u00fdmi proveden\u00edmi trysek, v\u010detn\u011b ploch\u00fdch a konvexn\u00edch variant, a z\u00e1rove\u0148 vytv\u00e1\u0159\u00ed r\u016fzn\u00e9 \u00farovn\u011b rozpra\u0161ovac\u00edho v\u00fdkonu.<\/li>\n<li>Obd\u00e9ln\u00edkov\u00fd design lahve umo\u017e\u0148uje u\u017eivatel\u016fm vytv\u00e1\u0159et r\u016fzn\u00e9 velikosti, v\u010detn\u011b 30ml, 50ml a 200ml.<\/li>\n<li>Speci\u00e1ln\u00ed povrchov\u00e9 \u00fapravy poskytuj\u00ed u\u017eivatel\u016fm mo\u017enost vybrat si mezi ru\u010dn\u011b nan\u00e1\u0161enou dekorac\u00ed zlat\u00fdmi listy a speci\u00e1ln\u00edm povlakem.<\/li>\n<\/ul>","protected":false},"excerpt":{"rendered":"<p>Pr\u00e9miov\u00e9 \u010dtvercov\u00e9 sklen\u011bn\u00e9 lahvi\u010dky na parf\u00e9my o objemu 100 ml pro velkoobchodn\u00ed i zak\u00e1zkov\u00e9 balen\u00ed. Odoln\u00e9, p\u0159izp\u016fsobiteln\u00e9 a ide\u00e1ln\u00ed pro luxusn\u00ed zna\u010dky parf\u00e9m\u016f.<\/p>","protected":false},"featured_media":2803,"comment_status":"open","ping_status":"closed","template":"","meta":{"_acf_changed":false,"site-sidebar-layout":"default","site-content-layout":"","ast-site-content-layout":"default","site-content-style":"default","site-sidebar-style":"default","ast-global-header-display":"","ast-banner-title-visibility":"","ast-main-header-display":"","ast-hfb-above-header-display":"","ast-hfb-below-header-display":"","ast-hfb-mobile-header-display":"","site-post-title":"","ast-breadcrumbs-content":"","ast-featured-img":"","footer-sml-layout":"","ast-disable-related-posts":"","theme-transparent-header-meta":"default","adv-header-id-meta":"","stick-header-meta":"","header-above-stick-meta":"","header-main-stick-meta":"","header-below-stick-meta":"","astra-migrate-meta-layouts":"set","ast-page-background-enabled":"default","ast-page-background-meta":{"desktop":{"background-color":"var(--ast-global-color-5)","background-image":"","background-repeat":"repeat","background-position":"center center","background-size":"auto","background-attachment":"scroll","background-type":"","background-media":"","overlay-type":"","overlay-color":"","overlay-opacity":"","overlay-gradient":""},"tablet":{"background-color":"","background-image":"","background-repeat":"repeat","background-position":"center center","background-size":"auto","background-attachment":"scroll","background-type":"","background-media":"","overlay-type":"","overlay-color":"","overlay-opacity":"","overlay-gradient":""},"mobile":{"background-color":"","background-image":"","background-repeat":"repeat","background-position":"center center","background-size":"auto","background-attachment":"scroll","background-type":"","background-media":"","overlay-type":"","overlay-color":"","overlay-opacity":"","overlay-gradient":""}},"ast-content-background-meta":{"desktop":{"background-color":"var(--ast-global-color-4)","background-image":"","background-repeat":"repeat","background-position":"center center","background-size":"auto","background-attachment":"scroll","background-type":"","background-media":"","overlay-type":"","overlay-color":"","overlay-opacity":"","overlay-gradient":""},"tablet":{"background-color":"var(--ast-global-color-4)","background-image":"","background-repeat":"repeat","background-position":"center center","background-size":"auto","background-attachment":"scroll","background-type":"","background-media":"","overlay-type":"","overlay-color":"","overlay-opacity":"","overlay-gradient":""},"mobile":{"background-color":"var(--ast-global-color-4)","background-image":"","background-repeat":"repeat","background-position":"center center","background-size":"auto","background-attachment":"scroll","background-type":"","background-media":"","overlay-type":"","overlay-color":"","overlay-opacity":"","overlay-gradient":""}}},"product_brand":[],"product_cat":[91,72,41],"product_tag":[],"class_list":{"0":"post-2801","1":"product","2":"type-product","3":"status-publish","4":"has-post-thumbnail","6":"product_cat-custom-perfume-bottles","7":"product_cat-cosmetic-packaging","8":"product_cat-perfume-bottles","9":"desktop-align-left","10":"tablet-align-left","11":"mobile-align-left","13":"first","14":"instock","15":"shipping-taxable","16":"product-type-simple"},"acf":[],"jetpack_sharing_enabled":true,"_links":{"self":[{"href":"https:\/\/theperfumebottles.com\/cs\/wp-json\/wp\/v2\/product\/2801","targetHints":{"allow":["GET"]}}],"collection":[{"href":"https:\/\/theperfumebottles.com\/cs\/wp-json\/wp\/v2\/product"}],"about":[{"href":"https:\/\/theperfumebottles.com\/cs\/wp-json\/wp\/v2\/types\/product"}],"replies":[{"embeddable":true,"href":"https:\/\/theperfumebottles.com\/cs\/wp-json\/wp\/v2\/comments?post=2801"}],"wp:featuredmedia":[{"embeddable":true,"href":"https:\/\/theperfumebottles.com\/cs\/wp-json\/wp\/v2\/media\/2803"}],"wp:attachment":[{"href":"https:\/\/theperfumebottles.com\/cs\/wp-json\/wp\/v2\/media?parent=2801"}],"wp:term":[{"taxonomy":"product_brand","embeddable":true,"href":"https:\/\/theperfumebottles.com\/cs\/wp-json\/wp\/v2\/product_brand?post=2801"},{"taxonomy":"product_cat","embeddable":true,"href":"https:\/\/theperfumebottles.com\/cs\/wp-json\/wp\/v2\/product_cat?post=2801"},{"taxonomy":"product_tag","embeddable":true,"href":"https:\/\/theperfumebottles.com\/cs\/wp-json\/wp\/v2\/product_tag?post=2801"}],"curies":[{"name":"wp","href":"https:\/\/api.w.org\/{rel}","templated":true}]}}