{"id":2806,"date":"2025-03-21T03:55:26","date_gmt":"2025-03-21T03:55:26","guid":{"rendered":"https:\/\/theperfumebottles.com\/?post_type=product&#038;p=2806"},"modified":"2025-05-29T10:24:39","modified_gmt":"2025-05-29T02:24:39","slug":"small-perfume-spray-bottle-30ml-50ml-perfume-oil-bottles","status":"publish","type":"product","link":"https:\/\/theperfumebottles.com\/cs\/produkt\/small-perfume-spray-bottle-30ml-50ml-perfume-oil-bottles\/","title":{"rendered":"30ml 50ml mal\u00e9 parf\u00e9mov\u00e9 sprejov\u00e9 lahvi\u010dky s d\u0159ev\u011bn\u00fdmi v\u00ed\u010dky"},"content":{"rendered":"<p>P\u0159edstavujeme v\u00e1m na\u0161i \u0159adu mal\u00fdch lahvi\u010dek na parf\u00e9my s rozpra\u0161ova\u010dem, kter\u00e9 jsou k dispozici ve velikostech 30 ml a 50 ml.Tato lahvi\u010dka z k\u0159i\u0161\u0165\u00e1lov\u00e9ho skla je ur\u010dena pro \u0161pi\u010dkov\u00e9 zna\u010dky a ekology. Kombinuje ru\u010dn\u011b vyr\u00e1b\u011bn\u00fd d\u0159ev\u011bn\u00fd uz\u00e1v\u011br s modern\u00edm designem hranat\u00e9 lahvi\u010dky, kter\u00fd je p\u0159irozen\u00fd, \u0161etrn\u00fd k \u017eivotn\u00edmu prost\u0159ed\u00ed a n\u00e1dhern\u00fd. P\u0159\u00edrodn\u00ed d\u0159ev\u011bn\u00fd uz\u00e1v\u011br lahvi\u010dky podporuje vlastn\u00ed loga zna\u010dky a objem 30 ml\/50 ml je flexibiln\u00ed, aby vyhovoval cestovn\u00edm velikostem, nikov\u00fdm v\u016fn\u00edm nebo velkoobchodn\u00edm pot\u0159eb\u00e1m.<\/p>\n<h2>Kl\u00ed\u010dov\u00e9 specifikace<\/h2>\n<div class=\"hyc-common-markdown__table-wrapper\">\n<table>\n<thead>\n<tr>\n<th>Funkce<\/th>\n<th>PB-FZ0401<\/th>\n<th>PB-FZ0402<\/th>\n<\/tr>\n<\/thead>\n<tbody>\n<tr>\n<td>Materi\u00e1l<\/td>\n<td>K\u0159i\u0161\u0165\u00e1lov\u00e9 sklo<\/td>\n<td>K\u0159i\u0161\u0165\u00e1lov\u00e9 sklo<\/td>\n<\/tr>\n<tr>\n<td>Kapacita<\/td>\n<td>30ml<\/td>\n<td>50ml<\/td>\n<\/tr>\n<tr>\n<td>Rozm\u011bry<\/td>\n<td>36 x 36 x 66 mm<\/td>\n<td>42 x 42 x 77 mm<\/td>\n<\/tr>\n<tr>\n<td>V\u00ed\u010dko<\/td>\n<td>P\u0159\u00edrodn\u00ed d\u0159ev\u011bn\u00e9 v\u00edko<\/td>\n<td>P\u0159\u00edrodn\u00ed d\u0159ev\u011bn\u00e9 v\u00edko<\/td>\n<\/tr>\n<tr>\n<td>Mo\u017enosti barev<\/td>\n<td>Clear (p\u0159izp\u016fsobiteln\u00e9)<\/td>\n<td>Clear (p\u0159izp\u016fsobiteln\u00e9)<\/td>\n<\/tr>\n<tr>\n<td>P\u0159izp\u016fsoben\u00ed<\/td>\n<td>Logo, grav\u00edrov\u00e1n\u00ed, povrchov\u00e1 \u00faprava<\/td>\n<td>Logo, grav\u00edrov\u00e1n\u00ed, povrchov\u00e1 \u00faprava<\/td>\n<\/tr>\n<tr>\n<td>Dostupnost vzorku<\/td>\n<td>Pokud<\/td>\n<td>Pokud<\/td>\n<\/tr>\n<\/tbody>\n<\/table>\n<\/div>\n<h2>Pro\u010d si vybrat tyto sklen\u011bn\u00e9 lahvi\u010dky na parf\u00e9my?<\/h2>\n<p>Tyto v\u0161estrann\u011b pou\u017eiteln\u00e9<strong>mal\u00e9 lahvi\u010dky na parf\u00e9my<\/strong>\u00a0jsou ide\u00e1ln\u00ed pro specializovan\u00e9 zna\u010dky, priv\u00e1tn\u00ed zna\u010dky nebo velkoobchodn\u00ed partnery. Siln\u00e1 sklen\u011bn\u00e1 konstrukce zaji\u0161\u0165uje odolnost, zat\u00edmco \u010dtvercov\u00fd tvar a d\u0159ev\u011bn\u00e9 uz\u00e1v\u011bry vytv\u00e1\u0159ej\u00ed n\u00e1padn\u00fd vzhled na reg\u00e1lech. K dost\u00e1n\u00ed v<strong>30ml<\/strong>\u00a0a<strong>50ml<\/strong>\u00a0jsou optimalizov\u00e1ny pro oleje, kol\u00ednsk\u00e9 vody nebo koncentrovan\u00e9 v\u016fn\u011b.<\/p>\n<h2>Ide\u00e1ln\u00ed pro zak\u00e1zkov\u00e9 a velkoobchodn\u00ed pot\u0159eby<\/h2>\n<p>I\u015bli pot\u0159ebujete \u200bpr\u00e1zdn\u00e9 30ml flakonky na parf\u00e9m pro omezen\u00e9 edice nebo \u200b50ml flakonky na parf\u00e9mov\u00fd olej pro objedn\u00e1vky v bulku, tato \u0159ada nab\u00edz\u00ed flexibiln\u00ed \u0159e\u0161en\u00ed. Rychl\u00e9 dod\u00e1n\u00ed, podpora ODM\/OEM a n\u00edzk\u00e9 minim\u00e1ln\u00ed mno\u017estv\u00ed objedn\u00e1vek zjednodu\u0161uj\u00ed skalov\u00e1n\u00ed va\u0161\u00ed zna\u010dky. Vysok\u00e9 kvality va\u0161eho parf\u00e9mov\u00e9ho balen\u00ed s na\u0161\u00ed udr\u017eitelnou, p\u0159enosnou designovou \u0159adou na sprejov\u00e9 flakonky na parf\u00e9m. Objednejte si vzorky 30ml flakonky na parf\u00e9m nebo 50ml flakonky na parf\u00e9mov\u00fd olej dnes a za\u017eijte luxus v ka\u017ed\u00e9m detailu!<\/p>","protected":false},"excerpt":{"rendered":"<p>Pr\u00e9miov\u00e9 mal\u00e9 lahvi\u010dky na parf\u00e9my s d\u0159ev\u011bn\u00fdm uz\u00e1v\u011brem - ide\u00e1ln\u00ed pro parf\u00e9mov\u00e9 oleje, vlastn\u00ed zna\u010dky a hromadn\u00e9 objedn\u00e1vky. \u0160etrn\u00e9 k \u017eivotn\u00edmu prost\u0159ed\u00ed, p\u0159enosn\u00e9 a p\u0159ipraven\u00e9 pro zna\u010den\u00ed.<\/p>","protected":false},"featured_media":2808,"comment_status":"open","ping_status":"closed","template":"","meta":{"_acf_changed":false,"site-sidebar-layout":"default","site-content-layout":"","ast-site-content-layout":"default","site-content-style":"default","site-sidebar-style":"default","ast-global-header-display":"","ast-banner-title-visibility":"","ast-main-header-display":"","ast-hfb-above-header-display":"","ast-hfb-below-header-display":"","ast-hfb-mobile-header-display":"","site-post-title":"","ast-breadcrumbs-content":"","ast-featured-img":"","footer-sml-layout":"","ast-disable-related-posts":"","theme-transparent-header-meta":"default","adv-header-id-meta":"","stick-header-meta":"","header-above-stick-meta":"","header-main-stick-meta":"","header-below-stick-meta":"","astra-migrate-meta-layouts":"set","ast-page-background-enabled":"default","ast-page-background-meta":{"desktop":{"background-color":"var(--ast-global-color-5)","background-image":"","background-repeat":"repeat","background-position":"center center","background-size":"auto","background-attachment":"scroll","background-type":"","background-media":"","overlay-type":"","overlay-color":"","overlay-opacity":"","overlay-gradient":""},"tablet":{"background-color":"","background-image":"","background-repeat":"repeat","background-position":"center center","background-size":"auto","background-attachment":"scroll","background-type":"","background-media":"","overlay-type":"","overlay-color":"","overlay-opacity":"","overlay-gradient":""},"mobile":{"background-color":"","background-image":"","background-repeat":"repeat","background-position":"center center","background-size":"auto","background-attachment":"scroll","background-type":"","background-media":"","overlay-type":"","overlay-color":"","overlay-opacity":"","overlay-gradient":""}},"ast-content-background-meta":{"desktop":{"background-color":"var(--ast-global-color-4)","background-image":"","background-repeat":"repeat","background-position":"center center","background-size":"auto","background-attachment":"scroll","background-type":"","background-media":"","overlay-type":"","overlay-color":"","overlay-opacity":"","overlay-gradient":""},"tablet":{"background-color":"var(--ast-global-color-4)","background-image":"","background-repeat":"repeat","background-position":"center center","background-size":"auto","background-attachment":"scroll","background-type":"","background-media":"","overlay-type":"","overlay-color":"","overlay-opacity":"","overlay-gradient":""},"mobile":{"background-color":"var(--ast-global-color-4)","background-image":"","background-repeat":"repeat","background-position":"center center","background-size":"auto","background-attachment":"scroll","background-type":"","background-media":"","overlay-type":"","overlay-color":"","overlay-opacity":"","overlay-gradient":""}}},"product_brand":[],"product_cat":[72,41],"product_tag":[],"class_list":{"0":"post-2806","1":"product","2":"type-product","3":"status-publish","4":"has-post-thumbnail","6":"product_cat-cosmetic-packaging","7":"product_cat-perfume-bottles","8":"desktop-align-left","9":"tablet-align-left","10":"mobile-align-left","12":"first","13":"instock","14":"shipping-taxable","15":"product-type-simple"},"acf":[],"jetpack_sharing_enabled":true,"_links":{"self":[{"href":"https:\/\/theperfumebottles.com\/cs\/wp-json\/wp\/v2\/product\/2806","targetHints":{"allow":["GET"]}}],"collection":[{"href":"https:\/\/theperfumebottles.com\/cs\/wp-json\/wp\/v2\/product"}],"about":[{"href":"https:\/\/theperfumebottles.com\/cs\/wp-json\/wp\/v2\/types\/product"}],"replies":[{"embeddable":true,"href":"https:\/\/theperfumebottles.com\/cs\/wp-json\/wp\/v2\/comments?post=2806"}],"wp:featuredmedia":[{"embeddable":true,"href":"https:\/\/theperfumebottles.com\/cs\/wp-json\/wp\/v2\/media\/2808"}],"wp:attachment":[{"href":"https:\/\/theperfumebottles.com\/cs\/wp-json\/wp\/v2\/media?parent=2806"}],"wp:term":[{"taxonomy":"product_brand","embeddable":true,"href":"https:\/\/theperfumebottles.com\/cs\/wp-json\/wp\/v2\/product_brand?post=2806"},{"taxonomy":"product_cat","embeddable":true,"href":"https:\/\/theperfumebottles.com\/cs\/wp-json\/wp\/v2\/product_cat?post=2806"},{"taxonomy":"product_tag","embeddable":true,"href":"https:\/\/theperfumebottles.com\/cs\/wp-json\/wp\/v2\/product_tag?post=2806"}],"curies":[{"name":"wp","href":"https:\/\/api.w.org\/{rel}","templated":true}]}}