{"id":2861,"date":"2025-03-24T07:22:27","date_gmt":"2025-03-24T07:22:27","guid":{"rendered":"https:\/\/theperfumebottles.com\/?post_type=product&#038;p=2861"},"modified":"2025-05-30T15:51:46","modified_gmt":"2025-05-30T07:51:46","slug":"30ml-glass-travel-perfume-bottle-refillable-customizable-luxury","status":"publish","type":"product","link":"https:\/\/theperfumebottles.com\/cs\/produkt\/30ml-glass-travel-perfume-bottle-refillable-customizable-luxury\/","title":{"rendered":"30ml sklen\u011bn\u00e1 cestovn\u00ed lahvi\u010dka na parf\u00e9my, znovu naplniteln\u00e1 \u2013 luxusn\u00ed \u0159e\u0161en\u00ed na m\u00edru"},"content":{"rendered":"<p>Tato 30ml znovu naplniteln\u00e1 lahvi\u010dka na parf\u00e9m, navr\u017een\u00e1 pro zna\u010dky, kter\u00e9 usiluj\u00ed o vyt\u0159\u00edben\u00fd smysl pro ritu\u00e1l, dokonale kombinuje liniovou estetiku um\u011bleck\u00e9ho socha\u0159stv\u00ed s pragmatismem. Zna\u010dky a design\u00e9\u0159i niche parf\u00e9m\u016f ji pou\u017e\u00edvaj\u00ed k vypr\u00e1v\u011bn\u00ed vlastn\u00edch vonn\u00fdch p\u0159\u00edb\u011bh\u016f a ka\u017ed\u00e1 kapka parf\u00e9mu se st\u00e1v\u00e1 sb\u011bratelsk\u00fdm um\u011bleck\u00fdm d\u00edlem.<\/p>\n<h2>Kl\u00ed\u010dov\u00e9 specifikace<\/h2>\n<table style=\"border-collapse: collapse;margin-left: auto;margin-right: auto;width: 80%\" border=\"0\" width=\"80%\" cellspacing=\"0\" cellpadding=\"0\">\n<tbody>\n<tr style=\"height: 13.50pt\">\n<td style=\"height: 13.50pt;width: 99.75pt\" width=\"133\" height=\"18\"><strong>Model<\/strong><\/td>\n<td style=\"width: 253.50pt\" width=\"338\">PB-BF1101<\/td>\n<\/tr>\n<tr style=\"height: 13.50pt\">\n<td style=\"height: 13.50pt\" height=\"18\"><strong>Materi\u00e1l<\/strong><\/td>\n<td>K\u0159i\u0161\u0165\u00e1lov\u00e9 sklo + kovov\u00e9\/plastov\u00e9 v\u00ed\u010dka<\/td>\n<\/tr>\n<tr style=\"height: 13.50pt\">\n<td style=\"height: 13.50pt\" height=\"18\"><strong>Kapacita<\/strong><\/td>\n<td>30ml cestovn\u00ed lahvi\u010dka na parf\u00e9m<\/td>\n<\/tr>\n<tr style=\"height: 13.50pt\">\n<td style=\"height: 13.50pt\" height=\"18\"><strong>Rozm\u011bry<\/strong><\/td>\n<td>45 x 26 x 84 mm (r\u00e1\u017ee 18 mm)<\/td>\n<\/tr>\n<tr style=\"height: 13.50pt\">\n<td style=\"height: 13.50pt\" height=\"18\"><strong>Mo\u017enosti barev<\/strong><\/td>\n<td>\u010cir\u00e9 sklo + zlat\u00fd\/st\u0159\u00edbrn\u00fd\/\u010dern\u00fd vr\u0161ek<\/td>\n<\/tr>\n<tr style=\"height: 13.50pt\">\n<td style=\"height: 13.50pt\" height=\"18\"><strong>Vzorky<\/strong><\/td>\n<td>K dispozici jsou bezplatn\u00e9 p\u0159izp\u016fsobiteln\u00e9 vzorky<\/td>\n<\/tr>\n<tr style=\"height: 13.50pt\">\n<td style=\"height: 13.50pt\" height=\"18\"><strong>Typ v\u00ed\u010dka<\/strong><\/td>\n<td>Kulat\u00fd rozpra\u0161ova\u010d se \u0161roubovac\u00edm uz\u00e1v\u011brem<\/td>\n<\/tr>\n<tr style=\"height: 13.50pt\">\n<td style=\"height: 13.50pt\" height=\"18\"><strong>P\u0159izp\u016fsoben\u00ed<\/strong><\/td>\n<td>Tisk loga, barevn\u00e9 spreje, ODM\/OEM<\/td>\n<\/tr>\n<\/tbody>\n<\/table>\n<h2>Pro\u010d si vybrat tyto znovu naplniteln\u00e9 lahvi\u010dky na parf\u00e9my?<\/h2>\n<ul>\n<li><strong>Ide\u00e1ln\u00ed pro cestov\u00e1n\u00ed a velkoobchodn\u00ed objedn\u00e1vky: <\/strong>Kompaktn\u00ed velikost spl\u0148uje p\u0159edpisy TSA, zat\u00edmco mo\u017enosti hromadn\u00e9ho objedn\u00e1n\u00ed spl\u0148uj\u00ed pot\u0159eby zna\u010dek, kter\u00e9 hledaj\u00ed velkoobchodn\u00ed \u0159e\u0161en\u00ed pro sklen\u011bn\u00e9 lahvi\u010dky na parf\u00e9my.<\/li>\n<li><strong>Neomezen\u00e9 mo\u017enosti brandingu: <\/strong>Od grav\u00edrovan\u00fdch log a\u017e po gradientn\u00ed povrchov\u00e9 \u00fapravy, navrhn\u011bte pr\u00e1zdn\u00e9 flakony na parf\u00e9my, kter\u00e9 odr\u00e1\u017eej\u00ed p\u0159\u00edb\u011bh va\u0161\u00ed zna\u010dky. Soukrom\u00fd v\u00fdvoj forem zaji\u0161\u0165uje naprostou exkluzivitu.<\/li>\n<li><strong>Vynikaj\u00edc\u00ed z\u00e1\u017eitek z rozbalov\u00e1n\u00ed: <\/strong>Z\u00fa\u017een\u00e1 sklen\u011bn\u00e1 lahvi\u010dka s rozpra\u0161ova\u010dem v kombinaci s kovov\u00fdm uz\u00e1v\u011brem (k dispozici ve zlat\u00e9, st\u0159\u00edbrn\u00e9 nebo \u010dern\u00e9 barv\u011b) dod\u00e1v\u00e1 parf\u00e9mu luxusn\u00ed n\u00e1dech \u2013 ide\u00e1ln\u00ed pro luxusn\u00ed balen\u00ed parf\u00e9m\u016f.<\/li>\n<\/ul>\n<h2>\u0158e\u0161en\u00ed pro p\u0159izp\u016fsoben\u00ed pro ka\u017edou zna\u010dku<\/h2>\n<ul>\n<li>\u200b<strong>Aplikace loga<\/strong>S\u00edtotisk, hork\u00e1 ra\u017eba nebo UV tisk.<\/li>\n<li>\u200b<strong>Materi\u00e1ly v\u00ed\u010dek<\/strong>Hlin\u00edk, plast nebo udr\u017eiteln\u00e9 d\u0159evo.<\/li>\n<li>\u200b<strong>Sklen\u011bn\u00e9 efekty<\/strong>Matn\u00e9, gradientn\u00ed ombr\u00e9 nebo barevn\u011b st\u0159\u00edkan\u00e9 povrchov\u00e9 \u00fapravy.<\/li>\n<li>\u200b<strong>V\u00fdhody hromadn\u00fdch objedn\u00e1vek<\/strong>Konkurenceschopn\u00e9 ceny za velkoobchodn\u00ed prodej sklen\u011bn\u00fdch lahv\u00ed.<\/li>\n<\/ul>\n<h2>Ide\u00e1ln\u00ed pro:<\/h2>\n<ol>\n<li>Butikov\u00e9 zna\u010dky parf\u00e9m\u016f uv\u00e1d\u011bj\u00ed na trh cestovn\u00ed edice.<\/li>\n<li>Projekty priv\u00e1tn\u00edch zna\u010dek vy\u017eaduj\u00edc\u00ed unik\u00e1tn\u00ed balen\u00ed parf\u00e9m\u016f.<\/li>\n<li>Zna\u010dky up\u0159ednost\u0148uj\u00ed ekologick\u00e9 znovu naplniteln\u00e9 n\u00e1dobky na parf\u00e9my.<\/li>\n<\/ol>","protected":false},"excerpt":{"rendered":"<p>Objevte pr\u00e9miovou 30ml sklen\u011bnou cestovn\u00ed lahvi\u010dku na parf\u00e9my s mo\u017enost\u00ed op\u011btovn\u00e9ho napln\u011bn\u00ed. P\u0159izp\u016fsobiteln\u00e9 v\u00ed\u010dko, ergonomick\u00fd design, hromadn\u00e9 objedn\u00e1vky. Pozvedn\u011bte sv\u016fj branding v\u016fn\u00ed je\u0161t\u011b dnes!<\/p>","protected":false},"featured_media":2862,"comment_status":"open","ping_status":"closed","template":"","meta":{"_acf_changed":false,"site-sidebar-layout":"default","site-content-layout":"","ast-site-content-layout":"default","site-content-style":"default","site-sidebar-style":"default","ast-global-header-display":"","ast-banner-title-visibility":"","ast-main-header-display":"","ast-hfb-above-header-display":"","ast-hfb-below-header-display":"","ast-hfb-mobile-header-display":"","site-post-title":"","ast-breadcrumbs-content":"","ast-featured-img":"","footer-sml-layout":"","ast-disable-related-posts":"","theme-transparent-header-meta":"default","adv-header-id-meta":"","stick-header-meta":"","header-above-stick-meta":"","header-main-stick-meta":"","header-below-stick-meta":"","astra-migrate-meta-layouts":"set","ast-page-background-enabled":"default","ast-page-background-meta":{"desktop":{"background-color":"var(--ast-global-color-5)","background-image":"","background-repeat":"repeat","background-position":"center center","background-size":"auto","background-attachment":"scroll","background-type":"","background-media":"","overlay-type":"","overlay-color":"","overlay-opacity":"","overlay-gradient":""},"tablet":{"background-color":"","background-image":"","background-repeat":"repeat","background-position":"center center","background-size":"auto","background-attachment":"scroll","background-type":"","background-media":"","overlay-type":"","overlay-color":"","overlay-opacity":"","overlay-gradient":""},"mobile":{"background-color":"","background-image":"","background-repeat":"repeat","background-position":"center center","background-size":"auto","background-attachment":"scroll","background-type":"","background-media":"","overlay-type":"","overlay-color":"","overlay-opacity":"","overlay-gradient":""}},"ast-content-background-meta":{"desktop":{"background-color":"var(--ast-global-color-4)","background-image":"","background-repeat":"repeat","background-position":"center center","background-size":"auto","background-attachment":"scroll","background-type":"","background-media":"","overlay-type":"","overlay-color":"","overlay-opacity":"","overlay-gradient":""},"tablet":{"background-color":"var(--ast-global-color-4)","background-image":"","background-repeat":"repeat","background-position":"center center","background-size":"auto","background-attachment":"scroll","background-type":"","background-media":"","overlay-type":"","overlay-color":"","overlay-opacity":"","overlay-gradient":""},"mobile":{"background-color":"var(--ast-global-color-4)","background-image":"","background-repeat":"repeat","background-position":"center center","background-size":"auto","background-attachment":"scroll","background-type":"","background-media":"","overlay-type":"","overlay-color":"","overlay-opacity":"","overlay-gradient":""}}},"product_brand":[],"product_cat":[72,74,41,90],"product_tag":[],"class_list":{"0":"post-2861","1":"product","2":"type-product","3":"status-publish","4":"has-post-thumbnail","6":"product_cat-cosmetic-packaging","7":"product_cat-mini-perfume-bottles","8":"product_cat-perfume-bottles","9":"product_cat-refillable-perfume-bottles","10":"desktop-align-left","11":"tablet-align-left","12":"mobile-align-left","14":"first","15":"instock","16":"shipping-taxable","17":"product-type-simple"},"acf":[],"jetpack_sharing_enabled":true,"_links":{"self":[{"href":"https:\/\/theperfumebottles.com\/cs\/wp-json\/wp\/v2\/product\/2861","targetHints":{"allow":["GET"]}}],"collection":[{"href":"https:\/\/theperfumebottles.com\/cs\/wp-json\/wp\/v2\/product"}],"about":[{"href":"https:\/\/theperfumebottles.com\/cs\/wp-json\/wp\/v2\/types\/product"}],"replies":[{"embeddable":true,"href":"https:\/\/theperfumebottles.com\/cs\/wp-json\/wp\/v2\/comments?post=2861"}],"wp:featuredmedia":[{"embeddable":true,"href":"https:\/\/theperfumebottles.com\/cs\/wp-json\/wp\/v2\/media\/2862"}],"wp:attachment":[{"href":"https:\/\/theperfumebottles.com\/cs\/wp-json\/wp\/v2\/media?parent=2861"}],"wp:term":[{"taxonomy":"product_brand","embeddable":true,"href":"https:\/\/theperfumebottles.com\/cs\/wp-json\/wp\/v2\/product_brand?post=2861"},{"taxonomy":"product_cat","embeddable":true,"href":"https:\/\/theperfumebottles.com\/cs\/wp-json\/wp\/v2\/product_cat?post=2861"},{"taxonomy":"product_tag","embeddable":true,"href":"https:\/\/theperfumebottles.com\/cs\/wp-json\/wp\/v2\/product_tag?post=2861"}],"curies":[{"name":"wp","href":"https:\/\/api.w.org\/{rel}","templated":true}]}}