{"id":2869,"date":"2025-03-24T09:14:20","date_gmt":"2025-03-24T09:14:20","guid":{"rendered":"https:\/\/theperfumebottles.com\/?post_type=product&#038;p=2869"},"modified":"2025-03-25T07:33:20","modified_gmt":"2025-03-25T07:33:20","slug":"30ml-50ml-100ml-custom-fragrance-spray-bottles-blank-perfume-bottles-wholesale","status":"publish","type":"product","link":"https:\/\/theperfumebottles.com\/cs\/produkt\/30ml-50ml-100ml-custom-fragrance-spray-bottles-blank-perfume-bottles-wholesale\/","title":{"rendered":"30ml 50ml 100ml zak\u00e1zkov\u00e9 lahvi\u010dky s v\u016fn\u00ed \u2013 velkoobchod s pr\u00e1zdn\u00fdmi lahvi\u010dkami na parf\u00e9my"},"content":{"rendered":"<h2>Vyzdvihn\u011bte svou zna\u010dku v\u016fn\u00ed pomoc\u00ed pr\u00e9miov\u00fdch p\u0159izp\u016fsobiteln\u00fdch lahvi\u010dek s rozpra\u0161ova\u010dem<\/h2>\n<p>Pro zna\u010dky luxusn\u00edch parf\u00e9m\u016f a velkoobchodn\u00edky, kte\u0159\u00ed hledaj\u00ed<strong>pr\u00e1zdn\u00e9 lahvi\u010dky na parf\u00e9my<\/strong>\u00a0kter\u00e9 v sob\u011b spojuj\u00ed nad\u010dasovou eleganci s modern\u00ed sofistikovanost\u00ed, nab\u00edz\u00ed na\u0161e \u0159ada PB-FZ velkoobchodn\u00ed \u0159e\u0161en\u00ed pro lahvi\u010dky na parf\u00e9my, kter\u00e9 zaujmou. Tyto lahvi\u010dky na parf\u00e9my ve spreji, vyroben\u00e9 z k\u0159i\u0161\u0165\u00e1lov\u011b \u010dir\u00e9ho skla a dopln\u011bn\u00e9 kovov\u00fdmi akcenty, p\u0159in\u00e1\u0161ej\u00ed hmatovou, vizu\u00e1ln\u00ed a funk\u010dn\u00ed inovaci pro pr\u00e9miov\u00e9 parf\u00e9my, kol\u00ednsk\u00e9 vody a cestovn\u00ed parf\u00e9my.<\/p>\n<table style=\"border-collapse: collapse; margin-left: auto; margin-right: auto; width: 162.03pt;\" border=\"0\" width=\"216\" cellspacing=\"0\" cellpadding=\"0\">\n<tbody>\n<tr style=\"height: 13.50pt;\">\n<td style=\"height: 13.50pt; width: 54.00pt;\" width=\"72\" height=\"18\">\n<p><figure id=\"attachment_2871\" aria-describedby=\"caption-attachment-2871\" style=\"width: 300px\" class=\"wp-caption aligncenter\"><img fetchpriority=\"high\" decoding=\"async\" class=\"size-medium wp-image-2871\" src=\"https:\/\/theperfumebottles.com\/wp-content\/uploads\/2025\/03\/fragrance-spray-bottle-FZ0601-300x300.webp\" alt=\"lahvi\u010dka s v\u016fn\u00ed ve spreji\" width=\"300\" height=\"300\" srcset=\"https:\/\/theperfumebottles.com\/wp-content\/uploads\/2025\/03\/fragrance-spray-bottle-FZ0601-300x300.webp 300w, https:\/\/theperfumebottles.com\/wp-content\/uploads\/2025\/03\/fragrance-spray-bottle-FZ0601-150x150.webp 150w, https:\/\/theperfumebottles.com\/wp-content\/uploads\/2025\/03\/fragrance-spray-bottle-FZ0601-768x768.webp 768w, https:\/\/theperfumebottles.com\/wp-content\/uploads\/2025\/03\/fragrance-spray-bottle-FZ0601-12x12.webp 12w, https:\/\/theperfumebottles.com\/wp-content\/uploads\/2025\/03\/fragrance-spray-bottle-FZ0601-600x600.webp 600w, https:\/\/theperfumebottles.com\/wp-content\/uploads\/2025\/03\/fragrance-spray-bottle-FZ0601-100x100.webp 100w, https:\/\/theperfumebottles.com\/wp-content\/uploads\/2025\/03\/fragrance-spray-bottle-FZ0601.webp 1000w\" sizes=\"(max-width: 300px) 100vw, 300px\" \/><figcaption id=\"caption-attachment-2871\" class=\"wp-caption-text\">30ml<\/figcaption><\/figure><\/td>\n<td style=\"width: 54.00pt;\" width=\"72\">\n<p><figure id=\"attachment_2876\" aria-describedby=\"caption-attachment-2876\" style=\"width: 300px\" class=\"wp-caption aligncenter\"><img decoding=\"async\" class=\"size-medium wp-image-2876\" src=\"https:\/\/theperfumebottles.com\/wp-content\/uploads\/2025\/03\/fragrance-spray-bottle-pbFZ0602-300x300.webp\" alt=\"lahvi\u010dka s v\u016fn\u00ed ve spreji\" width=\"300\" height=\"300\" srcset=\"https:\/\/theperfumebottles.com\/wp-content\/uploads\/2025\/03\/fragrance-spray-bottle-pbFZ0602-300x300.webp 300w, https:\/\/theperfumebottles.com\/wp-content\/uploads\/2025\/03\/fragrance-spray-bottle-pbFZ0602-150x150.webp 150w, https:\/\/theperfumebottles.com\/wp-content\/uploads\/2025\/03\/fragrance-spray-bottle-pbFZ0602-768x768.webp 768w, https:\/\/theperfumebottles.com\/wp-content\/uploads\/2025\/03\/fragrance-spray-bottle-pbFZ0602-12x12.webp 12w, https:\/\/theperfumebottles.com\/wp-content\/uploads\/2025\/03\/fragrance-spray-bottle-pbFZ0602-600x600.webp 600w, https:\/\/theperfumebottles.com\/wp-content\/uploads\/2025\/03\/fragrance-spray-bottle-pbFZ0602-100x100.webp 100w, https:\/\/theperfumebottles.com\/wp-content\/uploads\/2025\/03\/fragrance-spray-bottle-pbFZ0602.webp 1000w\" sizes=\"(max-width: 300px) 100vw, 300px\" \/><figcaption id=\"caption-attachment-2876\" class=\"wp-caption-text\">50ml<\/figcaption><\/figure><\/td>\n<td style=\"width: 54.00pt;\" width=\"72\">\n<p><figure id=\"attachment_2873\" aria-describedby=\"caption-attachment-2873\" style=\"width: 300px\" class=\"wp-caption aligncenter\"><img decoding=\"async\" class=\"size-medium wp-image-2873\" src=\"https:\/\/theperfumebottles.com\/wp-content\/uploads\/2025\/03\/fragrance-spray-bottle-FZ0603-300x300.webp\" alt=\"lahvi\u010dka s v\u016fn\u00ed ve spreji\" width=\"300\" height=\"300\" srcset=\"https:\/\/theperfumebottles.com\/wp-content\/uploads\/2025\/03\/fragrance-spray-bottle-FZ0603-300x300.webp 300w, https:\/\/theperfumebottles.com\/wp-content\/uploads\/2025\/03\/fragrance-spray-bottle-FZ0603-150x150.webp 150w, https:\/\/theperfumebottles.com\/wp-content\/uploads\/2025\/03\/fragrance-spray-bottle-FZ0603-768x768.webp 768w, https:\/\/theperfumebottles.com\/wp-content\/uploads\/2025\/03\/fragrance-spray-bottle-FZ0603-12x12.webp 12w, https:\/\/theperfumebottles.com\/wp-content\/uploads\/2025\/03\/fragrance-spray-bottle-FZ0603-600x600.webp 600w, https:\/\/theperfumebottles.com\/wp-content\/uploads\/2025\/03\/fragrance-spray-bottle-FZ0603-100x100.webp 100w, https:\/\/theperfumebottles.com\/wp-content\/uploads\/2025\/03\/fragrance-spray-bottle-FZ0603.webp 1000w\" sizes=\"(max-width: 300px) 100vw, 300px\" \/><figcaption id=\"caption-attachment-2873\" class=\"wp-caption-text\">100ml<\/figcaption><\/figure><\/td>\n<\/tr>\n<\/tbody>\n<\/table>\n<h2>Kl\u00ed\u010dov\u00e9 specifikace v kostce<\/h2>\n<div class=\"hyc-common-markdown__table-wrapper\">\n<table>\n<thead>\n<tr>\n<th>Model<\/th>\n<th>Kapacita<\/th>\n<th>Rozm\u011bry (mm)<\/th>\n<th>Typ v\u00ed\u010dka<\/th>\n<th>Vlastn\u00ed mo\u017enosti<\/th>\n<\/tr>\n<\/thead>\n<tbody>\n<tr>\n<td>PB-FZ0601<\/td>\n<td>30ml<\/td>\n<td>35x35x80<\/td>\n<td>Kulat\u00fd \u017eebrovan\u00fd kov<\/td>\n<td>Logo, barva \u010depice, vnit\u0159n\u00ed sprej<\/td>\n<\/tr>\n<tr>\n<td>PB-FZ0602<\/td>\n<td>50ml<\/td>\n<td>44x44x78<\/td>\n<td>Kulat\u00fd \u017eebrovan\u00fd kov<\/td>\n<td>Ryt\u00fd text, matn\u00e9 efekty<\/td>\n<\/tr>\n<tr>\n<td>PB-FZ0603<\/td>\n<td>100ml<\/td>\n<td>46x46x105<\/td>\n<td>Kulat\u00fd \u017eebrovan\u00fd kov<\/td>\n<td>Gradientn\u00ed sklo, design obal\u016f<\/td>\n<\/tr>\n<\/tbody>\n<\/table>\n<\/div>\n<h2>Pro\u010d si vybrat tyto lahvi\u010dky s v\u016fn\u00ed ve spreji?<\/h2>\n<ul>\n<li>\u200b<strong>Pr\u00e9miov\u00e9 materi\u00e1ly<\/strong>: K\u0159i\u0161\u0165\u00e1lov\u00e9 sklo zaji\u0161\u0165uje \u010distotu a odolnost, zat\u00edmco kovov\u00e9 rozpra\u0161ova\u010de p\u016fsob\u00ed decentn\u00edm a luxusn\u00edm dojmem.<\/li>\n<li>\u200b<strong>Velkoobchodn\u011b p\u0159ipraven\u00e9<\/strong>: Hromadn\u00e9 objedn\u00e1vky zahrnuj\u00ed vzorky zdarma a flexibiln\u00ed MOQ, ide\u00e1ln\u00ed pro za\u010d\u00ednaj\u00edc\u00ed i zaveden\u00e9 zna\u010dky.<\/li>\n<li>\u200b<strong>Podpora ODM\/OEM<\/strong>: \u00dapln\u00e9 p\u0159izp\u016fsoben\u00ed n\u00e1dob, obal\u016f a p\u0159\u00edslu\u0161enstv\u00ed tak, aby odpov\u00eddalo identit\u011b va\u0161\u00ed zna\u010dky.<\/li>\n<\/ul>\n<p>Tato \u0159ada je ide\u00e1ln\u00ed pro luxusn\u00ed \u0159ady parf\u00e9m\u016f, limitovan\u00e9 edice nebo cestovn\u00ed velikosti a spojuje funk\u010dnost s um\u011bleck\u00fdm zpracov\u00e1n\u00edm. A\u0165 u\u017e pot\u0159ebujete pr\u00e1zdn\u00e9 lahvi\u010dky na parf\u00e9my pro vlastn\u00ed parf\u00e9my nebo velkoobchodn\u00ed lahvi\u010dky na parf\u00e9my pro glob\u00e1ln\u00ed distribuci, na\u0161e \u0159e\u0161en\u00ed zefektivn\u00ed v\u00e1\u0161 proces od n\u00e1vrhu a\u017e po dod\u00e1n\u00ed.<\/p>\n<p><strong>Po\u017e\u00e1dejte o bezplatn\u00e9 vzorky je\u0161t\u011b dnes<\/strong>\u00a0a vyzkou\u0161ejte, jak tyto lahvi\u010dky mohou zv\u00fd\u0161it p\u016fvab va\u0161\u00ed v\u016fn\u011b!<\/p>","protected":false},"excerpt":{"rendered":"<p>Luxusn\u00ed velkoobchodn\u00ed lahvi\u010dky na parf\u00e9my s kovov\u00fdmi uz\u00e1v\u011bry a k\u0159i\u0161\u0165\u00e1lov\u00fdm sklem. Velkoobchodn\u00ed \u0159e\u0161en\u00ed lahvi\u010dek s parf\u00e9mem pro zna\u010dky. Vzorky zdarma a podpora ODM\/OEM.<\/p>","protected":false},"featured_media":2876,"comment_status":"open","ping_status":"closed","template":"","meta":{"_acf_changed":false,"site-sidebar-layout":"default","site-content-layout":"","ast-site-content-layout":"default","site-content-style":"default","site-sidebar-style":"default","ast-global-header-display":"","ast-banner-title-visibility":"","ast-main-header-display":"","ast-hfb-above-header-display":"","ast-hfb-below-header-display":"","ast-hfb-mobile-header-display":"","site-post-title":"","ast-breadcrumbs-content":"","ast-featured-img":"","footer-sml-layout":"","ast-disable-related-posts":"","theme-transparent-header-meta":"default","adv-header-id-meta":"","stick-header-meta":"","header-above-stick-meta":"","header-main-stick-meta":"","header-below-stick-meta":"","astra-migrate-meta-layouts":"set","ast-page-background-enabled":"default","ast-page-background-meta":{"desktop":{"background-color":"var(--ast-global-color-5)","background-image":"","background-repeat":"repeat","background-position":"center center","background-size":"auto","background-attachment":"scroll","background-type":"","background-media":"","overlay-type":"","overlay-color":"","overlay-opacity":"","overlay-gradient":""},"tablet":{"background-color":"","background-image":"","background-repeat":"repeat","background-position":"center center","background-size":"auto","background-attachment":"scroll","background-type":"","background-media":"","overlay-type":"","overlay-color":"","overlay-opacity":"","overlay-gradient":""},"mobile":{"background-color":"","background-image":"","background-repeat":"repeat","background-position":"center center","background-size":"auto","background-attachment":"scroll","background-type":"","background-media":"","overlay-type":"","overlay-color":"","overlay-opacity":"","overlay-gradient":""}},"ast-content-background-meta":{"desktop":{"background-color":"var(--ast-global-color-4)","background-image":"","background-repeat":"repeat","background-position":"center center","background-size":"auto","background-attachment":"scroll","background-type":"","background-media":"","overlay-type":"","overlay-color":"","overlay-opacity":"","overlay-gradient":""},"tablet":{"background-color":"var(--ast-global-color-4)","background-image":"","background-repeat":"repeat","background-position":"center center","background-size":"auto","background-attachment":"scroll","background-type":"","background-media":"","overlay-type":"","overlay-color":"","overlay-opacity":"","overlay-gradient":""},"mobile":{"background-color":"var(--ast-global-color-4)","background-image":"","background-repeat":"repeat","background-position":"center center","background-size":"auto","background-attachment":"scroll","background-type":"","background-media":"","overlay-type":"","overlay-color":"","overlay-opacity":"","overlay-gradient":""}}},"product_brand":[],"product_cat":[72,41],"product_tag":[],"class_list":{"0":"post-2869","1":"product","2":"type-product","3":"status-publish","4":"has-post-thumbnail","6":"product_cat-cosmetic-packaging","7":"product_cat-perfume-bottles","8":"desktop-align-left","9":"tablet-align-left","10":"mobile-align-left","12":"first","13":"instock","14":"shipping-taxable","15":"product-type-simple"},"acf":[],"jetpack_sharing_enabled":true,"_links":{"self":[{"href":"https:\/\/theperfumebottles.com\/cs\/wp-json\/wp\/v2\/product\/2869","targetHints":{"allow":["GET"]}}],"collection":[{"href":"https:\/\/theperfumebottles.com\/cs\/wp-json\/wp\/v2\/product"}],"about":[{"href":"https:\/\/theperfumebottles.com\/cs\/wp-json\/wp\/v2\/types\/product"}],"replies":[{"embeddable":true,"href":"https:\/\/theperfumebottles.com\/cs\/wp-json\/wp\/v2\/comments?post=2869"}],"wp:featuredmedia":[{"embeddable":true,"href":"https:\/\/theperfumebottles.com\/cs\/wp-json\/wp\/v2\/media\/2876"}],"wp:attachment":[{"href":"https:\/\/theperfumebottles.com\/cs\/wp-json\/wp\/v2\/media?parent=2869"}],"wp:term":[{"taxonomy":"product_brand","embeddable":true,"href":"https:\/\/theperfumebottles.com\/cs\/wp-json\/wp\/v2\/product_brand?post=2869"},{"taxonomy":"product_cat","embeddable":true,"href":"https:\/\/theperfumebottles.com\/cs\/wp-json\/wp\/v2\/product_cat?post=2869"},{"taxonomy":"product_tag","embeddable":true,"href":"https:\/\/theperfumebottles.com\/cs\/wp-json\/wp\/v2\/product_tag?post=2869"}],"curies":[{"name":"wp","href":"https:\/\/api.w.org\/{rel}","templated":true}]}}