{"id":2878,"date":"2025-03-25T08:15:36","date_gmt":"2025-03-25T08:15:36","guid":{"rendered":"https:\/\/theperfumebottles.com\/?post_type=product&#038;p=2878"},"modified":"2025-05-27T14:08:59","modified_gmt":"2025-05-27T06:08:59","slug":"unique-cologne-bottles-custom-engraved-perfume-bottles","status":"publish","type":"product","link":"https:\/\/theperfumebottles.com\/cs\/produkt\/unique-cologne-bottles-custom-engraved-perfume-bottles\/","title":{"rendered":"Unik\u00e1tn\u00ed lahvi\u010dky na kol\u00ednskou vodu 30ml 50ml 100ml s ov\u00e1ln\u00fdm uz\u00e1v\u011brem"},"content":{"rendered":"<p>\u0158ada Oval Elegance je navr\u017eena pro luxusn\u00ed zna\u010dky, kter\u00e9 hledaj\u00ed jedine\u010dn\u00fd t\u00f3n zna\u010dky. \u0158ada zahrnuje colongov\u00e9 sprejov\u00e9 lahvi\u010dky a z\u00e1kaznicky vygrav\u00edrovan\u00e9 parfumov\u00e9 lahvi\u010dky, s n\u00e1vrhem, kter\u00fd kombinuje prakti\u010dnost a um\u011bleck\u00fd smysl. T\u011blo lahvi\u010dky je vyrobeno ze skla a podporuje texturu, grav\u00edrov\u00e1n\u00ed nebo z\u00e1kaznickou \u00fapravu etiket, kter\u00e9 mohou snadno p\u0159edstavit styl zna\u010dky. Zaoblen\u00fd eliptick\u00fd tvar s vynikaj\u00edc\u00edmi detaily d\u00e1v\u00e1 produktu luxusn\u00ed texturu, vhodn\u00fd pro romantick\u00e9 nebo klasick\u00e9 \u0159ady vonn\u00fdch.<\/p>\n<table style=\"border-collapse: collapse;margin-left: auto;margin-right: auto;width: 162.03pt\" border=\"0\" width=\"216\" cellspacing=\"0\" cellpadding=\"0\">\n<tbody>\n<tr style=\"height: 21.00pt\">\n<td style=\"height: 21.00pt;width: 54.00pt\" width=\"72\" height=\"28\">\n<p><figure id=\"attachment_2880\" aria-describedby=\"caption-attachment-2880\" style=\"width: 300px\" class=\"wp-caption aligncenter\"><img fetchpriority=\"high\" decoding=\"async\" class=\"size-medium wp-image-2880\" src=\"https:\/\/theperfumebottles.com\/wp-content\/uploads\/2025\/03\/unique-cologne-bottles-FZ0701-300x300.webp\" alt=\"unik\u00e1tn\u00ed lahvi\u010dky kol\u00ednsk\u00e9\" width=\"300\" height=\"300\" srcset=\"https:\/\/theperfumebottles.com\/wp-content\/uploads\/2025\/03\/unique-cologne-bottles-FZ0701-300x300.webp 300w, https:\/\/theperfumebottles.com\/wp-content\/uploads\/2025\/03\/unique-cologne-bottles-FZ0701-150x150.webp 150w, https:\/\/theperfumebottles.com\/wp-content\/uploads\/2025\/03\/unique-cologne-bottles-FZ0701-768x768.webp 768w, https:\/\/theperfumebottles.com\/wp-content\/uploads\/2025\/03\/unique-cologne-bottles-FZ0701-12x12.webp 12w, https:\/\/theperfumebottles.com\/wp-content\/uploads\/2025\/03\/unique-cologne-bottles-FZ0701-600x600.webp 600w, https:\/\/theperfumebottles.com\/wp-content\/uploads\/2025\/03\/unique-cologne-bottles-FZ0701-100x100.webp 100w, https:\/\/theperfumebottles.com\/wp-content\/uploads\/2025\/03\/unique-cologne-bottles-FZ0701.webp 1000w\" sizes=\"(max-width: 300px) 100vw, 300px\" \/><figcaption id=\"caption-attachment-2880\" class=\"wp-caption-text\">30ml<\/figcaption><\/figure><\/td>\n<td style=\"width: 54.00pt\" width=\"72\">\n<p><figure id=\"attachment_2882\" aria-describedby=\"caption-attachment-2882\" style=\"width: 300px\" class=\"wp-caption aligncenter\"><img decoding=\"async\" class=\"size-medium wp-image-2882\" src=\"https:\/\/theperfumebottles.com\/wp-content\/uploads\/2025\/03\/custom-engraved-perfume-bottles-FZ0702-300x300.webp\" alt=\"flakony na parf\u00e9my s grav\u00edrov\u00e1n\u00edm na zak\u00e1zku\" width=\"300\" height=\"300\" srcset=\"https:\/\/theperfumebottles.com\/wp-content\/uploads\/2025\/03\/custom-engraved-perfume-bottles-FZ0702-300x300.webp 300w, https:\/\/theperfumebottles.com\/wp-content\/uploads\/2025\/03\/custom-engraved-perfume-bottles-FZ0702-150x150.webp 150w, https:\/\/theperfumebottles.com\/wp-content\/uploads\/2025\/03\/custom-engraved-perfume-bottles-FZ0702-768x768.webp 768w, https:\/\/theperfumebottles.com\/wp-content\/uploads\/2025\/03\/custom-engraved-perfume-bottles-FZ0702-12x12.webp 12w, https:\/\/theperfumebottles.com\/wp-content\/uploads\/2025\/03\/custom-engraved-perfume-bottles-FZ0702-600x600.webp 600w, https:\/\/theperfumebottles.com\/wp-content\/uploads\/2025\/03\/custom-engraved-perfume-bottles-FZ0702-100x100.webp 100w, https:\/\/theperfumebottles.com\/wp-content\/uploads\/2025\/03\/custom-engraved-perfume-bottles-FZ0702.webp 1000w\" sizes=\"(max-width: 300px) 100vw, 300px\" \/><figcaption id=\"caption-attachment-2882\" class=\"wp-caption-text\">50ml<\/figcaption><\/figure><\/td>\n<td style=\"width: 54.00pt\" width=\"72\">\n<p><figure id=\"attachment_2883\" aria-describedby=\"caption-attachment-2883\" style=\"width: 300px\" class=\"wp-caption aligncenter\"><img decoding=\"async\" class=\"size-medium wp-image-2883\" src=\"https:\/\/theperfumebottles.com\/wp-content\/uploads\/2025\/03\/custom-perfume-bottles-FZ0703-300x300.webp\" alt=\"zak\u00e1zkov\u00e9 lahvi\u010dky na parf\u00e9my\" width=\"300\" height=\"300\" srcset=\"https:\/\/theperfumebottles.com\/wp-content\/uploads\/2025\/03\/custom-perfume-bottles-FZ0703-300x300.webp 300w, https:\/\/theperfumebottles.com\/wp-content\/uploads\/2025\/03\/custom-perfume-bottles-FZ0703-150x150.webp 150w, https:\/\/theperfumebottles.com\/wp-content\/uploads\/2025\/03\/custom-perfume-bottles-FZ0703-768x768.webp 768w, https:\/\/theperfumebottles.com\/wp-content\/uploads\/2025\/03\/custom-perfume-bottles-FZ0703-12x12.webp 12w, https:\/\/theperfumebottles.com\/wp-content\/uploads\/2025\/03\/custom-perfume-bottles-FZ0703-600x600.webp 600w, https:\/\/theperfumebottles.com\/wp-content\/uploads\/2025\/03\/custom-perfume-bottles-FZ0703-100x100.webp 100w, https:\/\/theperfumebottles.com\/wp-content\/uploads\/2025\/03\/custom-perfume-bottles-FZ0703.webp 1024w\" sizes=\"(max-width: 300px) 100vw, 300px\" \/><figcaption id=\"caption-attachment-2883\" class=\"wp-caption-text\">100ml<\/figcaption><\/figure><\/td>\n<\/tr>\n<\/tbody>\n<\/table>\n<h2>Kl\u00ed\u010dov\u00e9 specifikace v kostce<\/h2>\n<div class=\"hyc-common-markdown__table-wrapper\">\n<table>\n<thead>\n<tr>\n<th>Model<\/th>\n<th>Kapacita<\/th>\n<th>Rozm\u011bry (mm)<\/th>\n<th>Mo\u017enosti stropu<\/th>\n<th>P\u0159izp\u016fsobiteln\u00e9 funkce<\/th>\n<\/tr>\n<\/thead>\n<tbody>\n<tr>\n<td>PB-FZ0701<\/td>\n<td>30ml<\/td>\n<td>29x29x94<\/td>\n<td>Zlato\/st\u0159\u00edbro<\/td>\n<td>Grav\u00edrov\u00e1n\u00ed loga, t\u00f3nov\u00e1n\u00ed skla<\/td>\n<\/tr>\n<tr>\n<td>PB-FZ0702<\/td>\n<td>50ml<\/td>\n<td>38x38x94<\/td>\n<td>Zlato\/st\u0159\u00edbro<\/td>\n<td>Matn\u00e9 povrchy, gradientn\u00ed barvy<\/td>\n<\/tr>\n<tr>\n<td>PB-FZ0703<\/td>\n<td>100ml<\/td>\n<td>48x48x94<\/td>\n<td>Zlato\/st\u0159\u00edbro<\/td>\n<td>Kompletn\u00ed ODM\/OEM, ozdobn\u00e9 l\u00edmce<\/td>\n<\/tr>\n<\/tbody>\n<\/table>\n<\/div>\n<h2>Pro\u010d si vybrat na\u0161e z\u00e1kaznick\u00e9 parfumov\u00e9 lahvi\u010dky?<\/h2>\n<ul>\n<li>\u200b<strong>Vzorky zdarma a hromadn\u00e9 objedn\u00e1vky<\/strong>: Otestujte si kvalitu pomoc\u00ed bezplatn\u00fdch vzork\u016f a m\u011bjte jistotu s velkoobchodn\u00edmi cenami.<\/li>\n<li>\u200b<strong>Balen\u00ed p\u0159ipraven\u00e9 na cesty<\/strong>: Kompaktn\u00ed 30ml lahvi\u010dky jsou vhodn\u00e9 pro TSA, zat\u00edmco v\u011bt\u0161\u00ed velikosti se hod\u00ed do maloobchodn\u00edch expozic.<\/li>\n<li>\u200b<strong>Komplexn\u00ed \u0159e\u0161en\u00ed<\/strong>: Zaji\u0161\u0165ujeme potisk, grav\u00edrov\u00e1n\u00ed a logistiku velkoobjemov\u00e9ho zbo\u017e\u00ed, od vlastn\u00edch lahvi\u010dek na parf\u00e9my a\u017e po zna\u010dkov\u00e9 dopl\u0148ky.<\/li>\n<\/ul>\n<h2>Pozvedn\u011bte svou zna\u010dku v\u016fn\u00ed je\u0161t\u011b dnes<\/h2>\n<p>\u0158ada Oval Elegance je ur\u010dena pro zna\u010dky, kter\u00e9 up\u0159ednost\u0148uj\u00ed eleganci a funk\u010dnost, a spojuje \u0159emesln\u00e9 zpracov\u00e1n\u00ed skla s flexibiln\u00edmi mo\u017enostmi zna\u010den\u00ed. A\u0165 u\u017e jste za\u010d\u00ednaj\u00edc\u00ed firma, nebo zaveden\u00fd luxusn\u00ed d\u016fm, na\u0161e sklen\u011bn\u00e9 lahvi\u010dky na parf\u00e9my poskytuj\u00ed slu\u0161nou kvalitu a vynikaj\u00ed atraktivitou.<\/p>\n<p><em>Kontaktujte n\u00e1s a objednejte si jedine\u010dn\u00e9 kol\u00ednsk\u00e9 lahvi\u010dky nebo si vy\u017e\u00e1dejte nab\u00eddky ODM\/OEM. Prom\u011b\u0148te pr\u00e1zdn\u00e9 n\u00e1doby v nezapomenuteln\u00e9 obaly na v\u016fn\u011b!<\/em><\/p>","protected":false},"excerpt":{"rendered":"<p>Vynikn\u011bte na konkuren\u010dn\u00edm trhu s v\u016fn\u011bmi s \u0159adou Oval Elegance - kolekc\u00ed jedine\u010dn\u00fdch lahvi\u010dek na kol\u00ednsk\u00e9 vody a na zak\u00e1zku grav\u00edrovan\u00fdch lahvi\u010dek na parf\u00e9my, kter\u00e9 jsou zt\u011blesn\u011bn\u00edm sofistikovanosti a v\u0161estrannosti.<\/p>","protected":false},"featured_media":2880,"comment_status":"open","ping_status":"closed","template":"","meta":{"_acf_changed":false,"site-sidebar-layout":"default","site-content-layout":"","ast-site-content-layout":"default","site-content-style":"default","site-sidebar-style":"default","ast-global-header-display":"","ast-banner-title-visibility":"","ast-main-header-display":"","ast-hfb-above-header-display":"","ast-hfb-below-header-display":"","ast-hfb-mobile-header-display":"","site-post-title":"","ast-breadcrumbs-content":"","ast-featured-img":"","footer-sml-layout":"","ast-disable-related-posts":"","theme-transparent-header-meta":"default","adv-header-id-meta":"","stick-header-meta":"","header-above-stick-meta":"","header-main-stick-meta":"","header-below-stick-meta":"","astra-migrate-meta-layouts":"set","ast-page-background-enabled":"default","ast-page-background-meta":{"desktop":{"background-color":"var(--ast-global-color-5)","background-image":"","background-repeat":"repeat","background-position":"center center","background-size":"auto","background-attachment":"scroll","background-type":"","background-media":"","overlay-type":"","overlay-color":"","overlay-opacity":"","overlay-gradient":""},"tablet":{"background-color":"","background-image":"","background-repeat":"repeat","background-position":"center center","background-size":"auto","background-attachment":"scroll","background-type":"","background-media":"","overlay-type":"","overlay-color":"","overlay-opacity":"","overlay-gradient":""},"mobile":{"background-color":"","background-image":"","background-repeat":"repeat","background-position":"center center","background-size":"auto","background-attachment":"scroll","background-type":"","background-media":"","overlay-type":"","overlay-color":"","overlay-opacity":"","overlay-gradient":""}},"ast-content-background-meta":{"desktop":{"background-color":"var(--ast-global-color-4)","background-image":"","background-repeat":"repeat","background-position":"center center","background-size":"auto","background-attachment":"scroll","background-type":"","background-media":"","overlay-type":"","overlay-color":"","overlay-opacity":"","overlay-gradient":""},"tablet":{"background-color":"var(--ast-global-color-4)","background-image":"","background-repeat":"repeat","background-position":"center center","background-size":"auto","background-attachment":"scroll","background-type":"","background-media":"","overlay-type":"","overlay-color":"","overlay-opacity":"","overlay-gradient":""},"mobile":{"background-color":"var(--ast-global-color-4)","background-image":"","background-repeat":"repeat","background-position":"center center","background-size":"auto","background-attachment":"scroll","background-type":"","background-media":"","overlay-type":"","overlay-color":"","overlay-opacity":"","overlay-gradient":""}}},"product_brand":[],"product_cat":[72,91,41],"product_tag":[],"class_list":{"0":"post-2878","1":"product","2":"type-product","3":"status-publish","4":"has-post-thumbnail","6":"product_cat-cosmetic-packaging","7":"product_cat-custom-perfume-bottles","8":"product_cat-perfume-bottles","9":"desktop-align-left","10":"tablet-align-left","11":"mobile-align-left","13":"first","14":"instock","15":"shipping-taxable","16":"product-type-simple"},"acf":[],"jetpack_sharing_enabled":true,"_links":{"self":[{"href":"https:\/\/theperfumebottles.com\/cs\/wp-json\/wp\/v2\/product\/2878","targetHints":{"allow":["GET"]}}],"collection":[{"href":"https:\/\/theperfumebottles.com\/cs\/wp-json\/wp\/v2\/product"}],"about":[{"href":"https:\/\/theperfumebottles.com\/cs\/wp-json\/wp\/v2\/types\/product"}],"replies":[{"embeddable":true,"href":"https:\/\/theperfumebottles.com\/cs\/wp-json\/wp\/v2\/comments?post=2878"}],"wp:featuredmedia":[{"embeddable":true,"href":"https:\/\/theperfumebottles.com\/cs\/wp-json\/wp\/v2\/media\/2880"}],"wp:attachment":[{"href":"https:\/\/theperfumebottles.com\/cs\/wp-json\/wp\/v2\/media?parent=2878"}],"wp:term":[{"taxonomy":"product_brand","embeddable":true,"href":"https:\/\/theperfumebottles.com\/cs\/wp-json\/wp\/v2\/product_brand?post=2878"},{"taxonomy":"product_cat","embeddable":true,"href":"https:\/\/theperfumebottles.com\/cs\/wp-json\/wp\/v2\/product_cat?post=2878"},{"taxonomy":"product_tag","embeddable":true,"href":"https:\/\/theperfumebottles.com\/cs\/wp-json\/wp\/v2\/product_tag?post=2878"}],"curies":[{"name":"wp","href":"https:\/\/api.w.org\/{rel}","templated":true}]}}