{"id":2886,"date":"2025-03-25T09:57:46","date_gmt":"2025-03-25T09:57:46","guid":{"rendered":"https:\/\/theperfumebottles.com\/?post_type=product&#038;p=2886"},"modified":"2025-04-18T03:37:48","modified_gmt":"2025-04-18T03:37:48","slug":"small-fragrance-bottles-cologne-spray-bottles","status":"publish","type":"product","link":"https:\/\/theperfumebottles.com\/cs\/produkt\/small-fragrance-bottles-cologne-spray-bottles\/","title":{"rendered":"Mal\u00e9 lahvi\u010dky na v\u016fni 30ml 45ml 50ml 100ml s d\u0159ev\u011bn\u00fdm uz\u00e1v\u011brem"},"content":{"rendered":"<p>Vylep\u0161ete svou v\u016fni, vodu po holen\u00ed nebo wellness \u0159adu s \u0159adou Natural Essence - kolekc\u00ed minimalistick\u00fdch v\u016fn\u00ed po holen\u00ed.\u00a0<em>mal\u00e9 lahvi\u010dky kol\u00ednsk\u00e9 s rozpra\u0161ova\u010dem<\/em>\u00a0a\u00a0<em>pr\u00e1zdn\u00e9 sklen\u011bn\u00e9 lahvi\u010dky od parf\u00e9m\u016f<\/em>\u00a0ur\u010den\u00e9 pro \u0159emesln\u00e9 zna\u010dky. Tyto n\u00e1doby jsou vyrobeny z k\u0159i\u0161\u0165\u00e1lov\u011b \u010dir\u00e9ho skla s ekologick\u00fdmi d\u0159ev\u011bn\u00fdmi nebo matn\u011b \u010dern\u00fdmi deskami a spojuj\u00ed modern\u00ed eleganci s praktickou v\u0161estrannost\u00ed.<\/p>\n<h2>Kl\u00ed\u010dov\u00e9 specifikace pro mal\u00e9 lahvi\u010dky s v\u016fn\u00ed<\/h2>\n<table style=\"border-collapse: collapse; margin-left: auto; margin-right: auto; width: 100%;\" border=\"0\" width=\"100%\" cellspacing=\"0\" cellpadding=\"0\">\n<tbody>\n<tr style=\"height: 10pt;\">\n<td style=\"height: 10pt; width: 87.75pt;\" width=\"117\" height=\"18\">Model<\/td>\n<td style=\"width: 54.00pt;\" width=\"72\">Kapacita<\/td>\n<td style=\"width: 184.50pt;\" width=\"246\">Specifikace<\/td>\n<td style=\"width: 81.00pt;\" width=\"108\">Typ t\u011bsn\u011bn\u00ed<\/td>\n<td class=\"et2\" style=\"width: 262.50pt;\" width=\"350\">Barva<\/td>\n<\/tr>\n<tr style=\"height: 40.50pt;\">\n<td style=\"height: 40.50pt;\" height=\"54\">PB-FZ0801<\/td>\n<td>30ml<\/td>\n<td>35\u00d735\u00d766 mm, r\u00e1\u017ee 15 mm<\/td>\n<td>Spay top<\/td>\n<td class=\"et2\" style=\"width: 262.50pt;\" width=\"350\">\u010cir\u00e9 sklo, o\u0159echov\u011b hn\u011bd\u00e1, sv\u011btl\u00fd dub, matn\u00e9 \u010dern\u00e9 v\u00ed\u010dko (na p\u0159\u00e1n\u00ed)<\/td>\n<\/tr>\n<tr style=\"height: 40.50pt;\">\n<td style=\"height: 40.50pt;\" height=\"54\">PB-FZ0802<\/td>\n<td>30ml<\/td>\n<td>37\u00d737\u00d765 mm, r\u00e1\u017ee 15 mm<\/td>\n<td>Spay top<\/td>\n<td class=\"et2\" style=\"width: 262.50pt;\" width=\"350\">\u010cir\u00e9 sklo, o\u0159echov\u011b hn\u011bd\u00e1, sv\u011btl\u00fd dub, matn\u00e9 \u010dern\u00e9 v\u00ed\u010dko (na p\u0159\u00e1n\u00ed)<\/td>\n<\/tr>\n<tr style=\"height: 40.50pt;\">\n<td style=\"height: 40.50pt;\" height=\"54\">PB-FZ0803<\/td>\n<td>50ml<\/td>\n<td>32\u00d732\u00d785 mm, r\u00e1\u017ee 15 mm<\/td>\n<td>Spay top<\/td>\n<td class=\"et2\" style=\"width: 262.50pt;\" width=\"350\">\u010cir\u00e9 sklo, o\u0159echov\u011b hn\u011bd\u00e1, sv\u011btl\u00fd dub, matn\u00e9 \u010dern\u00e9 v\u00ed\u010dko (na p\u0159\u00e1n\u00ed)<\/td>\n<\/tr>\n<tr style=\"height: 40.50pt;\">\n<td style=\"height: 40.50pt;\" height=\"54\">PB-FZ0804<\/td>\n<td>45 ml<\/td>\n<td>37\u00d737\u00d786 mm, r\u00e1\u017ee 15 mm<\/td>\n<td>Spay top<\/td>\n<td class=\"et2\" style=\"width: 262.50pt;\" width=\"350\">\u010cir\u00e9 sklo, o\u0159echov\u011b hn\u011bd\u00e1, sv\u011btl\u00fd dub, matn\u00e9 \u010dern\u00e9 v\u00ed\u010dko (na p\u0159\u00e1n\u00ed)<\/td>\n<\/tr>\n<tr style=\"height: 40.50pt;\">\n<td style=\"height: 40.50pt;\" height=\"54\">PB-FZ0805<\/td>\n<td>100ml<\/td>\n<td>47\u00d747\u00d7103 mm, r\u00e1\u017ee 15 mm<\/td>\n<td>Spay top<\/td>\n<td class=\"et2\" style=\"width: 262.50pt;\" width=\"350\">\u010cir\u00e9 sklo, o\u0159echov\u011b hn\u011bd\u00e1, sv\u011btl\u00fd dub, matn\u00e9 \u010dern\u00e9 v\u00ed\u010dko (na p\u0159\u00e1n\u00ed)<\/td>\n<\/tr>\n<\/tbody>\n<\/table>\n<h2>Neomyln\u011b tv\u016fj:<\/h2>\n<ul>\n<li>K\u0161iltovky, kter\u00e9 poru\u0161uj\u00ed pravidla: 3D ti\u0161t\u011bn\u00e9 kovov\u00e9 povrchy nebo recyklovan\u00fd korek<\/li>\n<li>Bonus: Vzorkov\u00e9 sady zdarma - proto\u017ee si zaslou\u017e\u00edte vyzkou\u0161et kvalitu, ne\u017e se rozhodnete.<\/li>\n<\/ul>\n<h2>Pro:<\/h2>\n<ul>\n<li>Alchymist\u00e9 parf\u00e9m\u016f unaven\u00ed z generick\u00fdch lahvi\u010dek<\/li>\n<li>Genderov\u011b odli\u0161n\u00e9 zna\u010dky p\u00e9\u010de o t\u011blo p\u0159episuj\u00ed pravidla<\/li>\n<li>Ekologi\u010dt\u00ed bojovn\u00edci m\u011bn\u00ed n\u00e1pln\u011b v ritu\u00e1ly<\/li>\n<li>Hotely, kter\u00e9 cht\u011bj\u00ed, aby jim host\u00e9 kradli vybaven\u00ed (v\u00e1\u017en\u011b, st\u00e1v\u00e1 se to).<\/li>\n<\/ul>","protected":false},"excerpt":{"rendered":"<p>Vylep\u0161ete svou v\u016fni, vodu po holen\u00ed nebo wellness \u0159adu s \u0159adou Natural Essence - kolekc\u00ed minimalistick\u00fdch v\u016fn\u00ed po holen\u00ed.\u00a0<em>mal\u00e9 lahvi\u010dky kol\u00ednsk\u00e9 s rozpra\u0161ova\u010dem<\/em>\u00a0a\u00a0<em>pr\u00e1zdn\u00e9 sklen\u011bn\u00e9 lahvi\u010dky od parf\u00e9m\u016f<\/em>\u00a0ur\u010den\u00e9 pro \u0159emesln\u00e9 zna\u010dky.<\/p>","protected":false},"featured_media":2887,"comment_status":"open","ping_status":"closed","template":"","meta":{"_acf_changed":false,"site-sidebar-layout":"default","site-content-layout":"","ast-site-content-layout":"default","site-content-style":"default","site-sidebar-style":"default","ast-global-header-display":"","ast-banner-title-visibility":"","ast-main-header-display":"","ast-hfb-above-header-display":"","ast-hfb-below-header-display":"","ast-hfb-mobile-header-display":"","site-post-title":"","ast-breadcrumbs-content":"","ast-featured-img":"","footer-sml-layout":"","ast-disable-related-posts":"","theme-transparent-header-meta":"default","adv-header-id-meta":"","stick-header-meta":"","header-above-stick-meta":"","header-main-stick-meta":"","header-below-stick-meta":"","astra-migrate-meta-layouts":"set","ast-page-background-enabled":"default","ast-page-background-meta":{"desktop":{"background-color":"var(--ast-global-color-5)","background-image":"","background-repeat":"repeat","background-position":"center center","background-size":"auto","background-attachment":"scroll","background-type":"","background-media":"","overlay-type":"","overlay-color":"","overlay-opacity":"","overlay-gradient":""},"tablet":{"background-color":"","background-image":"","background-repeat":"repeat","background-position":"center center","background-size":"auto","background-attachment":"scroll","background-type":"","background-media":"","overlay-type":"","overlay-color":"","overlay-opacity":"","overlay-gradient":""},"mobile":{"background-color":"","background-image":"","background-repeat":"repeat","background-position":"center center","background-size":"auto","background-attachment":"scroll","background-type":"","background-media":"","overlay-type":"","overlay-color":"","overlay-opacity":"","overlay-gradient":""}},"ast-content-background-meta":{"desktop":{"background-color":"var(--ast-global-color-4)","background-image":"","background-repeat":"repeat","background-position":"center center","background-size":"auto","background-attachment":"scroll","background-type":"","background-media":"","overlay-type":"","overlay-color":"","overlay-opacity":"","overlay-gradient":""},"tablet":{"background-color":"var(--ast-global-color-4)","background-image":"","background-repeat":"repeat","background-position":"center center","background-size":"auto","background-attachment":"scroll","background-type":"","background-media":"","overlay-type":"","overlay-color":"","overlay-opacity":"","overlay-gradient":""},"mobile":{"background-color":"var(--ast-global-color-4)","background-image":"","background-repeat":"repeat","background-position":"center center","background-size":"auto","background-attachment":"scroll","background-type":"","background-media":"","overlay-type":"","overlay-color":"","overlay-opacity":"","overlay-gradient":""}}},"product_brand":[],"product_cat":[72,91,41],"product_tag":[],"class_list":{"0":"post-2886","1":"product","2":"type-product","3":"status-publish","4":"has-post-thumbnail","6":"product_cat-cosmetic-packaging","7":"product_cat-custom-perfume-bottles","8":"product_cat-perfume-bottles","9":"desktop-align-left","10":"tablet-align-left","11":"mobile-align-left","13":"first","14":"instock","15":"shipping-taxable","16":"product-type-simple"},"acf":[],"jetpack_sharing_enabled":true,"_links":{"self":[{"href":"https:\/\/theperfumebottles.com\/cs\/wp-json\/wp\/v2\/product\/2886","targetHints":{"allow":["GET"]}}],"collection":[{"href":"https:\/\/theperfumebottles.com\/cs\/wp-json\/wp\/v2\/product"}],"about":[{"href":"https:\/\/theperfumebottles.com\/cs\/wp-json\/wp\/v2\/types\/product"}],"replies":[{"embeddable":true,"href":"https:\/\/theperfumebottles.com\/cs\/wp-json\/wp\/v2\/comments?post=2886"}],"wp:featuredmedia":[{"embeddable":true,"href":"https:\/\/theperfumebottles.com\/cs\/wp-json\/wp\/v2\/media\/2887"}],"wp:attachment":[{"href":"https:\/\/theperfumebottles.com\/cs\/wp-json\/wp\/v2\/media?parent=2886"}],"wp:term":[{"taxonomy":"product_brand","embeddable":true,"href":"https:\/\/theperfumebottles.com\/cs\/wp-json\/wp\/v2\/product_brand?post=2886"},{"taxonomy":"product_cat","embeddable":true,"href":"https:\/\/theperfumebottles.com\/cs\/wp-json\/wp\/v2\/product_cat?post=2886"},{"taxonomy":"product_tag","embeddable":true,"href":"https:\/\/theperfumebottles.com\/cs\/wp-json\/wp\/v2\/product_tag?post=2886"}],"curies":[{"name":"wp","href":"https:\/\/api.w.org\/{rel}","templated":true}]}}