{"id":2905,"date":"2025-03-26T08:24:36","date_gmt":"2025-03-26T08:24:36","guid":{"rendered":"https:\/\/theperfumebottles.com\/?post_type=product&#038;p=2905"},"modified":"2025-05-28T18:28:24","modified_gmt":"2025-05-28T10:28:24","slug":"30ml-50ml-100ml-iceberg-unique-perfume-bottles-wholesale","status":"publish","type":"product","link":"https:\/\/theperfumebottles.com\/cs\/produkt\/30ml-50ml-100ml-iceberg-unique-perfume-bottles-wholesale\/","title":{"rendered":"30ml 50ml 100ml Iceberg Unik\u00e1tn\u00ed parf\u00e9mov\u00e9 lahvi\u010dky Velkoobchod"},"content":{"rendered":"<p>Pro zna\u010dky parf\u00e9m\u016f a obchodn\u00edky, kte\u0159\u00ed hledaj\u00ed jedine\u010dn\u00e9 lahvi\u010dky na parf\u00e9my, v nich\u017e se snoub\u00ed elegance s v\u0161estrannost\u00ed, nab\u00edz\u00ed \u0159ada Iceberg pr\u00e9miov\u00e9 sklen\u011bn\u00e9 lahvi\u010dky na parf\u00e9my ve velikostech 30 ml, 50 ml a 100 ml. Tyto pr\u00e1zdn\u00e9 lahvi\u010dky na parf\u00e9my, ur\u010den\u00e9 pro velkoobchodn\u00ed p\u0159\u00edle\u017eitosti, jsou pln\u011b p\u0159izp\u016fsobiteln\u00e9, aby pozvedly identitu va\u0161\u00ed zna\u010dky.<\/p>\n<table style=\"border-collapse: collapse;margin-left: auto;margin-right: auto;width: 202.53pt\" border=\"0\" width=\"270\" cellspacing=\"0\" cellpadding=\"0\">\n<tbody>\n<tr style=\"height: 15.00pt\">\n<td style=\"height: 15.00pt;width: 67.50pt\" width=\"90\" height=\"20\">\n<p><figure id=\"attachment_2906\" aria-describedby=\"caption-attachment-2906\" style=\"width: 300px\" class=\"wp-caption aligncenter\"><img fetchpriority=\"high\" decoding=\"async\" class=\"size-medium wp-image-2906\" src=\"https:\/\/theperfumebottles.com\/wp-content\/uploads\/2025\/03\/unique-perfume-bottles-HS0201-300x300.webp\" alt=\"jedine\u010dn\u00e9 lahvi\u010dky na parf\u00e9my\" width=\"300\" height=\"300\" srcset=\"https:\/\/theperfumebottles.com\/wp-content\/uploads\/2025\/03\/unique-perfume-bottles-HS0201-300x300.webp 300w, https:\/\/theperfumebottles.com\/wp-content\/uploads\/2025\/03\/unique-perfume-bottles-HS0201-150x150.webp 150w, https:\/\/theperfumebottles.com\/wp-content\/uploads\/2025\/03\/unique-perfume-bottles-HS0201-768x768.webp 768w, https:\/\/theperfumebottles.com\/wp-content\/uploads\/2025\/03\/unique-perfume-bottles-HS0201-12x12.webp 12w, https:\/\/theperfumebottles.com\/wp-content\/uploads\/2025\/03\/unique-perfume-bottles-HS0201-600x600.webp 600w, https:\/\/theperfumebottles.com\/wp-content\/uploads\/2025\/03\/unique-perfume-bottles-HS0201-100x100.webp 100w, https:\/\/theperfumebottles.com\/wp-content\/uploads\/2025\/03\/unique-perfume-bottles-HS0201.webp 1000w\" sizes=\"(max-width: 300px) 100vw, 300px\" \/><figcaption id=\"caption-attachment-2906\" class=\"wp-caption-text\">30ml<\/figcaption><\/figure><\/td>\n<td style=\"width: 67.50pt\" width=\"90\">\n<p><figure id=\"attachment_2909\" aria-describedby=\"caption-attachment-2909\" style=\"width: 300px\" class=\"wp-caption aligncenter\"><img decoding=\"async\" class=\"size-medium wp-image-2909\" src=\"https:\/\/theperfumebottles.com\/wp-content\/uploads\/2025\/03\/perfume-bottles-wholesale-HS0202-300x300.webp\" alt=\"velkoobchod s flakony na parf\u00e9my\" width=\"300\" height=\"300\" srcset=\"https:\/\/theperfumebottles.com\/wp-content\/uploads\/2025\/03\/perfume-bottles-wholesale-HS0202-300x300.webp 300w, https:\/\/theperfumebottles.com\/wp-content\/uploads\/2025\/03\/perfume-bottles-wholesale-HS0202-150x150.webp 150w, https:\/\/theperfumebottles.com\/wp-content\/uploads\/2025\/03\/perfume-bottles-wholesale-HS0202-768x768.webp 768w, https:\/\/theperfumebottles.com\/wp-content\/uploads\/2025\/03\/perfume-bottles-wholesale-HS0202-12x12.webp 12w, https:\/\/theperfumebottles.com\/wp-content\/uploads\/2025\/03\/perfume-bottles-wholesale-HS0202-600x600.webp 600w, https:\/\/theperfumebottles.com\/wp-content\/uploads\/2025\/03\/perfume-bottles-wholesale-HS0202-100x100.webp 100w, https:\/\/theperfumebottles.com\/wp-content\/uploads\/2025\/03\/perfume-bottles-wholesale-HS0202.webp 1000w\" sizes=\"(max-width: 300px) 100vw, 300px\" \/><figcaption id=\"caption-attachment-2909\" class=\"wp-caption-text\">50ml<\/figcaption><\/figure><\/td>\n<td style=\"width: 67.50pt\" width=\"90\">\n<p><figure id=\"attachment_2910\" aria-describedby=\"caption-attachment-2910\" style=\"width: 300px\" class=\"wp-caption aligncenter\"><img decoding=\"async\" class=\"size-medium wp-image-2910\" src=\"https:\/\/theperfumebottles.com\/wp-content\/uploads\/2025\/03\/perfume-bottles-wholesale-HS0203-300x300.webp\" alt=\"velkoobchod s flakony na parf\u00e9my\" width=\"300\" height=\"300\" srcset=\"https:\/\/theperfumebottles.com\/wp-content\/uploads\/2025\/03\/perfume-bottles-wholesale-HS0203-300x300.webp 300w, https:\/\/theperfumebottles.com\/wp-content\/uploads\/2025\/03\/perfume-bottles-wholesale-HS0203-150x150.webp 150w, https:\/\/theperfumebottles.com\/wp-content\/uploads\/2025\/03\/perfume-bottles-wholesale-HS0203-768x768.webp 768w, https:\/\/theperfumebottles.com\/wp-content\/uploads\/2025\/03\/perfume-bottles-wholesale-HS0203-12x12.webp 12w, https:\/\/theperfumebottles.com\/wp-content\/uploads\/2025\/03\/perfume-bottles-wholesale-HS0203-600x600.webp 600w, https:\/\/theperfumebottles.com\/wp-content\/uploads\/2025\/03\/perfume-bottles-wholesale-HS0203-100x100.webp 100w, https:\/\/theperfumebottles.com\/wp-content\/uploads\/2025\/03\/perfume-bottles-wholesale-HS0203.webp 1000w\" sizes=\"(max-width: 300px) 100vw, 300px\" \/><figcaption id=\"caption-attachment-2910\" class=\"wp-caption-text\">100ml<\/figcaption><\/figure><\/td>\n<\/tr>\n<\/tbody>\n<\/table>\n<h2>Technick\u00e9 specifikace<\/h2>\n<div class=\"hyc-common-markdown__table-wrapper\">\n<table>\n<thead>\n<tr>\n<th>Model<\/th>\n<th>Kapacita<\/th>\n<th>Rozm\u011bry (V*H)<\/th>\n<th>Materi\u00e1l<\/th>\n<th>Mo\u017enosti barev<\/th>\n<th>Typ t\u011bsn\u011bn\u00ed<\/th>\n<th>P\u0159izp\u016fsoben\u00ed<\/th>\n<\/tr>\n<\/thead>\n<tbody>\n<tr>\n<td>PB-HS0201<\/td>\n<td>30ml<\/td>\n<td>46 * 73 mm<\/td>\n<td>K\u0159i\u0161\u0165\u00e1lov\u00e9 sklo<\/td>\n<td>\u010cir\u00e9 sklo + matn\u00e9 v\u00ed\u010dko<\/td>\n<td>Sprej Top<\/td>\n<td>V\u00edko, potisk, odst\u00edn<\/td>\n<\/tr>\n<tr>\n<td>PB-HS0202<\/td>\n<td>50ml<\/td>\n<td>51 * 80 mm<\/td>\n<td>K\u0159i\u0161\u0165\u00e1lov\u00e9 sklo<\/td>\n<td>\u010cir\u00e9 sklo + matn\u00e9 v\u00ed\u010dko<\/td>\n<td>Sprej Top<\/td>\n<td>Tvar, velikost, logo<\/td>\n<\/tr>\n<tr>\n<td>PB-HS0203<\/td>\n<td>100ml<\/td>\n<td>59 * 94 mm<\/td>\n<td>K\u0159i\u0161\u0165\u00e1lov\u00e9 sklo<\/td>\n<td>\u010cir\u00e9 sklo + matn\u00e9 v\u00ed\u010dko<\/td>\n<td>Sprej Top<\/td>\n<td>Pln\u00e9 ozna\u010den\u00ed<\/td>\n<\/tr>\n<\/tbody>\n<\/table>\n<\/div>\n<h3><strong>Voliteln\u00e9 uz\u00e1v\u011bry lahv\u00ed:<\/strong><\/h3>\n<p><img loading=\"lazy\" decoding=\"async\" class=\"size-medium wp-image-2961 aligncenter\" src=\"https:\/\/theperfumebottles.com\/wp-content\/uploads\/2025\/04\/perfume-bottle-tops-3-300x164.webp\" alt=\"uz\u00e1v\u011bry lahvi\u010dek na parf\u00e9my\" width=\"300\" height=\"164\" srcset=\"https:\/\/theperfumebottles.com\/wp-content\/uploads\/2025\/04\/perfume-bottle-tops-3-300x164.webp 300w, https:\/\/theperfumebottles.com\/wp-content\/uploads\/2025\/04\/perfume-bottle-tops-3-18x10.webp 18w, https:\/\/theperfumebottles.com\/wp-content\/uploads\/2025\/04\/perfume-bottle-tops-3-600x329.webp 600w, https:\/\/theperfumebottles.com\/wp-content\/uploads\/2025\/04\/perfume-bottle-tops-3.webp 750w\" sizes=\"(max-width: 300px) 100vw, 300px\" \/><\/p>\n<p><img loading=\"lazy\" decoding=\"async\" class=\"size-medium wp-image-2960\" src=\"https:\/\/theperfumebottles.com\/wp-content\/uploads\/2025\/04\/perfume-bottle-tops-2-300x145.webp\" alt=\"uz\u00e1v\u011bry lahvi\u010dek na parf\u00e9my\" width=\"300\" height=\"145\" srcset=\"https:\/\/theperfumebottles.com\/wp-content\/uploads\/2025\/04\/perfume-bottle-tops-2-300x145.webp 300w, https:\/\/theperfumebottles.com\/wp-content\/uploads\/2025\/04\/perfume-bottle-tops-2-18x9.webp 18w, https:\/\/theperfumebottles.com\/wp-content\/uploads\/2025\/04\/perfume-bottle-tops-2-600x290.webp 600w, https:\/\/theperfumebottles.com\/wp-content\/uploads\/2025\/04\/perfume-bottle-tops-2.webp 750w\" sizes=\"(max-width: 300px) 100vw, 300px\" \/><\/p>\n<p><img loading=\"lazy\" decoding=\"async\" class=\"size-medium wp-image-2959 aligncenter\" src=\"https:\/\/theperfumebottles.com\/wp-content\/uploads\/2025\/04\/perfume-bottle-tops-1-300x224.webp\" alt=\"uz\u00e1v\u011bry lahvi\u010dek na parf\u00e9my\" width=\"300\" height=\"224\" srcset=\"https:\/\/theperfumebottles.com\/wp-content\/uploads\/2025\/04\/perfume-bottle-tops-1-300x224.webp 300w, https:\/\/theperfumebottles.com\/wp-content\/uploads\/2025\/04\/perfume-bottle-tops-1-16x12.webp 16w, https:\/\/theperfumebottles.com\/wp-content\/uploads\/2025\/04\/perfume-bottle-tops-1-600x447.webp 600w, https:\/\/theperfumebottles.com\/wp-content\/uploads\/2025\/04\/perfume-bottle-tops-1.webp 746w\" sizes=\"(max-width: 300px) 100vw, 300px\" \/><\/p>\n<h2>Pro\u010d si vybrat \u0159adu Iceberg?<\/h2>\n<ul>\n<li><strong>\u00dasporn\u00e9 a efektivn\u00ed:<\/strong> Poskytujeme \u0159e\u0161en\u00ed hromadn\u00e9ho balen\u00ed, kter\u00e1 spl\u0148uj\u00ed pot\u0159eby za\u010d\u00ednaj\u00edc\u00edch zna\u010dek i vysp\u011bl\u00fdch podnik\u016f.<\/li>\n<li><strong>Adaptace v\u00edce sc\u00e9n\u00e1\u0159\u016f:<\/strong> cestovn\u00ed balen\u00ed, vody po holen\u00ed nebo \u0161pi\u010dkov\u00fdch v\u016fn\u00ed, flexibiln\u00ed pro r\u016fzn\u00e9 produktov\u00e9 \u0159ady.<\/li>\n<li><strong>Pe\u010dliv\u011b vybran\u00e9 materi\u00e1ly:<\/strong> nerozbitn\u00e9 sklo + povrchov\u00e1 \u00faprava proti po\u0161kr\u00e1b\u00e1n\u00ed, odoln\u00e9 a bezpe\u010dn\u00e9.<\/li>\n<\/ul>\n<h2>P\u0159izp\u016fsoben\u00ed Spotlight<\/h2>\n<ul>\n<li>\u200b<strong>Materi\u00e1ly v\u00ed\u010dek<\/strong>: Matn\u00e9, kovov\u00e9 nebo s efektem d\u0159eva.<\/li>\n<li>\u200b<strong>Povrchov\u00e9 \u00fapravy<\/strong>: Matn\u00e9 gradienty, galvanick\u00e9 akcenty nebo leskl\u00e9 n\u00e1st\u0159iky.<\/li>\n<li>\u200b<strong>Kapacitn\u00ed flexibilita<\/strong>: Ide\u00e1ln\u00ed pro 30ml samplery nebo st\u011b\u017eejn\u00ed 100ml kolekce.<\/li>\n<\/ul>\n<p>Pozvedn\u011bte svou \u0159adu v\u016fn\u00ed pomoc\u00ed jedine\u010dn\u00fdch flakon\u016f parf\u00e9m\u016f, kter\u00e9 v\u00e1s zaujmou. \u0158ada Iceberg v sob\u011b spojuje eleganci a p\u0159izp\u016fsobivost, tak\u017ee je nejlep\u0161\u00ed volbou pro zna\u010dky, kter\u00e9 up\u0159ednost\u0148uj\u00ed luxusn\u00ed balen\u00ed a velkoobchodn\u00ed efektivitu.<\/p>\n<p><strong>Kontaktujte n\u00e1s je\u0161t\u011b dnes a vy\u017e\u00e1dejte si vzorky nebo projednejte hromadn\u00e9 objedn\u00e1vky!<\/strong><\/p>","protected":false},"excerpt":{"rendered":"<p>Objevte jedine\u010dn\u00e9 velkoobchodn\u00ed lahvi\u010dky na parf\u00e9my ze s\u00e9rie Iceberg! Pr\u00e9miov\u00e9 k\u0159i\u0161\u0165\u00e1lov\u00e9 sklo, p\u0159izp\u016fsobiteln\u00e9 designy a \u0159e\u0161en\u00ed hromadn\u00e9ho balen\u00ed pro luxusn\u00ed zna\u010dky v\u016fn\u00ed.<\/p>","protected":false},"featured_media":2909,"comment_status":"open","ping_status":"closed","template":"","meta":{"_acf_changed":false,"site-sidebar-layout":"default","site-content-layout":"","ast-site-content-layout":"default","site-content-style":"default","site-sidebar-style":"default","ast-global-header-display":"","ast-banner-title-visibility":"","ast-main-header-display":"","ast-hfb-above-header-display":"","ast-hfb-below-header-display":"","ast-hfb-mobile-header-display":"","site-post-title":"","ast-breadcrumbs-content":"","ast-featured-img":"","footer-sml-layout":"","ast-disable-related-posts":"","theme-transparent-header-meta":"default","adv-header-id-meta":"","stick-header-meta":"","header-above-stick-meta":"","header-main-stick-meta":"","header-below-stick-meta":"","astra-migrate-meta-layouts":"set","ast-page-background-enabled":"default","ast-page-background-meta":{"desktop":{"background-color":"var(--ast-global-color-5)","background-image":"","background-repeat":"repeat","background-position":"center center","background-size":"auto","background-attachment":"scroll","background-type":"","background-media":"","overlay-type":"","overlay-color":"","overlay-opacity":"","overlay-gradient":""},"tablet":{"background-color":"","background-image":"","background-repeat":"repeat","background-position":"center center","background-size":"auto","background-attachment":"scroll","background-type":"","background-media":"","overlay-type":"","overlay-color":"","overlay-opacity":"","overlay-gradient":""},"mobile":{"background-color":"","background-image":"","background-repeat":"repeat","background-position":"center center","background-size":"auto","background-attachment":"scroll","background-type":"","background-media":"","overlay-type":"","overlay-color":"","overlay-opacity":"","overlay-gradient":""}},"ast-content-background-meta":{"desktop":{"background-color":"var(--ast-global-color-4)","background-image":"","background-repeat":"repeat","background-position":"center center","background-size":"auto","background-attachment":"scroll","background-type":"","background-media":"","overlay-type":"","overlay-color":"","overlay-opacity":"","overlay-gradient":""},"tablet":{"background-color":"var(--ast-global-color-4)","background-image":"","background-repeat":"repeat","background-position":"center center","background-size":"auto","background-attachment":"scroll","background-type":"","background-media":"","overlay-type":"","overlay-color":"","overlay-opacity":"","overlay-gradient":""},"mobile":{"background-color":"var(--ast-global-color-4)","background-image":"","background-repeat":"repeat","background-position":"center center","background-size":"auto","background-attachment":"scroll","background-type":"","background-media":"","overlay-type":"","overlay-color":"","overlay-opacity":"","overlay-gradient":""}}},"product_brand":[],"product_cat":[72,41],"product_tag":[],"class_list":{"0":"post-2905","1":"product","2":"type-product","3":"status-publish","4":"has-post-thumbnail","6":"product_cat-cosmetic-packaging","7":"product_cat-perfume-bottles","8":"desktop-align-left","9":"tablet-align-left","10":"mobile-align-left","12":"first","13":"instock","14":"shipping-taxable","15":"product-type-simple"},"acf":[],"jetpack_sharing_enabled":true,"_links":{"self":[{"href":"https:\/\/theperfumebottles.com\/cs\/wp-json\/wp\/v2\/product\/2905","targetHints":{"allow":["GET"]}}],"collection":[{"href":"https:\/\/theperfumebottles.com\/cs\/wp-json\/wp\/v2\/product"}],"about":[{"href":"https:\/\/theperfumebottles.com\/cs\/wp-json\/wp\/v2\/types\/product"}],"replies":[{"embeddable":true,"href":"https:\/\/theperfumebottles.com\/cs\/wp-json\/wp\/v2\/comments?post=2905"}],"wp:featuredmedia":[{"embeddable":true,"href":"https:\/\/theperfumebottles.com\/cs\/wp-json\/wp\/v2\/media\/2909"}],"wp:attachment":[{"href":"https:\/\/theperfumebottles.com\/cs\/wp-json\/wp\/v2\/media?parent=2905"}],"wp:term":[{"taxonomy":"product_brand","embeddable":true,"href":"https:\/\/theperfumebottles.com\/cs\/wp-json\/wp\/v2\/product_brand?post=2905"},{"taxonomy":"product_cat","embeddable":true,"href":"https:\/\/theperfumebottles.com\/cs\/wp-json\/wp\/v2\/product_cat?post=2905"},{"taxonomy":"product_tag","embeddable":true,"href":"https:\/\/theperfumebottles.com\/cs\/wp-json\/wp\/v2\/product_tag?post=2905"}],"curies":[{"name":"wp","href":"https:\/\/api.w.org\/{rel}","templated":true}]}}