{"id":2915,"date":"2025-03-26T09:33:10","date_gmt":"2025-03-26T09:33:10","guid":{"rendered":"https:\/\/theperfumebottles.com\/?post_type=product&#038;p=2915"},"modified":"2025-05-27T15:12:42","modified_gmt":"2025-05-27T07:12:42","slug":"30ml-50ml-most-beautiful-perfume-bottles-with-ball-tops","status":"publish","type":"product","link":"https:\/\/theperfumebottles.com\/cs\/produkt\/30ml-50ml-most-beautiful-perfume-bottles-with-ball-tops\/","title":{"rendered":"30ml 50ml Nejkr\u00e1sn\u011bj\u0161\u00ed parf\u00e9mov\u00e9 lahvi\u010dky s kuli\u010dkov\u00fdm uz\u00e1v\u011brem"},"content":{"rendered":"<p>Pro zna\u010dky a obchodn\u00edky hledaj\u00edc\u00ed, jak zaujmout z\u00e1kazn\u00edky kr\u00e1sn\u00fdmi parf\u00e9mov\u00fdmi flakony, na\u0161e nejkr\u00e1sn\u011bj\u0161\u00ed s\u00e9rie parf\u00e9mov\u00fdch flakon\u016f (Modely PB-GK0301 a PB-GK0302) kombinuje eleganci, odolnost a personalizaci, aby zv\u00fd\u0161il va\u0161i v\u016fni, cologne nebo po\u0161kozen\u00ed \u0159adu. V\u00fdrobeno pro premium branding, tyto sklen\u011bn\u00e9 n\u00e1doby jsou navr\u017eeny tak, aby va\u0161i v\u016fni p\u0159edvedly s nep\u0159ekonatelnou sofistikac\u00ed.<\/p>\n<h2>Kl\u00ed\u010dov\u00e9 specifikace v kostce<\/h2>\n<div class=\"hyc-common-markdown__table-wrapper\">\n<table>\n<thead>\n<tr>\n<th>\u200b<strong>Model<\/strong><\/th>\n<th>PB-GK0301<\/th>\n<th>PB-GK0302<\/th>\n<\/tr>\n<\/thead>\n<tbody>\n<tr>\n<td>\u200b<strong>Kapacita<\/strong><\/td>\n<td>50ml<\/td>\n<td>100ml<\/td>\n<\/tr>\n<tr>\n<td>\u200b<strong>Rozm\u011bry<\/strong><\/td>\n<td>39 \u00d7 49 \u00d7 119 mm<\/td>\n<td>45 \u00d7 55 \u00d7 130 mm<\/td>\n<\/tr>\n<tr>\n<td>\u200b<strong>Materi\u00e1l<\/strong><\/td>\n<td>K\u0159i\u0161\u0165\u00e1lov\u00e9 sklo<\/td>\n<td>K\u0159i\u0161\u0165\u00e1lov\u00e9 sklo<\/td>\n<\/tr>\n<tr>\n<td>\u200b<strong>Barvy \u010depic<\/strong><\/td>\n<td>Modr\u00e1 \/ b\u00edl\u00e1 \/ vlastn\u00ed<\/td>\n<td>Modr\u00e1 \/ b\u00edl\u00e1 \/ vlastn\u00ed<\/td>\n<\/tr>\n<tr>\n<td>\u200b<strong>Typ t\u011bsn\u011bn\u00ed<\/strong><\/td>\n<td>Sprej Top<\/td>\n<td>Sprej Top<\/td>\n<\/tr>\n<\/tbody>\n<\/table>\n<\/div>\n<h2>Pro\u010d na\u0161e lahve na parf\u00e9my odpov\u00eddaj\u00ed c\u00edl\u016fm va\u0161\u00ed zna\u010dky<\/h2>\n<ul>\n<li>\u200b<strong>Vlastn\u00ed zna\u010den\u00ed<\/strong>: Prom\u011b\u0148te pr\u00e1zdn\u00e9 lahvi\u010dky na parf\u00e9my v charakteristick\u00e9 kousky pomoc\u00ed grav\u00edrov\u00e1n\u00ed loga, vlastn\u00edch barev uz\u00e1v\u011bru nebo etiket na m\u00edru.<\/li>\n<li>\u200b<strong>Pr\u00e9miov\u00e9 balen\u00ed<\/strong>: Sklen\u011bn\u00e9 t\u011blo a design rozpra\u0161ova\u010de odpov\u00eddaj\u00ed luxusn\u00ed estetice a jsou ide\u00e1ln\u00ed pro \u0161pi\u010dkov\u00e9 parf\u00e9my, vody po holen\u00ed nebo kol\u00ednsk\u00e9 vody.<\/li>\n<li>\u200b<strong>Hromadn\u00e1 \u00fa\u010dinnost<\/strong>: Jako d\u016fv\u011bryhodn\u00fd v\u00fdrobce nab\u00edz\u00edme konkurenceschopn\u00e9 velkoobchodn\u00ed ceny a bezpe\u010dnou p\u0159epravu pro velkoobchodn\u00edky a za\u010d\u00ednaj\u00edc\u00ed firmy.<\/li>\n<\/ul>\n<h2>Ide\u00e1ln\u00ed pro:<\/h2>\n<p>\u200b<strong>Luxusn\u00ed zna\u010dky<\/strong>: Pozvedn\u011bte sv\u016fj<strong>v\u016fn\u011b<\/strong>\u00a0linie s<strong>elegantn\u00ed balen\u00ed<\/strong>\u00a0kter\u00e1 odr\u00e1\u017e\u00ed prvot\u0159\u00eddn\u00ed kvalitu.<br \/>\n<strong>P\u0159\u00edmo do cesty:<\/strong> 50ml exkluzivn\u00ed a kompaktn\u00ed flakon se snadno vejde do ta\u0161ky, elegantn\u00ed na cest\u00e1ch.<br \/>\n\u200b<strong>Soukrom\u00e9 zna\u010dky<\/strong>: Vytvo\u0159it<strong>unik\u00e1tn\u00ed<\/strong>\u00a0branding s mo\u017enost\u00ed p\u0159izp\u016fsoben\u00ed<strong>kontejnery<\/strong>\u00a0pro specializovan\u00e9 trhy.<\/p>\n<p><strong>Spolupracujte s n\u00e1mi je\u0161t\u011b dnes<\/strong><br \/>\nVynikn\u011bte v konkuren\u010dn\u00edm vo\u0148avk\u00e1\u0159sk\u00e9m pr\u016fmyslu s<strong>kr\u00e1sn\u00e9 flakony na parf\u00e9my<\/strong>\u00a0navr\u017een tak, aby zap\u016fsobil. Vy\u017e\u00e1dejte si vzorky nebo projednejte hromadn\u00e9 objedn\u00e1vky a odhalte potenci\u00e1l sv\u00e9 zna\u010dky!<\/p>","protected":false},"excerpt":{"rendered":"<p>Objevte nejkr\u00e1sn\u011bj\u0161\u00ed flakony na parf\u00e9my luxusn\u00edch zna\u010dek. Pr\u00e9miov\u00e9 designy z k\u0159i\u0161\u0165\u00e1lov\u00e9ho skla o objemu 50 ml a 100 ml, p\u0159izp\u016fsobiteln\u00e9 uz\u00e1v\u011bry a mo\u017enosti voln\u00e9ho prodeje.<\/p>","protected":false},"featured_media":2918,"comment_status":"open","ping_status":"closed","template":"","meta":{"_acf_changed":false,"site-sidebar-layout":"default","site-content-layout":"","ast-site-content-layout":"default","site-content-style":"default","site-sidebar-style":"default","ast-global-header-display":"","ast-banner-title-visibility":"","ast-main-header-display":"","ast-hfb-above-header-display":"","ast-hfb-below-header-display":"","ast-hfb-mobile-header-display":"","site-post-title":"","ast-breadcrumbs-content":"","ast-featured-img":"","footer-sml-layout":"","ast-disable-related-posts":"","theme-transparent-header-meta":"default","adv-header-id-meta":"","stick-header-meta":"","header-above-stick-meta":"","header-main-stick-meta":"","header-below-stick-meta":"","astra-migrate-meta-layouts":"set","ast-page-background-enabled":"default","ast-page-background-meta":{"desktop":{"background-color":"var(--ast-global-color-5)","background-image":"","background-repeat":"repeat","background-position":"center center","background-size":"auto","background-attachment":"scroll","background-type":"","background-media":"","overlay-type":"","overlay-color":"","overlay-opacity":"","overlay-gradient":""},"tablet":{"background-color":"","background-image":"","background-repeat":"repeat","background-position":"center center","background-size":"auto","background-attachment":"scroll","background-type":"","background-media":"","overlay-type":"","overlay-color":"","overlay-opacity":"","overlay-gradient":""},"mobile":{"background-color":"","background-image":"","background-repeat":"repeat","background-position":"center center","background-size":"auto","background-attachment":"scroll","background-type":"","background-media":"","overlay-type":"","overlay-color":"","overlay-opacity":"","overlay-gradient":""}},"ast-content-background-meta":{"desktop":{"background-color":"var(--ast-global-color-4)","background-image":"","background-repeat":"repeat","background-position":"center center","background-size":"auto","background-attachment":"scroll","background-type":"","background-media":"","overlay-type":"","overlay-color":"","overlay-opacity":"","overlay-gradient":""},"tablet":{"background-color":"var(--ast-global-color-4)","background-image":"","background-repeat":"repeat","background-position":"center center","background-size":"auto","background-attachment":"scroll","background-type":"","background-media":"","overlay-type":"","overlay-color":"","overlay-opacity":"","overlay-gradient":""},"mobile":{"background-color":"var(--ast-global-color-4)","background-image":"","background-repeat":"repeat","background-position":"center center","background-size":"auto","background-attachment":"scroll","background-type":"","background-media":"","overlay-type":"","overlay-color":"","overlay-opacity":"","overlay-gradient":""}}},"product_brand":[],"product_cat":[72,41],"product_tag":[],"class_list":{"0":"post-2915","1":"product","2":"type-product","3":"status-publish","4":"has-post-thumbnail","6":"product_cat-cosmetic-packaging","7":"product_cat-perfume-bottles","8":"desktop-align-left","9":"tablet-align-left","10":"mobile-align-left","12":"first","13":"instock","14":"shipping-taxable","15":"product-type-simple"},"acf":[],"jetpack_sharing_enabled":true,"_links":{"self":[{"href":"https:\/\/theperfumebottles.com\/cs\/wp-json\/wp\/v2\/product\/2915","targetHints":{"allow":["GET"]}}],"collection":[{"href":"https:\/\/theperfumebottles.com\/cs\/wp-json\/wp\/v2\/product"}],"about":[{"href":"https:\/\/theperfumebottles.com\/cs\/wp-json\/wp\/v2\/types\/product"}],"replies":[{"embeddable":true,"href":"https:\/\/theperfumebottles.com\/cs\/wp-json\/wp\/v2\/comments?post=2915"}],"wp:featuredmedia":[{"embeddable":true,"href":"https:\/\/theperfumebottles.com\/cs\/wp-json\/wp\/v2\/media\/2918"}],"wp:attachment":[{"href":"https:\/\/theperfumebottles.com\/cs\/wp-json\/wp\/v2\/media?parent=2915"}],"wp:term":[{"taxonomy":"product_brand","embeddable":true,"href":"https:\/\/theperfumebottles.com\/cs\/wp-json\/wp\/v2\/product_brand?post=2915"},{"taxonomy":"product_cat","embeddable":true,"href":"https:\/\/theperfumebottles.com\/cs\/wp-json\/wp\/v2\/product_cat?post=2915"},{"taxonomy":"product_tag","embeddable":true,"href":"https:\/\/theperfumebottles.com\/cs\/wp-json\/wp\/v2\/product_tag?post=2915"}],"curies":[{"name":"wp","href":"https:\/\/api.w.org\/{rel}","templated":true}]}}