{"id":2921,"date":"2025-03-27T04:16:02","date_gmt":"2025-03-27T04:16:02","guid":{"rendered":"https:\/\/theperfumebottles.com\/?post_type=product&#038;p=2921"},"modified":"2025-04-18T02:10:27","modified_gmt":"2025-04-18T02:10:27","slug":"best-perfume-bottles-with-orb-tops","status":"publish","type":"product","link":"https:\/\/theperfumebottles.com\/cs\/produkt\/best-perfume-bottles-with-orb-tops\/","title":{"rendered":"30ml 50ml 100ml Nejlep\u0161\u00ed k\u0159i\u0161\u0165\u00e1lov\u00e9 parf\u00e9mov\u00e9 lahvi\u010dky s kulov\u00fdmi uz\u00e1v\u011bry"},"content":{"rendered":"<p>Na\u0161e kolekce flakon\u016f na parf\u00e9my Orb je kr\u00e1sn\u00e1 a elegantn\u00ed, vyroben\u00e1 z vysoce kvalitn\u00edho k\u0159i\u0161\u0165\u00e1lov\u00e9ho skla. Jsou kr\u00e1sn\u00e9 i praktick\u00e9 z\u00e1rove\u0148. Ide\u00e1ln\u00ed pro pr\u00e9miov\u00e9 i niche v\u016fn\u011b.<\/p>\n<table style=\"border-collapse: collapse; margin-left: auto; margin-right: auto; width: 202.53pt;\" border=\"0\" width=\"270\" cellspacing=\"0\" cellpadding=\"0\">\n<tbody>\n<tr style=\"height: 15.00pt;\">\n<td style=\"height: 15.00pt; width: 67.50pt;\" width=\"90\" height=\"20\">\n<p><figure id=\"attachment_2923\" aria-describedby=\"caption-attachment-2923\" style=\"width: 300px\" class=\"wp-caption aligncenter\"><img fetchpriority=\"high\" decoding=\"async\" class=\"size-medium wp-image-2923\" src=\"https:\/\/theperfumebottles.com\/wp-content\/uploads\/2025\/03\/best-perfume-bottles-GK0401-300x300.webp\" alt=\"nejlep\u0161\u00ed lahvi\u010dky na parf\u00e9my\" width=\"300\" height=\"300\" srcset=\"https:\/\/theperfumebottles.com\/wp-content\/uploads\/2025\/03\/best-perfume-bottles-GK0401-300x300.webp 300w, https:\/\/theperfumebottles.com\/wp-content\/uploads\/2025\/03\/best-perfume-bottles-GK0401-150x150.webp 150w, https:\/\/theperfumebottles.com\/wp-content\/uploads\/2025\/03\/best-perfume-bottles-GK0401-768x768.webp 768w, https:\/\/theperfumebottles.com\/wp-content\/uploads\/2025\/03\/best-perfume-bottles-GK0401-12x12.webp 12w, https:\/\/theperfumebottles.com\/wp-content\/uploads\/2025\/03\/best-perfume-bottles-GK0401-600x600.webp 600w, https:\/\/theperfumebottles.com\/wp-content\/uploads\/2025\/03\/best-perfume-bottles-GK0401-100x100.webp 100w, https:\/\/theperfumebottles.com\/wp-content\/uploads\/2025\/03\/best-perfume-bottles-GK0401.webp 1000w\" sizes=\"(max-width: 300px) 100vw, 300px\" \/><figcaption id=\"caption-attachment-2923\" class=\"wp-caption-text\">30ml<\/figcaption><\/figure><\/td>\n<td style=\"width: 67.50pt;\" width=\"90\">\n<p><figure id=\"attachment_2926\" aria-describedby=\"caption-attachment-2926\" style=\"width: 300px\" class=\"wp-caption aligncenter\"><img decoding=\"async\" class=\"size-medium wp-image-2926\" src=\"https:\/\/theperfumebottles.com\/wp-content\/uploads\/2025\/03\/crystal-perfume-bottles-GK0402-300x300.webp\" alt=\"k\u0159i\u0161\u0165\u00e1lov\u00e9 lahvi\u010dky na parf\u00e9my\" width=\"300\" height=\"300\" srcset=\"https:\/\/theperfumebottles.com\/wp-content\/uploads\/2025\/03\/crystal-perfume-bottles-GK0402-300x300.webp 300w, https:\/\/theperfumebottles.com\/wp-content\/uploads\/2025\/03\/crystal-perfume-bottles-GK0402-150x150.webp 150w, https:\/\/theperfumebottles.com\/wp-content\/uploads\/2025\/03\/crystal-perfume-bottles-GK0402-768x768.webp 768w, https:\/\/theperfumebottles.com\/wp-content\/uploads\/2025\/03\/crystal-perfume-bottles-GK0402-12x12.webp 12w, https:\/\/theperfumebottles.com\/wp-content\/uploads\/2025\/03\/crystal-perfume-bottles-GK0402-600x600.webp 600w, https:\/\/theperfumebottles.com\/wp-content\/uploads\/2025\/03\/crystal-perfume-bottles-GK0402-100x100.webp 100w, https:\/\/theperfumebottles.com\/wp-content\/uploads\/2025\/03\/crystal-perfume-bottles-GK0402.webp 1024w\" sizes=\"(max-width: 300px) 100vw, 300px\" \/><figcaption id=\"caption-attachment-2926\" class=\"wp-caption-text\">50ml<\/figcaption><\/figure><\/td>\n<td style=\"width: 67.50pt;\" width=\"90\">\n<p><figure id=\"attachment_2927\" aria-describedby=\"caption-attachment-2927\" style=\"width: 300px\" class=\"wp-caption aligncenter\"><img decoding=\"async\" class=\"size-medium wp-image-2927\" src=\"https:\/\/theperfumebottles.com\/wp-content\/uploads\/2025\/03\/crystal-perfume-bottles-GK0403-300x300.webp\" alt=\"k\u0159i\u0161\u0165\u00e1lov\u00e9 lahvi\u010dky na parf\u00e9my\" width=\"300\" height=\"300\" srcset=\"https:\/\/theperfumebottles.com\/wp-content\/uploads\/2025\/03\/crystal-perfume-bottles-GK0403-300x300.webp 300w, https:\/\/theperfumebottles.com\/wp-content\/uploads\/2025\/03\/crystal-perfume-bottles-GK0403-150x150.webp 150w, https:\/\/theperfumebottles.com\/wp-content\/uploads\/2025\/03\/crystal-perfume-bottles-GK0403-768x768.webp 768w, https:\/\/theperfumebottles.com\/wp-content\/uploads\/2025\/03\/crystal-perfume-bottles-GK0403-12x12.webp 12w, https:\/\/theperfumebottles.com\/wp-content\/uploads\/2025\/03\/crystal-perfume-bottles-GK0403-600x600.webp 600w, https:\/\/theperfumebottles.com\/wp-content\/uploads\/2025\/03\/crystal-perfume-bottles-GK0403-100x100.webp 100w, https:\/\/theperfumebottles.com\/wp-content\/uploads\/2025\/03\/crystal-perfume-bottles-GK0403.webp 1024w\" sizes=\"(max-width: 300px) 100vw, 300px\" \/><figcaption id=\"caption-attachment-2927\" class=\"wp-caption-text\">100ml<\/figcaption><\/figure><\/td>\n<\/tr>\n<\/tbody>\n<\/table>\n<h2>Kl\u00ed\u010dov\u00e9 specifikace<\/h2>\n<div class=\"hyc-common-markdown__table-wrapper\">\n<table>\n<thead>\n<tr>\n<th>Model<\/th>\n<th>Kapacita<\/th>\n<th>Rozm\u011bry (V*H)<\/th>\n<th>Mo\u017enosti stropu<\/th>\n<th>Typ t\u011bsn\u011bn\u00ed<\/th>\n<\/tr>\n<\/thead>\n<tbody>\n<tr>\n<td>\u65c5\u884c\u88c5\u8bbe\u8ba1<\/td>\n<td>30ml<\/td>\n<td>42 * 73 mm<\/td>\n<td>Zlat\u00e1\/St\u0159\u00edbrn\u00e1\/\u010cern\u00e1<\/td>\n<td>Sprej Top<\/td>\n<\/tr>\n<tr>\n<td>PB-GK0402<\/td>\n<td>50ml<\/td>\n<td>45 * 88 mm<\/td>\n<td>Zlat\u00e1\/St\u0159\u00edbrn\u00e1\/\u010cern\u00e1<\/td>\n<td>Sprej Top<\/td>\n<\/tr>\n<tr>\n<td>PB-GK0403<\/td>\n<td>100ml<\/td>\n<td>56 * 101 mm<\/td>\n<td>Zlat\u00e1\/St\u0159\u00edbrn\u00e1\/\u010cern\u00e1<\/td>\n<td>Sprej Top<\/td>\n<\/tr>\n<\/tbody>\n<\/table>\n<\/div>\n<h2>P\u0159izp\u016fsoben\u00ed: P\u0159izp\u016fsobte si to jedine\u010dn\u011b<\/h2>\n<p>Pr\u00e1zdn\u00e9 flakony na parf\u00e9my \u0159ady Orb jsou ur\u010deny pro zna\u010dky, kter\u00e9 hledaj\u00ed jedine\u010dn\u00e9 balen\u00ed, kter\u00e9 odpov\u00edd\u00e1 jejich identit\u011b:<\/p>\n<ul>\n<li>\u200b<strong>P\u0159izp\u016fsoben\u00ed \u010depice<\/strong>Vyberte si povrchovou \u00fapravu (matn\u00e1, metalick\u00e1, ml\u00e9\u010dn\u00e1) a materi\u00e1l (prysky\u0159ice, hlin\u00edk).<\/li>\n<li>\u200b<strong>Povrch lahve<\/strong>Zvolte UV lakov\u00e1n\u00ed, gradientn\u00ed efekty nebo plnou pr\u016fhlednost.<\/li>\n<li>\u200b<strong>Branding<\/strong>P\u0159id\u00e1n\u00ed loga pomoc\u00ed hork\u00e9 ra\u017eby, s\u00edtotisku nebo grav\u00edrov\u00e1n\u00ed.<\/li>\n<li>\u200b<strong>Shoda barev<\/strong>P\u0159izp\u016fsobte l\u00e1hev i v\u00ed\u010dko palet\u011b va\u0161\u00ed zna\u010dky.<\/li>\n<\/ul>\n<hr \/>\n<h2>Pro\u010d si vybrat \u0159adu Orb?<\/h2>\n<p>Tyto k\u0159i\u0161\u0165\u00e1lov\u00e9 lahvi\u010dky na parf\u00e9my jsou v\u00edc ne\u017e jen pr\u00e1zdn\u00e9 lahvi\u010dky s rozpra\u0161ova\u010dem \u2013 jsou strategickou investic\u00ed do pr\u00e9miov\u00e9ho image va\u0161\u00ed zna\u010dky. Ide\u00e1ln\u00ed pro\u2026<strong>hromadn\u00e9<\/strong>\u00a0objedn\u00e1vky, \u0159ada Orb nab\u00edz\u00ed:<\/p>\n<ul>\n<li>\u200b<strong>Luxusn\u00ed atraktivita<\/strong>Siln\u00e9 sklo a kulovit\u00fd design v\u00ed\u010dka p\u0159itahuj\u00ed pozornost na konkuren\u010dn\u00edch trz\u00edch.<\/li>\n<li>\u200b<strong>Trvanlivost<\/strong>K\u0159i\u0161\u0165\u00e1lov\u00e9 sklo je odoln\u00e9 proti po\u0161kr\u00e1b\u00e1n\u00ed a zachov\u00e1v\u00e1 si pr\u016fhlednost po dlouhou dobu.<\/li>\n<li>\u200b<strong>Flexibilita<\/strong>P\u0159izp\u016fsobte si tvar, hrdlo nebo dno kulat\u00e9 lahvi\u010dky na parf\u00e9my sv\u00fdm estetick\u00fdm pot\u0159eb\u00e1m.<\/li>\n<\/ul>\n<h3><strong>Pro zna\u010dky, kter\u00e9 vy\u017eaduj\u00ed dokonalost<\/strong><\/h3>\n<p>A\u0165 u\u017e jste specializovan\u00fd parfum\u00e9r nebo glob\u00e1ln\u00ed luxusn\u00ed d\u016fm, lahvi\u010dky na parf\u00e9my \u0159ady Orb v\u00e1m dodaj\u00ed eleganci a funk\u010dnost. Jsou ide\u00e1ln\u00ed pro branding luxusn\u00edch v\u016fn\u00ed, kol\u00ednsk\u00fdch vod nebo olej\u016f pro p\u00e9\u010di o ple\u0165 a prom\u011bn\u00ed ka\u017edodenn\u00ed balen\u00ed v l\u00e1kadlo pro vypr\u00e1v\u011bn\u00ed p\u0159\u00edb\u011bh\u016f.<\/p>\n<p><strong>Objednejte si hromadn\u011b je\u0161t\u011b dnes<\/strong>\u00a0a nechte svou v\u016fni zaz\u00e1\u0159it v t\u011bch nejlep\u0161\u00edch parf\u00e9mov\u00fdch flakonech na trhu.<\/p>","protected":false},"excerpt":{"rendered":"<p>Prozkoumejte na\u0161e nejlep\u0161\u00ed flakony na parf\u00e9my \u2013 k\u0159i\u0161\u0165\u00e1lov\u00e9 kulat\u00e9 designy s v\u00ed\u010dky inspirovan\u00fdmi koulemi. Luxusn\u00ed sklen\u011bn\u00e9 n\u00e1doby s mo\u017enost\u00ed \u00fapravy pro branding a hromadn\u00e9 objedn\u00e1vky.<\/p>","protected":false},"featured_media":2926,"comment_status":"open","ping_status":"closed","template":"","meta":{"_acf_changed":false,"site-sidebar-layout":"default","site-content-layout":"","ast-site-content-layout":"default","site-content-style":"default","site-sidebar-style":"default","ast-global-header-display":"","ast-banner-title-visibility":"","ast-main-header-display":"","ast-hfb-above-header-display":"","ast-hfb-below-header-display":"","ast-hfb-mobile-header-display":"","site-post-title":"","ast-breadcrumbs-content":"","ast-featured-img":"","footer-sml-layout":"","ast-disable-related-posts":"","theme-transparent-header-meta":"default","adv-header-id-meta":"","stick-header-meta":"","header-above-stick-meta":"","header-main-stick-meta":"","header-below-stick-meta":"","astra-migrate-meta-layouts":"set","ast-page-background-enabled":"default","ast-page-background-meta":{"desktop":{"background-color":"var(--ast-global-color-5)","background-image":"","background-repeat":"repeat","background-position":"center center","background-size":"auto","background-attachment":"scroll","background-type":"","background-media":"","overlay-type":"","overlay-color":"","overlay-opacity":"","overlay-gradient":""},"tablet":{"background-color":"","background-image":"","background-repeat":"repeat","background-position":"center center","background-size":"auto","background-attachment":"scroll","background-type":"","background-media":"","overlay-type":"","overlay-color":"","overlay-opacity":"","overlay-gradient":""},"mobile":{"background-color":"","background-image":"","background-repeat":"repeat","background-position":"center center","background-size":"auto","background-attachment":"scroll","background-type":"","background-media":"","overlay-type":"","overlay-color":"","overlay-opacity":"","overlay-gradient":""}},"ast-content-background-meta":{"desktop":{"background-color":"var(--ast-global-color-4)","background-image":"","background-repeat":"repeat","background-position":"center center","background-size":"auto","background-attachment":"scroll","background-type":"","background-media":"","overlay-type":"","overlay-color":"","overlay-opacity":"","overlay-gradient":""},"tablet":{"background-color":"var(--ast-global-color-4)","background-image":"","background-repeat":"repeat","background-position":"center center","background-size":"auto","background-attachment":"scroll","background-type":"","background-media":"","overlay-type":"","overlay-color":"","overlay-opacity":"","overlay-gradient":""},"mobile":{"background-color":"var(--ast-global-color-4)","background-image":"","background-repeat":"repeat","background-position":"center center","background-size":"auto","background-attachment":"scroll","background-type":"","background-media":"","overlay-type":"","overlay-color":"","overlay-opacity":"","overlay-gradient":""}}},"product_brand":[],"product_cat":[41,72,91],"product_tag":[],"class_list":{"0":"post-2921","1":"product","2":"type-product","3":"status-publish","4":"has-post-thumbnail","6":"product_cat-perfume-bottles","7":"product_cat-cosmetic-packaging","8":"product_cat-custom-perfume-bottles","9":"desktop-align-left","10":"tablet-align-left","11":"mobile-align-left","13":"first","14":"instock","15":"shipping-taxable","16":"product-type-simple"},"acf":[],"jetpack_sharing_enabled":true,"_links":{"self":[{"href":"https:\/\/theperfumebottles.com\/cs\/wp-json\/wp\/v2\/product\/2921","targetHints":{"allow":["GET"]}}],"collection":[{"href":"https:\/\/theperfumebottles.com\/cs\/wp-json\/wp\/v2\/product"}],"about":[{"href":"https:\/\/theperfumebottles.com\/cs\/wp-json\/wp\/v2\/types\/product"}],"replies":[{"embeddable":true,"href":"https:\/\/theperfumebottles.com\/cs\/wp-json\/wp\/v2\/comments?post=2921"}],"wp:featuredmedia":[{"embeddable":true,"href":"https:\/\/theperfumebottles.com\/cs\/wp-json\/wp\/v2\/media\/2926"}],"wp:attachment":[{"href":"https:\/\/theperfumebottles.com\/cs\/wp-json\/wp\/v2\/media?parent=2921"}],"wp:term":[{"taxonomy":"product_brand","embeddable":true,"href":"https:\/\/theperfumebottles.com\/cs\/wp-json\/wp\/v2\/product_brand?post=2921"},{"taxonomy":"product_cat","embeddable":true,"href":"https:\/\/theperfumebottles.com\/cs\/wp-json\/wp\/v2\/product_cat?post=2921"},{"taxonomy":"product_tag","embeddable":true,"href":"https:\/\/theperfumebottles.com\/cs\/wp-json\/wp\/v2\/product_tag?post=2921"}],"curies":[{"name":"wp","href":"https:\/\/api.w.org\/{rel}","templated":true}]}}