{"id":2928,"date":"2025-03-27T06:17:19","date_gmt":"2025-03-27T06:17:19","guid":{"rendered":"https:\/\/theperfumebottles.com\/?post_type=product&#038;p=2928"},"modified":"2026-01-06T14:12:06","modified_gmt":"2026-01-06T06:12:06","slug":"luxury-crystal-perfume-bottles-with-marble-caps-30ml-50ml-100ml","status":"publish","type":"product","link":"https:\/\/theperfumebottles.com\/cs\/produkt\/luxury-crystal-perfume-bottles-with-marble-caps-30ml-50ml-100ml\/","title":{"rendered":"Luxusn\u00ed k\u0159i\u0161\u0165\u00e1lov\u00e9 lahvi\u010dky na parf\u00e9my s mramorov\u00fdmi uz\u00e1v\u011bry | 30ml\/50ml\/100ml"},"content":{"rendered":"<h2>S\u00e9rie Marble Sphere: Luxusn\u00ed k\u0159i\u0161\u0165\u00e1lov\u00e9 lahvi\u010dky na parf\u00e9my pro pr\u00e9miovou zna\u010dku v\u016fn\u011b<\/h2>\n<p>Pozvedn\u011bte svou \u0159adu v\u016fn\u00ed d\u00edky \u0159ad\u011b Marble Sphere, kolekci nejlep\u0161\u00edch flakon\u016f na parf\u00e9my, kter\u00e9 v sob\u011b spojuj\u00ed geometrickou p\u0159esnost a um\u011bleckou eleganci. Tyto k\u0159i\u0161\u0165\u00e1lov\u00e9 flakony na parf\u00e9my, navr\u017een\u00e9 pro n\u00e1ro\u010dn\u00e9 zna\u010dky hledaj\u00edc\u00ed jedine\u010dn\u00e1 obalov\u00e1 \u0159e\u0161en\u00ed, kombinuj\u00ed minimalistickou sofistikovanost s odv\u00e1\u017en\u00fdmi designov\u00fdmi prvky, kter\u00e9 zaujmou spot\u0159ebitele.<\/p>\n<table style=\"border-collapse: collapse;margin-left: auto;margin-right: auto;width: 162.03pt\" border=\"0\" width=\"216\" cellspacing=\"0\" cellpadding=\"0\">\n<tbody>\n<tr style=\"height: 13.50pt\">\n<td style=\"height: 13.50pt;width: 54.00pt\" width=\"72\" height=\"18\">\n<p><figure id=\"attachment_2932\" aria-describedby=\"caption-attachment-2932\" style=\"width: 300px\" class=\"wp-caption aligncenter\"><img fetchpriority=\"high\" decoding=\"async\" class=\"size-medium wp-image-2932\" src=\"https:\/\/theperfumebottles.com\/wp-content\/uploads\/2025\/03\/perfume-bottles-GK0501-300x300.webp\" alt=\"Luxusn\u00ed k\u0159i\u0161\u0165\u00e1lov\u00e9 lahvi\u010dky na parf\u00e9my s mramorov\u00fdmi uz\u00e1v\u011bry\" width=\"300\" height=\"300\" srcset=\"https:\/\/theperfumebottles.com\/wp-content\/uploads\/2025\/03\/perfume-bottles-GK0501-300x300.webp 300w, https:\/\/theperfumebottles.com\/wp-content\/uploads\/2025\/03\/perfume-bottles-GK0501-150x150.webp 150w, https:\/\/theperfumebottles.com\/wp-content\/uploads\/2025\/03\/perfume-bottles-GK0501-768x768.webp 768w, https:\/\/theperfumebottles.com\/wp-content\/uploads\/2025\/03\/perfume-bottles-GK0501-12x12.webp 12w, https:\/\/theperfumebottles.com\/wp-content\/uploads\/2025\/03\/perfume-bottles-GK0501-600x600.webp 600w, https:\/\/theperfumebottles.com\/wp-content\/uploads\/2025\/03\/perfume-bottles-GK0501-100x100.webp 100w, https:\/\/theperfumebottles.com\/wp-content\/uploads\/2025\/03\/perfume-bottles-GK0501.webp 1000w\" sizes=\"(max-width: 300px) 100vw, 300px\" \/><figcaption id=\"caption-attachment-2932\" class=\"wp-caption-text\">30ml\/PbGK0501<\/figcaption><\/figure><\/td>\n<td style=\"width: 54.00pt\" width=\"72\">\n<p><figure id=\"attachment_2933\" aria-describedby=\"caption-attachment-2933\" style=\"width: 300px\" class=\"wp-caption aligncenter\"><img decoding=\"async\" class=\"size-medium wp-image-2933\" src=\"https:\/\/theperfumebottles.com\/wp-content\/uploads\/2025\/03\/perfume-bottles-GK0502-300x300.webp\" alt=\"Luxusn\u00ed k\u0159i\u0161\u0165\u00e1lov\u00e9 lahvi\u010dky na parf\u00e9my s mramorov\u00fdmi uz\u00e1v\u011bry\" width=\"300\" height=\"300\" srcset=\"https:\/\/theperfumebottles.com\/wp-content\/uploads\/2025\/03\/perfume-bottles-GK0502-300x300.webp 300w, https:\/\/theperfumebottles.com\/wp-content\/uploads\/2025\/03\/perfume-bottles-GK0502-150x150.webp 150w, https:\/\/theperfumebottles.com\/wp-content\/uploads\/2025\/03\/perfume-bottles-GK0502-768x768.webp 768w, https:\/\/theperfumebottles.com\/wp-content\/uploads\/2025\/03\/perfume-bottles-GK0502-12x12.webp 12w, https:\/\/theperfumebottles.com\/wp-content\/uploads\/2025\/03\/perfume-bottles-GK0502-600x600.webp 600w, https:\/\/theperfumebottles.com\/wp-content\/uploads\/2025\/03\/perfume-bottles-GK0502-100x100.webp 100w, https:\/\/theperfumebottles.com\/wp-content\/uploads\/2025\/03\/perfume-bottles-GK0502.webp 1000w\" sizes=\"(max-width: 300px) 100vw, 300px\" \/><figcaption id=\"caption-attachment-2933\" class=\"wp-caption-text\">50ml\/PbGK0502<\/figcaption><\/figure><\/td>\n<td style=\"width: 54.00pt\" width=\"72\">\n<p><figure id=\"attachment_2934\" aria-describedby=\"caption-attachment-2934\" style=\"width: 300px\" class=\"wp-caption aligncenter\"><img decoding=\"async\" class=\"size-medium wp-image-2934\" src=\"https:\/\/theperfumebottles.com\/wp-content\/uploads\/2025\/03\/perfume-bottles-GK0503-300x300.webp\" alt=\"Luxusn\u00ed k\u0159i\u0161\u0165\u00e1lov\u00e9 lahvi\u010dky na parf\u00e9my s mramorov\u00fdmi uz\u00e1v\u011bry\" width=\"300\" height=\"300\" srcset=\"https:\/\/theperfumebottles.com\/wp-content\/uploads\/2025\/03\/perfume-bottles-GK0503-300x300.webp 300w, https:\/\/theperfumebottles.com\/wp-content\/uploads\/2025\/03\/perfume-bottles-GK0503-150x150.webp 150w, https:\/\/theperfumebottles.com\/wp-content\/uploads\/2025\/03\/perfume-bottles-GK0503-768x768.webp 768w, https:\/\/theperfumebottles.com\/wp-content\/uploads\/2025\/03\/perfume-bottles-GK0503-12x12.webp 12w, https:\/\/theperfumebottles.com\/wp-content\/uploads\/2025\/03\/perfume-bottles-GK0503-600x600.webp 600w, https:\/\/theperfumebottles.com\/wp-content\/uploads\/2025\/03\/perfume-bottles-GK0503-100x100.webp 100w, https:\/\/theperfumebottles.com\/wp-content\/uploads\/2025\/03\/perfume-bottles-GK0503.webp 1000w\" sizes=\"(max-width: 300px) 100vw, 300px\" \/><figcaption id=\"caption-attachment-2934\" class=\"wp-caption-text\">100ml\/PbGK0503<\/figcaption><\/figure><\/td>\n<\/tr>\n<\/tbody>\n<\/table>\n<h2>Kl\u00ed\u010dov\u00e9 specifikace<\/h2>\n<div class=\"hyc-common-markdown__table-wrapper\">\n<table>\n<thead>\n<tr>\n<th>Model<\/th>\n<th>Kapacita<\/th>\n<th>Rozm\u011bry<\/th>\n<th>Materi\u00e1l<\/th>\n<th>Typ t\u011bsn\u011bn\u00ed<\/th>\n<\/tr>\n<\/thead>\n<tbody>\n<tr>\n<td>PB-GK0501<\/td>\n<td>30ml<\/td>\n<td>37\u00d737\u00d776 mm, r\u00e1\u017ee 15 mm<\/td>\n<td>K\u0159i\u0161\u0165\u00e1lov\u00e9 sklo<\/td>\n<td>Sprej Top<\/td>\n<\/tr>\n<tr>\n<td>PB-GK0502<\/td>\n<td>50ml<\/td>\n<td>41\u00d741\u00d785 mm, r\u00e1\u017ee 15 mm<\/td>\n<td>K\u0159i\u0161\u0165\u00e1lov\u00e9 sklo<\/td>\n<td>Sprej Top<\/td>\n<\/tr>\n<tr>\n<td>PB-GK0503<\/td>\n<td>100ml<\/td>\n<td>52\u00d752\u00d7130 mm, r\u00e1\u017ee 15 mm<\/td>\n<td>K\u0159i\u0161\u0165\u00e1lov\u00e9 sklo<\/td>\n<td>Sprej Top<\/td>\n<\/tr>\n<\/tbody>\n<\/table>\n<\/div>\n<h2>Pro\u010d si vybrat \u0159adu Marble Sphere?<\/h2>\n<h3>Pro majitele zna\u010dek a obchodn\u00edky<\/h3>\n<p>Tyto pr\u00e1zdn\u00e9 lahvi\u010dky na parf\u00e9my jsou navr\u017eeny tak, aby spl\u0148ovaly po\u017eadavky partner\u016f z \u0159ad velkov\u00fdrobc\u016f a specializovan\u00fdch zna\u010dek. Rozpra\u0161ova\u010d o \u0161\u00ed\u0159ce 15 mm zaji\u0161\u0165uje plynul\u00e9 rozpt\u00fdlen\u00ed v\u016fn\u011b a modul\u00e1rn\u00ed konstrukce umo\u017e\u0148uje \u00fapravy na m\u00edru:<\/p>\n<ul>\n<li>\u200b<strong>Tvar l\u00e1hve<\/strong>: Upravte styl ramene, povrchovou \u00fapravu krku nebo tlou\u0161\u0165ku z\u00e1kladny.<\/li>\n<li>\u200b<strong>Povrchov\u00e9 \u00fapravy<\/strong>: Vyberte si matn\u00e9 textury, gradientn\u00ed barvy nebo s\u00edtotisk.<\/li>\n<li>\u200b<strong>P\u0159izp\u016fsoben\u00ed \u010depice<\/strong>: Matn\u00e9\/leskl\u00e9 povrchy, vlastn\u00ed v\u00edry nebo zna\u010dkov\u00e9 rytiny.<\/li>\n<\/ul>\n<h3>V\u0161estrann\u00e9 aplikace<\/h3>\n<p>Skv\u011ble se hod\u00ed k balen\u00ed luxusn\u00edch parf\u00e9m\u016f, kol\u00ednsk\u00fdch vod v limitovan\u00e9 edici nebo \u0159emesln\u00fdch vzork\u016f v\u016fn\u00ed. Elegance k\u0159i\u0161\u0165\u00e1lov\u00e9ho skla v kombinaci s uz\u00e1v\u011bry inspirovan\u00fdmi mramorem zajist\u00ed, \u017ee v\u00e1\u0161 v\u00fdrobek vynikne na polic\u00edch i v osobn\u00edch sb\u00edrk\u00e1ch.<\/p>\n<h2>Pozvedn\u011bte svou zna\u010dku d\u00edky bezkonkuren\u010dn\u00edmu \u0159emesln\u00e9mu zpracov\u00e1n\u00ed<\/h2>\n<p>S\u00e9rie Marble Sphere nen\u00ed jen o kontejnerech - je o vypr\u00e1v\u011bn\u00ed p\u0159\u00edb\u011bh\u016f. Ka\u017ed\u00e1 l\u00e1hev odr\u00e1\u017e\u00ed harmonii modern\u00ed geometrie a nad\u010dasov\u00e9ho um\u011bleck\u00e9ho stylu, co\u017e z n\u00ed \u010din\u00ed nezbytnou v\u00fdbavu pro zna\u010dky, kter\u00e9 up\u0159ednost\u0148uj\u00ed dokonalost zna\u010dky.<\/p>\n<p><strong>Hromadn\u00e1 objedn\u00e1vka a vlastn\u00ed nab\u00eddky k dispozici<\/strong><br \/>\nKontaktujte n\u00e1s je\u0161t\u011b dnes a prom\u011b\u0148te sv\u00e9 pr\u00e1zdn\u00e9 sklen\u011bn\u00e9 l\u00e1hve v luxusn\u00ed zna\u010dkov\u00e9 zbo\u017e\u00ed!<\/p>","protected":false},"excerpt":{"rendered":"<p>Objevte k\u0159i\u0161\u0165\u00e1lov\u00e9 flakony na parf\u00e9my s um\u011bleck\u00fdmi mramorov\u00fdmi uz\u00e1v\u011bry. Ide\u00e1ln\u00ed pro luxusn\u00ed zna\u010dky v\u016fn\u00ed. Hromadn\u00e9 p\u0159izp\u016fsoben\u00ed, 3 velikosti a elegantn\u00ed \u0159e\u0161en\u00ed zna\u010dky.<\/p>","protected":false},"featured_media":2934,"comment_status":"open","ping_status":"closed","template":"","meta":{"_acf_changed":false,"site-sidebar-layout":"default","site-content-layout":"","ast-site-content-layout":"default","site-content-style":"default","site-sidebar-style":"default","ast-global-header-display":"","ast-banner-title-visibility":"","ast-main-header-display":"","ast-hfb-above-header-display":"","ast-hfb-below-header-display":"","ast-hfb-mobile-header-display":"","site-post-title":"","ast-breadcrumbs-content":"","ast-featured-img":"","footer-sml-layout":"","ast-disable-related-posts":"","theme-transparent-header-meta":"default","adv-header-id-meta":"","stick-header-meta":"","header-above-stick-meta":"","header-main-stick-meta":"","header-below-stick-meta":"","astra-migrate-meta-layouts":"set","ast-page-background-enabled":"default","ast-page-background-meta":{"desktop":{"background-color":"var(--ast-global-color-5)","background-image":"","background-repeat":"repeat","background-position":"center center","background-size":"auto","background-attachment":"scroll","background-type":"","background-media":"","overlay-type":"","overlay-color":"","overlay-opacity":"","overlay-gradient":""},"tablet":{"background-color":"","background-image":"","background-repeat":"repeat","background-position":"center center","background-size":"auto","background-attachment":"scroll","background-type":"","background-media":"","overlay-type":"","overlay-color":"","overlay-opacity":"","overlay-gradient":""},"mobile":{"background-color":"","background-image":"","background-repeat":"repeat","background-position":"center center","background-size":"auto","background-attachment":"scroll","background-type":"","background-media":"","overlay-type":"","overlay-color":"","overlay-opacity":"","overlay-gradient":""}},"ast-content-background-meta":{"desktop":{"background-color":"var(--ast-global-color-4)","background-image":"","background-repeat":"repeat","background-position":"center center","background-size":"auto","background-attachment":"scroll","background-type":"","background-media":"","overlay-type":"","overlay-color":"","overlay-opacity":"","overlay-gradient":""},"tablet":{"background-color":"var(--ast-global-color-4)","background-image":"","background-repeat":"repeat","background-position":"center center","background-size":"auto","background-attachment":"scroll","background-type":"","background-media":"","overlay-type":"","overlay-color":"","overlay-opacity":"","overlay-gradient":""},"mobile":{"background-color":"var(--ast-global-color-4)","background-image":"","background-repeat":"repeat","background-position":"center center","background-size":"auto","background-attachment":"scroll","background-type":"","background-media":"","overlay-type":"","overlay-color":"","overlay-opacity":"","overlay-gradient":""}}},"product_brand":[],"product_cat":[72,91,41],"product_tag":[],"class_list":{"0":"post-2928","1":"product","2":"type-product","3":"status-publish","4":"has-post-thumbnail","6":"product_cat-cosmetic-packaging","7":"product_cat-custom-perfume-bottles","8":"product_cat-perfume-bottles","9":"desktop-align-left","10":"tablet-align-left","11":"mobile-align-left","13":"first","14":"instock","15":"shipping-taxable","16":"product-type-simple"},"acf":[],"jetpack_sharing_enabled":true,"_links":{"self":[{"href":"https:\/\/theperfumebottles.com\/cs\/wp-json\/wp\/v2\/product\/2928","targetHints":{"allow":["GET"]}}],"collection":[{"href":"https:\/\/theperfumebottles.com\/cs\/wp-json\/wp\/v2\/product"}],"about":[{"href":"https:\/\/theperfumebottles.com\/cs\/wp-json\/wp\/v2\/types\/product"}],"replies":[{"embeddable":true,"href":"https:\/\/theperfumebottles.com\/cs\/wp-json\/wp\/v2\/comments?post=2928"}],"wp:featuredmedia":[{"embeddable":true,"href":"https:\/\/theperfumebottles.com\/cs\/wp-json\/wp\/v2\/media\/2934"}],"wp:attachment":[{"href":"https:\/\/theperfumebottles.com\/cs\/wp-json\/wp\/v2\/media?parent=2928"}],"wp:term":[{"taxonomy":"product_brand","embeddable":true,"href":"https:\/\/theperfumebottles.com\/cs\/wp-json\/wp\/v2\/product_brand?post=2928"},{"taxonomy":"product_cat","embeddable":true,"href":"https:\/\/theperfumebottles.com\/cs\/wp-json\/wp\/v2\/product_cat?post=2928"},{"taxonomy":"product_tag","embeddable":true,"href":"https:\/\/theperfumebottles.com\/cs\/wp-json\/wp\/v2\/product_tag?post=2928"}],"curies":[{"name":"wp","href":"https:\/\/api.w.org\/{rel}","templated":true}]}}