{"id":2943,"date":"2025-04-01T07:30:00","date_gmt":"2025-04-01T07:30:00","guid":{"rendered":"https:\/\/theperfumebottles.com\/?post_type=product&#038;p=2943"},"modified":"2025-04-18T01:46:50","modified_gmt":"2025-04-18T01:46:50","slug":"30ml-50ml-100ml-perfume-empty-spray-bottles-with-spherical-caps","status":"publish","type":"product","link":"https:\/\/theperfumebottles.com\/cs\/produkt\/30ml-50ml-100ml-perfume-empty-spray-bottles-with-spherical-caps\/","title":{"rendered":"Pr\u00e1zdn\u00e9 lahvi\u010dky s rozpra\u0161ova\u010dem 30ml 50ml 100ml s kulov\u00fdmi uz\u00e1v\u011bry"},"content":{"rendered":"<p>Na\u0161e \u0159ada parf\u00e9mov\u00fdch lahv\u00ed GK07 je um\u011bleck\u00e1 i praktick\u00e1, vhodn\u00e1 pro r\u016fzn\u00e9 zna\u010dky a mo\u017enosti p\u0159izp\u016fsoben\u00ed umoc\u0148uj\u00ed kouzlo zna\u010dky.<\/p>\n<h2>Kl\u00ed\u010dov\u00e9 specifikace<\/h2>\n<div class=\"hyc-common-markdown__table-wrapper\">\n<table>\n<thead>\n<tr>\n<th>Model<\/th>\n<th>Kapacita<\/th>\n<th>Rozm\u011bry (V*\u0160)<\/th>\n<th>Mo\u017enosti barev \u010depice<\/th>\n<th>P\u0159izp\u016fsobiteln\u00e9 funkce<\/th>\n<\/tr>\n<\/thead>\n<tbody>\n<tr>\n<td>PB-GK0701<\/td>\n<td>30ml<\/td>\n<td>38 * 89 mm<\/td>\n<td>B\u00edl\u00e1\/\u010dern\u00e1\/modr\u00e1<\/td>\n<td>\u010cerven\u00e1, fialov\u00e1, zelen\u00e1 atd.<\/td>\n<\/tr>\n<tr>\n<td>PB-GK0702<\/td>\n<td>50ml<\/td>\n<td>42 * 98 mm<\/td>\n<td>B\u00edl\u00e1\/\u010dern\u00e1\/modr\u00e1<\/td>\n<td>Grav\u00edrovan\u00e1 loga, gradientn\u00ed sklo<\/td>\n<\/tr>\n<tr>\n<td>PB-GK0703<\/td>\n<td>100ml<\/td>\n<td>48 * 130 mm<\/td>\n<td>B\u00edl\u00e1\/\u010dern\u00e1\/modr\u00e1<\/td>\n<td>Matn\u00e1 textura, mramorov\u00e9 efekty<\/td>\n<\/tr>\n<\/tbody>\n<\/table>\n<\/div>\n<p><em>V\u0161echny modely maj\u00ed \u0161roubovac\u00ed uz\u00e1v\u011br, 15mm kalibr a kulat\u00fd tvar skla.<\/em><\/p>\n<h2>P\u0159izp\u016fsoben\u00ed pro jedine\u010dnou zna\u010dku<\/h2>\n<p>Prom\u011b\u0148te pr\u00e1zdn\u00e9 lahvi\u010dky od parf\u00e9m\u016f v mistrovsk\u00e1 d\u00edla:<\/p>\n<ul>\n<li>\u200b<strong>Vyryt\u00e9 detaily<\/strong>: Laserem vyleptan\u00e1 loga nebo vzory dodaj\u00ed trvanlivost.<\/li>\n<li>\u200b<strong>Barevn\u00e1 flexibilita<\/strong>: Vyberte si odv\u00e1\u017en\u00fd flakon d\u00e1msk\u00e9ho parf\u00e9mu nebo jemn\u00e9 matn\u00e9 povrchy.<\/li>\n<li>\u200b<strong>\u0158e\u0161en\u00ed pro hromadn\u00e9 balen\u00ed<\/strong>: Ide\u00e1ln\u00ed pro zna\u010dky, kter\u00e9 pot\u0159ebuj\u00ed soudr\u017en\u00e9 velkoobjemov\u00e9 obaly.<\/li>\n<\/ul>\n<h2>Pro\u010d si vybrat tyto lahvi\u010dky na parf\u00e9my?<\/h2>\n<p>Tyto lahvi\u010dky s rozpra\u0161ova\u010dem jsou ur\u010deny pro luxusn\u00ed zna\u010dky a v\u00fdrobce priv\u00e1tn\u00edch zna\u010dek a spojuj\u00ed eleganci s prakti\u010dnost\u00ed. K\u0159i\u0161\u0165\u00e1lov\u011b pr\u016fhledn\u00e9 sklo a design s kulovitou \u0161pi\u010dkou zvy\u0161uj\u00ed z\u00e1\u017eitek z rozbalov\u00e1n\u00ed a mo\u017enosti p\u0159izp\u016fsoben\u00ed (grav\u00edrov\u00e1n\u00ed, gradientn\u00ed efekty) zaji\u0161\u0165uj\u00ed, \u017ee va\u0161e v\u016fn\u011b vynikne.<\/p>\n<p><strong>Ide\u00e1ln\u00ed pro<\/strong>:<\/p>\n<ul>\n<li>\u0160pi\u010dkov\u00e9 zna\u010dky parf\u00e9m\u016f<\/li>\n<li>Tv\u016frci kol\u00ednsk\u00fdch vod<\/li>\n<li>Vlastn\u00ed d\u00e1rkov\u00e9 sady nebo limitovan\u00e9 edice<\/li>\n<\/ul>\n<p><strong>Hromadn\u00e9 objedn\u00e1vky a podpora OEM<\/strong>: Jako d\u016fv\u011bryhodn\u00fd v\u00fdrobce sklen\u011bn\u00fdch obal\u016f nab\u00edz\u00edme konkurenceschopn\u00e9 velkoobchodn\u00ed ceny a \u0159e\u0161en\u00ed zna\u010dky na m\u00edru. Nechte svou v\u016fni zaz\u00e1\u0159it v lahvi\u010dk\u00e1ch, kter\u00e9 zt\u011bles\u0148uj\u00ed eleganci - kontaktujte n\u00e1s a vytvo\u0159te si sv\u00e9 charakteristick\u00e9 pr\u00e1zdn\u00e9 lahvi\u010dky na parf\u00e9my je\u0161t\u011b dnes.<\/p>","protected":false},"excerpt":{"rendered":"<p>Vylep\u0161ete svou zna\u010dku v\u016fn\u011b pomoc\u00ed vlastn\u00edch lahvi\u010dek na d\u00e1msk\u00e9 parf\u00e9my a pr\u00e9miov\u00fdch pr\u00e1zdn\u00fdch lahvi\u010dek s rozpra\u0161ova\u010dem. K dispozici jsou hromadn\u00e9 objedn\u00e1vky, k\u0159i\u0161\u0165\u00e1lov\u00e9 sklo a grav\u00edrovan\u00e9 vzory.<\/p>","protected":false},"featured_media":2945,"comment_status":"open","ping_status":"closed","template":"","meta":{"_acf_changed":false,"site-sidebar-layout":"default","site-content-layout":"","ast-site-content-layout":"default","site-content-style":"default","site-sidebar-style":"default","ast-global-header-display":"","ast-banner-title-visibility":"","ast-main-header-display":"","ast-hfb-above-header-display":"","ast-hfb-below-header-display":"","ast-hfb-mobile-header-display":"","site-post-title":"","ast-breadcrumbs-content":"","ast-featured-img":"","footer-sml-layout":"","ast-disable-related-posts":"","theme-transparent-header-meta":"default","adv-header-id-meta":"","stick-header-meta":"","header-above-stick-meta":"","header-main-stick-meta":"","header-below-stick-meta":"","astra-migrate-meta-layouts":"set","ast-page-background-enabled":"default","ast-page-background-meta":{"desktop":{"background-color":"var(--ast-global-color-5)","background-image":"","background-repeat":"repeat","background-position":"center center","background-size":"auto","background-attachment":"scroll","background-type":"","background-media":"","overlay-type":"","overlay-color":"","overlay-opacity":"","overlay-gradient":""},"tablet":{"background-color":"","background-image":"","background-repeat":"repeat","background-position":"center center","background-size":"auto","background-attachment":"scroll","background-type":"","background-media":"","overlay-type":"","overlay-color":"","overlay-opacity":"","overlay-gradient":""},"mobile":{"background-color":"","background-image":"","background-repeat":"repeat","background-position":"center center","background-size":"auto","background-attachment":"scroll","background-type":"","background-media":"","overlay-type":"","overlay-color":"","overlay-opacity":"","overlay-gradient":""}},"ast-content-background-meta":{"desktop":{"background-color":"var(--ast-global-color-4)","background-image":"","background-repeat":"repeat","background-position":"center center","background-size":"auto","background-attachment":"scroll","background-type":"","background-media":"","overlay-type":"","overlay-color":"","overlay-opacity":"","overlay-gradient":""},"tablet":{"background-color":"var(--ast-global-color-4)","background-image":"","background-repeat":"repeat","background-position":"center center","background-size":"auto","background-attachment":"scroll","background-type":"","background-media":"","overlay-type":"","overlay-color":"","overlay-opacity":"","overlay-gradient":""},"mobile":{"background-color":"var(--ast-global-color-4)","background-image":"","background-repeat":"repeat","background-position":"center center","background-size":"auto","background-attachment":"scroll","background-type":"","background-media":"","overlay-type":"","overlay-color":"","overlay-opacity":"","overlay-gradient":""}}},"product_brand":[],"product_cat":[72,91,41],"product_tag":[],"class_list":{"0":"post-2943","1":"product","2":"type-product","3":"status-publish","4":"has-post-thumbnail","6":"product_cat-cosmetic-packaging","7":"product_cat-custom-perfume-bottles","8":"product_cat-perfume-bottles","9":"desktop-align-left","10":"tablet-align-left","11":"mobile-align-left","13":"first","14":"instock","15":"shipping-taxable","16":"product-type-simple"},"acf":[],"jetpack_sharing_enabled":true,"_links":{"self":[{"href":"https:\/\/theperfumebottles.com\/cs\/wp-json\/wp\/v2\/product\/2943","targetHints":{"allow":["GET"]}}],"collection":[{"href":"https:\/\/theperfumebottles.com\/cs\/wp-json\/wp\/v2\/product"}],"about":[{"href":"https:\/\/theperfumebottles.com\/cs\/wp-json\/wp\/v2\/types\/product"}],"replies":[{"embeddable":true,"href":"https:\/\/theperfumebottles.com\/cs\/wp-json\/wp\/v2\/comments?post=2943"}],"wp:featuredmedia":[{"embeddable":true,"href":"https:\/\/theperfumebottles.com\/cs\/wp-json\/wp\/v2\/media\/2945"}],"wp:attachment":[{"href":"https:\/\/theperfumebottles.com\/cs\/wp-json\/wp\/v2\/media?parent=2943"}],"wp:term":[{"taxonomy":"product_brand","embeddable":true,"href":"https:\/\/theperfumebottles.com\/cs\/wp-json\/wp\/v2\/product_brand?post=2943"},{"taxonomy":"product_cat","embeddable":true,"href":"https:\/\/theperfumebottles.com\/cs\/wp-json\/wp\/v2\/product_cat?post=2943"},{"taxonomy":"product_tag","embeddable":true,"href":"https:\/\/theperfumebottles.com\/cs\/wp-json\/wp\/v2\/product_tag?post=2943"}],"curies":[{"name":"wp","href":"https:\/\/api.w.org\/{rel}","templated":true}]}}