{"id":2950,"date":"2025-04-02T06:01:53","date_gmt":"2025-04-02T06:01:53","guid":{"rendered":"https:\/\/theperfumebottles.com\/?post_type=product&#038;p=2950"},"modified":"2025-05-29T09:58:38","modified_gmt":"2025-05-29T01:58:38","slug":"30ml-50ml-100ml-unique-perfume-bottles-with-mountain-base","status":"publish","type":"product","link":"https:\/\/theperfumebottles.com\/cs\/produkt\/30ml-50ml-100ml-unique-perfume-bottles-with-mountain-base\/","title":{"rendered":"30ml 50ml 100ml Unik\u00e1tn\u00ed parf\u00e9mov\u00e9 lahvi\u010dky s horskou z\u00e1kladnou"},"content":{"rendered":"<p>Pro zna\u010dky a velkoobchodn\u00edky, kte\u0159\u00ed hledaj\u00ed jedine\u010dn\u00e9 velkoobchodn\u00ed balen\u00ed lahvi\u010dek na parf\u00e9my, v n\u011bm\u017e se snoub\u00ed um\u011bleck\u00e1 str\u00e1nka s prakti\u010dnost\u00ed, je na\u0161e kolekce lahvi\u010dek na parf\u00e9my Mountain Base novou definic\u00ed elegance. Tyto pr\u00e1zdn\u00e9 sklen\u011bn\u00e9 lahvi\u010dky na parf\u00e9my, vytvo\u0159en\u00e9 pro pr\u00e9miov\u00e9 \u0159ady kol\u00ednsk\u00fdch vod a v\u016fn\u00ed, nab\u00edzej\u00ed bezkonkuren\u010dn\u00ed v\u0161estrannost pro branding a hromadn\u00e9 p\u0159izp\u016fsoben\u00ed.<\/p>\n<table style=\"border-collapse: collapse;margin-left: auto;margin-right: auto;width: 202.53pt\" border=\"0\" width=\"270\" cellspacing=\"0\" cellpadding=\"0\">\n<tbody>\n<tr style=\"height: 15.00pt\">\n<td style=\"height: 15.00pt;width: 67.50pt\" width=\"90\" height=\"20\">\n<p><figure id=\"attachment_2955\" aria-describedby=\"caption-attachment-2955\" style=\"width: 300px\" class=\"wp-caption aligncenter\"><img fetchpriority=\"high\" decoding=\"async\" class=\"size-medium wp-image-2955\" src=\"https:\/\/theperfumebottles.com\/wp-content\/uploads\/2025\/04\/unique-perfume-bottles-wholesale-HS0101-300x300.webp\" alt=\"jedine\u010dn\u00e9 lahvi\u010dky na parf\u00e9my\" width=\"300\" height=\"300\" srcset=\"https:\/\/theperfumebottles.com\/wp-content\/uploads\/2025\/04\/unique-perfume-bottles-wholesale-HS0101-300x300.webp 300w, https:\/\/theperfumebottles.com\/wp-content\/uploads\/2025\/04\/unique-perfume-bottles-wholesale-HS0101-150x150.webp 150w, https:\/\/theperfumebottles.com\/wp-content\/uploads\/2025\/04\/unique-perfume-bottles-wholesale-HS0101-768x768.webp 768w, https:\/\/theperfumebottles.com\/wp-content\/uploads\/2025\/04\/unique-perfume-bottles-wholesale-HS0101-12x12.webp 12w, https:\/\/theperfumebottles.com\/wp-content\/uploads\/2025\/04\/unique-perfume-bottles-wholesale-HS0101-600x600.webp 600w, https:\/\/theperfumebottles.com\/wp-content\/uploads\/2025\/04\/unique-perfume-bottles-wholesale-HS0101-100x100.webp 100w, https:\/\/theperfumebottles.com\/wp-content\/uploads\/2025\/04\/unique-perfume-bottles-wholesale-HS0101.webp 1024w\" sizes=\"(max-width: 300px) 100vw, 300px\" \/><figcaption id=\"caption-attachment-2955\" class=\"wp-caption-text\">30ml<\/figcaption><\/figure><\/td>\n<td style=\"width: 67.50pt\" width=\"90\">\n<p><figure id=\"attachment_2956\" aria-describedby=\"caption-attachment-2956\" style=\"width: 300px\" class=\"wp-caption aligncenter\"><img decoding=\"async\" class=\"size-medium wp-image-2956\" src=\"https:\/\/theperfumebottles.com\/wp-content\/uploads\/2025\/04\/unique-perfume-bottles-wholesale-HS0102-300x300.webp\" alt=\"velkoobchod s unik\u00e1tn\u00edmi flakony na parf\u00e9my\" width=\"300\" height=\"300\" srcset=\"https:\/\/theperfumebottles.com\/wp-content\/uploads\/2025\/04\/unique-perfume-bottles-wholesale-HS0102-300x300.webp 300w, https:\/\/theperfumebottles.com\/wp-content\/uploads\/2025\/04\/unique-perfume-bottles-wholesale-HS0102-150x150.webp 150w, https:\/\/theperfumebottles.com\/wp-content\/uploads\/2025\/04\/unique-perfume-bottles-wholesale-HS0102-768x768.webp 768w, https:\/\/theperfumebottles.com\/wp-content\/uploads\/2025\/04\/unique-perfume-bottles-wholesale-HS0102-12x12.webp 12w, https:\/\/theperfumebottles.com\/wp-content\/uploads\/2025\/04\/unique-perfume-bottles-wholesale-HS0102-600x600.webp 600w, https:\/\/theperfumebottles.com\/wp-content\/uploads\/2025\/04\/unique-perfume-bottles-wholesale-HS0102-100x100.webp 100w, https:\/\/theperfumebottles.com\/wp-content\/uploads\/2025\/04\/unique-perfume-bottles-wholesale-HS0102.webp 1024w\" sizes=\"(max-width: 300px) 100vw, 300px\" \/><figcaption id=\"caption-attachment-2956\" class=\"wp-caption-text\">50ml<\/figcaption><\/figure><\/td>\n<td style=\"width: 67.50pt\" width=\"90\">\n<p><figure id=\"attachment_2951\" aria-describedby=\"caption-attachment-2951\" style=\"width: 300px\" class=\"wp-caption aligncenter\"><img decoding=\"async\" class=\"size-medium wp-image-2951\" src=\"https:\/\/theperfumebottles.com\/wp-content\/uploads\/2025\/04\/unique-perfume-bottles-wholesale-HS0103-300x300.webp\" alt=\"velkoobchod s unik\u00e1tn\u00edmi flakony na parf\u00e9my\" width=\"300\" height=\"300\" srcset=\"https:\/\/theperfumebottles.com\/wp-content\/uploads\/2025\/04\/unique-perfume-bottles-wholesale-HS0103-300x300.webp 300w, https:\/\/theperfumebottles.com\/wp-content\/uploads\/2025\/04\/unique-perfume-bottles-wholesale-HS0103-150x150.webp 150w, https:\/\/theperfumebottles.com\/wp-content\/uploads\/2025\/04\/unique-perfume-bottles-wholesale-HS0103-768x768.webp 768w, https:\/\/theperfumebottles.com\/wp-content\/uploads\/2025\/04\/unique-perfume-bottles-wholesale-HS0103-12x12.webp 12w, https:\/\/theperfumebottles.com\/wp-content\/uploads\/2025\/04\/unique-perfume-bottles-wholesale-HS0103-600x600.webp 600w, https:\/\/theperfumebottles.com\/wp-content\/uploads\/2025\/04\/unique-perfume-bottles-wholesale-HS0103-100x100.webp 100w, https:\/\/theperfumebottles.com\/wp-content\/uploads\/2025\/04\/unique-perfume-bottles-wholesale-HS0103.webp 1024w\" sizes=\"(max-width: 300px) 100vw, 300px\" \/><figcaption id=\"caption-attachment-2951\" class=\"wp-caption-text\">100ml<\/figcaption><\/figure><\/td>\n<\/tr>\n<\/tbody>\n<\/table>\n<h2>Kl\u00ed\u010dov\u00e9 specifikace pro velkoobchodn\u00ed odb\u011bratele<\/h2>\n<div class=\"hyc-common-markdown__table-wrapper\">\n<table>\n<thead>\n<tr>\n<th>Model<\/th>\n<th>Kapacita<\/th>\n<th>Rozm\u011bry (H*\u00d8)<\/th>\n<th>R\u00e1\u017ee<\/th>\n<th>Tvar skla<\/th>\n<\/tr>\n<\/thead>\n<tbody>\n<tr>\n<td>PB-HS0101<\/td>\n<td>30ml<\/td>\n<td>45 * 73 mm<\/td>\n<td>15 mm<\/td>\n<td>Kulat\u00fd s horskou z\u00e1kladnou<\/td>\n<\/tr>\n<tr>\n<td>PB-HS0102<\/td>\n<td>50ml<\/td>\n<td>51 * 80 mm<\/td>\n<td>15 mm<\/td>\n<td>Kulat\u00fd s horskou z\u00e1kladnou<\/td>\n<\/tr>\n<tr>\n<td>PB-HS0103<\/td>\n<td>100ml<\/td>\n<td>59 * 94 mm<\/td>\n<td>15 mm<\/td>\n<td>Kulat\u00fd s horskou z\u00e1kladnou<\/td>\n<\/tr>\n<\/tbody>\n<\/table>\n<\/div>\n<h2>Pro\u010d si vybrat pr\u00e1v\u011b tuto l\u00e1hev?<\/h2>\n<h3>Pro zna\u010dky:<\/h3>\n<ol>\n<li>Vylep\u0161ete luxusn\u00ed pozici pomoc\u00ed design\u016f zam\u011b\u0159en\u00fdch na eleganci.<\/li>\n<li>Pr\u00e1zdn\u00e9 l\u00e1hve p\u0159ipraven\u00e9 pro vlastn\u00ed grav\u00edrov\u00e1n\u00ed, matn\u00fd povrch nebo barevn\u00e9 sklo.<\/li>\n<li>Kompatibiln\u00ed s rozpra\u0161ova\u010di nebo kap\u00e1tkem pro r\u016fzn\u00e9 form\u00e1ty v\u016fn\u00ed.<\/li>\n<\/ol>\n<h3>Pro velkoobchodn\u00ed partnery:<\/h3>\n<ol>\n<li>Cenov\u011b v\u00fdhodn\u00e9 hromadn\u00e9 objedn\u00e1vky pro velkoobchodn\u00ed distribuci jedine\u010dn\u00fdch lahvi\u010dek na parf\u00e9my.<\/li>\n<li>Odoln\u00e9 sklen\u011bn\u00e9 n\u00e1doby zaji\u0161\u0165uj\u00ed bezpe\u010dnou p\u0159epravu po cel\u00e9m sv\u011bt\u011b.<\/li>\n<li>Zjednodu\u0161en\u00e9 p\u0159izp\u016fsoben\u00ed pro obsluhu v\u00edce zna\u010dek v r\u00e1mci jedn\u00e9 objedn\u00e1vky.<\/li>\n<\/ol>\n<h3>Mo\u017enosti p\u0159izp\u016fsoben\u00ed:<\/h3>\n<ul>\n<li><strong>Povrchov\u00e1 \u00faprava skla:<\/strong> \u010cir\u00e9, matn\u00e9 nebo gradientn\u00ed odst\u00edny.<\/li>\n<li><strong>Design uz\u00e1v\u011bru lahve:<\/strong> matn\u00fd \u010dern\u00fd \u0161roubovac\u00ed uz\u00e1v\u011br (nen\u00e1padn\u00e1 elegance), uz\u00e1v\u011br s kovov\u00fdm zdoben\u00edm (n\u00e1dhern\u00fd lesk) nebo ekologick\u00fd uz\u00e1v\u011br se strukturou d\u0159eva (p\u0159irozen\u00e1 textura) jsou k dispozici, aby spl\u0148ovaly r\u016fznorod\u00e9 po\u017eadavky zna\u010dky na styl a kvalitu.<\/li>\n<li><strong>Otisk zna\u010dky:<\/strong> podporuje laserov\u00e9 grav\u00edrov\u00e1n\u00ed (jemn\u00e9 a trvanliv\u00e9), s\u00edtotisk (jasn\u00e9 barvy) nebo reli\u00e9fn\u00ed logo (trojrozm\u011brn\u00e1 textura), co\u017e umo\u017e\u0148uje prezentovat symbol va\u0161\u00ed zna\u010dky v co nejdojemn\u011bj\u0161\u00ed poloze.<\/li>\n<\/ul>\n<p>Voliteln\u00e9 svr\u0161ky:<\/p>\n<p><img loading=\"lazy\" decoding=\"async\" class=\"size-medium wp-image-2961 aligncenter\" src=\"https:\/\/theperfumebottles.com\/wp-content\/uploads\/2025\/04\/perfume-bottle-tops-3-300x164.webp\" alt=\"uz\u00e1v\u011bry lahvi\u010dek na parf\u00e9my\" width=\"300\" height=\"164\" srcset=\"https:\/\/theperfumebottles.com\/wp-content\/uploads\/2025\/04\/perfume-bottle-tops-3-300x164.webp 300w, https:\/\/theperfumebottles.com\/wp-content\/uploads\/2025\/04\/perfume-bottle-tops-3-18x10.webp 18w, https:\/\/theperfumebottles.com\/wp-content\/uploads\/2025\/04\/perfume-bottle-tops-3-600x329.webp 600w, https:\/\/theperfumebottles.com\/wp-content\/uploads\/2025\/04\/perfume-bottle-tops-3.webp 750w\" sizes=\"(max-width: 300px) 100vw, 300px\" \/><br \/>\n<img loading=\"lazy\" decoding=\"async\" class=\"size-medium wp-image-2960 aligncenter\" src=\"https:\/\/theperfumebottles.com\/wp-content\/uploads\/2025\/04\/perfume-bottle-tops-2-300x145.webp\" alt=\"uz\u00e1v\u011bry lahvi\u010dek na parf\u00e9my\" width=\"300\" height=\"145\" srcset=\"https:\/\/theperfumebottles.com\/wp-content\/uploads\/2025\/04\/perfume-bottle-tops-2-300x145.webp 300w, https:\/\/theperfumebottles.com\/wp-content\/uploads\/2025\/04\/perfume-bottle-tops-2-18x9.webp 18w, https:\/\/theperfumebottles.com\/wp-content\/uploads\/2025\/04\/perfume-bottle-tops-2-600x290.webp 600w, https:\/\/theperfumebottles.com\/wp-content\/uploads\/2025\/04\/perfume-bottle-tops-2.webp 750w\" sizes=\"(max-width: 300px) 100vw, 300px\" \/><br \/>\n<img loading=\"lazy\" decoding=\"async\" class=\"size-medium wp-image-2959 aligncenter\" src=\"https:\/\/theperfumebottles.com\/wp-content\/uploads\/2025\/04\/perfume-bottle-tops-1-300x224.webp\" alt=\"uz\u00e1v\u011bry lahvi\u010dek na parf\u00e9my\" width=\"300\" height=\"224\" srcset=\"https:\/\/theperfumebottles.com\/wp-content\/uploads\/2025\/04\/perfume-bottle-tops-1-300x224.webp 300w, https:\/\/theperfumebottles.com\/wp-content\/uploads\/2025\/04\/perfume-bottle-tops-1-16x12.webp 16w, https:\/\/theperfumebottles.com\/wp-content\/uploads\/2025\/04\/perfume-bottle-tops-1-600x447.webp 600w, https:\/\/theperfumebottles.com\/wp-content\/uploads\/2025\/04\/perfume-bottle-tops-1.webp 746w\" sizes=\"(max-width: 300px) 100vw, 300px\" \/><\/p>\n<h2>Objednejte si je\u0161t\u011b dnes a prom\u011b\u0148te svou \u0159adu v\u016fn\u00ed<\/h2>\n<p>A\u0165 u\u017e jste specializovan\u00fd v\u00fdrobce parf\u00e9m\u016f, nebo v\u00fdrobce dod\u00e1vaj\u00edc\u00ed zbo\u017e\u00ed glob\u00e1ln\u00edm zna\u010dk\u00e1m, na\u0161e kolekce Mountain Base p\u0159in\u00e1\u0161\u00ed jedine\u010dn\u00e9 obaly parf\u00e9m\u016f, kter\u00e9 zaujmou. Vy\u017e\u00e1dejte si vzorky nebo se informujte o velkoobchodn\u00edch cen\u00e1ch a za\u010dn\u011bte vytv\u00e1\u0159et nezapomenuteln\u00e9 z\u00e1\u017eitky p\u0159i rozbalov\u00e1n\u00ed.<\/p>","protected":false},"excerpt":{"rendered":"<p>Objevte n\u00e1dhern\u00e9 jedine\u010dn\u00e9 velkoobchodn\u00ed lahvi\u010dky na parf\u00e9my s horsk\u00fdmi vzory. Pozvedn\u011bte svou zna\u010dku pomoc\u00ed vlastn\u00edch obal\u016f z k\u0159i\u0161\u0165\u00e1lov\u00e9ho skla pro luxusn\u00ed v\u016fn\u011b.<\/p>","protected":false},"featured_media":2956,"comment_status":"open","ping_status":"closed","template":"","meta":{"_acf_changed":false,"site-sidebar-layout":"default","site-content-layout":"","ast-site-content-layout":"default","site-content-style":"default","site-sidebar-style":"default","ast-global-header-display":"","ast-banner-title-visibility":"","ast-main-header-display":"","ast-hfb-above-header-display":"","ast-hfb-below-header-display":"","ast-hfb-mobile-header-display":"","site-post-title":"","ast-breadcrumbs-content":"","ast-featured-img":"","footer-sml-layout":"","ast-disable-related-posts":"","theme-transparent-header-meta":"default","adv-header-id-meta":"","stick-header-meta":"","header-above-stick-meta":"","header-main-stick-meta":"","header-below-stick-meta":"","astra-migrate-meta-layouts":"set","ast-page-background-enabled":"default","ast-page-background-meta":{"desktop":{"background-color":"var(--ast-global-color-5)","background-image":"","background-repeat":"repeat","background-position":"center center","background-size":"auto","background-attachment":"scroll","background-type":"","background-media":"","overlay-type":"","overlay-color":"","overlay-opacity":"","overlay-gradient":""},"tablet":{"background-color":"","background-image":"","background-repeat":"repeat","background-position":"center center","background-size":"auto","background-attachment":"scroll","background-type":"","background-media":"","overlay-type":"","overlay-color":"","overlay-opacity":"","overlay-gradient":""},"mobile":{"background-color":"","background-image":"","background-repeat":"repeat","background-position":"center center","background-size":"auto","background-attachment":"scroll","background-type":"","background-media":"","overlay-type":"","overlay-color":"","overlay-opacity":"","overlay-gradient":""}},"ast-content-background-meta":{"desktop":{"background-color":"var(--ast-global-color-4)","background-image":"","background-repeat":"repeat","background-position":"center center","background-size":"auto","background-attachment":"scroll","background-type":"","background-media":"","overlay-type":"","overlay-color":"","overlay-opacity":"","overlay-gradient":""},"tablet":{"background-color":"var(--ast-global-color-4)","background-image":"","background-repeat":"repeat","background-position":"center center","background-size":"auto","background-attachment":"scroll","background-type":"","background-media":"","overlay-type":"","overlay-color":"","overlay-opacity":"","overlay-gradient":""},"mobile":{"background-color":"var(--ast-global-color-4)","background-image":"","background-repeat":"repeat","background-position":"center center","background-size":"auto","background-attachment":"scroll","background-type":"","background-media":"","overlay-type":"","overlay-color":"","overlay-opacity":"","overlay-gradient":""}}},"product_brand":[],"product_cat":[41,72],"product_tag":[],"class_list":{"0":"post-2950","1":"product","2":"type-product","3":"status-publish","4":"has-post-thumbnail","6":"product_cat-perfume-bottles","7":"product_cat-cosmetic-packaging","8":"desktop-align-left","9":"tablet-align-left","10":"mobile-align-left","12":"first","13":"instock","14":"shipping-taxable","15":"product-type-simple"},"acf":[],"jetpack_sharing_enabled":true,"_links":{"self":[{"href":"https:\/\/theperfumebottles.com\/cs\/wp-json\/wp\/v2\/product\/2950","targetHints":{"allow":["GET"]}}],"collection":[{"href":"https:\/\/theperfumebottles.com\/cs\/wp-json\/wp\/v2\/product"}],"about":[{"href":"https:\/\/theperfumebottles.com\/cs\/wp-json\/wp\/v2\/types\/product"}],"replies":[{"embeddable":true,"href":"https:\/\/theperfumebottles.com\/cs\/wp-json\/wp\/v2\/comments?post=2950"}],"wp:featuredmedia":[{"embeddable":true,"href":"https:\/\/theperfumebottles.com\/cs\/wp-json\/wp\/v2\/media\/2956"}],"wp:attachment":[{"href":"https:\/\/theperfumebottles.com\/cs\/wp-json\/wp\/v2\/media?parent=2950"}],"wp:term":[{"taxonomy":"product_brand","embeddable":true,"href":"https:\/\/theperfumebottles.com\/cs\/wp-json\/wp\/v2\/product_brand?post=2950"},{"taxonomy":"product_cat","embeddable":true,"href":"https:\/\/theperfumebottles.com\/cs\/wp-json\/wp\/v2\/product_cat?post=2950"},{"taxonomy":"product_tag","embeddable":true,"href":"https:\/\/theperfumebottles.com\/cs\/wp-json\/wp\/v2\/product_tag?post=2950"}],"curies":[{"name":"wp","href":"https:\/\/api.w.org\/{rel}","templated":true}]}}