{"id":2963,"date":"2025-04-03T06:36:47","date_gmt":"2025-04-03T06:36:47","guid":{"rendered":"https:\/\/theperfumebottles.com\/?post_type=product&#038;p=2963"},"modified":"2025-05-30T10:52:58","modified_gmt":"2025-05-30T02:52:58","slug":"empty-refillable-perfume-bottles-leakproof-glass-perfume-refillable-bottles","status":"publish","type":"product","link":"https:\/\/theperfumebottles.com\/cs\/produkt\/empty-refillable-perfume-bottles-leakproof-glass-perfume-refillable-bottles\/","title":{"rendered":"2ml 3ml 5ml 10ml Pr\u00e1zdn\u00e9 znovu naplniteln\u00e9 sklen\u011bn\u00e9 lahvi\u010dky na parf\u00e9my"},"content":{"rendered":"<p>Vytv\u00e1\u0159\u00edme elegantn\u00ed, praktick\u00e9 a ekologicky \u0161etrn\u00e9 plnohodnotn\u00e9 lahvi\u010dky pro zna\u010dky, kter\u00e9 jsou oddan\u00e9 udr\u017eitelnosti. A\u0165 u\u017e je to cestovn\u00ed velikost, testovac\u00ed velikost nebo verze spole\u010dn\u00e9ho zna\u010dkov\u00e1n\u00ed, tato sklen\u011bn\u00e1 parf\u00e9mov\u00e1 lahvi\u010dka zajist\u00ed, aby va\u0161e v\u016fn\u011b z\u00e1\u0159ila, zat\u00edmco chr\u00e1n\u00ed planetu.<\/p>\n<h2>Technick\u00e9 specifikace<\/h2>\n<div class=\"hyc-common-markdown__table-wrapper\">\n<table>\n<thead>\n<tr>\n<th>Kapacita<\/th>\n<th>V\u00fd\u0161ka l\u00e1hve<\/th>\n<th>Vnit\u0159n\u00ed pr\u016fm\u011br<\/th>\n<th>Balen\u00ed Mno\u017estv\u00ed<\/th>\n<th>Velikost kartonu (cm)<\/th>\n<\/tr>\n<\/thead>\n<tbody>\n<tr>\n<td>2ml<\/td>\n<td>30 mm<\/td>\n<td>6,5 mm<\/td>\n<td>4,830<\/td>\n<td>45,5x29x29<\/td>\n<\/tr>\n<tr>\n<td>3 ml<\/td>\n<td>40 mm<\/td>\n<td>6,5 mm<\/td>\n<td>3,450<\/td>\n<td>45,5x29x29<\/td>\n<\/tr>\n<tr>\n<td>5ml<\/td>\n<td>55 mm<\/td>\n<td>6,5 mm<\/td>\n<td>2,760<\/td>\n<td>45,5x29x29<\/td>\n<\/tr>\n<tr>\n<td>10ml<\/td>\n<td>100 mm<\/td>\n<td>6,5 mm<\/td>\n<td>2,277<\/td>\n<td>49x30x33,5<\/td>\n<\/tr>\n<\/tbody>\n<\/table>\n<\/div>\n<h2>Pro\u010d si vybrat na\u0161e sklen\u011bn\u00e9 plniteln\u00e9 lahvi\u010dky na parf\u00e9my?<\/h2>\n<ul>\n<li><strong>Jedna lahvi\u010dka na v\u00edce \u00fa\u010del\u016f:<\/strong> m\u016f\u017ee udr\u017eet parf\u00e9m\/parf\u00e9my\/\u010derstvotvarn\u00e9 oleje.<\/li>\n<li><strong>Ekologick\u00e9 a cenov\u011b v\u00fdhodn\u00e9:<\/strong> Ekologick\u00e1 knizek: op\u011btovn\u00e9 pou\u017eit\u00ed sni\u017euje 300% odpad z balen\u00ed.<\/li>\n<li><strong>Komer\u010dn\u00ed v\u00fdhoda:<\/strong> maloobchodn\u00ed cena + bezpe\u010dn\u00e1 doprava po cel\u00e9m sv\u011bt\u011b, pe\u010dliv\u011b zvl\u00e1d\u00e1 ka\u017ed\u00fd objedn\u00e1vku jako d\u00edlo um\u011bn\u00ed.<\/li>\n<\/ul>\n<h2>V\u00fdhody p\u0159izp\u016fsoben\u00ed a hromadn\u00e9 objedn\u00e1vky<\/h2>\n<ul>\n<li><strong>Mo\u017enosti p\u0159izp\u016fsoben\u00ed:<\/strong> jemn\u00e1 textura samosva\u0159ovac\u00edho tisku, vynikaj\u00edc\u00ed \u0159emesln\u00e1 zru\u010dnost laserov\u00e9 gravury nebo kreativita n\u00e1lepkov\u00fdch zna\u010dek.<\/li>\n<li><strong>Velkoobjedn\u00e1vky pro v\u00edce hodnot:<\/strong> velk\u00e9 objedn\u00e1vky, lep\u0161\u00ed ceny \u2013 nechte ka\u017edou investici prom\u011bnit se v posun zna\u010dkov\u00e9 hodnoty<\/li>\n<li><strong>\u200bGlob\u00e1ln\u00ed doprava:<\/strong> Bezpe\u010dn\u00e9, vodot\u011bsn\u00e9 balen\u00ed pro bezpe\u010dn\u00fd p\u0159epravu.<\/li>\n<\/ul>\n<p>Hled\u00e1te spolehliv\u00e9ho v\u00fdrobce? Obra\u0165te se na n\u00e1s a objednejte si pr\u00e1zdn\u00e9 plniteln\u00e9 lahvi\u010dky na parf\u00e9my na m\u00edru podle p\u0159edstav va\u0161\u00ed zna\u010dky!<\/p>","protected":false},"excerpt":{"rendered":"<p>Objevte pr\u00e9miov\u00e9 pr\u00e1zdn\u00e9 plniteln\u00e9 lahvi\u010dky na parf\u00e9my pro cestovn\u00ed a hromadn\u00e9 objedn\u00e1vky. Vlastn\u00ed sklen\u011bn\u00e9 plniteln\u00e9 lahvi\u010dky na parf\u00e9my s nepropustn\u00fdm designem.<\/p>","protected":false},"featured_media":2966,"comment_status":"open","ping_status":"closed","template":"","meta":{"_acf_changed":false,"site-sidebar-layout":"default","site-content-layout":"","ast-site-content-layout":"default","site-content-style":"default","site-sidebar-style":"default","ast-global-header-display":"","ast-banner-title-visibility":"","ast-main-header-display":"","ast-hfb-above-header-display":"","ast-hfb-below-header-display":"","ast-hfb-mobile-header-display":"","site-post-title":"","ast-breadcrumbs-content":"","ast-featured-img":"","footer-sml-layout":"","ast-disable-related-posts":"","theme-transparent-header-meta":"default","adv-header-id-meta":"","stick-header-meta":"","header-above-stick-meta":"","header-main-stick-meta":"","header-below-stick-meta":"","astra-migrate-meta-layouts":"set","ast-page-background-enabled":"default","ast-page-background-meta":{"desktop":{"background-color":"var(--ast-global-color-5)","background-image":"","background-repeat":"repeat","background-position":"center center","background-size":"auto","background-attachment":"scroll","background-type":"","background-media":"","overlay-type":"","overlay-color":"","overlay-opacity":"","overlay-gradient":""},"tablet":{"background-color":"","background-image":"","background-repeat":"repeat","background-position":"center center","background-size":"auto","background-attachment":"scroll","background-type":"","background-media":"","overlay-type":"","overlay-color":"","overlay-opacity":"","overlay-gradient":""},"mobile":{"background-color":"","background-image":"","background-repeat":"repeat","background-position":"center center","background-size":"auto","background-attachment":"scroll","background-type":"","background-media":"","overlay-type":"","overlay-color":"","overlay-opacity":"","overlay-gradient":""}},"ast-content-background-meta":{"desktop":{"background-color":"var(--ast-global-color-4)","background-image":"","background-repeat":"repeat","background-position":"center center","background-size":"auto","background-attachment":"scroll","background-type":"","background-media":"","overlay-type":"","overlay-color":"","overlay-opacity":"","overlay-gradient":""},"tablet":{"background-color":"var(--ast-global-color-4)","background-image":"","background-repeat":"repeat","background-position":"center center","background-size":"auto","background-attachment":"scroll","background-type":"","background-media":"","overlay-type":"","overlay-color":"","overlay-opacity":"","overlay-gradient":""},"mobile":{"background-color":"var(--ast-global-color-4)","background-image":"","background-repeat":"repeat","background-position":"center center","background-size":"auto","background-attachment":"scroll","background-type":"","background-media":"","overlay-type":"","overlay-color":"","overlay-opacity":"","overlay-gradient":""}}},"product_brand":[],"product_cat":[72,91,74,41,90],"product_tag":[],"class_list":{"0":"post-2963","1":"product","2":"type-product","3":"status-publish","4":"has-post-thumbnail","6":"product_cat-cosmetic-packaging","7":"product_cat-custom-perfume-bottles","8":"product_cat-mini-perfume-bottles","9":"product_cat-perfume-bottles","10":"product_cat-refillable-perfume-bottles","11":"desktop-align-left","12":"tablet-align-left","13":"mobile-align-left","15":"first","16":"instock","17":"shipping-taxable","18":"product-type-simple"},"acf":[],"jetpack_sharing_enabled":true,"_links":{"self":[{"href":"https:\/\/theperfumebottles.com\/cs\/wp-json\/wp\/v2\/product\/2963","targetHints":{"allow":["GET"]}}],"collection":[{"href":"https:\/\/theperfumebottles.com\/cs\/wp-json\/wp\/v2\/product"}],"about":[{"href":"https:\/\/theperfumebottles.com\/cs\/wp-json\/wp\/v2\/types\/product"}],"replies":[{"embeddable":true,"href":"https:\/\/theperfumebottles.com\/cs\/wp-json\/wp\/v2\/comments?post=2963"}],"wp:featuredmedia":[{"embeddable":true,"href":"https:\/\/theperfumebottles.com\/cs\/wp-json\/wp\/v2\/media\/2966"}],"wp:attachment":[{"href":"https:\/\/theperfumebottles.com\/cs\/wp-json\/wp\/v2\/media?parent=2963"}],"wp:term":[{"taxonomy":"product_brand","embeddable":true,"href":"https:\/\/theperfumebottles.com\/cs\/wp-json\/wp\/v2\/product_brand?post=2963"},{"taxonomy":"product_cat","embeddable":true,"href":"https:\/\/theperfumebottles.com\/cs\/wp-json\/wp\/v2\/product_cat?post=2963"},{"taxonomy":"product_tag","embeddable":true,"href":"https:\/\/theperfumebottles.com\/cs\/wp-json\/wp\/v2\/product_tag?post=2963"}],"curies":[{"name":"wp","href":"https:\/\/api.w.org\/{rel}","templated":true}]}}