{"id":2976,"date":"2025-04-07T08:03:03","date_gmt":"2025-04-07T08:03:03","guid":{"rendered":"https:\/\/theperfumebottles.com\/?post_type=product&#038;p=2976"},"modified":"2025-04-07T08:03:05","modified_gmt":"2025-04-07T08:03:05","slug":"30ml-50ml-100ml-green-perfume-bottles-for-men-ladies","status":"publish","type":"product","link":"https:\/\/theperfumebottles.com\/cs\/produkt\/30ml-50ml-100ml-green-perfume-bottles-for-men-ladies\/","title":{"rendered":"30ml 50ml 100ml Zelen\u00e9 parf\u00e9mov\u00e9 lahvi\u010dky pro mu\u017ee a \u017eeny"},"content":{"rendered":"<p>Vylep\u0161ete svou \u0159adu v\u016fn\u00ed pomoc\u00ed na\u0161eho zelen\u00e9ho flakonu kol\u00ednsk\u00e9 vody pro mu\u017ee a zelen\u00e9ho flakonu parf\u00e9mu pro \u017eeny, kter\u00e9 jsou luxusn\u00ed a v\u0161estrann\u00e9. Tyto lahvi\u010dky s k\u0159i\u0161\u0165\u00e1lov\u00fdm sklem a charakteristick\u00fdm zelen\u00fdm horsk\u00fdm podstavcem v sob\u011b spojuj\u00ed um\u011bleck\u00e9 um\u011bn\u00ed s funk\u010dnost\u00ed - jsou ide\u00e1ln\u00ed pro balen\u00ed parf\u00e9m\u016f na zak\u00e1zku.<\/p>\n<table style=\"border-collapse: collapse; margin-left: auto; margin-right: auto; width: 162.03pt;\" border=\"0\" width=\"216\" cellspacing=\"0\" cellpadding=\"0\">\n<tbody>\n<tr style=\"height: 13.50pt;\">\n<td style=\"height: 13.50pt; width: 54.00pt;\" width=\"72\" height=\"18\">\n<p><figure id=\"attachment_2977\" aria-describedby=\"caption-attachment-2977\" style=\"width: 300px\" class=\"wp-caption aligncenter\"><img fetchpriority=\"high\" decoding=\"async\" class=\"size-medium wp-image-2977\" src=\"https:\/\/theperfumebottles.com\/wp-content\/uploads\/2025\/04\/mens-cologne-green-bottle-HS0301-300x300.webp\" alt=\"p\u00e1nsk\u00e1 zelen\u00e1 lahvi\u010dka kol\u00ednsk\u00e9\" width=\"300\" height=\"300\" srcset=\"https:\/\/theperfumebottles.com\/wp-content\/uploads\/2025\/04\/mens-cologne-green-bottle-HS0301-300x300.webp 300w, https:\/\/theperfumebottles.com\/wp-content\/uploads\/2025\/04\/mens-cologne-green-bottle-HS0301-150x150.webp 150w, https:\/\/theperfumebottles.com\/wp-content\/uploads\/2025\/04\/mens-cologne-green-bottle-HS0301-768x768.webp 768w, https:\/\/theperfumebottles.com\/wp-content\/uploads\/2025\/04\/mens-cologne-green-bottle-HS0301-12x12.webp 12w, https:\/\/theperfumebottles.com\/wp-content\/uploads\/2025\/04\/mens-cologne-green-bottle-HS0301-600x600.webp 600w, https:\/\/theperfumebottles.com\/wp-content\/uploads\/2025\/04\/mens-cologne-green-bottle-HS0301-100x100.webp 100w, https:\/\/theperfumebottles.com\/wp-content\/uploads\/2025\/04\/mens-cologne-green-bottle-HS0301.webp 1024w\" sizes=\"(max-width: 300px) 100vw, 300px\" \/><figcaption id=\"caption-attachment-2977\" class=\"wp-caption-text\">30 ml HS0301<\/figcaption><\/figure><\/td>\n<td style=\"width: 54.00pt;\" width=\"72\">\n<p><figure id=\"attachment_2980\" aria-describedby=\"caption-attachment-2980\" style=\"width: 300px\" class=\"wp-caption alignnone\"><img decoding=\"async\" class=\"size-medium wp-image-2980\" src=\"https:\/\/theperfumebottles.com\/wp-content\/uploads\/2025\/04\/green-perfume-bottle-for-ladies-HS0302-300x300.webp\" alt=\"zelen\u00e1 lahvi\u010dka na parf\u00e9m pro d\u00e1my\" width=\"300\" height=\"300\" srcset=\"https:\/\/theperfumebottles.com\/wp-content\/uploads\/2025\/04\/green-perfume-bottle-for-ladies-HS0302-300x300.webp 300w, https:\/\/theperfumebottles.com\/wp-content\/uploads\/2025\/04\/green-perfume-bottle-for-ladies-HS0302-150x150.webp 150w, https:\/\/theperfumebottles.com\/wp-content\/uploads\/2025\/04\/green-perfume-bottle-for-ladies-HS0302-768x768.webp 768w, https:\/\/theperfumebottles.com\/wp-content\/uploads\/2025\/04\/green-perfume-bottle-for-ladies-HS0302-12x12.webp 12w, https:\/\/theperfumebottles.com\/wp-content\/uploads\/2025\/04\/green-perfume-bottle-for-ladies-HS0302-600x600.webp 600w, https:\/\/theperfumebottles.com\/wp-content\/uploads\/2025\/04\/green-perfume-bottle-for-ladies-HS0302-100x100.webp 100w, https:\/\/theperfumebottles.com\/wp-content\/uploads\/2025\/04\/green-perfume-bottle-for-ladies-HS0302.webp 1024w\" sizes=\"(max-width: 300px) 100vw, 300px\" \/><figcaption id=\"caption-attachment-2980\" class=\"wp-caption-text\">50 ml HS0302<\/figcaption><\/figure><\/td>\n<td style=\"width: 54.00pt;\" width=\"72\">\n<p><figure id=\"attachment_2978\" aria-describedby=\"caption-attachment-2978\" style=\"width: 300px\" class=\"wp-caption aligncenter\"><img decoding=\"async\" class=\"size-medium wp-image-2978\" src=\"https:\/\/theperfumebottles.com\/wp-content\/uploads\/2025\/04\/green-bottle-cologne-mens-HS0303-300x300.webp\" alt=\"p\u00e1nsk\u00e1 kol\u00ednsk\u00e1 voda green bottle\" width=\"300\" height=\"300\" srcset=\"https:\/\/theperfumebottles.com\/wp-content\/uploads\/2025\/04\/green-bottle-cologne-mens-HS0303-300x300.webp 300w, https:\/\/theperfumebottles.com\/wp-content\/uploads\/2025\/04\/green-bottle-cologne-mens-HS0303-150x150.webp 150w, https:\/\/theperfumebottles.com\/wp-content\/uploads\/2025\/04\/green-bottle-cologne-mens-HS0303-768x768.webp 768w, https:\/\/theperfumebottles.com\/wp-content\/uploads\/2025\/04\/green-bottle-cologne-mens-HS0303-12x12.webp 12w, https:\/\/theperfumebottles.com\/wp-content\/uploads\/2025\/04\/green-bottle-cologne-mens-HS0303-600x600.webp 600w, https:\/\/theperfumebottles.com\/wp-content\/uploads\/2025\/04\/green-bottle-cologne-mens-HS0303-100x100.webp 100w, https:\/\/theperfumebottles.com\/wp-content\/uploads\/2025\/04\/green-bottle-cologne-mens-HS0303.webp 1024w\" sizes=\"(max-width: 300px) 100vw, 300px\" \/><figcaption id=\"caption-attachment-2978\" class=\"wp-caption-text\">100 ml HS0303<\/figcaption><\/figure><\/td>\n<\/tr>\n<\/tbody>\n<\/table>\n<h2>Technick\u00e9 specifikace<\/h2>\n<div class=\"hyc-common-markdown__table-wrapper\">\n<table>\n<thead>\n<tr>\n<th>Model<\/th>\n<th>Kapacita<\/th>\n<th>Velikost (mm)<\/th>\n<th>Materi\u00e1l<\/th>\n<th>P\u0159\u00edpad pou\u017eit\u00ed<\/th>\n<\/tr>\n<\/thead>\n<tbody>\n<tr>\n<td>PB-HS0301<\/td>\n<td>30ml<\/td>\n<td>46\u00d773<\/td>\n<td>K\u0159i\u0161\u0165\u00e1lov\u00e9 sklo<\/td>\n<td>P\u00e1nsk\u00e1 kol\u00ednsk\u00e1 voda, t\u011blov\u00fd sprej<\/td>\n<\/tr>\n<tr>\n<td>PB-HS0302<\/td>\n<td>50ml<\/td>\n<td>51\u00d780<\/td>\n<td>K\u0159i\u0161\u0165\u00e1lov\u00e9 sklo<\/td>\n<td>D\u00e1msk\u00fd parf\u00e9m, unisex v\u016fn\u011b<\/td>\n<\/tr>\n<tr>\n<td>PB-HS0303<\/td>\n<td>100ml<\/td>\n<td>59\u00d794<\/td>\n<td>K\u0159i\u0161\u0165\u00e1lov\u00e9 sklo<\/td>\n<td>Luxusn\u00ed d\u00e1rkov\u00e9 sady, plniteln\u00fd rozpra\u0161ova\u010d<\/td>\n<\/tr>\n<\/tbody>\n<\/table>\n<\/div>\n<h2>Pro\u010d si vybrat tyto zelen\u00e9 sklen\u011bn\u00e9 lahve?<\/h2>\n<ol>\n<li>\u200b<strong>Luxus se snoub\u00ed s funk\u010dnost\u00ed<\/strong>\n<ul>\n<li>Sklen\u011bn\u00e9 lahvi\u010dky na parf\u00e9my zaji\u0161\u0165uj\u00ed integritu v\u016fn\u011b d\u00edky nereaktivn\u00edmu k\u0159i\u0161\u0165\u00e1lov\u00e9mu sklu.<\/li>\n<li>P\u0159esn\u00fd rozpra\u0161ova\u010d poskytuje konzistentn\u00ed ml\u017een\u00ed pro prvot\u0159\u00eddn\u00ed z\u00e1\u017eitky.<\/li>\n<\/ul>\n<\/li>\n<li>\u200b<strong>Signature Green Aesthetic<\/strong>\n<ul>\n<li>Zelen\u00e1 kol\u00ednsk\u00e1 voda pro mu\u017ee miluje zemit\u00fd, sofistikovan\u00fd z\u00e1klad.<\/li>\n<li>Zelen\u00fd flakon pro d\u00e1my kombinuje smaragdov\u00e9 t\u00f3ny s minimalistickou pr\u016fhlednost\u00ed.<\/li>\n<\/ul>\n<\/li>\n<li>\u200b<strong>Nekone\u010dn\u00e9 p\u0159izp\u016fsoben\u00ed<\/strong>\n<ul>\n<li>Vytv\u00e1\u0159ejte jedine\u010dn\u00e9 designy: upravte barvy v\u00ed\u010dek, vyryjte loga nebo si vyberte pr\u00e1zdn\u00e9 lahvi\u010dky na parf\u00e9my pro zna\u010dky DIY.<\/li>\n<li>Hromadn\u00e9 objedn\u00e1vky zahrnuj\u00ed podporu balen\u00ed parf\u00e9m\u016f na m\u00edru.<\/li>\n<\/ul>\n<\/li>\n<\/ol>\n<h2>Vynikn\u011bte s vlastn\u00ed zna\u010dkou<\/h2>\n<p>Jako p\u0159edn\u00ed v\u00fdrobce sklen\u011bn\u00fdch lahvi\u010dek na parf\u00e9my umo\u017e\u0148ujeme zna\u010dk\u00e1m:<\/p>\n<ul>\n<li>Vyberte si z 30ml, 50ml nebo 100ml sklen\u011bn\u00fdch lahvi\u010dek.<\/li>\n<li>P\u0159idejte matn\u00e9\/leskl\u00e9 povrchy na v\u00ed\u010dka nebo vlastn\u00ed odst\u00edn pr\u016fhledn\u00e9ho z\u00e1kladu.<\/li>\n<li>Vytvo\u0159te si \u00fa\u010det a z\u00edskejte exkluzivn\u00ed hromadn\u00e9 ceny a konzultace o designu.<\/li>\n<\/ul>\n<p><strong>Vylep\u0161ete svou \u0159adu v\u016fn\u00ed je\u0161t\u011b dnes<\/strong>-prom\u011b\u0148te p\u00e1nsk\u00e9 a d\u00e1msk\u00e9 kol\u00ednsk\u00e9 parf\u00e9my v zelen\u00fdch lahvi\u010dk\u00e1ch ve sb\u011bratelsky hodnotn\u00e9 um\u011bn\u00ed. [Kontaktujte n\u00e1s] a vy\u017e\u00e1dejte si vzorky nebo vytvo\u0159te sv\u016fj zna\u010dkov\u00fd prototyp!<\/p>","protected":false},"excerpt":{"rendered":"<p>Pr\u00e9miov\u00e9 zelen\u00e9 flakony na p\u00e1nsk\u00e9 kol\u00ednsk\u00e9 vody a d\u00e1msk\u00e9 parf\u00e9my. Vlastn\u00ed velikosti, k\u0159i\u0161\u0165\u00e1lov\u00e9 sklo a ekologick\u00fd design. Ide\u00e1ln\u00ed pro zna\u010dky, kter\u00e9 hledaj\u00ed luxusn\u00ed balen\u00ed parf\u00e9m\u016f.<\/p>","protected":false},"featured_media":2977,"comment_status":"open","ping_status":"closed","template":"","meta":{"_acf_changed":false,"site-sidebar-layout":"default","site-content-layout":"","ast-site-content-layout":"default","site-content-style":"default","site-sidebar-style":"default","ast-global-header-display":"","ast-banner-title-visibility":"","ast-main-header-display":"","ast-hfb-above-header-display":"","ast-hfb-below-header-display":"","ast-hfb-mobile-header-display":"","site-post-title":"","ast-breadcrumbs-content":"","ast-featured-img":"","footer-sml-layout":"","ast-disable-related-posts":"","theme-transparent-header-meta":"default","adv-header-id-meta":"","stick-header-meta":"","header-above-stick-meta":"","header-main-stick-meta":"","header-below-stick-meta":"","astra-migrate-meta-layouts":"set","ast-page-background-enabled":"default","ast-page-background-meta":{"desktop":{"background-color":"var(--ast-global-color-5)","background-image":"","background-repeat":"repeat","background-position":"center center","background-size":"auto","background-attachment":"scroll","background-type":"","background-media":"","overlay-type":"","overlay-color":"","overlay-opacity":"","overlay-gradient":""},"tablet":{"background-color":"","background-image":"","background-repeat":"repeat","background-position":"center center","background-size":"auto","background-attachment":"scroll","background-type":"","background-media":"","overlay-type":"","overlay-color":"","overlay-opacity":"","overlay-gradient":""},"mobile":{"background-color":"","background-image":"","background-repeat":"repeat","background-position":"center center","background-size":"auto","background-attachment":"scroll","background-type":"","background-media":"","overlay-type":"","overlay-color":"","overlay-opacity":"","overlay-gradient":""}},"ast-content-background-meta":{"desktop":{"background-color":"var(--ast-global-color-4)","background-image":"","background-repeat":"repeat","background-position":"center center","background-size":"auto","background-attachment":"scroll","background-type":"","background-media":"","overlay-type":"","overlay-color":"","overlay-opacity":"","overlay-gradient":""},"tablet":{"background-color":"var(--ast-global-color-4)","background-image":"","background-repeat":"repeat","background-position":"center center","background-size":"auto","background-attachment":"scroll","background-type":"","background-media":"","overlay-type":"","overlay-color":"","overlay-opacity":"","overlay-gradient":""},"mobile":{"background-color":"var(--ast-global-color-4)","background-image":"","background-repeat":"repeat","background-position":"center center","background-size":"auto","background-attachment":"scroll","background-type":"","background-media":"","overlay-type":"","overlay-color":"","overlay-opacity":"","overlay-gradient":""}}},"product_brand":[],"product_cat":[72,41],"product_tag":[],"class_list":{"0":"post-2976","1":"product","2":"type-product","3":"status-publish","4":"has-post-thumbnail","6":"product_cat-cosmetic-packaging","7":"product_cat-perfume-bottles","8":"desktop-align-left","9":"tablet-align-left","10":"mobile-align-left","12":"first","13":"instock","14":"shipping-taxable","15":"product-type-simple"},"acf":[],"jetpack_sharing_enabled":true,"_links":{"self":[{"href":"https:\/\/theperfumebottles.com\/cs\/wp-json\/wp\/v2\/product\/2976","targetHints":{"allow":["GET"]}}],"collection":[{"href":"https:\/\/theperfumebottles.com\/cs\/wp-json\/wp\/v2\/product"}],"about":[{"href":"https:\/\/theperfumebottles.com\/cs\/wp-json\/wp\/v2\/types\/product"}],"replies":[{"embeddable":true,"href":"https:\/\/theperfumebottles.com\/cs\/wp-json\/wp\/v2\/comments?post=2976"}],"wp:featuredmedia":[{"embeddable":true,"href":"https:\/\/theperfumebottles.com\/cs\/wp-json\/wp\/v2\/media\/2977"}],"wp:attachment":[{"href":"https:\/\/theperfumebottles.com\/cs\/wp-json\/wp\/v2\/media?parent=2976"}],"wp:term":[{"taxonomy":"product_brand","embeddable":true,"href":"https:\/\/theperfumebottles.com\/cs\/wp-json\/wp\/v2\/product_brand?post=2976"},{"taxonomy":"product_cat","embeddable":true,"href":"https:\/\/theperfumebottles.com\/cs\/wp-json\/wp\/v2\/product_cat?post=2976"},{"taxonomy":"product_tag","embeddable":true,"href":"https:\/\/theperfumebottles.com\/cs\/wp-json\/wp\/v2\/product_tag?post=2976"}],"curies":[{"name":"wp","href":"https:\/\/api.w.org\/{rel}","templated":true}]}}