{"id":2983,"date":"2025-04-07T09:06:52","date_gmt":"2025-04-07T09:06:52","guid":{"rendered":"https:\/\/theperfumebottles.com\/?post_type=product&#038;p=2983"},"modified":"2025-05-29T10:05:41","modified_gmt":"2025-05-29T02:05:41","slug":"30ml-50ml-100ml-modern-perfume-bottles-with-silver-mountain-base","status":"publish","type":"product","link":"https:\/\/theperfumebottles.com\/cs\/produkt\/30ml-50ml-100ml-modern-perfume-bottles-with-silver-mountain-base\/","title":{"rendered":"30ml 50ml 100ml Modern\u00ed parf\u00e9mov\u00e9 lahvi\u010dky se st\u0159\u00edbrnou horskou z\u00e1kladnou"},"content":{"rendered":"<p>Tento modern\u00ed parfumov\u00e1 lahvi kombinuje \u00fatulnost p\u0159irozen\u00fdch hor s modern\u00edm designem a ka\u017ed\u00fd detail odhaluje eleganci a styl. Zakladatel zna\u010dky a obchodn\u00ed partne\u0159i, kte\u0159\u00ed se v\u011bnuj\u00ed balen\u00ed, budou nadchnuti jeho unik\u00e1tn\u00edm um\u011bleck\u00fdm smyslem \u2013 nen\u00ed to jen n\u00e1doba, ale i roz\u0161\u00ed\u0159en\u00ed p\u0159\u00edb\u011bhu zna\u010dky, co\u017e zaru\u010duje, \u017ee va\u0161e v\u016fn\u011b bude t\u011b\u017eko p\u0159ehl\u00e9dnuta vizu\u00e1ln\u011b i hmatov\u011b. navr\u017eeny tak, aby sladily modern\u00ed estetiku s funk\u010dn\u00ed elegantnost\u00ed, tyto sklen\u011bn\u00e9 parfumov\u00e9 lahvi jsou ide\u00e1ln\u00ed pro luxusn\u00ed parf\u00e9my, specializovan\u00e9 kol\u00edny a z\u00e1kaznick\u00e9 v\u016fn\u011b.<\/p>\n<table style=\"border-collapse: collapse;margin-left: auto;margin-right: auto;width: 162.03pt\" border=\"0\" width=\"216\" cellspacing=\"0\" cellpadding=\"0\">\n<tbody>\n<tr style=\"height: 13.50pt\">\n<td style=\"height: 13.50pt;width: 54.00pt\" width=\"72\" height=\"18\">\n<p><figure id=\"attachment_2988\" aria-describedby=\"caption-attachment-2988\" style=\"width: 300px\" class=\"wp-caption aligncenter\"><img fetchpriority=\"high\" decoding=\"async\" class=\"size-medium wp-image-2988\" src=\"https:\/\/theperfumebottles.com\/wp-content\/uploads\/2025\/04\/modern-perfume-bottles-hs0401-300x300.webp\" alt=\"modern\u00ed flakony na parf\u00e9my\" width=\"300\" height=\"300\" srcset=\"https:\/\/theperfumebottles.com\/wp-content\/uploads\/2025\/04\/modern-perfume-bottles-hs0401-300x300.webp 300w, https:\/\/theperfumebottles.com\/wp-content\/uploads\/2025\/04\/modern-perfume-bottles-hs0401-150x150.webp 150w, https:\/\/theperfumebottles.com\/wp-content\/uploads\/2025\/04\/modern-perfume-bottles-hs0401-768x768.webp 768w, https:\/\/theperfumebottles.com\/wp-content\/uploads\/2025\/04\/modern-perfume-bottles-hs0401-12x12.webp 12w, https:\/\/theperfumebottles.com\/wp-content\/uploads\/2025\/04\/modern-perfume-bottles-hs0401-600x600.webp 600w, https:\/\/theperfumebottles.com\/wp-content\/uploads\/2025\/04\/modern-perfume-bottles-hs0401-100x100.webp 100w, https:\/\/theperfumebottles.com\/wp-content\/uploads\/2025\/04\/modern-perfume-bottles-hs0401.webp 1024w\" sizes=\"(max-width: 300px) 100vw, 300px\" \/><figcaption id=\"caption-attachment-2988\" class=\"wp-caption-text\">30 ml HS0401<\/figcaption><\/figure><\/td>\n<td style=\"width: 54.00pt\" width=\"72\">\n<p><figure id=\"attachment_2984\" aria-describedby=\"caption-attachment-2984\" style=\"width: 300px\" class=\"wp-caption aligncenter\"><img decoding=\"async\" class=\"size-medium wp-image-2984\" src=\"https:\/\/theperfumebottles.com\/wp-content\/uploads\/2025\/04\/custom-fragrance-bottles-HS0402-300x300.webp\" alt=\"zak\u00e1zkov\u00e9 lahvi\u010dky na v\u016fni\" width=\"300\" height=\"300\" srcset=\"https:\/\/theperfumebottles.com\/wp-content\/uploads\/2025\/04\/custom-fragrance-bottles-HS0402-300x300.webp 300w, https:\/\/theperfumebottles.com\/wp-content\/uploads\/2025\/04\/custom-fragrance-bottles-HS0402-150x150.webp 150w, https:\/\/theperfumebottles.com\/wp-content\/uploads\/2025\/04\/custom-fragrance-bottles-HS0402-768x768.webp 768w, https:\/\/theperfumebottles.com\/wp-content\/uploads\/2025\/04\/custom-fragrance-bottles-HS0402-12x12.webp 12w, https:\/\/theperfumebottles.com\/wp-content\/uploads\/2025\/04\/custom-fragrance-bottles-HS0402-600x600.webp 600w, https:\/\/theperfumebottles.com\/wp-content\/uploads\/2025\/04\/custom-fragrance-bottles-HS0402-100x100.webp 100w, https:\/\/theperfumebottles.com\/wp-content\/uploads\/2025\/04\/custom-fragrance-bottles-HS0402.webp 1024w\" sizes=\"(max-width: 300px) 100vw, 300px\" \/><figcaption id=\"caption-attachment-2984\" class=\"wp-caption-text\">50 ml HS0402<\/figcaption><\/figure><\/td>\n<td style=\"width: 54.00pt\" width=\"72\">\n<p><figure id=\"attachment_2985\" aria-describedby=\"caption-attachment-2985\" style=\"width: 300px\" class=\"wp-caption aligncenter\"><img decoding=\"async\" class=\"size-medium wp-image-2985\" src=\"https:\/\/theperfumebottles.com\/wp-content\/uploads\/2025\/04\/custom-fragrance-bottles-hs0403-300x300.webp\" alt=\"zak\u00e1zkov\u00e9 lahvi\u010dky na v\u016fni\" width=\"300\" height=\"300\" srcset=\"https:\/\/theperfumebottles.com\/wp-content\/uploads\/2025\/04\/custom-fragrance-bottles-hs0403-300x300.webp 300w, https:\/\/theperfumebottles.com\/wp-content\/uploads\/2025\/04\/custom-fragrance-bottles-hs0403-150x150.webp 150w, https:\/\/theperfumebottles.com\/wp-content\/uploads\/2025\/04\/custom-fragrance-bottles-hs0403-768x768.webp 768w, https:\/\/theperfumebottles.com\/wp-content\/uploads\/2025\/04\/custom-fragrance-bottles-hs0403-12x12.webp 12w, https:\/\/theperfumebottles.com\/wp-content\/uploads\/2025\/04\/custom-fragrance-bottles-hs0403-600x600.webp 600w, https:\/\/theperfumebottles.com\/wp-content\/uploads\/2025\/04\/custom-fragrance-bottles-hs0403-100x100.webp 100w, https:\/\/theperfumebottles.com\/wp-content\/uploads\/2025\/04\/custom-fragrance-bottles-hs0403.webp 1024w\" sizes=\"(max-width: 300px) 100vw, 300px\" \/><figcaption id=\"caption-attachment-2985\" class=\"wp-caption-text\">100 ml HS0403<\/figcaption><\/figure><\/td>\n<\/tr>\n<\/tbody>\n<\/table>\n<h2>Tabulka technick\u00fdch specifikac\u00ed<\/h2>\n<div class=\"hyc-common-markdown__table-wrapper\">\n<table>\n<thead>\n<tr>\n<th>Model<\/th>\n<th>Kapacita<\/th>\n<th>Velikost (V \u00d7 H mm)<\/th>\n<th>Materi\u00e1l<\/th>\n<th>Barva<\/th>\n<th>P\u0159\u00edpady pou\u017eit\u00ed<\/th>\n<\/tr>\n<\/thead>\n<tbody>\n<tr>\n<td>PB-HS0401<\/td>\n<td>30ml<\/td>\n<td>73\u00d746<\/td>\n<td>K\u0159i\u0161\u0165\u00e1lov\u00e9 sklo<\/td>\n<td>Transparentn\u00ed + st\u0159\u00edbrn\u00e1 z\u00e1kladna<\/td>\n<td>Parf\u00e9m, kol\u00ednsk\u00e1 voda, sprej<\/td>\n<\/tr>\n<tr>\n<td>PB-HS0402<\/td>\n<td>50ml<\/td>\n<td>80\u00d751<\/td>\n<td>K\u0159i\u0161\u0165\u00e1lov\u00e9 sklo<\/td>\n<td>Transparentn\u00ed + st\u0159\u00edbrn\u00e1 z\u00e1kladna<\/td>\n<td>V\u016fn\u011b, t\u011blov\u00fd sprej<\/td>\n<\/tr>\n<tr>\n<td>PB-HS0403<\/td>\n<td>100ml<\/td>\n<td>94\u00d759<\/td>\n<td>K\u0159i\u0161\u0165\u00e1lov\u00e9 sklo<\/td>\n<td>Transparentn\u00ed + st\u0159\u00edbrn\u00e1 z\u00e1kladna<\/td>\n<td>Luxusn\u00ed balen\u00ed parf\u00e9m\u016f<\/td>\n<\/tr>\n<\/tbody>\n<\/table>\n<\/div>\n<h2>Pro\u010d si vybrat tyto modern\u00ed lahvi\u010dky na parf\u00e9my?<\/h2>\n<ul>\n<li><strong>Premium Krystalov\u00e9 sklo:<\/strong> Hlubok\u00e9, vysok\u00e9 \u200b\u200bjasnosti sklo zaji\u0161\u0165uje odolnost a zlep\u0161uje viditelnost v\u016fn\u011b.<\/li>\n<li>\u200b<strong>V\u0161estrann\u00e9 velikosti:<\/strong> Od kompaktn\u00edch 30ml atomiz\u00e9r\u016f po v\u00fdrazn\u00e9 100ml pr\u00e1zdn\u00e9 parfumov\u00e9 lahvi, uspokojuje r\u016fzn\u00e9 pot\u0159eby z\u00e1kazn\u00edk\u016f.<\/li>\n<li><strong>Zna\u010dkov\u011b zam\u011b\u0159en\u00e1 personalizace:<\/strong> Spolupracujte s na\u0161\u00edm v\u00fdrobcem, abyste zvolili povrchov\u00e9 \u00fapravy, vyryli loga nebo upravili styly poklic pro jedine\u010dnou z\u00e1kaznickou parfumovou lahvi.<\/li>\n<\/ul>\n<h2>Pozvedn\u011bte svou zna\u010dku v\u016fn\u00ed je\u0161t\u011b dnes<\/h2>\n<p>A\u0165 u\u017e launchingujete novou \u0159adu parf\u00e9m\u016f nebo obnovujete balen\u00ed parf\u00e9m\u016f, tato s\u00e9rie nab\u00edz\u00ed dokonal\u00fd mix modern\u00edho designu a personalizace. Vytvo\u0159te nezapomenuteln\u00fd z\u00e1\u017eitek z rozbalov\u00e1n\u00ed s sklen\u011bn\u00fdmi lahvi\u010dkami, kter\u00e9 odr\u00e1\u017eej\u00ed luxus a inovace va\u0161\u00ed zna\u010dky. Nechte n\u00e1\u0161 profesion\u00e1ln\u00ed t\u00fdm st\u00e1t se va\u0161\u00edm spolupracovn\u00edkem na p\u0159\u00edb\u011bhu zna\u010dky. A\u0165 u\u017e je to dot\u00fdk\u00e1n\u00ed vzorku, abyste c\u00edtili kr\u00e1su \u0159emesla, nebo spole\u010dn\u00e9 vytv\u00e1\u0159en\u00ed jedine\u010dn\u00e9ho designu, m\u016f\u017eete odemknout svou exkluzivn\u00ed odpov\u011b\u010f v jednom kroku. Kontaktujte n\u00e1s, jsme zde a \u010dek\u00e1me.<\/p>","protected":false},"excerpt":{"rendered":"<p>Pozvedn\u011bte svou zna\u010dku pomoc\u00ed modern\u00edch lahvi\u010dek na parf\u00e9my a vlastn\u00edch lahvi\u010dek na parf\u00e9my. Elegantn\u00ed st\u0159\u00edbrn\u00e9 uz\u00e1v\u011bry, tvarovan\u00e9 horsk\u00e9 podstavce a prvot\u0159\u00eddn\u00ed sklo.<\/p>","protected":false},"featured_media":2988,"comment_status":"open","ping_status":"closed","template":"","meta":{"_acf_changed":false,"site-sidebar-layout":"default","site-content-layout":"","ast-site-content-layout":"default","site-content-style":"default","site-sidebar-style":"default","ast-global-header-display":"","ast-banner-title-visibility":"","ast-main-header-display":"","ast-hfb-above-header-display":"","ast-hfb-below-header-display":"","ast-hfb-mobile-header-display":"","site-post-title":"","ast-breadcrumbs-content":"","ast-featured-img":"","footer-sml-layout":"","ast-disable-related-posts":"","theme-transparent-header-meta":"default","adv-header-id-meta":"","stick-header-meta":"","header-above-stick-meta":"","header-main-stick-meta":"","header-below-stick-meta":"","astra-migrate-meta-layouts":"set","ast-page-background-enabled":"default","ast-page-background-meta":{"desktop":{"background-color":"var(--ast-global-color-5)","background-image":"","background-repeat":"repeat","background-position":"center center","background-size":"auto","background-attachment":"scroll","background-type":"","background-media":"","overlay-type":"","overlay-color":"","overlay-opacity":"","overlay-gradient":""},"tablet":{"background-color":"","background-image":"","background-repeat":"repeat","background-position":"center center","background-size":"auto","background-attachment":"scroll","background-type":"","background-media":"","overlay-type":"","overlay-color":"","overlay-opacity":"","overlay-gradient":""},"mobile":{"background-color":"","background-image":"","background-repeat":"repeat","background-position":"center center","background-size":"auto","background-attachment":"scroll","background-type":"","background-media":"","overlay-type":"","overlay-color":"","overlay-opacity":"","overlay-gradient":""}},"ast-content-background-meta":{"desktop":{"background-color":"var(--ast-global-color-4)","background-image":"","background-repeat":"repeat","background-position":"center center","background-size":"auto","background-attachment":"scroll","background-type":"","background-media":"","overlay-type":"","overlay-color":"","overlay-opacity":"","overlay-gradient":""},"tablet":{"background-color":"var(--ast-global-color-4)","background-image":"","background-repeat":"repeat","background-position":"center center","background-size":"auto","background-attachment":"scroll","background-type":"","background-media":"","overlay-type":"","overlay-color":"","overlay-opacity":"","overlay-gradient":""},"mobile":{"background-color":"var(--ast-global-color-4)","background-image":"","background-repeat":"repeat","background-position":"center center","background-size":"auto","background-attachment":"scroll","background-type":"","background-media":"","overlay-type":"","overlay-color":"","overlay-opacity":"","overlay-gradient":""}}},"product_brand":[],"product_cat":[72,41],"product_tag":[],"class_list":{"0":"post-2983","1":"product","2":"type-product","3":"status-publish","4":"has-post-thumbnail","6":"product_cat-cosmetic-packaging","7":"product_cat-perfume-bottles","8":"desktop-align-left","9":"tablet-align-left","10":"mobile-align-left","12":"first","13":"instock","14":"shipping-taxable","15":"product-type-simple"},"acf":[],"jetpack_sharing_enabled":true,"_links":{"self":[{"href":"https:\/\/theperfumebottles.com\/cs\/wp-json\/wp\/v2\/product\/2983","targetHints":{"allow":["GET"]}}],"collection":[{"href":"https:\/\/theperfumebottles.com\/cs\/wp-json\/wp\/v2\/product"}],"about":[{"href":"https:\/\/theperfumebottles.com\/cs\/wp-json\/wp\/v2\/types\/product"}],"replies":[{"embeddable":true,"href":"https:\/\/theperfumebottles.com\/cs\/wp-json\/wp\/v2\/comments?post=2983"}],"wp:featuredmedia":[{"embeddable":true,"href":"https:\/\/theperfumebottles.com\/cs\/wp-json\/wp\/v2\/media\/2988"}],"wp:attachment":[{"href":"https:\/\/theperfumebottles.com\/cs\/wp-json\/wp\/v2\/media?parent=2983"}],"wp:term":[{"taxonomy":"product_brand","embeddable":true,"href":"https:\/\/theperfumebottles.com\/cs\/wp-json\/wp\/v2\/product_brand?post=2983"},{"taxonomy":"product_cat","embeddable":true,"href":"https:\/\/theperfumebottles.com\/cs\/wp-json\/wp\/v2\/product_cat?post=2983"},{"taxonomy":"product_tag","embeddable":true,"href":"https:\/\/theperfumebottles.com\/cs\/wp-json\/wp\/v2\/product_tag?post=2983"}],"curies":[{"name":"wp","href":"https:\/\/api.w.org\/{rel}","templated":true}]}}