{"id":2990,"date":"2025-04-08T04:01:41","date_gmt":"2025-04-08T04:01:41","guid":{"rendered":"https:\/\/theperfumebottles.com\/?post_type=product&#038;p=2990"},"modified":"2026-04-01T11:39:35","modified_gmt":"2026-04-01T03:39:35","slug":"small-refillable-perfume-bottles-gold-accent-glass-perfume-bottle","status":"publish","type":"product","link":"https:\/\/theperfumebottles.com\/cs\/produkt\/small-refillable-perfume-bottles-gold-accent-glass-perfume-bottle\/","title":{"rendered":"Small Refillable Perfume Bottles with Gold Accents"},"content":{"rendered":"<h2>Refillable Perfume Bottles: Luxury Meets Sustainability<\/h2>\n<p>Vylep\u0161ete svou zna\u010dku parf\u00e9mu pomoc\u00ed na\u0161ich mal\u00fdch plniteln\u00fdch lahvi\u010dek - dokonal\u00e9 spojen\u00ed bohatstv\u00ed a ekologick\u00e9ho designu. Jako d\u016fv\u011bryhodn\u00fd v\u00fdrobce pr\u00e9miov\u00fdch sklen\u011bn\u00fdch lahvi\u010dek na parf\u00e9my nab\u00edz\u00edme zlat\u00e9 kolekce lahvi\u010dek na parf\u00e9my, kter\u00e9 nov\u011b definuj\u00ed luxusn\u00ed balen\u00ed pro n\u00e1ro\u010dn\u00e9 zna\u010dky.<\/p>\n<h2>Pro\u010d si vybrat na\u0161e plniteln\u00e9 lahvi\u010dky na parf\u00e9my?<\/h2>\n<p>1.<strong>Autorsk\u00e9 poplatky na zak\u00e1zku<\/strong><br \/>\nKorunujte svou v\u016fni na\u0161\u00edm designov\u00fdm flakonem s vintage korunkou, kter\u00fd je zdoben 24kar\u00e1tov\u00fdm zlatem a brou\u0161en\u00fdmi k\u0159i\u0161\u0165\u00e1lov\u00fdmi uz\u00e1v\u011bry. Ide\u00e1ln\u00ed pro vlastn\u00ed potisk logem a barevn\u00e9 \u00fapravy.<\/p>\n<p>2.<strong>V\u00fdkon p\u0159ipraven\u00fd na cesty<\/strong><br \/>\nD\u00edky technologii rozpra\u0161ova\u010de odoln\u00e9mu proti \u00faniku projdete bez probl\u00e9m\u016f bezpe\u010dnostn\u00edmi kontrolami v letadle. Odol\u00e1v\u00e1 teplot\u00e1m od -20 \u00b0C do 40 \u00b0C - ide\u00e1ln\u00ed pro cestovn\u00ed kol\u00ednsk\u00e9 vody.<\/p>\n<p>3.<strong>Multifunk\u010dn\u00ed v\u0161estrannost<\/strong><br \/>\nKrom\u011b parf\u00e9m\u016f je m\u016f\u017eete pou\u017e\u00edt i jako sprej na opalov\u00e1n\u00ed, tonikum nebo odli\u010dovac\u00ed vodu. \u010cty\u0159i jedine\u010dn\u00e9 tvary sklen\u011bn\u00fdch lahvi\u010dek (objem 50 ml) se hod\u00ed pro jakoukoli produktovou \u0159adu.<\/p>\n<h2>Kl\u00ed\u010dov\u00e9 specifikace<\/h2>\n<table style=\"border-collapse: collapse; width: 80%; margin-left: auto; margin-right: auto;\" border=\"0\" width=\"80%\" cellspacing=\"0\" cellpadding=\"0\">\n<tbody>\n<tr style=\"height: 13.50pt;\">\n<td class=\"et3\" style=\"height: 13.50pt; width: 95.25pt;\" width=\"127\" height=\"18\">Styl<\/td>\n<td class=\"et3\" style=\"width: 65.25pt;\" width=\"87\">Kapacita<\/td>\n<td class=\"et3\" style=\"width: 89.25pt;\" width=\"119\">Celkov\u00e1 v\u00fd\u0161ka<\/td>\n<td class=\"et3\" style=\"width: 84.00pt;\" width=\"112\">V\u00fd\u0161ka t\u011bla<\/td>\n<td class=\"et3\" style=\"width: 54.00pt;\" width=\"72\">\u0160\u00ed\u0159ka<\/td>\n<td class=\"et3\" style=\"width: 171.75pt;\" width=\"229\">Speci\u00e1ln\u00ed funkce<\/td>\n<\/tr>\n<tr style=\"height: 13.50pt;\">\n<td class=\"et4\" style=\"height: 13.50pt; width: 95.25pt;\" width=\"127\" height=\"18\">N\u00e1m\u011bst\u00ed<\/td>\n<td class=\"et4\" style=\"width: 65.25pt;\" width=\"87\">30 ml<\/td>\n<td class=\"et4\" style=\"width: 89.25pt;\" width=\"119\">87 mm<\/td>\n<td class=\"et4\" style=\"width: 84.00pt;\" width=\"112\">58 mm<\/td>\n<td class=\"et4\" style=\"width: 54.00pt;\" width=\"72\">38 mm<\/td>\n<td class=\"et4\" style=\"width: 171.75pt;\" width=\"229\">Modern\u00ed geometrick\u00fd profil<\/td>\n<\/tr>\n<tr style=\"height: 13.50pt;\">\n<td class=\"et4\" style=\"height: 13.50pt; width: 95.25pt;\" width=\"127\" height=\"18\">Ov\u00e1ln\u00fd<\/td>\n<td class=\"et4\" style=\"width: 65.25pt;\" width=\"87\">50 ml<\/td>\n<td class=\"et4\" style=\"width: 89.25pt;\" width=\"119\">130 mm<\/td>\n<td class=\"et4\" style=\"width: 84.00pt;\" width=\"112\">98 mm<\/td>\n<td class=\"et4\" style=\"width: 54.00pt;\" width=\"72\">67 mm<\/td>\n<td class=\"et4\" style=\"width: 171.75pt;\" width=\"229\">Ergonomick\u00fd design rukojeti<\/td>\n<\/tr>\n<tr style=\"height: 13.50pt;\">\n<td class=\"et4\" style=\"height: 13.50pt; width: 95.25pt;\" width=\"127\" height=\"18\">Klasick\u00e9 kolo<\/td>\n<td class=\"et2\">50 ml<\/td>\n<td class=\"et4\" style=\"width: 89.25pt;\" width=\"119\">106 mm<\/td>\n<td class=\"et4\" style=\"width: 84.00pt;\" width=\"112\">75 mm<\/td>\n<td class=\"et4\" style=\"width: 54.00pt;\" width=\"72\">48 mm<\/td>\n<td class=\"et4\" style=\"width: 171.75pt;\" width=\"229\">Nad\u010dasov\u00e1 estetika luxusu<\/td>\n<\/tr>\n<tr style=\"height: 13.50pt;\">\n<td class=\"et4\" style=\"height: 13.50pt; width: 95.25pt;\" width=\"127\" height=\"18\">Vintage Crown<\/td>\n<td class=\"et4\" style=\"width: 65.25pt;\" width=\"87\">60 ml<\/td>\n<td class=\"et4\" style=\"width: 89.25pt;\" width=\"119\">96 mm<\/td>\n<td class=\"et4\" style=\"width: 84.00pt;\" width=\"112\">64 mm<\/td>\n<td class=\"et4\" style=\"width: 54.00pt;\" width=\"72\">60 mm<\/td>\n<td class=\"et4\" style=\"width: 171.75pt;\" width=\"229\">Kr\u00e1lovsk\u00e1 \u010depice s k\u0159i\u0161\u0165\u00e1lovou \u0161pi\u010dkou<\/td>\n<\/tr>\n<\/tbody>\n<\/table>\n<h2>Ide\u00e1ln\u00ed pro:<\/h2>\n<ul>\n<li>Redesign obal\u016f luxusn\u00edch parf\u00e9m\u016f<\/li>\n<li>Kolekce kol\u00ednsk\u00fdch vod ve zlat\u00e9 lahvi\u010dce<\/li>\n<li>D\u00e1rkov\u00e9 sady v limitovan\u00e9 edici<\/li>\n<li>\u0158ady p\u00e9\u010de o ple\u0165 pod vlastn\u00ed zna\u010dkou<\/li>\n<\/ul>\n<p>Vytvo\u0159te si sv\u016fj osobit\u00fd z\u00e1\u017eitek z v\u016fn\u011b je\u0161t\u011b dnes - kontaktujte n\u00e1s a vy\u0159i\u010fte si sv\u00e9 pot\u0159eby t\u00fdkaj\u00edc\u00ed se plniteln\u00fdch lahvi\u010dek na parf\u00e9my na zak\u00e1zku.<\/p>","protected":false},"excerpt":{"rendered":"<p>Pr\u00e9miov\u00e9 mal\u00e9 plniteln\u00e9 lahvi\u010dky na parf\u00e9my se zlat\u00fdmi akcenty a k\u0159i\u0161\u0165\u00e1lov\u00fdmi uz\u00e1v\u011bry. P\u0159izp\u016fsobiteln\u00e9 luxusn\u00ed obaly pro zna\u010dky v\u016fn\u00ed. \u0160etrn\u00e9 k \u017eivotn\u00edmu prost\u0159ed\u00ed a bezpe\u010dn\u00e9 na cesty.<\/p>","protected":false},"featured_media":2992,"comment_status":"open","ping_status":"closed","template":"","meta":{"_acf_changed":false,"site-sidebar-layout":"default","site-content-layout":"","ast-site-content-layout":"default","site-content-style":"default","site-sidebar-style":"default","ast-global-header-display":"","ast-banner-title-visibility":"","ast-main-header-display":"","ast-hfb-above-header-display":"","ast-hfb-below-header-display":"","ast-hfb-mobile-header-display":"","site-post-title":"","ast-breadcrumbs-content":"","ast-featured-img":"","footer-sml-layout":"","ast-disable-related-posts":"","theme-transparent-header-meta":"default","adv-header-id-meta":"","stick-header-meta":"","header-above-stick-meta":"","header-main-stick-meta":"","header-below-stick-meta":"","astra-migrate-meta-layouts":"set","ast-page-background-enabled":"default","ast-page-background-meta":{"desktop":{"background-color":"var(--ast-global-color-5)","background-image":"","background-repeat":"repeat","background-position":"center center","background-size":"auto","background-attachment":"scroll","background-type":"","background-media":"","overlay-type":"","overlay-color":"","overlay-opacity":"","overlay-gradient":""},"tablet":{"background-color":"","background-image":"","background-repeat":"repeat","background-position":"center center","background-size":"auto","background-attachment":"scroll","background-type":"","background-media":"","overlay-type":"","overlay-color":"","overlay-opacity":"","overlay-gradient":""},"mobile":{"background-color":"","background-image":"","background-repeat":"repeat","background-position":"center center","background-size":"auto","background-attachment":"scroll","background-type":"","background-media":"","overlay-type":"","overlay-color":"","overlay-opacity":"","overlay-gradient":""}},"ast-content-background-meta":{"desktop":{"background-color":"var(--ast-global-color-4)","background-image":"","background-repeat":"repeat","background-position":"center center","background-size":"auto","background-attachment":"scroll","background-type":"","background-media":"","overlay-type":"","overlay-color":"","overlay-opacity":"","overlay-gradient":""},"tablet":{"background-color":"var(--ast-global-color-4)","background-image":"","background-repeat":"repeat","background-position":"center center","background-size":"auto","background-attachment":"scroll","background-type":"","background-media":"","overlay-type":"","overlay-color":"","overlay-opacity":"","overlay-gradient":""},"mobile":{"background-color":"var(--ast-global-color-4)","background-image":"","background-repeat":"repeat","background-position":"center center","background-size":"auto","background-attachment":"scroll","background-type":"","background-media":"","overlay-type":"","overlay-color":"","overlay-opacity":"","overlay-gradient":""}}},"product_brand":[],"product_cat":[90,72,41],"product_tag":[],"class_list":{"0":"post-2990","1":"product","2":"type-product","3":"status-publish","4":"has-post-thumbnail","6":"product_cat-refillable-perfume-bottles","7":"product_cat-cosmetic-packaging","8":"product_cat-perfume-bottles","9":"desktop-align-left","10":"tablet-align-left","11":"mobile-align-left","13":"first","14":"instock","15":"shipping-taxable","16":"product-type-simple"},"acf":[],"jetpack_sharing_enabled":true,"_links":{"self":[{"href":"https:\/\/theperfumebottles.com\/cs\/wp-json\/wp\/v2\/product\/2990","targetHints":{"allow":["GET"]}}],"collection":[{"href":"https:\/\/theperfumebottles.com\/cs\/wp-json\/wp\/v2\/product"}],"about":[{"href":"https:\/\/theperfumebottles.com\/cs\/wp-json\/wp\/v2\/types\/product"}],"replies":[{"embeddable":true,"href":"https:\/\/theperfumebottles.com\/cs\/wp-json\/wp\/v2\/comments?post=2990"}],"wp:featuredmedia":[{"embeddable":true,"href":"https:\/\/theperfumebottles.com\/cs\/wp-json\/wp\/v2\/media\/2992"}],"wp:attachment":[{"href":"https:\/\/theperfumebottles.com\/cs\/wp-json\/wp\/v2\/media?parent=2990"}],"wp:term":[{"taxonomy":"product_brand","embeddable":true,"href":"https:\/\/theperfumebottles.com\/cs\/wp-json\/wp\/v2\/product_brand?post=2990"},{"taxonomy":"product_cat","embeddable":true,"href":"https:\/\/theperfumebottles.com\/cs\/wp-json\/wp\/v2\/product_cat?post=2990"},{"taxonomy":"product_tag","embeddable":true,"href":"https:\/\/theperfumebottles.com\/cs\/wp-json\/wp\/v2\/product_tag?post=2990"}],"curies":[{"name":"wp","href":"https:\/\/api.w.org\/{rel}","templated":true}]}}