{"id":3000,"date":"2025-04-08T09:27:23","date_gmt":"2025-04-08T09:27:23","guid":{"rendered":"https:\/\/theperfumebottles.com\/?post_type=product&#038;p=3000"},"modified":"2025-05-29T10:10:19","modified_gmt":"2025-05-29T02:10:19","slug":"mountain-base-golden-perfume-bottles-most-unique-luxury-fragrance-packaging","status":"publish","type":"product","link":"https:\/\/theperfumebottles.com\/cs\/produkt\/mountain-base-golden-perfume-bottles-most-unique-luxury-fragrance-packaging\/","title":{"rendered":"Zlat\u00e9 flakony na parf\u00e9my Mountain-Base \u2013 nejunik\u00e1tn\u011bj\u0161\u00ed luxusn\u00ed balen\u00ed v\u016fn\u00ed"},"content":{"rendered":"<p>S\u00e9rie zlat\u00fdch lahvi\u010dek na parf\u00e9my je ur\u010dena pro zna\u010dky, kter\u00e9 cht\u011bj\u00ed ud\u011blat nezapomenuteln\u00fd dojem, a kombinuje v\u00fdraznou estetiku s pr\u00e9miov\u00fdm p\u0159izp\u016fsoben\u00edm, kter\u00e9 zv\u00fd\u0161\u00ed presti\u017e va\u0161\u00ed zna\u010dky.<\/p>\n<table style=\"border-collapse: collapse;margin-left: auto;margin-right: auto;width: 162.03pt\" border=\"0\" width=\"216\" cellspacing=\"0\" cellpadding=\"0\">\n<tbody>\n<tr style=\"height: 13.50pt\">\n<td style=\"height: 13.50pt;width: 54.00pt\" width=\"72\" height=\"18\">\n<p><figure id=\"attachment_3004\" aria-describedby=\"caption-attachment-3004\" style=\"width: 300px\" class=\"wp-caption aligncenter\"><img fetchpriority=\"high\" decoding=\"async\" class=\"size-medium wp-image-3004\" src=\"https:\/\/theperfumebottles.com\/wp-content\/uploads\/2025\/04\/golden-perfume-bottle-HS0501-300x300.webp\" alt=\"zlat\u00e1 lahvi\u010dka na parf\u00e9m\" width=\"300\" height=\"300\" srcset=\"https:\/\/theperfumebottles.com\/wp-content\/uploads\/2025\/04\/golden-perfume-bottle-HS0501-300x300.webp 300w, https:\/\/theperfumebottles.com\/wp-content\/uploads\/2025\/04\/golden-perfume-bottle-HS0501-150x150.webp 150w, https:\/\/theperfumebottles.com\/wp-content\/uploads\/2025\/04\/golden-perfume-bottle-HS0501-768x768.webp 768w, https:\/\/theperfumebottles.com\/wp-content\/uploads\/2025\/04\/golden-perfume-bottle-HS0501-12x12.webp 12w, https:\/\/theperfumebottles.com\/wp-content\/uploads\/2025\/04\/golden-perfume-bottle-HS0501-600x600.webp 600w, https:\/\/theperfumebottles.com\/wp-content\/uploads\/2025\/04\/golden-perfume-bottle-HS0501-100x100.webp 100w, https:\/\/theperfumebottles.com\/wp-content\/uploads\/2025\/04\/golden-perfume-bottle-HS0501.webp 1000w\" sizes=\"(max-width: 300px) 100vw, 300px\" \/><figcaption id=\"caption-attachment-3004\" class=\"wp-caption-text\">30ml PB-HS0501<\/figcaption><\/figure><\/td>\n<td style=\"width: 54.00pt\" width=\"72\">\n<p><figure id=\"attachment_3005\" aria-describedby=\"caption-attachment-3005\" style=\"width: 300px\" class=\"wp-caption aligncenter\"><img decoding=\"async\" class=\"size-medium wp-image-3005\" src=\"https:\/\/theperfumebottles.com\/wp-content\/uploads\/2025\/04\/golden-perfume-bottle-HS0502-300x300.webp\" alt=\"zlat\u00e1 lahvi\u010dka na parf\u00e9m\" width=\"300\" height=\"300\" srcset=\"https:\/\/theperfumebottles.com\/wp-content\/uploads\/2025\/04\/golden-perfume-bottle-HS0502-300x300.webp 300w, https:\/\/theperfumebottles.com\/wp-content\/uploads\/2025\/04\/golden-perfume-bottle-HS0502-150x150.webp 150w, https:\/\/theperfumebottles.com\/wp-content\/uploads\/2025\/04\/golden-perfume-bottle-HS0502-768x768.webp 768w, https:\/\/theperfumebottles.com\/wp-content\/uploads\/2025\/04\/golden-perfume-bottle-HS0502-12x12.webp 12w, https:\/\/theperfumebottles.com\/wp-content\/uploads\/2025\/04\/golden-perfume-bottle-HS0502-600x600.webp 600w, https:\/\/theperfumebottles.com\/wp-content\/uploads\/2025\/04\/golden-perfume-bottle-HS0502-100x100.webp 100w, https:\/\/theperfumebottles.com\/wp-content\/uploads\/2025\/04\/golden-perfume-bottle-HS0502.webp 1000w\" sizes=\"(max-width: 300px) 100vw, 300px\" \/><figcaption id=\"caption-attachment-3005\" class=\"wp-caption-text\">50ml PB-HS0502<\/figcaption><\/figure><\/td>\n<td style=\"width: 54.00pt\" width=\"72\">\n<p><figure id=\"attachment_3006\" aria-describedby=\"caption-attachment-3006\" style=\"width: 300px\" class=\"wp-caption aligncenter\"><img decoding=\"async\" class=\"size-medium wp-image-3006\" src=\"https:\/\/theperfumebottles.com\/wp-content\/uploads\/2025\/04\/golden-perfume-bottle-HS0503-300x300.webp\" alt=\"zlat\u00e1 lahvi\u010dka na parf\u00e9m\" width=\"300\" height=\"300\" srcset=\"https:\/\/theperfumebottles.com\/wp-content\/uploads\/2025\/04\/golden-perfume-bottle-HS0503-300x300.webp 300w, https:\/\/theperfumebottles.com\/wp-content\/uploads\/2025\/04\/golden-perfume-bottle-HS0503-150x150.webp 150w, https:\/\/theperfumebottles.com\/wp-content\/uploads\/2025\/04\/golden-perfume-bottle-HS0503-768x768.webp 768w, https:\/\/theperfumebottles.com\/wp-content\/uploads\/2025\/04\/golden-perfume-bottle-HS0503-12x12.webp 12w, https:\/\/theperfumebottles.com\/wp-content\/uploads\/2025\/04\/golden-perfume-bottle-HS0503-600x600.webp 600w, https:\/\/theperfumebottles.com\/wp-content\/uploads\/2025\/04\/golden-perfume-bottle-HS0503-100x100.webp 100w, https:\/\/theperfumebottles.com\/wp-content\/uploads\/2025\/04\/golden-perfume-bottle-HS0503.webp 1000w\" sizes=\"(max-width: 300px) 100vw, 300px\" \/><figcaption id=\"caption-attachment-3006\" class=\"wp-caption-text\">100 ml PB-HS0503<\/figcaption><\/figure><\/td>\n<\/tr>\n<\/tbody>\n<\/table>\n<h2>Kl\u00ed\u010dov\u00e9 specifikace v kostce<\/h2>\n<div class=\"hyc-common-markdown__table-wrapper\">\n<table>\n<thead>\n<tr>\n<th>Model<\/th>\n<th>Kapacita<\/th>\n<th>Velikost (V*Pr\u016fm\u011br)<\/th>\n<th>Materi\u00e1l<\/th>\n<th>Barevn\u00fd design<\/th>\n<\/tr>\n<\/thead>\n<tbody>\n<tr>\n<td>PB-HS0501<\/td>\n<td>30ml<\/td>\n<td>46 * 73 mm<\/td>\n<td>K\u0159i\u0161\u0165\u00e1lov\u00e9 sklo<\/td>\n<td>Transparentn\u00ed + zlat\u00fd podstavec\/v\u00ed\u010dko<\/td>\n<\/tr>\n<tr>\n<td>PB-HS0502<\/td>\n<td>50ml<\/td>\n<td>51 * 80 mm<\/td>\n<td>K\u0159i\u0161\u0165\u00e1lov\u00e9 sklo<\/td>\n<td>Transparentn\u00ed + zlat\u00fd podstavec\/v\u00ed\u010dko<\/td>\n<\/tr>\n<tr>\n<td>PB-HS0503<\/td>\n<td>100ml<\/td>\n<td>59 * 94 mm<\/td>\n<td>K\u0159i\u0161\u0165\u00e1lov\u00e9 sklo<\/td>\n<td>Transparentn\u00ed + zlat\u00fd podstavec\/v\u00ed\u010dko<\/td>\n<\/tr>\n<\/tbody>\n<\/table>\n<\/div>\n<hr \/>\n<h2>Pro\u010d si vybrat tuto \u0159adu?<\/h2>\n<ul>\n<li><strong>P\u0159izp\u016fsobte se r\u016fzn\u00fdm sc\u00e9n\u00e1\u0159\u016fm a dos\u00e1hn\u011bte exkluzivn\u00edho vyj\u00e1d\u0159en\u00ed v\u016fn\u011b:<\/strong> A\u0165 u\u017e pot\u0159ebujete mal\u00e9 a p\u0159enosn\u00e9 balen\u00ed o objemu 30 ml (1 oz), nebo v\u011bt\u0161\u00ed balen\u00ed o objemu 50 ml (1,7 oz) \u010di 100 ml (3,4 oz), m\u00e1me pro v\u00e1s p\u0159ipraven\u00e9 varianty velikost\u00ed, aby si ka\u017ed\u00e1 v\u016fn\u011b na\u0161la ten nejvhodn\u011bj\u0161\u00ed \"domov\".<\/li>\n<li><strong>Elegantn\u00ed n\u00e1doba, klidn\u011b reaguje na r\u016fzn\u00e9 pot\u0159eby:<\/strong> Od klasick\u00e9ho parf\u00e9mu po sv\u011b\u017e\u00ed kol\u00ednskou, od denn\u00edho t\u011blov\u00e9ho spreje po l\u00e9\u010div\u00fd esenci\u00e1ln\u00ed olej - dok\u00e1\u017ee elegantn\u011b p\u0159en\u00e9st v\u00e1\u0161 p\u0159\u00edb\u011bh v\u016fn\u011b tak, aby ka\u017ed\u00e1 v\u016fn\u011b m\u011bla sv\u016fj vlastn\u00ed jedine\u010dn\u00fd v\u00fdraz.<\/li>\n<li><strong>Jednor\u00e1zov\u00e9 slu\u017eby:<\/strong> Vytvo\u0159te si kompletn\u00ed balen\u00ed parf\u00e9m\u016f - od p\u0159izp\u016fsoben\u00ed sklen\u011bn\u00e9ho flakonu a\u017e po d\u00e1rkov\u00e9 balen\u00ed.<\/li>\n<\/ul>\n<h2>Odhalte potenci\u00e1l sv\u00e9 zna\u010dky<\/h2>\n<p>Vytvo\u0159te \u0159adu kol\u00ednsk\u00fdch vod se zelen\u00fdm flakonem nebo uve\u010fte na trh luxusn\u00ed v\u016fni se zlat\u00fdm akcentem - na\u0161e sklen\u011bn\u00e9 obaly parf\u00e9m\u016f se p\u0159izp\u016fsob\u00ed va\u0161im p\u0159edstav\u00e1m. D\u00edky slev\u00e1m na hromadn\u00e9 objedn\u00e1vky a specializovan\u00e9 z\u00e1kaznick\u00e9 podpo\u0159e jsme va\u0161\u00edm d\u016fv\u011bryhodn\u00fdm v\u00fdrobcem v\u00fdjime\u010dn\u00fdch lahvi\u010dek na parf\u00e9my.<\/p>\n<p><strong><a href=\"https:\/\/theperfumebottles.com\/cs\/contact\/\">Vytvo\u0159te si vlastn\u00ed design nyn\u00ed<\/a><br \/>\n<\/strong><\/p>","protected":false},"excerpt":{"rendered":"<p>Zlat\u00e9 flakony parf\u00e9m\u016f s podstavci inspirovan\u00fdmi horami - jedine\u010dn\u00e9 balen\u00ed luxusn\u00edch v\u016fn\u00ed. P\u0159izp\u016fsobiteln\u00e9 flakony z k\u0159i\u0161\u0165\u00e1lov\u00e9ho skla pro pr\u00e9miov\u00e9 zna\u010dky.<\/p>","protected":false},"featured_media":3006,"comment_status":"open","ping_status":"closed","template":"","meta":{"_acf_changed":false,"site-sidebar-layout":"default","site-content-layout":"","ast-site-content-layout":"default","site-content-style":"default","site-sidebar-style":"default","ast-global-header-display":"","ast-banner-title-visibility":"","ast-main-header-display":"","ast-hfb-above-header-display":"","ast-hfb-below-header-display":"","ast-hfb-mobile-header-display":"","site-post-title":"","ast-breadcrumbs-content":"","ast-featured-img":"","footer-sml-layout":"","ast-disable-related-posts":"","theme-transparent-header-meta":"default","adv-header-id-meta":"","stick-header-meta":"","header-above-stick-meta":"","header-main-stick-meta":"","header-below-stick-meta":"","astra-migrate-meta-layouts":"set","ast-page-background-enabled":"default","ast-page-background-meta":{"desktop":{"background-color":"var(--ast-global-color-5)","background-image":"","background-repeat":"repeat","background-position":"center center","background-size":"auto","background-attachment":"scroll","background-type":"","background-media":"","overlay-type":"","overlay-color":"","overlay-opacity":"","overlay-gradient":""},"tablet":{"background-color":"","background-image":"","background-repeat":"repeat","background-position":"center center","background-size":"auto","background-attachment":"scroll","background-type":"","background-media":"","overlay-type":"","overlay-color":"","overlay-opacity":"","overlay-gradient":""},"mobile":{"background-color":"","background-image":"","background-repeat":"repeat","background-position":"center center","background-size":"auto","background-attachment":"scroll","background-type":"","background-media":"","overlay-type":"","overlay-color":"","overlay-opacity":"","overlay-gradient":""}},"ast-content-background-meta":{"desktop":{"background-color":"var(--ast-global-color-4)","background-image":"","background-repeat":"repeat","background-position":"center center","background-size":"auto","background-attachment":"scroll","background-type":"","background-media":"","overlay-type":"","overlay-color":"","overlay-opacity":"","overlay-gradient":""},"tablet":{"background-color":"var(--ast-global-color-4)","background-image":"","background-repeat":"repeat","background-position":"center center","background-size":"auto","background-attachment":"scroll","background-type":"","background-media":"","overlay-type":"","overlay-color":"","overlay-opacity":"","overlay-gradient":""},"mobile":{"background-color":"var(--ast-global-color-4)","background-image":"","background-repeat":"repeat","background-position":"center center","background-size":"auto","background-attachment":"scroll","background-type":"","background-media":"","overlay-type":"","overlay-color":"","overlay-opacity":"","overlay-gradient":""}}},"product_brand":[],"product_cat":[72,91,41],"product_tag":[],"class_list":{"0":"post-3000","1":"product","2":"type-product","3":"status-publish","4":"has-post-thumbnail","6":"product_cat-cosmetic-packaging","7":"product_cat-custom-perfume-bottles","8":"product_cat-perfume-bottles","9":"desktop-align-left","10":"tablet-align-left","11":"mobile-align-left","13":"first","14":"instock","15":"shipping-taxable","16":"product-type-simple"},"acf":[],"jetpack_sharing_enabled":true,"_links":{"self":[{"href":"https:\/\/theperfumebottles.com\/cs\/wp-json\/wp\/v2\/product\/3000","targetHints":{"allow":["GET"]}}],"collection":[{"href":"https:\/\/theperfumebottles.com\/cs\/wp-json\/wp\/v2\/product"}],"about":[{"href":"https:\/\/theperfumebottles.com\/cs\/wp-json\/wp\/v2\/types\/product"}],"replies":[{"embeddable":true,"href":"https:\/\/theperfumebottles.com\/cs\/wp-json\/wp\/v2\/comments?post=3000"}],"wp:featuredmedia":[{"embeddable":true,"href":"https:\/\/theperfumebottles.com\/cs\/wp-json\/wp\/v2\/media\/3006"}],"wp:attachment":[{"href":"https:\/\/theperfumebottles.com\/cs\/wp-json\/wp\/v2\/media?parent=3000"}],"wp:term":[{"taxonomy":"product_brand","embeddable":true,"href":"https:\/\/theperfumebottles.com\/cs\/wp-json\/wp\/v2\/product_brand?post=3000"},{"taxonomy":"product_cat","embeddable":true,"href":"https:\/\/theperfumebottles.com\/cs\/wp-json\/wp\/v2\/product_cat?post=3000"},{"taxonomy":"product_tag","embeddable":true,"href":"https:\/\/theperfumebottles.com\/cs\/wp-json\/wp\/v2\/product_tag?post=3000"}],"curies":[{"name":"wp","href":"https:\/\/api.w.org\/{rel}","templated":true}]}}