{"id":3032,"date":"2025-04-11T08:47:32","date_gmt":"2025-04-11T08:47:32","guid":{"rendered":"https:\/\/theperfumebottles.com\/?post_type=product&#038;p=3032"},"modified":"2025-04-17T09:32:12","modified_gmt":"2025-04-17T09:32:12","slug":"15ml-essential-oil-roller-bottles-wholesale-eco-friendly-roll-on-glass-bottles","status":"publish","type":"product","link":"https:\/\/theperfumebottles.com\/cs\/produkt\/15ml-essential-oil-roller-bottles-wholesale-eco-friendly-roll-on-glass-bottles\/","title":{"rendered":"Velkoobchodn\u00ed prodej 15ml lahvi\u010dek s roll-on esenci\u00e1ln\u00edm olejem | Ekologick\u00e9 sklen\u011bn\u00e9 lahvi\u010dky s roll-on roll-on"},"content":{"rendered":"<p>Velkoobchodn\u00ed prodej pr\u00e9miov\u00fdch 15ml roll-on lahvi\u010dek na esenci\u00e1ln\u00ed oleje. Ekologick\u00e9 sklen\u011bn\u00e9 roll-on lahvi\u010dky s bambusov\u00fdmi uz\u00e1v\u011bry a UV ochranou. Mo\u017enost p\u0159izp\u016fsoben\u00ed zna\u010dk\u00e1m. Pozdvihn\u011bte svou \u0159adu kosmetick\u00fdch obal\u016f a aromaterapie s na\u0161imi 15ml roll-on lahvi\u010dkami, kter\u00e9 jsou navr\u017eeny pro zna\u010dky, je\u017e kladou d\u016fraz na udr\u017eitelnost, funk\u010dnost a styl. Tyto roll-on lahvi\u010dky jsou ide\u00e1ln\u00ed pro esenci\u00e1ln\u00ed oleje, s\u00e9ra a aromaterapeutick\u00e9 sm\u011bsi a spojuj\u00ed ekologick\u00fd luxus s praktick\u00fdm v\u00fdkonem.<\/p>\n<figure id=\"attachment_3036\" aria-describedby=\"caption-attachment-3036\" style=\"width: 300px\" class=\"wp-caption aligncenter\"><img fetchpriority=\"high\" decoding=\"async\" class=\"size-medium wp-image-3036\" src=\"https:\/\/theperfumebottles.com\/wp-content\/uploads\/2025\/04\/essential-oil-roller-R15ml-300x300.webp\" alt=\"v\u00e1le\u010dky na esenci\u00e1ln\u00ed oleje\" width=\"300\" height=\"300\" srcset=\"https:\/\/theperfumebottles.com\/wp-content\/uploads\/2025\/04\/essential-oil-roller-R15ml-300x300.webp 300w, https:\/\/theperfumebottles.com\/wp-content\/uploads\/2025\/04\/essential-oil-roller-R15ml-150x150.webp 150w, https:\/\/theperfumebottles.com\/wp-content\/uploads\/2025\/04\/essential-oil-roller-R15ml-768x768.webp 768w, https:\/\/theperfumebottles.com\/wp-content\/uploads\/2025\/04\/essential-oil-roller-R15ml-12x12.webp 12w, https:\/\/theperfumebottles.com\/wp-content\/uploads\/2025\/04\/essential-oil-roller-R15ml-600x600.webp 600w, https:\/\/theperfumebottles.com\/wp-content\/uploads\/2025\/04\/essential-oil-roller-R15ml-100x100.webp 100w, https:\/\/theperfumebottles.com\/wp-content\/uploads\/2025\/04\/essential-oil-roller-R15ml.webp 1000w\" sizes=\"(max-width: 300px) 100vw, 300px\" \/><figcaption id=\"caption-attachment-3036\" class=\"wp-caption-text\">15ml v\u00e1le\u010dky s esenci\u00e1ln\u00edmi oleji<\/figcaption><\/figure>\n<h2><strong>Kl\u00ed\u010dov\u00e9 specifikace<\/strong><\/h2>\n<div class=\"hyc-common-markdown__table-wrapper\">\n<table>\n<thead>\n<tr>\n<th>\u200b<strong>Atribut<\/strong><\/th>\n<th>\u200b<strong>Podrobnosti<\/strong><\/th>\n<\/tr>\n<\/thead>\n<tbody>\n<tr>\n<td>\u200b<strong>Kapacita<\/strong><\/td>\n<td>15 ml \/ 0,5 oz (velikost vhodn\u00e1 na cesty)<\/td>\n<\/tr>\n<tr>\n<td>\u200b<strong>Materi\u00e1l<\/strong><\/td>\n<td>Bezolovnat\u00e9 sklo, bambusov\u00e9\/plastov\u00e9\/galvanicky pokoven\u00e9 uz\u00e1v\u011bry<\/td>\n<\/tr>\n<tr>\n<td>\u200b<strong>Rozm\u011bry<\/strong><\/td>\n<td>V\u00fd\u0161ka 85 mm \u00d7 pr\u016fm\u011br 18 mm (kompaktn\u00ed, kulat\u00fd tvar)<\/td>\n<\/tr>\n<tr>\n<td>\u200b<strong>Mo\u017enosti barev<\/strong><\/td>\n<td>Pr\u016fhledn\u00e9, jantarov\u00e9, modr\u00e9, matn\u00e9 sklo; pln\u011b p\u0159izp\u016fsobiteln\u00e9<\/td>\n<\/tr>\n<tr>\n<td>\u200b<strong>Povrchov\u00e9 \u00fapravy<\/strong><\/td>\n<td>Matn\u00e9, obtisky, le\u0161t\u011bn\u00ed, barva, barevn\u00fd sprej<\/td>\n<\/tr>\n<tr>\n<td>\u200b<strong>Typ t\u011bsn\u011bn\u00ed<\/strong><\/td>\n<td>\u0160roubovac\u00ed uz\u00e1v\u011br s kuli\u010dkou z nerezov\u00e9 oceli (t\u011bsn\u00e9 proveden\u00ed)<\/td>\n<\/tr>\n<tr>\n<td>\u200b<strong>Aplikace<\/strong><\/td>\n<td>\u00c9terick\u00e9 oleje, roll-on parf\u00e9my, aromaterapeutick\u00e9 sm\u011bsi, ple\u0165ov\u00e1 s\u00e9ra<\/td>\n<\/tr>\n<\/tbody>\n<\/table>\n<\/div>\n<h2>\u200b<strong>Pro\u010d si vybrat na\u0161e lahve s v\u00e1lci?<\/strong><\/h2>\n<ul>\n<li>\u200b<strong>P\u0159izp\u016fsobiteln\u00fd branding<\/strong>P\u0159izp\u016fsobte si identitu sv\u00e9 zna\u010dky pomoc\u00ed p\u0159izp\u016fsobiteln\u00fdch barev, povrchov\u00e9 \u00fapravy z matn\u00e9ho skla nebo n\u00e1vrh\u016f samolepek.<\/li>\n<li>\u200b<strong>Velkoobchodn\u00ed flexibilita<\/strong>Optimalizujte n\u00e1klady hromadn\u00fdmi objedn\u00e1vkami roll-on lahv\u00ed pro velkoobchod, ide\u00e1ln\u00ed pro startupy nebo zaveden\u00e9 zna\u010dky, kter\u00e9 roz\u0161i\u0159uj\u00ed v\u00fdrobu.<\/li>\n<li>\u200b<strong>Environment\u00e1ln\u00ed v\u00fdhody<\/strong>Bambusov\u00e9 v\u00ed\u010dko a recyklovateln\u00e9 sklo jsou v souladu s ekologick\u00fdmi obaly a jsou obl\u00edben\u00e9 mezi spot\u0159ebiteli \u0161etrn\u00fdmi k \u017eivotn\u00edmu prost\u0159ed\u00ed.<\/li>\n<li><strong>\u0160iroce pou\u017eiteln\u00e9<\/strong>Vhodn\u00e9 pro tea tree olej, rozmar\u00fdnov\u00fd olej, sm\u011bs CBD, esenci pro p\u00e9\u010di o ple\u0165 a mnoho dal\u0161\u00edch produkt\u016f.<\/li>\n<\/ul>\n<h2>\u200b<strong>Aplikace<\/strong><\/h2>\n<ul>\n<li>\u200b<strong>Aromaterapie<\/strong>Bezpe\u010dn\u011b difuzujte levandulov\u00e9 nebo citrusov\u00e9 esenci\u00e1ln\u00ed oleje.<\/li>\n<li>\u200b<strong>P\u00e9\u010de o ple\u0165<\/strong>Po\u0159i\u010fte si s\u00e9ra proti st\u00e1rnut\u00ed nebo chladiv\u00e9 p\u0159\u00edpravky na o\u010dn\u00ed okol\u00ed.<\/li>\n<li>\u200b<strong>D\u00e1rky pro wellness<\/strong>Vytvo\u0159te si pe\u010dliv\u011b vybran\u00e9 sady s lahvemi inspirovan\u00fdmi k\u0159i\u0161\u0165\u00e1lem.<\/li>\n<\/ul>\n<p><strong>Vynikn\u011bte udr\u017eiteln\u00fdm balen\u00edm<\/strong><br \/>\nJako d\u016fv\u011bryhodn\u00fd v\u00fdrobce roll-on lahvi\u010dek dod\u00e1v\u00e1me pr\u00e9miov\u00e9 15ml roll-on lahvi\u010dky, kter\u00e9 vyva\u017euj\u00ed estetiku, funk\u010dnost a ekologickou odpov\u011bdnost. A\u0165 u\u017e jste wellness startup nebo zku\u0161en\u00fd obchodn\u00edk, na\u0161e lahvi\u010dky pomohou va\u0161\u00ed zna\u010dce zaz\u00e1\u0159it na konkuren\u010dn\u00edm trhu s kosmetick\u00fdmi obaly.<\/p>\n<p><strong>Objednejte si lahvi\u010dky s esenci\u00e1ln\u00edmi oleji je\u0161t\u011b dnes \u2013 k dispozici jsou velkoobchodn\u00ed ceny!<\/strong><\/p>","protected":false},"excerpt":{"rendered":"<p>Povy\u0161te svou \u0159adu kosmetick\u00fdch obal\u016f a aromaterapie s na\u0161imi 15ml roll-onem, ur\u010den\u00fdmi pro zna\u010dky, kter\u00e9 kladou d\u016fraz na udr\u017eitelnost, funk\u010dnost a styl.<\/p>","protected":false},"featured_media":3035,"comment_status":"open","ping_status":"closed","template":"","meta":{"_acf_changed":false,"site-sidebar-layout":"default","site-content-layout":"","ast-site-content-layout":"default","site-content-style":"default","site-sidebar-style":"default","ast-global-header-display":"","ast-banner-title-visibility":"","ast-main-header-display":"","ast-hfb-above-header-display":"","ast-hfb-below-header-display":"","ast-hfb-mobile-header-display":"","site-post-title":"","ast-breadcrumbs-content":"","ast-featured-img":"","footer-sml-layout":"","ast-disable-related-posts":"","theme-transparent-header-meta":"default","adv-header-id-meta":"","stick-header-meta":"","header-above-stick-meta":"","header-main-stick-meta":"","header-below-stick-meta":"","astra-migrate-meta-layouts":"set","ast-page-background-enabled":"default","ast-page-background-meta":{"desktop":{"background-color":"var(--ast-global-color-5)","background-image":"","background-repeat":"repeat","background-position":"center center","background-size":"auto","background-attachment":"scroll","background-type":"","background-media":"","overlay-type":"","overlay-color":"","overlay-opacity":"","overlay-gradient":""},"tablet":{"background-color":"","background-image":"","background-repeat":"repeat","background-position":"center center","background-size":"auto","background-attachment":"scroll","background-type":"","background-media":"","overlay-type":"","overlay-color":"","overlay-opacity":"","overlay-gradient":""},"mobile":{"background-color":"","background-image":"","background-repeat":"repeat","background-position":"center center","background-size":"auto","background-attachment":"scroll","background-type":"","background-media":"","overlay-type":"","overlay-color":"","overlay-opacity":"","overlay-gradient":""}},"ast-content-background-meta":{"desktop":{"background-color":"var(--ast-global-color-4)","background-image":"","background-repeat":"repeat","background-position":"center center","background-size":"auto","background-attachment":"scroll","background-type":"","background-media":"","overlay-type":"","overlay-color":"","overlay-opacity":"","overlay-gradient":""},"tablet":{"background-color":"var(--ast-global-color-4)","background-image":"","background-repeat":"repeat","background-position":"center center","background-size":"auto","background-attachment":"scroll","background-type":"","background-media":"","overlay-type":"","overlay-color":"","overlay-opacity":"","overlay-gradient":""},"mobile":{"background-color":"var(--ast-global-color-4)","background-image":"","background-repeat":"repeat","background-position":"center center","background-size":"auto","background-attachment":"scroll","background-type":"","background-media":"","overlay-type":"","overlay-color":"","overlay-opacity":"","overlay-gradient":""}}},"product_brand":[],"product_cat":[72,62,57,60],"product_tag":[],"class_list":{"0":"post-3032","1":"product","2":"type-product","3":"status-publish","4":"has-post-thumbnail","6":"product_cat-cosmetic-packaging","7":"product_cat-cosmetic-containers","8":"product_cat-essential-oil-bottles","9":"product_cat-roller-bottles","10":"desktop-align-left","11":"tablet-align-left","12":"mobile-align-left","14":"first","15":"instock","16":"shipping-taxable","17":"product-type-simple"},"acf":[],"jetpack_sharing_enabled":true,"_links":{"self":[{"href":"https:\/\/theperfumebottles.com\/cs\/wp-json\/wp\/v2\/product\/3032","targetHints":{"allow":["GET"]}}],"collection":[{"href":"https:\/\/theperfumebottles.com\/cs\/wp-json\/wp\/v2\/product"}],"about":[{"href":"https:\/\/theperfumebottles.com\/cs\/wp-json\/wp\/v2\/types\/product"}],"replies":[{"embeddable":true,"href":"https:\/\/theperfumebottles.com\/cs\/wp-json\/wp\/v2\/comments?post=3032"}],"wp:featuredmedia":[{"embeddable":true,"href":"https:\/\/theperfumebottles.com\/cs\/wp-json\/wp\/v2\/media\/3035"}],"wp:attachment":[{"href":"https:\/\/theperfumebottles.com\/cs\/wp-json\/wp\/v2\/media?parent=3032"}],"wp:term":[{"taxonomy":"product_brand","embeddable":true,"href":"https:\/\/theperfumebottles.com\/cs\/wp-json\/wp\/v2\/product_brand?post=3032"},{"taxonomy":"product_cat","embeddable":true,"href":"https:\/\/theperfumebottles.com\/cs\/wp-json\/wp\/v2\/product_cat?post=3032"},{"taxonomy":"product_tag","embeddable":true,"href":"https:\/\/theperfumebottles.com\/cs\/wp-json\/wp\/v2\/product_tag?post=3032"}],"curies":[{"name":"wp","href":"https:\/\/api.w.org\/{rel}","templated":true}]}}