{"id":3070,"date":"2025-04-16T05:58:27","date_gmt":"2025-04-16T05:58:27","guid":{"rendered":"https:\/\/theperfumebottles.com\/?post_type=product&#038;p=3070"},"modified":"2025-05-28T19:27:39","modified_gmt":"2025-05-28T11:27:39","slug":"square-100-ml-empty-spray-bottles-custom-perfume-packaging","status":"publish","type":"product","link":"https:\/\/theperfumebottles.com\/cs\/produkt\/square-100-ml-empty-spray-bottles-custom-perfume-packaging\/","title":{"rendered":"\u010ctvercov\u00e9 100ml pr\u00e1zdn\u00e9 lahvi\u010dky s rozpra\u0161ova\u010dem, zak\u00e1zkov\u00e9 balen\u00ed parf\u00e9m\u016f"},"content":{"rendered":"<p>Na\u0161e \u0159ada sklen\u011bn\u00fdch lahvi\u010dek na parf\u00e9my YX04 kombinuje eleganci a prakti\u010dnost. Na\u0161e 100ml pr\u00e1zdn\u00e9 lahvi\u010dky s rozpra\u0161ova\u010dem jsou ide\u00e1ln\u00ed volbou pro luxusn\u00ed zna\u010dky d\u00edky stabiln\u00edmu sklen\u011bn\u00e9mu dnu a luxusn\u00edmu vzhledu, kter\u00e9 chr\u00e1n\u00ed vz\u00e1cn\u00e9 v\u016fn\u011b.<\/p>\n<h2><strong>Specifikace<\/strong><\/h2>\n<div class=\"hyc-common-markdown__table-wrapper\">\n<table>\n<thead>\n<tr>\n<th>Atribut<\/th>\n<th>Podrobnosti<\/th>\n<\/tr>\n<\/thead>\n<tbody>\n<tr>\n<td>Model<\/td>\n<td>MH-YX04<\/td>\n<\/tr>\n<tr>\n<td>Kapacita<\/td>\n<td>100 ml (k dispozici jsou i vlastn\u00ed velikosti)<\/td>\n<\/tr>\n<tr>\n<td>Materi\u00e1l<\/td>\n<td>\u010cir\u00e9 sklo s tlust\u00fdm dnem<\/td>\n<\/tr>\n<tr>\n<td>Mo\u017enosti barev<\/td>\n<td>Pr\u016fhledn\u00e9 t\u011blo, \u010dern\u00e9\/zak\u00e1zkov\u00e9 v\u00edko<\/td>\n<\/tr>\n<tr>\n<td>Certifikace<\/td>\n<td>CE, ISO, REACH, BSCI, bezpe\u010dnostn\u00ed list<\/td>\n<\/tr>\n<tr>\n<td>Dodac\u00ed lh\u016fta<\/td>\n<td>7\u201315 dn\u00ed (skladem), 30\u201345 dn\u00ed (na zak\u00e1zku)<\/td>\n<\/tr>\n<\/tbody>\n<\/table>\n<\/div>\n<h2>V\u00fdhody:<\/h2>\n<p>A\u0165 u\u017e jste startup nebo zaveden\u00e1 zna\u010dka, tyto pr\u00e1zdn\u00e9 100ml lahvi\u010dky s rozpra\u0161ova\u010dem \u0159e\u0161\u00ed dv\u011b kl\u00ed\u010dov\u00e9 pot\u0159eby: balen\u00ed, kter\u00e9 ohrom\u00ed z\u00e1kazn\u00edky, a logistiku, kter\u00e1 \u0161et\u0159\u00ed \u010das. Konk\u00e1vn\u00ed detail p\u00e1su dod\u00e1v\u00e1 stylov\u00fd vzhled, ani\u017e by zahlcoval va\u0161i etiketu, a p\u0159izp\u016fsobiteln\u00e1 barva v\u00ed\u010dka v\u00e1m umo\u017e\u0148uje vybrat si brandingov\u00e9 akcenty, kter\u00e9 odpov\u00eddaj\u00ed stylu va\u0161\u00ed zna\u010dky.<\/p>\n<h2>N\u00e1vrh:<\/h2>\n<p>Ozdobte je st\u0159apci nebo zlat\u00fdmi akcenty jako sv\u00e1te\u010dn\u00ed d\u00e1rek. Kontaktujte n\u00e1s a vy\u017e\u00e1dejte si vzorek a my v\u00e1m pom\u016f\u017eeme vytvo\u0159it nezapomenuteln\u00fd z\u00e1\u017eitek z v\u016fn\u011b.<\/p>","protected":false},"excerpt":{"rendered":"<p>Objevte na\u0161e 100ml pr\u00e1zdn\u00e9 lahvi\u010dky s rozpra\u0161ova\u010dem na parf\u00e9my s p\u0159izp\u016fsobiteln\u00fdmi designy. Hromadn\u00e9 objedn\u00e1vky, rychl\u00e9 dod\u00e1n\u00ed a d\u016fv\u011bryhodn\u00e9 certifikace pro va\u0161e parf\u00e9mov\u00e9 podnik\u00e1n\u00ed.<\/p>","protected":false},"featured_media":3072,"comment_status":"open","ping_status":"closed","template":"","meta":{"_acf_changed":false,"site-sidebar-layout":"default","site-content-layout":"","ast-site-content-layout":"default","site-content-style":"default","site-sidebar-style":"default","ast-global-header-display":"","ast-banner-title-visibility":"","ast-main-header-display":"","ast-hfb-above-header-display":"","ast-hfb-below-header-display":"","ast-hfb-mobile-header-display":"","site-post-title":"","ast-breadcrumbs-content":"","ast-featured-img":"","footer-sml-layout":"","ast-disable-related-posts":"","theme-transparent-header-meta":"default","adv-header-id-meta":"","stick-header-meta":"","header-above-stick-meta":"","header-main-stick-meta":"","header-below-stick-meta":"","astra-migrate-meta-layouts":"set","ast-page-background-enabled":"default","ast-page-background-meta":{"desktop":{"background-color":"var(--ast-global-color-5)","background-image":"","background-repeat":"repeat","background-position":"center center","background-size":"auto","background-attachment":"scroll","background-type":"","background-media":"","overlay-type":"","overlay-color":"","overlay-opacity":"","overlay-gradient":""},"tablet":{"background-color":"","background-image":"","background-repeat":"repeat","background-position":"center center","background-size":"auto","background-attachment":"scroll","background-type":"","background-media":"","overlay-type":"","overlay-color":"","overlay-opacity":"","overlay-gradient":""},"mobile":{"background-color":"","background-image":"","background-repeat":"repeat","background-position":"center center","background-size":"auto","background-attachment":"scroll","background-type":"","background-media":"","overlay-type":"","overlay-color":"","overlay-opacity":"","overlay-gradient":""}},"ast-content-background-meta":{"desktop":{"background-color":"var(--ast-global-color-4)","background-image":"","background-repeat":"repeat","background-position":"center center","background-size":"auto","background-attachment":"scroll","background-type":"","background-media":"","overlay-type":"","overlay-color":"","overlay-opacity":"","overlay-gradient":""},"tablet":{"background-color":"var(--ast-global-color-4)","background-image":"","background-repeat":"repeat","background-position":"center center","background-size":"auto","background-attachment":"scroll","background-type":"","background-media":"","overlay-type":"","overlay-color":"","overlay-opacity":"","overlay-gradient":""},"mobile":{"background-color":"var(--ast-global-color-4)","background-image":"","background-repeat":"repeat","background-position":"center center","background-size":"auto","background-attachment":"scroll","background-type":"","background-media":"","overlay-type":"","overlay-color":"","overlay-opacity":"","overlay-gradient":""}}},"product_brand":[],"product_cat":[72,91,41],"product_tag":[],"class_list":{"0":"post-3070","1":"product","2":"type-product","3":"status-publish","4":"has-post-thumbnail","6":"product_cat-cosmetic-packaging","7":"product_cat-custom-perfume-bottles","8":"product_cat-perfume-bottles","9":"desktop-align-left","10":"tablet-align-left","11":"mobile-align-left","13":"first","14":"instock","15":"shipping-taxable","16":"product-type-simple"},"acf":[],"jetpack_sharing_enabled":true,"_links":{"self":[{"href":"https:\/\/theperfumebottles.com\/cs\/wp-json\/wp\/v2\/product\/3070","targetHints":{"allow":["GET"]}}],"collection":[{"href":"https:\/\/theperfumebottles.com\/cs\/wp-json\/wp\/v2\/product"}],"about":[{"href":"https:\/\/theperfumebottles.com\/cs\/wp-json\/wp\/v2\/types\/product"}],"replies":[{"embeddable":true,"href":"https:\/\/theperfumebottles.com\/cs\/wp-json\/wp\/v2\/comments?post=3070"}],"wp:featuredmedia":[{"embeddable":true,"href":"https:\/\/theperfumebottles.com\/cs\/wp-json\/wp\/v2\/media\/3072"}],"wp:attachment":[{"href":"https:\/\/theperfumebottles.com\/cs\/wp-json\/wp\/v2\/media?parent=3070"}],"wp:term":[{"taxonomy":"product_brand","embeddable":true,"href":"https:\/\/theperfumebottles.com\/cs\/wp-json\/wp\/v2\/product_brand?post=3070"},{"taxonomy":"product_cat","embeddable":true,"href":"https:\/\/theperfumebottles.com\/cs\/wp-json\/wp\/v2\/product_cat?post=3070"},{"taxonomy":"product_tag","embeddable":true,"href":"https:\/\/theperfumebottles.com\/cs\/wp-json\/wp\/v2\/product_tag?post=3070"}],"curies":[{"name":"wp","href":"https:\/\/api.w.org\/{rel}","templated":true}]}}