{"id":3081,"date":"2025-04-16T09:14:49","date_gmt":"2025-04-16T09:14:49","guid":{"rendered":"https:\/\/theperfumebottles.com\/?post_type=product&#038;p=3081"},"modified":"2026-04-07T15:47:10","modified_gmt":"2026-04-07T07:47:10","slug":"1-oz-30-ml-perfume-bottle-with-customizable-design","status":"publish","type":"product","link":"https:\/\/theperfumebottles.com\/cs\/produkt\/1-oz-30-ml-perfume-bottle-with-customizable-design\/","title":{"rendered":"Lahvi\u010dka na parf\u00e9m o objemu 30 ml s p\u0159izp\u016fsobiteln\u00fdm designem"},"content":{"rendered":"<p>Dnes doporu\u010dujeme vynikaj\u00edc\u00ed sklen\u011bnou lahvi\u010dku na parf\u00e9m YX06 o objemu 30 ml. Lahvi\u010dka na parf\u00e9m o objemu 30 ml se vyzna\u010duje z\u00e1kladn\u00edm designov\u00fdm prvkem, kter\u00fd vyu\u017e\u00edv\u00e1 ultra \u010dir\u00e9 sklo pro sv\u016fj obd\u00e9ln\u00edkov\u00fd tvar a je dopln\u011bna st\u0159\u00edbrnou chromovanou tryskou, kter\u00e1 vytv\u00e1\u0159\u00ed jemn\u00fd luxusn\u00ed efekt.<\/p>\n<h2>Kl\u00ed\u010dov\u00e9 specifikace<\/h2>\n<div>\n<table class=\"aligncenter\" style=\"border-collapse: collapse; width: 524.27pt;\" border=\"0\" width=\"699\" cellspacing=\"0\" cellpadding=\"0\">\n<tbody>\n<tr style=\"height: 13.50pt;\">\n<td style=\"height: 13.50pt; width: 96.75pt;\" width=\"129\" height=\"18\">Funkce<\/td>\n<td style=\"width: 427.50pt;\" width=\"570\">Podrobnosti<\/td>\n<\/tr>\n<tr style=\"height: 13.50pt;\">\n<td style=\"height: 13.50pt;\" height=\"18\">Model<\/td>\n<td>PB-YX06<\/td>\n<\/tr>\n<tr style=\"height: 13.50pt;\">\n<td style=\"height: 13.50pt;\" height=\"18\">Kapacita<\/td>\n<td>30 ml (1 oz)<\/td>\n<\/tr>\n<tr style=\"height: 13.50pt;\">\n<td style=\"height: 13.50pt;\" height=\"18\">Rozm\u011bry<\/td>\n<td>37 \u00d7 25 \u00d7 95 mm<\/td>\n<\/tr>\n<tr style=\"height: 13.50pt;\">\n<td style=\"height: 13.50pt;\" height=\"18\">Mo\u017enosti povrchu<\/td>\n<td>Matn\u00e9 sklo, s\u00edtotisk, hork\u00e1 ra\u017eba, zak\u00e1zkov\u00e9 barevn\u00e9 n\u00e1vrhy<\/td>\n<\/tr>\n<tr style=\"height: 13.50pt;\">\n<td style=\"height: 13.50pt;\" height=\"18\">Certifikace<\/td>\n<td>ISO, CE, REACH, BSCI, bezpe\u010dnostn\u00ed list<\/td>\n<\/tr>\n<tr style=\"height: 13.50pt;\">\n<td style=\"height: 13.50pt;\" height=\"18\">Obal<\/td>\n<td>P\u0159izp\u016fsobiteln\u00e9 kartony nebo d\u0159ev\u011bn\u00e9 palety pro hromadn\u00e9 objedn\u00e1vky<\/td>\n<\/tr>\n<tr style=\"height: 13.50pt;\">\n<td style=\"height: 13.50pt;\" height=\"18\">Dodac\u00ed lh\u016fta<\/td>\n<td>7\u201315 dn\u00ed (skladem); 30\u201345 dn\u00ed (na zak\u00e1zku)<\/td>\n<\/tr>\n<\/tbody>\n<\/table>\n<\/div>\n<h2>O hromadn\u00fdch objedn\u00e1vk\u00e1ch<\/h2>\n<p>A\u0165 u\u017e pot\u0159ebujete koupit 500 nebo 50 000 kus\u016f, nab\u00edz\u00edme flexibiln\u00ed a rozmanit\u00e9 mo\u017enosti balen\u00ed a zaji\u0161\u0165ujeme rychl\u00e9 dod\u00e1n\u00ed. Skladov\u00e9 produkty mohou b\u00fdt odesl\u00e1ny do 1 a\u017e 2 t\u00fddn\u016f a produkty na m\u00edru jsou obvykle dod\u00e1v\u00e1ny do 30 a\u017e 45 dn\u016f, abychom zajistili v\u010dasn\u00e9 dokon\u010den\u00ed objedn\u00e1vky.<\/p>\n<h2>N\u00e1vrhy na \u00fapravu lahvi\u010dek na parf\u00e9my o objemu 1 oz<\/h2>\n<ul>\n<li>Variace \u010dtvercov\u00fdch proporc\u00ed: Vytv\u00e1\u0159ejte nov\u00e9 designy produkt\u016f v\u00fdvojem tvar\u016f lahv\u00ed, kter\u00e9 zahrnuj\u00ed vysok\u00e9 \u00fazk\u00e9 a kr\u00e1tk\u00e9 \u0161irok\u00e9 \u010dtvercov\u00e9 n\u00e1doby, je\u017e si zachov\u00e1vaj\u00ed svou estetickou hodnotu v cel\u00e9 produktov\u00e9 \u0159ad\u011b.<\/li>\n<li>Magnetick\u00fd uz\u00e1v\u011br lahve: Uz\u00e1v\u011br lahve m\u00e1 bezpe\u010dn\u00fd magnetick\u00fd uz\u00e1v\u011br, kter\u00fd u\u017eivatel\u016fm poskytuje souvisl\u00fd povrch, \u010d\u00edm\u017e se zlep\u0161uje jejich interakce s produktem.<\/li>\n<li>Pokro\u010dil\u00e9 p\u0159izp\u016fsoben\u00ed rozpra\u0161ova\u010de: Tryska rozpra\u0161ova\u010de umo\u017e\u0148uje u\u017eivatel\u016fm m\u011bnit jej\u00ed barvu a tvar a upravovat tvar rozpra\u0161ov\u00e1n\u00ed, dokud nedos\u00e1hnou po\u017eadovan\u00fdch v\u00fdsledk\u016f.<\/li>\n<\/ul>","protected":false},"excerpt":{"rendered":"<p>Objevte elegantn\u00ed 30ml parf\u00e9mov\u00e9 lahvi\u010dky (1 oz) s p\u0159izp\u016fsobiteln\u00fdm designem, mo\u017enostmi velkoobchodn\u00edho prodeje a rychl\u00fdm doru\u010den\u00edm. Ide\u00e1ln\u00ed pro zna\u010dky a dodavatele parf\u00e9m\u016f.<\/p>","protected":false},"featured_media":3082,"comment_status":"open","ping_status":"closed","template":"","meta":{"_acf_changed":false,"site-sidebar-layout":"default","site-content-layout":"","ast-site-content-layout":"default","site-content-style":"default","site-sidebar-style":"default","ast-global-header-display":"","ast-banner-title-visibility":"","ast-main-header-display":"","ast-hfb-above-header-display":"","ast-hfb-below-header-display":"","ast-hfb-mobile-header-display":"","site-post-title":"","ast-breadcrumbs-content":"","ast-featured-img":"","footer-sml-layout":"","ast-disable-related-posts":"","theme-transparent-header-meta":"default","adv-header-id-meta":"","stick-header-meta":"","header-above-stick-meta":"","header-main-stick-meta":"","header-below-stick-meta":"","astra-migrate-meta-layouts":"set","ast-page-background-enabled":"default","ast-page-background-meta":{"desktop":{"background-color":"var(--ast-global-color-5)","background-image":"","background-repeat":"repeat","background-position":"center center","background-size":"auto","background-attachment":"scroll","background-type":"","background-media":"","overlay-type":"","overlay-color":"","overlay-opacity":"","overlay-gradient":""},"tablet":{"background-color":"","background-image":"","background-repeat":"repeat","background-position":"center center","background-size":"auto","background-attachment":"scroll","background-type":"","background-media":"","overlay-type":"","overlay-color":"","overlay-opacity":"","overlay-gradient":""},"mobile":{"background-color":"","background-image":"","background-repeat":"repeat","background-position":"center center","background-size":"auto","background-attachment":"scroll","background-type":"","background-media":"","overlay-type":"","overlay-color":"","overlay-opacity":"","overlay-gradient":""}},"ast-content-background-meta":{"desktop":{"background-color":"var(--ast-global-color-4)","background-image":"","background-repeat":"repeat","background-position":"center center","background-size":"auto","background-attachment":"scroll","background-type":"","background-media":"","overlay-type":"","overlay-color":"","overlay-opacity":"","overlay-gradient":""},"tablet":{"background-color":"var(--ast-global-color-4)","background-image":"","background-repeat":"repeat","background-position":"center center","background-size":"auto","background-attachment":"scroll","background-type":"","background-media":"","overlay-type":"","overlay-color":"","overlay-opacity":"","overlay-gradient":""},"mobile":{"background-color":"var(--ast-global-color-4)","background-image":"","background-repeat":"repeat","background-position":"center center","background-size":"auto","background-attachment":"scroll","background-type":"","background-media":"","overlay-type":"","overlay-color":"","overlay-opacity":"","overlay-gradient":""}}},"product_brand":[],"product_cat":[91,72,41],"product_tag":[],"class_list":{"0":"post-3081","1":"product","2":"type-product","3":"status-publish","4":"has-post-thumbnail","6":"product_cat-custom-perfume-bottles","7":"product_cat-cosmetic-packaging","8":"product_cat-perfume-bottles","9":"desktop-align-left","10":"tablet-align-left","11":"mobile-align-left","13":"first","14":"instock","15":"shipping-taxable","16":"product-type-simple"},"acf":[],"jetpack_sharing_enabled":true,"_links":{"self":[{"href":"https:\/\/theperfumebottles.com\/cs\/wp-json\/wp\/v2\/product\/3081","targetHints":{"allow":["GET"]}}],"collection":[{"href":"https:\/\/theperfumebottles.com\/cs\/wp-json\/wp\/v2\/product"}],"about":[{"href":"https:\/\/theperfumebottles.com\/cs\/wp-json\/wp\/v2\/types\/product"}],"replies":[{"embeddable":true,"href":"https:\/\/theperfumebottles.com\/cs\/wp-json\/wp\/v2\/comments?post=3081"}],"wp:featuredmedia":[{"embeddable":true,"href":"https:\/\/theperfumebottles.com\/cs\/wp-json\/wp\/v2\/media\/3082"}],"wp:attachment":[{"href":"https:\/\/theperfumebottles.com\/cs\/wp-json\/wp\/v2\/media?parent=3081"}],"wp:term":[{"taxonomy":"product_brand","embeddable":true,"href":"https:\/\/theperfumebottles.com\/cs\/wp-json\/wp\/v2\/product_brand?post=3081"},{"taxonomy":"product_cat","embeddable":true,"href":"https:\/\/theperfumebottles.com\/cs\/wp-json\/wp\/v2\/product_cat?post=3081"},{"taxonomy":"product_tag","embeddable":true,"href":"https:\/\/theperfumebottles.com\/cs\/wp-json\/wp\/v2\/product_tag?post=3081"}],"curies":[{"name":"wp","href":"https:\/\/api.w.org\/{rel}","templated":true}]}}